{"id":6275,"date":"2026-01-14T01:54:06","date_gmt":"2026-01-14T01:54:06","guid":{"rendered":"https:\/\/www.lovinghomecollection.com\/?post_type=product&#038;p=6275"},"modified":"2026-01-14T02:12:13","modified_gmt":"2026-01-14T02:12:13","slug":"tropical-dinnerware-wholesale","status":"publish","type":"product","link":"https:\/\/www.lovinghomecollection.com\/pt\/produto\/tropical-dinnerware-wholesale\/","title":{"rendered":"Servi\u00e7o de jantar tropical por grosso com tema de pinhas verdes"},"content":{"rendered":"<div class=\"wp-block-columns is-layout-flex wp-container-core-columns-is-layout-9d6595d7 wp-block-columns-is-layout-flex\">\n<div class=\"wp-block-column is-layout-flow wp-block-column-is-layout-flow\" style=\"flex-basis:60%\">\n<h2 class=\"wp-block-heading\">Servi\u00e7o de jantar tropical de qualidade por atacado Carater\u00edsticas:<\/h2>\n\n\n\n<ul class=\"wp-block-list\">\n<li><strong>Pinecone verde Desenho do tema:<\/strong> Inspirado em elementos naturais da floresta, este servi\u00e7o de jantar tropical por atacado combina padr\u00f5es de pinhas com esmalte verde para criar uma est\u00e9tica visual \u00fanica e melhorar o ambiente de jantar.<\/li>\n\n\n\n<li><strong>Material resistente a altas temperaturas: <\/strong>A nossa loi\u00e7a de porcelana a granel \u00e9 feita de cer\u00e2mica cozida a alta temperatura, possuindo uma excelente resist\u00eancia ao calor e durabilidade, adequada para micro-ondas, m\u00e1quina de lavar lou\u00e7a e outras aplica\u00e7\u00f5es.<\/li>\n\n\n\n<li><strong>Personaliza\u00e7\u00e3o de f\u00e1brica dispon\u00edvel: <\/strong>A nossa lou\u00e7a tropical por atacado pode personalizar especifica\u00e7\u00f5es, padr\u00f5es e at\u00e9 log\u00f3tipos de acordo com as necessidades do cliente por atacado, satisfazendo os requisitos de posicionamento de marca ou de mercado \u00fanico.<\/li>\n\n\n\n<li><strong>Adequado para v\u00e1rios cen\u00e1rios:<\/strong> Esta loi\u00e7a de porcelana a granel \u00e9 adequada para uso dom\u00e9stico quotidiano, bem como para compras a granel em ambientes comerciais, como restaurantes, hot\u00e9is e caf\u00e9s.<\/li>\n<\/ul>\n<\/div>\n\n\n\n<div class=\"wp-block-column is-layout-flow wp-block-column-is-layout-flow\">\n<figure class=\"wp-block-image size-full\"><img decoding=\"async\" width=\"1200\" height=\"1200\" src=\"https:\/\/www.lovinghomecollection.com\/wp-content\/uploads\/2026\/01\/Tropical-Dinnerware-Wholesale-With-Green-Pinecone-Theme-2.webp\" alt=\"Servi\u00e7o de jantar tropical por grosso com tema de pinhas verdes-2\" class=\"wp-image-6277\" srcset=\"https:\/\/www.lovinghomecollection.com\/wp-content\/uploads\/2026\/01\/Tropical-Dinnerware-Wholesale-With-Green-Pinecone-Theme-2.webp 1200w, https:\/\/www.lovinghomecollection.com\/wp-content\/uploads\/2026\/01\/Tropical-Dinnerware-Wholesale-With-Green-Pinecone-Theme-2-300x300.webp 300w, https:\/\/www.lovinghomecollection.com\/wp-content\/uploads\/2026\/01\/Tropical-Dinnerware-Wholesale-With-Green-Pinecone-Theme-2-150x150.webp 150w, https:\/\/www.lovinghomecollection.com\/wp-content\/uploads\/2026\/01\/Tropical-Dinnerware-Wholesale-With-Green-Pinecone-Theme-2-768x768.webp 768w, https:\/\/www.lovinghomecollection.com\/wp-content\/uploads\/2026\/01\/Tropical-Dinnerware-Wholesale-With-Green-Pinecone-Theme-2-12x12.webp 12w, https:\/\/www.lovinghomecollection.com\/wp-content\/uploads\/2026\/01\/Tropical-Dinnerware-Wholesale-With-Green-Pinecone-Theme-2-600x600.webp 600w, https:\/\/www.lovinghomecollection.com\/wp-content\/uploads\/2026\/01\/Tropical-Dinnerware-Wholesale-With-Green-Pinecone-Theme-2-100x100.webp 100w\" sizes=\"(max-width: 1200px) 100vw, 1200px\" \/><\/figure>\n<\/div>\n<\/div>\n\n\n\n<h2 class=\"wp-block-heading has-text-align-center\">Apresenta\u00e7\u00e3o de produtos de Servi\u00e7o de jantar tropical Pine Cone por atacado<\/h2>\n\n\n\n<div class=\"wp-block-columns is-layout-flex wp-container-core-columns-is-layout-9d6595d7 wp-block-columns-is-layout-flex\">\n<div class=\"wp-block-column is-layout-flow wp-block-column-is-layout-flow\">\n<figure class=\"wp-block-image size-full\"><img decoding=\"async\" width=\"1721\" height=\"1502\" src=\"https:\/\/www.lovinghomecollection.com\/wp-content\/uploads\/2026\/01\/Tropical-Dinnerware-Wholesale-With-Green-Pinecone-Theme-11.webp\" alt=\"Servi\u00e7o de jantar tropical por grosso com tema de pinhas verdes-11\" class=\"wp-image-6286\" srcset=\"https:\/\/www.lovinghomecollection.com\/wp-content\/uploads\/2026\/01\/Tropical-Dinnerware-Wholesale-With-Green-Pinecone-Theme-11.webp 1721w, https:\/\/www.lovinghomecollection.com\/wp-content\/uploads\/2026\/01\/Tropical-Dinnerware-Wholesale-With-Green-Pinecone-Theme-11-300x262.webp 300w, https:\/\/www.lovinghomecollection.com\/wp-content\/uploads\/2026\/01\/Tropical-Dinnerware-Wholesale-With-Green-Pinecone-Theme-11-768x670.webp 768w, https:\/\/www.lovinghomecollection.com\/wp-content\/uploads\/2026\/01\/Tropical-Dinnerware-Wholesale-With-Green-Pinecone-Theme-11-14x12.webp 14w, https:\/\/www.lovinghomecollection.com\/wp-content\/uploads\/2026\/01\/Tropical-Dinnerware-Wholesale-With-Green-Pinecone-Theme-11-1200x1047.webp 1200w, https:\/\/www.lovinghomecollection.com\/wp-content\/uploads\/2026\/01\/Tropical-Dinnerware-Wholesale-With-Green-Pinecone-Theme-11-600x524.webp 600w\" sizes=\"(max-width: 1721px) 100vw, 1721px\" \/><\/figure>\n<\/div>\n\n\n\n<div class=\"wp-block-column is-layout-flow wp-block-column-is-layout-flow\">\n<figure class=\"wp-block-image size-full\"><img decoding=\"async\" width=\"1729\" height=\"1616\" src=\"https:\/\/www.lovinghomecollection.com\/wp-content\/uploads\/2026\/01\/Tropical-Dinnerware-Wholesale-With-Green-Pinecone-Theme-12.webp\" alt=\"Servi\u00e7o de jantar tropical por grosso com tema de pinhas verdes-12\" class=\"wp-image-6287\" srcset=\"https:\/\/www.lovinghomecollection.com\/wp-content\/uploads\/2026\/01\/Tropical-Dinnerware-Wholesale-With-Green-Pinecone-Theme-12.webp 1729w, https:\/\/www.lovinghomecollection.com\/wp-content\/uploads\/2026\/01\/Tropical-Dinnerware-Wholesale-With-Green-Pinecone-Theme-12-300x280.webp 300w, https:\/\/www.lovinghomecollection.com\/wp-content\/uploads\/2026\/01\/Tropical-Dinnerware-Wholesale-With-Green-Pinecone-Theme-12-768x718.webp 768w, https:\/\/www.lovinghomecollection.com\/wp-content\/uploads\/2026\/01\/Tropical-Dinnerware-Wholesale-With-Green-Pinecone-Theme-12-13x12.webp 13w, https:\/\/www.lovinghomecollection.com\/wp-content\/uploads\/2026\/01\/Tropical-Dinnerware-Wholesale-With-Green-Pinecone-Theme-12-1200x1122.webp 1200w, https:\/\/www.lovinghomecollection.com\/wp-content\/uploads\/2026\/01\/Tropical-Dinnerware-Wholesale-With-Green-Pinecone-Theme-12-600x561.webp 600w\" sizes=\"(max-width: 1729px) 100vw, 1729px\" \/><\/figure>\n<\/div>\n<\/div>\n\n\n\n<p><\/p>","protected":false},"excerpt":{"rendered":"<p>Bem-vindo \u00e0 compra de loi\u00e7a de porcelana a granel. Este servi\u00e7o de jantar tropical com tema de pinha verde por atacado \u00e9 inspirado em florestas naturais, apresentando um esquema de cores calmo e elegante e pode ser personalizado a granel. \u00c9 uma solu\u00e7\u00e3o de mesa de jantar verde ideal para resid\u00eancias, restaurantes ou hot\u00e9is.<\/p>\n<table style=\"border-collapse: collapse; width: 338.02pt;\" border=\"0\" width=\"338\" cellspacing=\"0\" cellpadding=\"0\">\n<tbody>\n<tr style=\"height: 18.00pt;\">\n<td class=\"et3\" style=\"height: 18.00pt; width: 124.50pt;\" width=\"124\" height=\"18\">Fabricante<\/td>\n<td class=\"et3\" style=\"width: 214.40pt;\" width=\"214\">Casa amorosa<\/td>\n<\/tr>\n<tr style=\"height: 18.00pt;\">\n<td class=\"et3\" style=\"height: 18.00pt; width: 124.50pt;\" width=\"124\" height=\"18\">Nome da cole\u00e7\u00e3o<\/td>\n<td class=\"et4\" style=\"width: 214.40pt;\" width=\"214\">Cole\u00e7\u00e3o Pine Cone<\/td>\n<\/tr>\n<tr style=\"height: 18.00pt;\">\n<td class=\"et3\" style=\"height: 18.00pt; width: 124.50pt;\" width=\"124\" height=\"18\">Utiliza\u00e7\u00e3o<\/td>\n<td class=\"et3\" style=\"width: 214.40pt;\" width=\"214\">Casa, restaurante, hotel<\/td>\n<\/tr>\n<tr style=\"height: 36.00pt;\">\n<td class=\"et3\" style=\"height: 36.00pt; width: 124.50pt;\" width=\"124\" height=\"36\">Tipo de lou\u00e7a<\/td>\n<td class=\"et3\" style=\"width: 214.40pt;\" width=\"214\">Prato, ta\u00e7a, caneca, conjunto de tapa, prato para manteiga, suporte para bolos, recipiente<\/td>\n<\/tr>\n<tr style=\"height: 18.00pt;\">\n<td class=\"et3\" style=\"height: 18.00pt; width: 124.50pt;\" width=\"124\" height=\"18\">Material<\/td>\n<td class=\"et3\" style=\"width: 214.40pt;\" width=\"214\">Porcelana dur\u00e1vel<\/td>\n<\/tr>\n<tr style=\"height: 18.00pt;\">\n<td class=\"et3\" style=\"height: 18.00pt; width: 124.50pt;\" width=\"124\" height=\"18\">Dimens\u00e3o<\/td>\n<td class=\"et3\" style=\"width: 214.40pt;\" width=\"214\">Conforme imagem de pormenor<\/td>\n<\/tr>\n<tr style=\"height: 18.00pt;\">\n<td class=\"et3\" style=\"height: 18.00pt; width: 124.50pt;\" width=\"124\" height=\"18\">Unidades de venda<\/td>\n<td class=\"et3\" style=\"width: 214.40pt;\" width=\"214\">Artigo \u00fanico<\/td>\n<\/tr>\n<tr style=\"height: 18.00pt;\">\n<td class=\"et3\" style=\"height: 18.00pt; width: 124.50pt;\" width=\"124\" height=\"18\">MOQ<\/td>\n<td class=\"et3\" style=\"width: 214.40pt;\" width=\"214\">1200 unidades por artigo<\/td>\n<\/tr>\n<tr style=\"height: 18.00pt;\">\n<td class=\"et3\" style=\"height: 18.00pt; width: 124.50pt;\" width=\"124\" height=\"18\">Op\u00e7\u00e3o personalizada<\/td>\n<td class=\"et3\" style=\"width: 214.40pt;\" width=\"214\">Cor\/tamanho\/verniz\/log\u00f3tipo\/embalagem<\/td>\n<\/tr>\n<\/tbody>\n<\/table>","protected":false},"featured_media":6280,"comment_status":"closed","ping_status":"closed","template":"","meta":{"_acf_changed":false},"product_brand":[],"product_cat":[19],"product_tag":[37,25,34,27,48],"class_list":{"0":"post-6275","1":"product","2":"type-product","3":"status-publish","4":"has-post-thumbnail","6":"product_cat-dinnerware-wholesale","7":"product_tag-bulk-cake-stands","8":"product_tag-wholesale-plates-and-bowls","9":"product_tag-olive-oil-dipping-bowls-wholesale","10":"product_tag-wholesale-tea-cups-and-saucers","11":"product_tag-whats-new","13":"first","14":"instock","15":"shipping-taxable","16":"product-type-simple"},"acf":[],"_links":{"self":[{"href":"https:\/\/www.lovinghomecollection.com\/pt\/wp-json\/wp\/v2\/product\/6275","targetHints":{"allow":["GET"]}}],"collection":[{"href":"https:\/\/www.lovinghomecollection.com\/pt\/wp-json\/wp\/v2\/product"}],"about":[{"href":"https:\/\/www.lovinghomecollection.com\/pt\/wp-json\/wp\/v2\/types\/product"}],"replies":[{"embeddable":true,"href":"https:\/\/www.lovinghomecollection.com\/pt\/wp-json\/wp\/v2\/comments?post=6275"}],"wp:featuredmedia":[{"embeddable":true,"href":"https:\/\/www.lovinghomecollection.com\/pt\/wp-json\/wp\/v2\/media\/6280"}],"wp:attachment":[{"href":"https:\/\/www.lovinghomecollection.com\/pt\/wp-json\/wp\/v2\/media?parent=6275"}],"wp:term":[{"taxonomy":"product_brand","embeddable":true,"href":"https:\/\/www.lovinghomecollection.com\/pt\/wp-json\/wp\/v2\/product_brand?post=6275"},{"taxonomy":"product_cat","embeddable":true,"href":"https:\/\/www.lovinghomecollection.com\/pt\/wp-json\/wp\/v2\/product_cat?post=6275"},{"taxonomy":"product_tag","embeddable":true,"href":"https:\/\/www.lovinghomecollection.com\/pt\/wp-json\/wp\/v2\/product_tag?post=6275"}],"curies":[{"name":"wp","href":"https:\/\/api.w.org\/{rel}","templated":true}]}}