{"id":6262,"date":"2026-01-14T01:20:38","date_gmt":"2026-01-14T01:20:38","guid":{"rendered":"https:\/\/www.lovinghomecollection.com\/?post_type=product&#038;p=6262"},"modified":"2026-01-14T01:53:51","modified_gmt":"2026-01-14T01:53:51","slug":"cream-color-dinner-sets-wholesale","status":"publish","type":"product","link":"https:\/\/www.lovinghomecollection.com\/pt\/produto\/cream-color-dinner-sets-wholesale\/","title":{"rendered":"Conjuntos de jantar de cor creme tulipa por atacado com v\u00e1rios tamanhos"},"content":{"rendered":"<div class=\"wp-block-columns is-layout-flex wp-container-core-columns-is-layout-9d6595d7 wp-block-columns-is-layout-flex\">\n<div class=\"wp-block-column is-layout-flow wp-block-column-is-layout-flow\" style=\"flex-basis:60%\">\n<h2 class=\"wp-block-heading\">Conjuntos de jantar Premium Cream Color por atacado Carater\u00edsticas:<\/h2>\n\n\n\n<ul class=\"wp-block-list\">\n<li><strong>Cor creme de primeira qualidade, vers\u00e1til e com estilo:<\/strong> O tom natural e suave dos nossos conjuntos de jantar de cor creme por atacado \u00e9 compat\u00edvel com os designs de mesa modernos, minimalistas, escandinavos e de hotel, contribuindo para a experi\u00eancia geral de jantar.<\/li>\n\n\n\n<li><strong>Artesanato requintado em relevo, qualidade reflectida nos detalhes:<\/strong> Os rebordos e as formas deste conjunto de utens\u00edlios de mesa a granel t\u00eam um design floral em relevo, criando um aspeto \u00fanico e elegante e proporcionando uma funcionalidade adicional.<\/li>\n\n\n\n<li><strong>Tamanhos e conjuntos personalizados dispon\u00edveis:<\/strong> Os nossos conjuntos de jantar de cor creme por atacado podem ser personalizados com pratos, tigelas, copos e muito mais, em v\u00e1rios tamanhos e combina\u00e7\u00f5es para acomodar as diferentes necessidades de compra dos muitos tipos de mercados e clientes.<\/li>\n\n\n\n<li><strong>Queima a alta temperatura, dur\u00e1vel e robusta:<\/strong> Os nossos conjuntos de loi\u00e7a de mesa a granel s\u00e3o fabricados utilizando t\u00e9cnicas de porcelana cozida a alta temperatura para produzir um esmalte delicado e super suave que ser\u00e1 resistente a riscos e dur\u00e1vel.<\/li>\n<\/ul>\n<\/div>\n\n\n\n<div class=\"wp-block-column is-layout-flow wp-block-column-is-layout-flow\">\n<figure class=\"wp-block-image size-full\"><img decoding=\"async\" width=\"800\" height=\"800\" src=\"https:\/\/www.lovinghomecollection.com\/wp-content\/uploads\/2026\/01\/Tulip-Cream-Color-Dinner-Sets-Wholesale-With-Multiple-Sizes-1.webp\" alt=\"Conjuntos de jantar de cor creme tulipa por atacado com v\u00e1rios tamanhos-1\" class=\"wp-image-6263\" srcset=\"https:\/\/www.lovinghomecollection.com\/wp-content\/uploads\/2026\/01\/Tulip-Cream-Color-Dinner-Sets-Wholesale-With-Multiple-Sizes-1.webp 800w, https:\/\/www.lovinghomecollection.com\/wp-content\/uploads\/2026\/01\/Tulip-Cream-Color-Dinner-Sets-Wholesale-With-Multiple-Sizes-1-300x300.webp 300w, https:\/\/www.lovinghomecollection.com\/wp-content\/uploads\/2026\/01\/Tulip-Cream-Color-Dinner-Sets-Wholesale-With-Multiple-Sizes-1-150x150.webp 150w, https:\/\/www.lovinghomecollection.com\/wp-content\/uploads\/2026\/01\/Tulip-Cream-Color-Dinner-Sets-Wholesale-With-Multiple-Sizes-1-768x768.webp 768w, https:\/\/www.lovinghomecollection.com\/wp-content\/uploads\/2026\/01\/Tulip-Cream-Color-Dinner-Sets-Wholesale-With-Multiple-Sizes-1-12x12.webp 12w, https:\/\/www.lovinghomecollection.com\/wp-content\/uploads\/2026\/01\/Tulip-Cream-Color-Dinner-Sets-Wholesale-With-Multiple-Sizes-1-600x600.webp 600w, https:\/\/www.lovinghomecollection.com\/wp-content\/uploads\/2026\/01\/Tulip-Cream-Color-Dinner-Sets-Wholesale-With-Multiple-Sizes-1-100x100.webp 100w\" sizes=\"(max-width: 800px) 100vw, 800px\" \/><\/figure>\n<\/div>\n<\/div>\n\n\n\n<h2 class=\"wp-block-heading has-text-align-center\">Apresenta\u00e7\u00e3o do produto de Tulip Grace Cream Color Dinner Sets Wholesale<\/h2>\n\n\n\n<div class=\"wp-block-columns is-layout-flex wp-container-core-columns-is-layout-9d6595d7 wp-block-columns-is-layout-flex\">\n<div class=\"wp-block-column is-layout-flow wp-block-column-is-layout-flow\">\n<figure class=\"wp-block-image size-full\"><img decoding=\"async\" width=\"1730\" height=\"1394\" src=\"https:\/\/www.lovinghomecollection.com\/wp-content\/uploads\/2026\/01\/Tulip-Cream-Color-Dinner-Sets-Wholesale-With-Multiple-Sizes-11.webp\" alt=\"Conjuntos de jantar de cor creme tulipa por atacado com v\u00e1rios tamanhos-11\" class=\"wp-image-6273\" srcset=\"https:\/\/www.lovinghomecollection.com\/wp-content\/uploads\/2026\/01\/Tulip-Cream-Color-Dinner-Sets-Wholesale-With-Multiple-Sizes-11.webp 1730w, https:\/\/www.lovinghomecollection.com\/wp-content\/uploads\/2026\/01\/Tulip-Cream-Color-Dinner-Sets-Wholesale-With-Multiple-Sizes-11-300x242.webp 300w, https:\/\/www.lovinghomecollection.com\/wp-content\/uploads\/2026\/01\/Tulip-Cream-Color-Dinner-Sets-Wholesale-With-Multiple-Sizes-11-768x619.webp 768w, https:\/\/www.lovinghomecollection.com\/wp-content\/uploads\/2026\/01\/Tulip-Cream-Color-Dinner-Sets-Wholesale-With-Multiple-Sizes-11-15x12.webp 15w, https:\/\/www.lovinghomecollection.com\/wp-content\/uploads\/2026\/01\/Tulip-Cream-Color-Dinner-Sets-Wholesale-With-Multiple-Sizes-11-1200x967.webp 1200w, https:\/\/www.lovinghomecollection.com\/wp-content\/uploads\/2026\/01\/Tulip-Cream-Color-Dinner-Sets-Wholesale-With-Multiple-Sizes-11-600x483.webp 600w\" sizes=\"(max-width: 1730px) 100vw, 1730px\" \/><\/figure>\n<\/div>\n\n\n\n<div class=\"wp-block-column is-layout-flow wp-block-column-is-layout-flow\">\n<figure class=\"wp-block-image size-full\"><img decoding=\"async\" width=\"1677\" height=\"1143\" src=\"https:\/\/www.lovinghomecollection.com\/wp-content\/uploads\/2026\/01\/Tulip-Cream-Color-Dinner-Sets-Wholesale-With-Multiple-Sizes-12.webp\" alt=\"Conjuntos de jantar de cor creme tulipa por atacado com v\u00e1rios tamanhos-12\" class=\"wp-image-6274\" srcset=\"https:\/\/www.lovinghomecollection.com\/wp-content\/uploads\/2026\/01\/Tulip-Cream-Color-Dinner-Sets-Wholesale-With-Multiple-Sizes-12.webp 1677w, https:\/\/www.lovinghomecollection.com\/wp-content\/uploads\/2026\/01\/Tulip-Cream-Color-Dinner-Sets-Wholesale-With-Multiple-Sizes-12-300x204.webp 300w, https:\/\/www.lovinghomecollection.com\/wp-content\/uploads\/2026\/01\/Tulip-Cream-Color-Dinner-Sets-Wholesale-With-Multiple-Sizes-12-768x523.webp 768w, https:\/\/www.lovinghomecollection.com\/wp-content\/uploads\/2026\/01\/Tulip-Cream-Color-Dinner-Sets-Wholesale-With-Multiple-Sizes-12-18x12.webp 18w, https:\/\/www.lovinghomecollection.com\/wp-content\/uploads\/2026\/01\/Tulip-Cream-Color-Dinner-Sets-Wholesale-With-Multiple-Sizes-12-1200x818.webp 1200w, https:\/\/www.lovinghomecollection.com\/wp-content\/uploads\/2026\/01\/Tulip-Cream-Color-Dinner-Sets-Wholesale-With-Multiple-Sizes-12-600x409.webp 600w\" sizes=\"(max-width: 1677px) 100vw, 1677px\" \/><\/figure>\n<\/div>\n<\/div>\n\n\n\n<p><\/p>","protected":false},"excerpt":{"rendered":"<p>Bem-vindo ao comprar conjuntos de loi\u00e7a de mesa a granel. Os nossos conjuntos de jantar de cor creme por atacado apresentam um requintado design floral em relevo, exalando eleg\u00e2ncia e sofistica\u00e7\u00e3o. Est\u00e3o dispon\u00edveis v\u00e1rios tamanhos e combina\u00e7\u00f5es personalizadas, combinando est\u00e9tica e praticidade.<\/p>\n<table style=\"border-collapse: collapse; width: 338.02pt;\" border=\"0\" width=\"338\" cellspacing=\"0\" cellpadding=\"0\">\n<tbody>\n<tr style=\"height: 18.00pt;\">\n<td class=\"et3\" style=\"height: 18.00pt; width: 124.50pt;\" width=\"124\" height=\"18\">Fabricante<\/td>\n<td class=\"et3\" style=\"width: 214.40pt;\" width=\"214\">Casa amorosa<\/td>\n<\/tr>\n<tr style=\"height: 18.00pt;\">\n<td class=\"et3\" style=\"height: 18.00pt; width: 124.50pt;\" width=\"124\" height=\"18\">Nome da cole\u00e7\u00e3o<\/td>\n<td class=\"et4\" style=\"width: 214.40pt;\" width=\"214\">Cole\u00e7\u00e3o Tulip Grace<\/td>\n<\/tr>\n<tr style=\"height: 18.00pt;\">\n<td class=\"et3\" style=\"height: 18.00pt; width: 124.50pt;\" width=\"124\" height=\"18\">Utiliza\u00e7\u00e3o<\/td>\n<td class=\"et3\" style=\"width: 214.40pt;\" width=\"214\">Casa, restaurante, hotel<\/td>\n<\/tr>\n<tr style=\"height: 36.00pt;\">\n<td class=\"et3\" style=\"height: 36.00pt; width: 124.50pt;\" width=\"124\" height=\"36\">Tipo de lou\u00e7a<\/td>\n<td class=\"et3\" style=\"width: 214.40pt;\" width=\"214\">Prato, ta\u00e7a, bule, ch\u00e1vena e pires, cremeira, caneca, a\u00e7ucareiro, suporte para bolos<\/td>\n<\/tr>\n<tr style=\"height: 18.00pt;\">\n<td class=\"et3\" style=\"height: 18.00pt; width: 124.50pt;\" width=\"124\" height=\"18\">Material<\/td>\n<td class=\"et3\" style=\"width: 214.40pt;\" width=\"214\">Porcelana dur\u00e1vel<\/td>\n<\/tr>\n<tr style=\"height: 18.00pt;\">\n<td class=\"et3\" style=\"height: 18.00pt; width: 124.50pt;\" width=\"124\" height=\"18\">Dimens\u00e3o<\/td>\n<td class=\"et3\" style=\"width: 214.40pt;\" width=\"214\">Conforme imagem de pormenor<\/td>\n<\/tr>\n<tr style=\"height: 18.00pt;\">\n<td class=\"et3\" style=\"height: 18.00pt; width: 124.50pt;\" width=\"124\" height=\"18\">Unidades de venda<\/td>\n<td class=\"et3\" style=\"width: 214.40pt;\" width=\"214\">Artigo \u00fanico<\/td>\n<\/tr>\n<tr style=\"height: 18.00pt;\">\n<td class=\"et3\" style=\"height: 18.00pt; width: 124.50pt;\" width=\"124\" height=\"18\">MOQ<\/td>\n<td class=\"et3\" style=\"width: 214.40pt;\" width=\"214\">1200 unidades por artigo<\/td>\n<\/tr>\n<tr style=\"height: 18.00pt;\">\n<td class=\"et3\" style=\"height: 18.00pt; width: 124.50pt;\" width=\"124\" height=\"18\">Op\u00e7\u00e3o personalizada<\/td>\n<td class=\"et3\" style=\"width: 214.40pt;\" width=\"214\">Cor\/tamanho\/verniz\/log\u00f3tipo\/embalagem<\/td>\n<\/tr>\n<\/tbody>\n<\/table>","protected":false},"featured_media":6265,"comment_status":"closed","ping_status":"closed","template":"","meta":{"_acf_changed":false},"product_brand":[],"product_cat":[19],"product_tag":[37,36,25,39,27,26,48],"class_list":{"0":"post-6262","1":"product","2":"type-product","3":"status-publish","4":"has-post-thumbnail","6":"product_cat-dinnerware-wholesale","7":"product_tag-bulk-cake-stands","8":"product_tag-wholesale-kettles","9":"product_tag-wholesale-plates-and-bowls","10":"product_tag-sugar-jars-wholesale","11":"product_tag-wholesale-tea-cups-and-saucers","12":"product_tag-wholesale-teapots","13":"product_tag-whats-new","15":"first","16":"instock","17":"shipping-taxable","18":"product-type-simple"},"acf":[],"_links":{"self":[{"href":"https:\/\/www.lovinghomecollection.com\/pt\/wp-json\/wp\/v2\/product\/6262","targetHints":{"allow":["GET"]}}],"collection":[{"href":"https:\/\/www.lovinghomecollection.com\/pt\/wp-json\/wp\/v2\/product"}],"about":[{"href":"https:\/\/www.lovinghomecollection.com\/pt\/wp-json\/wp\/v2\/types\/product"}],"replies":[{"embeddable":true,"href":"https:\/\/www.lovinghomecollection.com\/pt\/wp-json\/wp\/v2\/comments?post=6262"}],"wp:featuredmedia":[{"embeddable":true,"href":"https:\/\/www.lovinghomecollection.com\/pt\/wp-json\/wp\/v2\/media\/6265"}],"wp:attachment":[{"href":"https:\/\/www.lovinghomecollection.com\/pt\/wp-json\/wp\/v2\/media?parent=6262"}],"wp:term":[{"taxonomy":"product_brand","embeddable":true,"href":"https:\/\/www.lovinghomecollection.com\/pt\/wp-json\/wp\/v2\/product_brand?post=6262"},{"taxonomy":"product_cat","embeddable":true,"href":"https:\/\/www.lovinghomecollection.com\/pt\/wp-json\/wp\/v2\/product_cat?post=6262"},{"taxonomy":"product_tag","embeddable":true,"href":"https:\/\/www.lovinghomecollection.com\/pt\/wp-json\/wp\/v2\/product_tag?post=6262"}],"curies":[{"name":"wp","href":"https:\/\/api.w.org\/{rel}","templated":true}]}}