{"id":6218,"date":"2026-01-04T08:39:20","date_gmt":"2026-01-04T08:39:20","guid":{"rendered":"https:\/\/www.lovinghomecollection.com\/?post_type=product&#038;p=6218"},"modified":"2026-01-04T08:50:56","modified_gmt":"2026-01-04T08:50:56","slug":"wholesale-restaurant-crockery","status":"publish","type":"product","link":"https:\/\/www.lovinghomecollection.com\/pt\/produto\/wholesale-restaurant-crockery\/","title":{"rendered":"Lou\u00e7a de restaurante por atacado, talheres brancos com relevo"},"content":{"rendered":"<div class=\"wp-block-columns is-layout-flex wp-container-core-columns-is-layout-9d6595d7 wp-block-columns-is-layout-flex\">\n<div class=\"wp-block-column is-layout-flow wp-block-column-is-layout-flow\" style=\"flex-basis:60%\">\n<h2 class=\"wp-block-heading\">Lou\u00e7a de restaurante Premium Wholesale Carater\u00edsticas:<\/h2>\n\n\n\n<ul class=\"wp-block-list\">\n<li><strong>Design requintado: <\/strong>Este conjunto de lou\u00e7a de restaurante por atacado combina relevo cl\u00e1ssico com elementos naturais (tais como tulipas, bagas e videiras), emparelhados com bordas douradas onduladas e detalhes de contas, resultando num design rico e em camadas que facilmente melhora a experi\u00eancia e o ambiente das refei\u00e7\u00f5es.<\/li>\n\n\n\n<li><strong>Artesanato refinado: <\/strong>Os nossos utens\u00edlios de servi\u00e7o brancos por atacado s\u00e3o fabricados a partir das melhores cer\u00e2micas finas e utilizam apenas t\u00e9cnicas tradicionais de escultura manual para criar padr\u00f5es tridimensionais perfeitamente trabalhados com um esmalte uniforme e liso, com todos os nossos acabamentos dourados firmemente fixados, permitindo um artesanato de alta qualidade.<\/li>\n\n\n\n<li><strong>Dur\u00e1vel e pr\u00e1tico: <\/strong>A nossa loi\u00e7a de restaurante por atacado \u00e9 constru\u00edda a partir de porcelana de alta densidade, que \u00e9 dur\u00e1vel e resistente ao desgaste e \u00e0s manchas. \u00c9 adequada para m\u00e1quinas de lavar loi\u00e7a e micro-ondas e satisfaz a exigente frequ\u00eancia de utiliza\u00e7\u00e3o como restaurante dom\u00e9stico e comercial.<\/li>\n\n\n\n<li><strong>Aplica\u00e7\u00f5es vers\u00e1teis: <\/strong>Os nossos utens\u00edlios de servi\u00e7o brancos por grosso cont\u00eam pratos de jantar, conjuntos de ch\u00e1, jarros de leite, etc., todos com um design uniforme e f\u00e1cil de misturar, perfeitos para hot\u00e9is boutique, restaurantes de brunch, banquetes de casamento ou para a sua casa. Ao comprar por grosso, pode tirar partido da poupan\u00e7a de custos associada \u00e0 utiliza\u00e7\u00e3o do mesmo produto por grosso em v\u00e1rios cen\u00e1rios de restaurantes.<\/li>\n<\/ul>\n<\/div>\n\n\n\n<div class=\"wp-block-column is-layout-flow wp-block-column-is-layout-flow\">\n<figure class=\"wp-block-image size-full\"><img decoding=\"async\" width=\"1200\" height=\"1200\" src=\"https:\/\/www.lovinghomecollection.com\/wp-content\/uploads\/2026\/01\/Wholesale-Restaurant-Crockery-Embossed-White-Serveware-8.webp\" alt=\"Lou\u00e7a de restaurante por atacado, talheres brancos com relevo - 8\" class=\"wp-image-6226\" srcset=\"https:\/\/www.lovinghomecollection.com\/wp-content\/uploads\/2026\/01\/Wholesale-Restaurant-Crockery-Embossed-White-Serveware-8.webp 1200w, https:\/\/www.lovinghomecollection.com\/wp-content\/uploads\/2026\/01\/Wholesale-Restaurant-Crockery-Embossed-White-Serveware-8-300x300.webp 300w, https:\/\/www.lovinghomecollection.com\/wp-content\/uploads\/2026\/01\/Wholesale-Restaurant-Crockery-Embossed-White-Serveware-8-150x150.webp 150w, https:\/\/www.lovinghomecollection.com\/wp-content\/uploads\/2026\/01\/Wholesale-Restaurant-Crockery-Embossed-White-Serveware-8-768x768.webp 768w, https:\/\/www.lovinghomecollection.com\/wp-content\/uploads\/2026\/01\/Wholesale-Restaurant-Crockery-Embossed-White-Serveware-8-12x12.webp 12w, https:\/\/www.lovinghomecollection.com\/wp-content\/uploads\/2026\/01\/Wholesale-Restaurant-Crockery-Embossed-White-Serveware-8-600x600.webp 600w, https:\/\/www.lovinghomecollection.com\/wp-content\/uploads\/2026\/01\/Wholesale-Restaurant-Crockery-Embossed-White-Serveware-8-100x100.webp 100w\" sizes=\"(max-width: 1200px) 100vw, 1200px\" \/><\/figure>\n<\/div>\n<\/div>\n\n\n\n<h2 class=\"wp-block-heading has-text-align-center\">Apresenta\u00e7\u00e3o de produtos de lou\u00e7a de restaurante por grosso Tulip Grace<\/h2>\n\n\n\n<div class=\"wp-block-columns is-layout-flex wp-container-core-columns-is-layout-9d6595d7 wp-block-columns-is-layout-flex\">\n<div class=\"wp-block-column is-layout-flow wp-block-column-is-layout-flow\">\n<figure class=\"wp-block-image size-full\"><img decoding=\"async\" width=\"1721\" height=\"1304\" src=\"https:\/\/www.lovinghomecollection.com\/wp-content\/uploads\/2026\/01\/Wholesale-Restaurant-Crockery-Embossed-White-Serveware-12.webp\" alt=\"Lou\u00e7a de restaurante por atacado, talheres brancos com relevo - 12\" class=\"wp-image-6230\" srcset=\"https:\/\/www.lovinghomecollection.com\/wp-content\/uploads\/2026\/01\/Wholesale-Restaurant-Crockery-Embossed-White-Serveware-12.webp 1721w, https:\/\/www.lovinghomecollection.com\/wp-content\/uploads\/2026\/01\/Wholesale-Restaurant-Crockery-Embossed-White-Serveware-12-300x227.webp 300w, https:\/\/www.lovinghomecollection.com\/wp-content\/uploads\/2026\/01\/Wholesale-Restaurant-Crockery-Embossed-White-Serveware-12-768x582.webp 768w, https:\/\/www.lovinghomecollection.com\/wp-content\/uploads\/2026\/01\/Wholesale-Restaurant-Crockery-Embossed-White-Serveware-12-16x12.webp 16w, https:\/\/www.lovinghomecollection.com\/wp-content\/uploads\/2026\/01\/Wholesale-Restaurant-Crockery-Embossed-White-Serveware-12-1200x909.webp 1200w, https:\/\/www.lovinghomecollection.com\/wp-content\/uploads\/2026\/01\/Wholesale-Restaurant-Crockery-Embossed-White-Serveware-12-600x455.webp 600w\" sizes=\"(max-width: 1721px) 100vw, 1721px\" \/><\/figure>\n<\/div>\n\n\n\n<div class=\"wp-block-column is-layout-flow wp-block-column-is-layout-flow\">\n<figure class=\"wp-block-image size-full\"><img decoding=\"async\" width=\"1754\" height=\"1155\" src=\"https:\/\/www.lovinghomecollection.com\/wp-content\/uploads\/2026\/01\/Wholesale-Restaurant-Crockery-Embossed-White-Serveware-13.webp\" alt=\"Lou\u00e7a de restaurante por atacado, talheres brancos com relevo-13\" class=\"wp-image-6231\" srcset=\"https:\/\/www.lovinghomecollection.com\/wp-content\/uploads\/2026\/01\/Wholesale-Restaurant-Crockery-Embossed-White-Serveware-13.webp 1754w, https:\/\/www.lovinghomecollection.com\/wp-content\/uploads\/2026\/01\/Wholesale-Restaurant-Crockery-Embossed-White-Serveware-13-300x198.webp 300w, https:\/\/www.lovinghomecollection.com\/wp-content\/uploads\/2026\/01\/Wholesale-Restaurant-Crockery-Embossed-White-Serveware-13-768x506.webp 768w, https:\/\/www.lovinghomecollection.com\/wp-content\/uploads\/2026\/01\/Wholesale-Restaurant-Crockery-Embossed-White-Serveware-13-18x12.webp 18w, https:\/\/www.lovinghomecollection.com\/wp-content\/uploads\/2026\/01\/Wholesale-Restaurant-Crockery-Embossed-White-Serveware-13-1200x790.webp 1200w, https:\/\/www.lovinghomecollection.com\/wp-content\/uploads\/2026\/01\/Wholesale-Restaurant-Crockery-Embossed-White-Serveware-13-600x395.webp 600w\" sizes=\"(max-width: 1754px) 100vw, 1754px\" \/><\/figure>\n<\/div>\n<\/div>\n\n\n\n<p><\/p>","protected":false},"excerpt":{"rendered":"<p>Bem-vindo \u00e0 compra de lou\u00e7a de restaurante por atacado. A nossa loi\u00e7a branca de servir por atacado apresenta um artesanato europeu em relevo vintage, adornado com contas tridimensionais, vinhas e padr\u00f5es florais e de fruta, criando um estilo geral elegante e rom\u00e2ntico.<\/p>\n<table style=\"border-collapse: collapse; width: 338.02pt;\" border=\"0\" width=\"338\" cellspacing=\"0\" cellpadding=\"0\">\n<tbody>\n<tr style=\"height: 18.00pt;\">\n<td class=\"et3\" style=\"height: 18.00pt; width: 124.50pt;\" width=\"124\" height=\"18\">Fabricante<\/td>\n<td class=\"et3\" style=\"width: 214.40pt;\" width=\"214\">Casa amorosa<\/td>\n<\/tr>\n<tr style=\"height: 18.00pt;\">\n<td class=\"et3\" style=\"height: 18.00pt; width: 124.50pt;\" width=\"124\" height=\"18\">Nome da cole\u00e7\u00e3o<\/td>\n<td class=\"et4\" style=\"width: 214.40pt;\" width=\"214\">Cole\u00e7\u00e3o Tulip Grace<\/td>\n<\/tr>\n<tr style=\"height: 18.00pt;\">\n<td class=\"et3\" style=\"height: 18.00pt; width: 124.50pt;\" width=\"124\" height=\"18\">Utiliza\u00e7\u00e3o<\/td>\n<td class=\"et3\" style=\"width: 214.40pt;\" width=\"214\">Casa, restaurante, hotel<\/td>\n<\/tr>\n<tr style=\"height: 36.00pt;\">\n<td class=\"et3\" style=\"height: 36.00pt; width: 124.50pt;\" width=\"124\" height=\"36\">Tipo de lou\u00e7a<\/td>\n<td class=\"et3\" style=\"width: 214.40pt;\" width=\"214\">Prato, tigela, ch\u00e1vena e pires, caneca, suporte para bolos, jarro, conjunto de tapa, pote de a\u00e7\u00facar<\/td>\n<\/tr>\n<tr style=\"height: 18.00pt;\">\n<td class=\"et3\" style=\"height: 18.00pt; width: 124.50pt;\" width=\"124\" height=\"18\">Material<\/td>\n<td class=\"et3\" style=\"width: 214.40pt;\" width=\"214\">Porcelana dur\u00e1vel<\/td>\n<\/tr>\n<tr style=\"height: 18.00pt;\">\n<td class=\"et3\" style=\"height: 18.00pt; width: 124.50pt;\" width=\"124\" height=\"18\">Dimens\u00e3o<\/td>\n<td class=\"et3\" style=\"width: 214.40pt;\" width=\"214\">Conforme imagem de pormenor<\/td>\n<\/tr>\n<tr style=\"height: 18.00pt;\">\n<td class=\"et3\" style=\"height: 18.00pt; width: 124.50pt;\" width=\"124\" height=\"18\">Unidades de venda<\/td>\n<td class=\"et3\" style=\"width: 214.40pt;\" width=\"214\">Artigo \u00fanico<\/td>\n<\/tr>\n<tr style=\"height: 18.00pt;\">\n<td class=\"et3\" style=\"height: 18.00pt; width: 124.50pt;\" width=\"124\" height=\"18\">MOQ<\/td>\n<td class=\"et3\" style=\"width: 214.40pt;\" width=\"214\">1200 unidades por artigo<\/td>\n<\/tr>\n<tr style=\"height: 18.00pt;\">\n<td class=\"et3\" style=\"height: 18.00pt; width: 124.50pt;\" width=\"124\" height=\"18\">Op\u00e7\u00e3o personalizada<\/td>\n<td class=\"et3\" style=\"width: 214.40pt;\" width=\"214\">Cor\/tamanho\/verniz\/log\u00f3tipo\/embalagem<\/td>\n<\/tr>\n<\/tbody>\n<\/table>","protected":false},"featured_media":6222,"comment_status":"closed","ping_status":"closed","template":"","meta":{"_acf_changed":false},"product_brand":[],"product_cat":[19,49],"product_tag":[37,36,25,39,27,48],"class_list":{"0":"post-6218","1":"product","2":"type-product","3":"status-publish","4":"has-post-thumbnail","6":"product_cat-dinnerware-wholesale","7":"product_cat-wholesale-white-tableware","8":"product_tag-bulk-cake-stands","9":"product_tag-wholesale-kettles","10":"product_tag-wholesale-plates-and-bowls","11":"product_tag-sugar-jars-wholesale","12":"product_tag-wholesale-tea-cups-and-saucers","13":"product_tag-whats-new","15":"first","16":"instock","17":"shipping-taxable","18":"product-type-simple"},"acf":[],"_links":{"self":[{"href":"https:\/\/www.lovinghomecollection.com\/pt\/wp-json\/wp\/v2\/product\/6218","targetHints":{"allow":["GET"]}}],"collection":[{"href":"https:\/\/www.lovinghomecollection.com\/pt\/wp-json\/wp\/v2\/product"}],"about":[{"href":"https:\/\/www.lovinghomecollection.com\/pt\/wp-json\/wp\/v2\/types\/product"}],"replies":[{"embeddable":true,"href":"https:\/\/www.lovinghomecollection.com\/pt\/wp-json\/wp\/v2\/comments?post=6218"}],"wp:featuredmedia":[{"embeddable":true,"href":"https:\/\/www.lovinghomecollection.com\/pt\/wp-json\/wp\/v2\/media\/6222"}],"wp:attachment":[{"href":"https:\/\/www.lovinghomecollection.com\/pt\/wp-json\/wp\/v2\/media?parent=6218"}],"wp:term":[{"taxonomy":"product_brand","embeddable":true,"href":"https:\/\/www.lovinghomecollection.com\/pt\/wp-json\/wp\/v2\/product_brand?post=6218"},{"taxonomy":"product_cat","embeddable":true,"href":"https:\/\/www.lovinghomecollection.com\/pt\/wp-json\/wp\/v2\/product_cat?post=6218"},{"taxonomy":"product_tag","embeddable":true,"href":"https:\/\/www.lovinghomecollection.com\/pt\/wp-json\/wp\/v2\/product_tag?post=6218"}],"curies":[{"name":"wp","href":"https:\/\/api.w.org\/{rel}","templated":true}]}}