{"id":6206,"date":"2026-01-04T08:20:31","date_gmt":"2026-01-04T08:20:31","guid":{"rendered":"https:\/\/www.lovinghomecollection.com\/?post_type=product&#038;p=6206"},"modified":"2026-02-11T09:53:25","modified_gmt":"2026-02-11T09:53:25","slug":"ceramic-crockery-wholesale","status":"publish","type":"product","link":"https:\/\/www.lovinghomecollection.com\/pt\/produto\/ceramic-crockery-wholesale\/","title":{"rendered":"Lou\u00e7a de cer\u00e2mica de palmeira tropical por atacado para restaurante"},"content":{"rendered":"<div class=\"wp-block-columns is-layout-flex wp-container-core-columns-is-layout-9d6595d7 wp-block-columns-is-layout-flex\">\n<div class=\"wp-block-column is-layout-flow wp-block-column-is-layout-flow\" style=\"flex-basis:60%\">\n<h2 class=\"wp-block-heading\">Lou\u00e7a de cer\u00e2mica de qualidade por atacado Carater\u00edsticas:<\/h2>\n\n\n\n<ul class=\"wp-block-list\">\n<li><strong>Design \u00fanico:<\/strong> A nossa lou\u00e7a de cer\u00e2mica por atacado tem um design \u00fanico com um padr\u00e3o de palmeira tropical pintado \u00e0 m\u00e3o e um design geom\u00e9trico cl\u00e1ssico; as cores frescas e naturais da lou\u00e7a criam um estilo atrativo e coeso que melhora a apar\u00eancia e o ambiente da mesa de jantar.<\/li>\n\n\n\n<li><strong>Excelente acabamento: <\/strong>A nossa loi\u00e7a de porcelana para venda por grosso tem um vidrado de alta qualidade que proporciona um acabamento suave e uniforme. Os desenhos impressos s\u00e3o duradouros e claramente vis\u00edveis, enquanto os rebordos decorados e os pormenores em relevo real\u00e7am a qualidade do nosso trabalho.<\/li>\n\n\n\n<li><strong>Qualidade fi\u00e1vel: <\/strong>Este conjunto de lou\u00e7a de cer\u00e2mica para venda por grosso \u00e9 feito de porcelana dur\u00e1vel e tem uma forma consistente, tornando-o ideal para uso di\u00e1rio ou num restaurante. Os desenhos s\u00e3o resistentes ao desgaste e a maioria dos artigos \u00e9 empilh\u00e1vel para facilitar a arruma\u00e7\u00e3o.<\/li>\n\n\n\n<li><strong>Vantagens do com\u00e9rcio grossista<\/strong>: A nossa loi\u00e7a de porcelana a granel oferece uma grande variedade de produtos, suporta encomendas mistas e \u00e9 altamente rent\u00e1vel. O estilo consistente facilita a compra e a exposi\u00e7\u00e3o uniforme dos produtos por parte dos restaurantes, hot\u00e9is ou retalhistas, reduzindo os custos de correspond\u00eancia.<\/li>\n<\/ul>\n<\/div>\n\n\n\n<div class=\"wp-block-column is-layout-flow wp-block-column-is-layout-flow\">\n<figure class=\"wp-block-image size-full\"><img decoding=\"async\" width=\"1200\" height=\"1200\" src=\"https:\/\/www.lovinghomecollection.com\/wp-content\/uploads\/2026\/01\/Tropical-Palm-Tree-Ceramic-Crockery-Wholesale-for-Restaurant-4.webp\" alt=\"Lou\u00e7a de cer\u00e2mica de palmeira tropical por atacado para restaurante-4\" class=\"wp-image-6210\" srcset=\"https:\/\/www.lovinghomecollection.com\/wp-content\/uploads\/2026\/01\/Tropical-Palm-Tree-Ceramic-Crockery-Wholesale-for-Restaurant-4.webp 1200w, https:\/\/www.lovinghomecollection.com\/wp-content\/uploads\/2026\/01\/Tropical-Palm-Tree-Ceramic-Crockery-Wholesale-for-Restaurant-4-300x300.webp 300w, https:\/\/www.lovinghomecollection.com\/wp-content\/uploads\/2026\/01\/Tropical-Palm-Tree-Ceramic-Crockery-Wholesale-for-Restaurant-4-150x150.webp 150w, https:\/\/www.lovinghomecollection.com\/wp-content\/uploads\/2026\/01\/Tropical-Palm-Tree-Ceramic-Crockery-Wholesale-for-Restaurant-4-768x768.webp 768w, https:\/\/www.lovinghomecollection.com\/wp-content\/uploads\/2026\/01\/Tropical-Palm-Tree-Ceramic-Crockery-Wholesale-for-Restaurant-4-12x12.webp 12w, https:\/\/www.lovinghomecollection.com\/wp-content\/uploads\/2026\/01\/Tropical-Palm-Tree-Ceramic-Crockery-Wholesale-for-Restaurant-4-600x600.webp 600w, https:\/\/www.lovinghomecollection.com\/wp-content\/uploads\/2026\/01\/Tropical-Palm-Tree-Ceramic-Crockery-Wholesale-for-Restaurant-4-100x100.webp 100w\" sizes=\"(max-width: 1200px) 100vw, 1200px\" \/><\/figure>\n<\/div>\n<\/div>\n\n\n\n<h2 class=\"wp-block-heading has-text-align-center\">Apresenta\u00e7\u00e3o do produto de Lou\u00e7a de cer\u00e2mica Under The Palm por atacado<\/h2>\n\n\n\n<div class=\"wp-block-columns is-layout-flex wp-container-core-columns-is-layout-9d6595d7 wp-block-columns-is-layout-flex\">\n<div class=\"wp-block-column is-layout-flow wp-block-column-is-layout-flow\">\n<figure class=\"wp-block-image size-full\"><img decoding=\"async\" width=\"1723\" height=\"1436\" src=\"https:\/\/www.lovinghomecollection.com\/wp-content\/uploads\/2026\/01\/Tropical-Palm-Tree-Ceramic-Crockery-Wholesale-for-Restaurant-10.webp\" alt=\"Lou\u00e7a de cer\u00e2mica de palmeira tropical por atacado para restaurante-10\" class=\"wp-image-6216\" srcset=\"https:\/\/www.lovinghomecollection.com\/wp-content\/uploads\/2026\/01\/Tropical-Palm-Tree-Ceramic-Crockery-Wholesale-for-Restaurant-10.webp 1723w, https:\/\/www.lovinghomecollection.com\/wp-content\/uploads\/2026\/01\/Tropical-Palm-Tree-Ceramic-Crockery-Wholesale-for-Restaurant-10-300x250.webp 300w, https:\/\/www.lovinghomecollection.com\/wp-content\/uploads\/2026\/01\/Tropical-Palm-Tree-Ceramic-Crockery-Wholesale-for-Restaurant-10-768x640.webp 768w, https:\/\/www.lovinghomecollection.com\/wp-content\/uploads\/2026\/01\/Tropical-Palm-Tree-Ceramic-Crockery-Wholesale-for-Restaurant-10-14x12.webp 14w, https:\/\/www.lovinghomecollection.com\/wp-content\/uploads\/2026\/01\/Tropical-Palm-Tree-Ceramic-Crockery-Wholesale-for-Restaurant-10-1200x1000.webp 1200w, https:\/\/www.lovinghomecollection.com\/wp-content\/uploads\/2026\/01\/Tropical-Palm-Tree-Ceramic-Crockery-Wholesale-for-Restaurant-10-600x500.webp 600w\" sizes=\"(max-width: 1723px) 100vw, 1723px\" \/><\/figure>\n<\/div>\n\n\n\n<div class=\"wp-block-column is-layout-flow wp-block-column-is-layout-flow\">\n<figure class=\"wp-block-image size-full\"><img decoding=\"async\" width=\"1754\" height=\"990\" src=\"https:\/\/www.lovinghomecollection.com\/wp-content\/uploads\/2026\/01\/Tropical-Palm-Tree-Ceramic-Crockery-Wholesale-for-Restaurant-11.webp\" alt=\"Lou\u00e7a de cer\u00e2mica de palmeira tropical por atacado para restaurante-11\" class=\"wp-image-6217\" srcset=\"https:\/\/www.lovinghomecollection.com\/wp-content\/uploads\/2026\/01\/Tropical-Palm-Tree-Ceramic-Crockery-Wholesale-for-Restaurant-11.webp 1754w, https:\/\/www.lovinghomecollection.com\/wp-content\/uploads\/2026\/01\/Tropical-Palm-Tree-Ceramic-Crockery-Wholesale-for-Restaurant-11-300x169.webp 300w, https:\/\/www.lovinghomecollection.com\/wp-content\/uploads\/2026\/01\/Tropical-Palm-Tree-Ceramic-Crockery-Wholesale-for-Restaurant-11-768x433.webp 768w, https:\/\/www.lovinghomecollection.com\/wp-content\/uploads\/2026\/01\/Tropical-Palm-Tree-Ceramic-Crockery-Wholesale-for-Restaurant-11-18x10.webp 18w, https:\/\/www.lovinghomecollection.com\/wp-content\/uploads\/2026\/01\/Tropical-Palm-Tree-Ceramic-Crockery-Wholesale-for-Restaurant-11-1200x677.webp 1200w, https:\/\/www.lovinghomecollection.com\/wp-content\/uploads\/2026\/01\/Tropical-Palm-Tree-Ceramic-Crockery-Wholesale-for-Restaurant-11-600x339.webp 600w\" sizes=\"(max-width: 1754px) 100vw, 1754px\" \/><\/figure>\n<\/div>\n<\/div>\n\n\n\n<p><\/p>","protected":false},"excerpt":{"rendered":"<p>Bem-vindo \u00e0 compra de loi\u00e7a de porcelana a granel. Esta loi\u00e7a de cer\u00e2mica de palmeiras tropicais por atacado apresenta um design que utiliza uma combina\u00e7\u00e3o de t\u00e9cnicas pintadas \u00e0 m\u00e3o e impressas para criar um estilo \u00fanico de uma experi\u00eancia fresca e natural de estilo resort.<\/p>\n<table style=\"border-collapse: collapse; width: 338.02pt;\" border=\"0\" width=\"338\" cellspacing=\"0\" cellpadding=\"0\">\n<tbody>\n<tr style=\"height: 18.00pt;\">\n<td class=\"et3\" style=\"height: 18.00pt; width: 124.50pt;\" width=\"124\" height=\"18\">Fabricante<\/td>\n<td class=\"et3\" style=\"width: 214.40pt;\" width=\"214\">Casa amorosa<\/td>\n<\/tr>\n<tr style=\"height: 18.00pt;\">\n<td class=\"et3\" style=\"height: 18.00pt; width: 124.50pt;\" width=\"124\" height=\"18\">Nome da cole\u00e7\u00e3o<\/td>\n<td class=\"et4\" style=\"width: 214.40pt;\" width=\"214\">Cole\u00e7\u00e3o \"Under The Palm<\/td>\n<\/tr>\n<tr style=\"height: 18.00pt;\">\n<td class=\"et3\" style=\"height: 18.00pt; width: 124.50pt;\" width=\"124\" height=\"18\">Utiliza\u00e7\u00e3o<\/td>\n<td class=\"et3\" style=\"width: 214.40pt;\" width=\"214\">Casa, restaurante, hotel<\/td>\n<\/tr>\n<tr style=\"height: 36.00pt;\">\n<td class=\"et3\" style=\"height: 36.00pt; width: 124.50pt;\" width=\"124\" height=\"36\">Tipo de lou\u00e7a<\/td>\n<td class=\"et3\" style=\"width: 214.40pt;\" width=\"214\">Prato, tigela, bule, ch\u00e1vena e pires, caneca, a\u00e7ucareiro<\/td>\n<\/tr>\n<tr style=\"height: 18.00pt;\">\n<td class=\"et3\" style=\"height: 18.00pt; width: 124.50pt;\" width=\"124\" height=\"18\">Material<\/td>\n<td class=\"et3\" style=\"width: 214.40pt;\" width=\"214\">Porcelana dur\u00e1vel<\/td>\n<\/tr>\n<tr style=\"height: 18.00pt;\">\n<td class=\"et3\" style=\"height: 18.00pt; width: 124.50pt;\" width=\"124\" height=\"18\">Dimens\u00e3o<\/td>\n<td class=\"et3\" style=\"width: 214.40pt;\" width=\"214\">Conforme imagem de pormenor<\/td>\n<\/tr>\n<tr style=\"height: 18.00pt;\">\n<td class=\"et3\" style=\"height: 18.00pt; width: 124.50pt;\" width=\"124\" height=\"18\">Unidades de venda<\/td>\n<td class=\"et3\" style=\"width: 214.40pt;\" width=\"214\">Artigo \u00fanico<\/td>\n<\/tr>\n<tr style=\"height: 18.00pt;\">\n<td class=\"et3\" style=\"height: 18.00pt; width: 124.50pt;\" width=\"124\" height=\"18\">MOQ<\/td>\n<td class=\"et3\" style=\"width: 214.40pt;\" width=\"214\">1200 unidades por artigo<\/td>\n<\/tr>\n<tr style=\"height: 18.00pt;\">\n<td class=\"et3\" style=\"height: 18.00pt; width: 124.50pt;\" width=\"124\" height=\"18\">Op\u00e7\u00e3o personalizada<\/td>\n<td class=\"et3\" style=\"width: 214.40pt;\" width=\"214\">Cor\/tamanho\/verniz\/log\u00f3tipo\/embalagem<\/td>\n<\/tr>\n<\/tbody>\n<\/table>","protected":false},"featured_media":6208,"comment_status":"closed","ping_status":"closed","template":"","meta":{"_acf_changed":false},"product_brand":[],"product_cat":[19],"product_tag":[36,25,39,27,26],"class_list":{"0":"post-6206","1":"product","2":"type-product","3":"status-publish","4":"has-post-thumbnail","6":"product_cat-dinnerware-wholesale","7":"product_tag-wholesale-kettles","8":"product_tag-wholesale-plates-and-bowls","9":"product_tag-sugar-jars-wholesale","10":"product_tag-wholesale-tea-cups-and-saucers","11":"product_tag-wholesale-teapots","13":"first","14":"instock","15":"shipping-taxable","16":"product-type-simple"},"acf":[],"_links":{"self":[{"href":"https:\/\/www.lovinghomecollection.com\/pt\/wp-json\/wp\/v2\/product\/6206","targetHints":{"allow":["GET"]}}],"collection":[{"href":"https:\/\/www.lovinghomecollection.com\/pt\/wp-json\/wp\/v2\/product"}],"about":[{"href":"https:\/\/www.lovinghomecollection.com\/pt\/wp-json\/wp\/v2\/types\/product"}],"replies":[{"embeddable":true,"href":"https:\/\/www.lovinghomecollection.com\/pt\/wp-json\/wp\/v2\/comments?post=6206"}],"wp:featuredmedia":[{"embeddable":true,"href":"https:\/\/www.lovinghomecollection.com\/pt\/wp-json\/wp\/v2\/media\/6208"}],"wp:attachment":[{"href":"https:\/\/www.lovinghomecollection.com\/pt\/wp-json\/wp\/v2\/media?parent=6206"}],"wp:term":[{"taxonomy":"product_brand","embeddable":true,"href":"https:\/\/www.lovinghomecollection.com\/pt\/wp-json\/wp\/v2\/product_brand?post=6206"},{"taxonomy":"product_cat","embeddable":true,"href":"https:\/\/www.lovinghomecollection.com\/pt\/wp-json\/wp\/v2\/product_cat?post=6206"},{"taxonomy":"product_tag","embeddable":true,"href":"https:\/\/www.lovinghomecollection.com\/pt\/wp-json\/wp\/v2\/product_tag?post=6206"}],"curies":[{"name":"wp","href":"https:\/\/api.w.org\/{rel}","templated":true}]}}