{"id":6193,"date":"2025-12-30T06:58:41","date_gmt":"2025-12-30T06:58:41","guid":{"rendered":"https:\/\/www.lovinghomecollection.com\/?post_type=product&#038;p=6193"},"modified":"2025-12-30T07:09:25","modified_gmt":"2025-12-30T07:09:25","slug":"wholesale-bud-vases","status":"publish","type":"product","link":"https:\/\/www.lovinghomecollection.com\/pt\/produto\/wholesale-bud-vases\/","title":{"rendered":"Vasos brancos para flores a granel, vasos pequenos em forma de fruta a granel"},"content":{"rendered":"<div class=\"wp-block-columns is-layout-flex wp-container-core-columns-is-layout-9d6595d7 wp-block-columns-is-layout-flex\">\n<div class=\"wp-block-column is-layout-flow wp-block-column-is-layout-flow\" style=\"flex-basis:60%\">\n<h2 class=\"wp-block-heading\">Vasos de bot\u00e3o por atacado Premium Carater\u00edsticas:<\/h2>\n\n\n\n<ul class=\"wp-block-list\">\n<li><strong>Design \u00fanico em forma de fruta: <\/strong>Estas jarras de bot\u00f5es por atacado s\u00e3o modeladas a partir de frutos realistas (como rom\u00e3s, ananases e bananas), interpretados atrav\u00e9s de uma linguagem de design moderna, possuindo tanto beleza art\u00edstica como distin\u00e7\u00e3o. S\u00e3o muito conversadores e visualmente apelativos como pe\u00e7as decorativas.<\/li>\n\n\n\n<li><strong>Design minimalista, estilo vers\u00e1til: <\/strong>As formas simples e elegantes destes vasos de cer\u00e2mica mate por atacado podem facilmente misturar-se com muitos estilos diferentes de design de interiores, tais como n\u00f3rdico, moderno, Wabi-Sabi, Pastoral (Country Living), o que pode contribuir para o estilo de design geral do espa\u00e7o.<\/li>\n\n\n\n<li><strong>Material cer\u00e2mico de alta qualidade, textura excecional:<\/strong> Os nossos vasos de bot\u00f5es por atacado s\u00e3o feitos de cer\u00e2mica de qualidade e t\u00eam uma superf\u00edcie branca mate e um acabamento de superf\u00edcie branca brilhante, dando-lhes uma sensa\u00e7\u00e3o suave e uma apar\u00eancia bonita, bem como algumas pe\u00e7as com uma cor refrescante. Os nossos vasos de bot\u00f5es por atacado s\u00e3o dur\u00e1veis e f\u00e1ceis de manter limpos.<\/li>\n\n\n\n<li><strong>Ambiente forte, melhorando a vitalidade do espa\u00e7o: <\/strong>Os nossos vasos de cer\u00e2mica mate por atacado s\u00e3o inerentemente decorativos. Quer sejam utilizados para arranjos florais, velas ou simplesmente como pe\u00e7as aut\u00f3nomas, criam uma atmosfera quente, natural e vibrante, tornando-os uma escolha ideal para a decora\u00e7\u00e3o de espa\u00e7os comerciais e de retalho.<\/li>\n<\/ul>\n<\/div>\n\n\n\n<div class=\"wp-block-column is-layout-flow wp-block-column-is-layout-flow\" style=\"flex-basis:40%\">\n<figure class=\"wp-block-image size-full\"><img decoding=\"async\" width=\"1200\" height=\"1200\" src=\"https:\/\/www.lovinghomecollection.com\/wp-content\/uploads\/2025\/12\/White-Wholesale-Bud-Vases-Small-Fruit-Shape-Vase-In-Bulk-5.webp\" alt=\"Vasos de bot\u00f5es brancos por atacado, vaso pequeno em forma de fruta a granel-5\" class=\"wp-image-6198\" srcset=\"https:\/\/www.lovinghomecollection.com\/wp-content\/uploads\/2025\/12\/White-Wholesale-Bud-Vases-Small-Fruit-Shape-Vase-In-Bulk-5.webp 1200w, https:\/\/www.lovinghomecollection.com\/wp-content\/uploads\/2025\/12\/White-Wholesale-Bud-Vases-Small-Fruit-Shape-Vase-In-Bulk-5-300x300.webp 300w, https:\/\/www.lovinghomecollection.com\/wp-content\/uploads\/2025\/12\/White-Wholesale-Bud-Vases-Small-Fruit-Shape-Vase-In-Bulk-5-150x150.webp 150w, https:\/\/www.lovinghomecollection.com\/wp-content\/uploads\/2025\/12\/White-Wholesale-Bud-Vases-Small-Fruit-Shape-Vase-In-Bulk-5-768x768.webp 768w, https:\/\/www.lovinghomecollection.com\/wp-content\/uploads\/2025\/12\/White-Wholesale-Bud-Vases-Small-Fruit-Shape-Vase-In-Bulk-5-12x12.webp 12w, https:\/\/www.lovinghomecollection.com\/wp-content\/uploads\/2025\/12\/White-Wholesale-Bud-Vases-Small-Fruit-Shape-Vase-In-Bulk-5-600x600.webp 600w, https:\/\/www.lovinghomecollection.com\/wp-content\/uploads\/2025\/12\/White-Wholesale-Bud-Vases-Small-Fruit-Shape-Vase-In-Bulk-5-100x100.webp 100w\" sizes=\"(max-width: 1200px) 100vw, 1200px\" \/><\/figure>\n<\/div>\n<\/div>\n\n\n\n<h2 class=\"wp-block-heading has-text-align-center\">Apresenta\u00e7\u00e3o de produtos de vasos de bot\u00f5es por atacado<\/h2>\n\n\n\n<figure class=\"wp-block-image size-full\"><img decoding=\"async\" width=\"1754\" height=\"1761\" src=\"https:\/\/www.lovinghomecollection.com\/wp-content\/uploads\/2025\/12\/White-Wholesale-Bud-Vases-Small-Fruit-Shape-Vase-In-Bulk-7.webp\" alt=\"Vasos de bot\u00f5es brancos por atacado, vaso pequeno em forma de fruta a granel-7\" class=\"wp-image-6200\" srcset=\"https:\/\/www.lovinghomecollection.com\/wp-content\/uploads\/2025\/12\/White-Wholesale-Bud-Vases-Small-Fruit-Shape-Vase-In-Bulk-7.webp 1754w, https:\/\/www.lovinghomecollection.com\/wp-content\/uploads\/2025\/12\/White-Wholesale-Bud-Vases-Small-Fruit-Shape-Vase-In-Bulk-7-300x300.webp 300w, https:\/\/www.lovinghomecollection.com\/wp-content\/uploads\/2025\/12\/White-Wholesale-Bud-Vases-Small-Fruit-Shape-Vase-In-Bulk-7-150x150.webp 150w, https:\/\/www.lovinghomecollection.com\/wp-content\/uploads\/2025\/12\/White-Wholesale-Bud-Vases-Small-Fruit-Shape-Vase-In-Bulk-7-768x771.webp 768w, https:\/\/www.lovinghomecollection.com\/wp-content\/uploads\/2025\/12\/White-Wholesale-Bud-Vases-Small-Fruit-Shape-Vase-In-Bulk-7-12x12.webp 12w, https:\/\/www.lovinghomecollection.com\/wp-content\/uploads\/2025\/12\/White-Wholesale-Bud-Vases-Small-Fruit-Shape-Vase-In-Bulk-7-1200x1205.webp 1200w, https:\/\/www.lovinghomecollection.com\/wp-content\/uploads\/2025\/12\/White-Wholesale-Bud-Vases-Small-Fruit-Shape-Vase-In-Bulk-7-600x602.webp 600w, https:\/\/www.lovinghomecollection.com\/wp-content\/uploads\/2025\/12\/White-Wholesale-Bud-Vases-Small-Fruit-Shape-Vase-In-Bulk-7-100x100.webp 100w\" sizes=\"(max-width: 1754px) 100vw, 1754px\" \/><\/figure>","protected":false},"excerpt":{"rendered":"<p>Bem-vindo ao comprar vasos de bot\u00f5es por atacado. A nossa cole\u00e7\u00e3o de vasos de cer\u00e2mica mate por atacado \u00e9 inspirada em frutos realistas, apresentando uma vasta gama de formas criativas, incluindo as de morangos, rom\u00e3s e bananas.<\/p>\n<table style=\"border-collapse: collapse; width: 338.02pt;\" border=\"0\" width=\"338\" cellspacing=\"0\" cellpadding=\"0\">\n<tbody>\n<tr style=\"height: 18.00pt;\">\n<td class=\"et3\" style=\"height: 18.00pt; width: 124.50pt;\" width=\"124\" height=\"18\">Fabricante<\/td>\n<td class=\"et3\" style=\"width: 214.40pt;\" width=\"214\">Casa amorosa<\/td>\n<\/tr>\n<tr style=\"height: 18.00pt;\">\n<td class=\"et3\" style=\"height: 18.00pt; width: 124.50pt;\" width=\"124\" height=\"18\">Tipo de produto<\/td>\n<td class=\"et4\" style=\"width: 214.40pt;\" width=\"214\">Vasos de cer\u00e2mica<\/td>\n<\/tr>\n<tr style=\"height: 18.00pt;\">\n<td class=\"et3\" style=\"height: 18.00pt; width: 124.50pt;\" width=\"124\" height=\"18\">Material<\/td>\n<td class=\"et3\" style=\"width: 214.40pt;\" width=\"214\">Porcelana dur\u00e1vel<\/td>\n<\/tr>\n<tr style=\"height: 18.00pt;\">\n<td class=\"et3\" style=\"height: 18.00pt; width: 124.50pt;\" width=\"124\" height=\"18\">Dimens\u00e3o<\/td>\n<td class=\"et3\" style=\"width: 214.40pt;\" width=\"214\">Conforme imagem de pormenor<\/td>\n<\/tr>\n<tr style=\"height: 18.00pt;\">\n<td class=\"et3\" style=\"height: 18.00pt; width: 124.50pt;\" width=\"124\" height=\"18\">Unidades de venda<\/td>\n<td class=\"et3\" style=\"width: 214.40pt;\" width=\"214\">Artigo \u00fanico<\/td>\n<\/tr>\n<tr style=\"height: 18.00pt;\">\n<td class=\"et3\" style=\"height: 18.00pt; width: 124.50pt;\" width=\"124\" height=\"18\">MOQ<\/td>\n<td class=\"et3\" style=\"width: 214.40pt;\" width=\"214\">1200 unidades por artigo<\/td>\n<\/tr>\n<tr style=\"height: 18.00pt;\">\n<td class=\"et3\" style=\"height: 18.00pt; width: 124.50pt;\" width=\"124\" height=\"18\">Op\u00e7\u00e3o personalizada<\/td>\n<td class=\"et3\" style=\"width: 214.40pt;\" width=\"214\">Cor\/tamanho\/verniz\/log\u00f3tipo\/embalagem<\/td>\n<\/tr>\n<\/tbody>\n<\/table>","protected":false},"featured_media":6194,"comment_status":"closed","ping_status":"closed","template":"","meta":{"_acf_changed":false},"product_brand":[],"product_cat":[21,50],"product_tag":[],"class_list":{"0":"post-6193","1":"product","2":"type-product","3":"status-publish","4":"has-post-thumbnail","6":"product_cat-ceramic-vases-bulk","7":"product_cat-wholesale-vases-and-pots","9":"first","10":"instock","11":"shipping-taxable","12":"product-type-simple"},"acf":[],"_links":{"self":[{"href":"https:\/\/www.lovinghomecollection.com\/pt\/wp-json\/wp\/v2\/product\/6193","targetHints":{"allow":["GET"]}}],"collection":[{"href":"https:\/\/www.lovinghomecollection.com\/pt\/wp-json\/wp\/v2\/product"}],"about":[{"href":"https:\/\/www.lovinghomecollection.com\/pt\/wp-json\/wp\/v2\/types\/product"}],"replies":[{"embeddable":true,"href":"https:\/\/www.lovinghomecollection.com\/pt\/wp-json\/wp\/v2\/comments?post=6193"}],"wp:featuredmedia":[{"embeddable":true,"href":"https:\/\/www.lovinghomecollection.com\/pt\/wp-json\/wp\/v2\/media\/6194"}],"wp:attachment":[{"href":"https:\/\/www.lovinghomecollection.com\/pt\/wp-json\/wp\/v2\/media?parent=6193"}],"wp:term":[{"taxonomy":"product_brand","embeddable":true,"href":"https:\/\/www.lovinghomecollection.com\/pt\/wp-json\/wp\/v2\/product_brand?post=6193"},{"taxonomy":"product_cat","embeddable":true,"href":"https:\/\/www.lovinghomecollection.com\/pt\/wp-json\/wp\/v2\/product_cat?post=6193"},{"taxonomy":"product_tag","embeddable":true,"href":"https:\/\/www.lovinghomecollection.com\/pt\/wp-json\/wp\/v2\/product_tag?post=6193"}],"curies":[{"name":"wp","href":"https:\/\/api.w.org\/{rel}","templated":true}]}}