{"id":6171,"date":"2025-12-30T06:24:28","date_gmt":"2025-12-30T06:24:28","guid":{"rendered":"https:\/\/www.lovinghomecollection.com\/?post_type=product&#038;p=6171"},"modified":"2026-02-05T09:40:12","modified_gmt":"2026-02-05T09:40:12","slug":"hotel-dinnerware-wholesale","status":"publish","type":"product","link":"https:\/\/www.lovinghomecollection.com\/pt\/produto\/hotel-dinnerware-wholesale\/","title":{"rendered":"Lou\u00e7a de jantar Reactive Glaze Deep Blue Hotel para fornecimento por grosso"},"content":{"rendered":"<div class=\"wp-block-columns is-layout-flex wp-container-core-columns-is-layout-9d6595d7 wp-block-columns-is-layout-flex\">\n<div class=\"wp-block-column is-layout-flow wp-block-column-is-layout-flow\" style=\"flex-basis:60%\">\n<h2 class=\"wp-block-heading\">Servi\u00e7o de jantar de hotel de alta qualidade por atacado Carater\u00edsticas:<\/h2>\n\n\n\n<ul class=\"wp-block-list\">\n<li><strong>Processo \u00fanico de esmalte reativo: <\/strong>Esta loi\u00e7a de hotel por atacado utiliza tecnologia de esmalte reativo para produzir combina\u00e7\u00f5es \u00fanicas de cores e texturas que criam uma obra de arte individual para cada pe\u00e7a produzida.<\/li>\n\n\n\n<li><strong>Conjunto completo para compras num s\u00f3 local: <\/strong>A nossa s\u00e9rie de lou\u00e7a de porcelana por grosso apresenta uma linha completa de pe\u00e7as de lou\u00e7a, desde pratos a bules e panelas, em tamanhos de 12 cm a 27 cm, o que permite adquirir facilmente toda a cole\u00e7\u00e3o de uma s\u00f3 vez.<\/li>\n\n\n\n<li><strong>O design requintado real\u00e7a o ambiente: <\/strong>A nossa loi\u00e7a de hotel por atacado \u00e9 inspirada em formas naturais, como ondas e p\u00e9talas, combinando a utiliza\u00e7\u00e3o de cores calmas, como o azul claro e o cinzento, criando uma atmosfera calorosa e convidativa \u00e0 mesa de jantar.<\/li>\n\n\n\n<li><strong>Material cer\u00e2mico de alta qualidade: <\/strong>A nossa loi\u00e7a de porcelana por atacado \u00e9 fabricada com mat\u00e9rias-primas cer\u00e2micas de alta qualidade e mais espessas, com uma superf\u00edcie dur\u00e1vel e acabamento artesanal, proporcionando durabilidade juntamente com um toque simples e elegante ao produto.<\/li>\n<\/ul>\n<\/div>\n\n\n\n<div class=\"wp-block-column is-layout-flow wp-block-column-is-layout-flow\">\n<figure class=\"wp-block-image size-full\"><img decoding=\"async\" width=\"1200\" height=\"1200\" src=\"https:\/\/www.lovinghomecollection.com\/wp-content\/uploads\/2025\/12\/Reactive-Glaze-Deep-Blue-Hotel-Dinnerware-Wholesale-Supply-7.webp\" alt=\"Reactive Glaze Deep Blue Hotel Dinnerware Fornecimento por grosso - 7\" class=\"wp-image-6178\" srcset=\"https:\/\/www.lovinghomecollection.com\/wp-content\/uploads\/2025\/12\/Reactive-Glaze-Deep-Blue-Hotel-Dinnerware-Wholesale-Supply-7.webp 1200w, https:\/\/www.lovinghomecollection.com\/wp-content\/uploads\/2025\/12\/Reactive-Glaze-Deep-Blue-Hotel-Dinnerware-Wholesale-Supply-7-300x300.webp 300w, https:\/\/www.lovinghomecollection.com\/wp-content\/uploads\/2025\/12\/Reactive-Glaze-Deep-Blue-Hotel-Dinnerware-Wholesale-Supply-7-150x150.webp 150w, https:\/\/www.lovinghomecollection.com\/wp-content\/uploads\/2025\/12\/Reactive-Glaze-Deep-Blue-Hotel-Dinnerware-Wholesale-Supply-7-768x768.webp 768w, https:\/\/www.lovinghomecollection.com\/wp-content\/uploads\/2025\/12\/Reactive-Glaze-Deep-Blue-Hotel-Dinnerware-Wholesale-Supply-7-12x12.webp 12w, https:\/\/www.lovinghomecollection.com\/wp-content\/uploads\/2025\/12\/Reactive-Glaze-Deep-Blue-Hotel-Dinnerware-Wholesale-Supply-7-600x600.webp 600w, https:\/\/www.lovinghomecollection.com\/wp-content\/uploads\/2025\/12\/Reactive-Glaze-Deep-Blue-Hotel-Dinnerware-Wholesale-Supply-7-100x100.webp 100w\" sizes=\"(max-width: 1200px) 100vw, 1200px\" \/><\/figure>\n<\/div>\n<\/div>\n\n\n\n<h2 class=\"wp-block-heading has-text-align-center\">Apresenta\u00e7\u00e3o de produtos de Lily-Pad Hotel Dinnerware Wholesale<\/h2>\n\n\n\n<div class=\"wp-block-columns is-layout-flex wp-container-core-columns-is-layout-9d6595d7 wp-block-columns-is-layout-flex\">\n<div class=\"wp-block-column is-layout-flow wp-block-column-is-layout-flow\">\n<figure class=\"wp-block-image size-full\"><img decoding=\"async\" width=\"1721\" height=\"1418\" src=\"https:\/\/www.lovinghomecollection.com\/wp-content\/uploads\/2025\/12\/Reactive-Glaze-Deep-Blue-Hotel-Dinnerware-Wholesale-Supply-9.webp\" alt=\"Reactive Glaze Deep Blue Hotel Dinnerware Fornecimento por grosso - 9\" class=\"wp-image-6180\" srcset=\"https:\/\/www.lovinghomecollection.com\/wp-content\/uploads\/2025\/12\/Reactive-Glaze-Deep-Blue-Hotel-Dinnerware-Wholesale-Supply-9.webp 1721w, https:\/\/www.lovinghomecollection.com\/wp-content\/uploads\/2025\/12\/Reactive-Glaze-Deep-Blue-Hotel-Dinnerware-Wholesale-Supply-9-300x247.webp 300w, https:\/\/www.lovinghomecollection.com\/wp-content\/uploads\/2025\/12\/Reactive-Glaze-Deep-Blue-Hotel-Dinnerware-Wholesale-Supply-9-768x633.webp 768w, https:\/\/www.lovinghomecollection.com\/wp-content\/uploads\/2025\/12\/Reactive-Glaze-Deep-Blue-Hotel-Dinnerware-Wholesale-Supply-9-15x12.webp 15w, https:\/\/www.lovinghomecollection.com\/wp-content\/uploads\/2025\/12\/Reactive-Glaze-Deep-Blue-Hotel-Dinnerware-Wholesale-Supply-9-1200x989.webp 1200w, https:\/\/www.lovinghomecollection.com\/wp-content\/uploads\/2025\/12\/Reactive-Glaze-Deep-Blue-Hotel-Dinnerware-Wholesale-Supply-9-600x494.webp 600w\" sizes=\"(max-width: 1721px) 100vw, 1721px\" \/><\/figure>\n<\/div>\n\n\n\n<div class=\"wp-block-column is-layout-flow wp-block-column-is-layout-flow\">\n<figure class=\"wp-block-image size-full\"><img decoding=\"async\" width=\"1683\" height=\"1191\" src=\"https:\/\/www.lovinghomecollection.com\/wp-content\/uploads\/2025\/12\/Reactive-Glaze-Deep-Blue-Hotel-Dinnerware-Wholesale-Supply-10.webp\" alt=\"Reactive Glaze Deep Blue Hotel Dinnerware Fornecimento por grosso - 10\" class=\"wp-image-6181\" srcset=\"https:\/\/www.lovinghomecollection.com\/wp-content\/uploads\/2025\/12\/Reactive-Glaze-Deep-Blue-Hotel-Dinnerware-Wholesale-Supply-10.webp 1683w, https:\/\/www.lovinghomecollection.com\/wp-content\/uploads\/2025\/12\/Reactive-Glaze-Deep-Blue-Hotel-Dinnerware-Wholesale-Supply-10-300x212.webp 300w, https:\/\/www.lovinghomecollection.com\/wp-content\/uploads\/2025\/12\/Reactive-Glaze-Deep-Blue-Hotel-Dinnerware-Wholesale-Supply-10-768x543.webp 768w, https:\/\/www.lovinghomecollection.com\/wp-content\/uploads\/2025\/12\/Reactive-Glaze-Deep-Blue-Hotel-Dinnerware-Wholesale-Supply-10-18x12.webp 18w, https:\/\/www.lovinghomecollection.com\/wp-content\/uploads\/2025\/12\/Reactive-Glaze-Deep-Blue-Hotel-Dinnerware-Wholesale-Supply-10-1200x849.webp 1200w, https:\/\/www.lovinghomecollection.com\/wp-content\/uploads\/2025\/12\/Reactive-Glaze-Deep-Blue-Hotel-Dinnerware-Wholesale-Supply-10-600x425.webp 600w\" sizes=\"(max-width: 1683px) 100vw, 1683px\" \/><\/figure>\n<\/div>\n<\/div>\n\n\n\n<p><\/p>","protected":false},"excerpt":{"rendered":"<p>Bem-vindo \u00e0 compra por grosso de lou\u00e7as para hot\u00e9is. Este conjunto de lou\u00e7as de porcelana por grosso apresenta um processo \u00fanico de esmalte reativo em tons de azul profundo e cinza, exibindo uma textura manchada distinta e um toque delicado. A linha de produtos \u00e9 abrangente e atende \u00e0s necessidades de v\u00e1rios cen\u00e1rios de refei\u00e7\u00f5es.<\/p>\n<table style=\"border-collapse: collapse; width: 338.02pt;\" border=\"0\" width=\"338\" cellspacing=\"0\" cellpadding=\"0\">\n<tbody>\n<tr style=\"height: 18.00pt;\">\n<td class=\"et3\" style=\"height: 18.00pt; width: 124.50pt;\" width=\"124\" height=\"18\">Fabricante<\/td>\n<td class=\"et3\" style=\"width: 214.40pt;\" width=\"214\">Casa amorosa<\/td>\n<\/tr>\n<tr style=\"height: 18.00pt;\">\n<td class=\"et3\" style=\"height: 18.00pt; width: 124.50pt;\" width=\"124\" height=\"18\">Nome da cole\u00e7\u00e3o<\/td>\n<td class=\"et4\" style=\"width: 214.40pt;\" width=\"214\">Cole\u00e7\u00e3o Lily-Pad<\/td>\n<\/tr>\n<tr style=\"height: 18.00pt;\">\n<td class=\"et3\" style=\"height: 18.00pt; width: 124.50pt;\" width=\"124\" height=\"18\">Utiliza\u00e7\u00e3o<\/td>\n<td class=\"et3\" style=\"width: 214.40pt;\" width=\"214\">Casa, restaurante, hotel<\/td>\n<\/tr>\n<tr style=\"height: 36.00pt;\">\n<td class=\"et3\" style=\"height: 36.00pt; width: 124.50pt;\" width=\"124\" height=\"36\">Tipo de lou\u00e7a<\/td>\n<td class=\"et3\" style=\"width: 214.40pt;\" width=\"214\">Prato, tigela, bule, ch\u00e1vena e pires, caneca, suporte para bolos, a\u00e7ucareiro, manteigueira<\/td>\n<\/tr>\n<tr style=\"height: 18.00pt;\">\n<td class=\"et3\" style=\"height: 18.00pt; width: 124.50pt;\" width=\"124\" height=\"18\">Material<\/td>\n<td class=\"et3\" style=\"width: 214.40pt;\" width=\"214\">Porcelana dur\u00e1vel<\/td>\n<\/tr>\n<tr style=\"height: 18.00pt;\">\n<td class=\"et3\" style=\"height: 18.00pt; width: 124.50pt;\" width=\"124\" height=\"18\">Dimens\u00e3o<\/td>\n<td class=\"et3\" style=\"width: 214.40pt;\" width=\"214\">Conforme imagem de pormenor<\/td>\n<\/tr>\n<tr style=\"height: 18.00pt;\">\n<td class=\"et3\" style=\"height: 18.00pt; width: 124.50pt;\" width=\"124\" height=\"18\">Unidades de venda<\/td>\n<td class=\"et3\" style=\"width: 214.40pt;\" width=\"214\">Artigo \u00fanico<\/td>\n<\/tr>\n<tr style=\"height: 18.00pt;\">\n<td class=\"et3\" style=\"height: 18.00pt; width: 124.50pt;\" width=\"124\" height=\"18\">MOQ<\/td>\n<td class=\"et3\" style=\"width: 214.40pt;\" width=\"214\">1200 unidades por artigo<\/td>\n<\/tr>\n<tr style=\"height: 18.00pt;\">\n<td class=\"et3\" style=\"height: 18.00pt; width: 124.50pt;\" width=\"124\" height=\"18\">Op\u00e7\u00e3o personalizada<\/td>\n<td class=\"et3\" style=\"width: 214.40pt;\" width=\"214\">Cor\/tamanho\/verniz\/log\u00f3tipo\/embalagem<\/td>\n<\/tr>\n<\/tbody>\n<\/table>","protected":false},"featured_media":6172,"comment_status":"closed","ping_status":"closed","template":"","meta":{"_acf_changed":false},"product_brand":[],"product_cat":[19],"product_tag":[37,36,25,39,27,26],"class_list":{"0":"post-6171","1":"product","2":"type-product","3":"status-publish","4":"has-post-thumbnail","6":"product_cat-dinnerware-wholesale","7":"product_tag-bulk-cake-stands","8":"product_tag-wholesale-kettles","9":"product_tag-wholesale-plates-and-bowls","10":"product_tag-sugar-jars-wholesale","11":"product_tag-wholesale-tea-cups-and-saucers","12":"product_tag-wholesale-teapots","14":"first","15":"instock","16":"shipping-taxable","17":"product-type-simple"},"acf":[],"_links":{"self":[{"href":"https:\/\/www.lovinghomecollection.com\/pt\/wp-json\/wp\/v2\/product\/6171","targetHints":{"allow":["GET"]}}],"collection":[{"href":"https:\/\/www.lovinghomecollection.com\/pt\/wp-json\/wp\/v2\/product"}],"about":[{"href":"https:\/\/www.lovinghomecollection.com\/pt\/wp-json\/wp\/v2\/types\/product"}],"replies":[{"embeddable":true,"href":"https:\/\/www.lovinghomecollection.com\/pt\/wp-json\/wp\/v2\/comments?post=6171"}],"wp:featuredmedia":[{"embeddable":true,"href":"https:\/\/www.lovinghomecollection.com\/pt\/wp-json\/wp\/v2\/media\/6172"}],"wp:attachment":[{"href":"https:\/\/www.lovinghomecollection.com\/pt\/wp-json\/wp\/v2\/media?parent=6171"}],"wp:term":[{"taxonomy":"product_brand","embeddable":true,"href":"https:\/\/www.lovinghomecollection.com\/pt\/wp-json\/wp\/v2\/product_brand?post=6171"},{"taxonomy":"product_cat","embeddable":true,"href":"https:\/\/www.lovinghomecollection.com\/pt\/wp-json\/wp\/v2\/product_cat?post=6171"},{"taxonomy":"product_tag","embeddable":true,"href":"https:\/\/www.lovinghomecollection.com\/pt\/wp-json\/wp\/v2\/product_tag?post=6171"}],"curies":[{"name":"wp","href":"https:\/\/api.w.org\/{rel}","templated":true}]}}