{"id":6157,"date":"2025-12-20T03:54:35","date_gmt":"2025-12-20T03:54:35","guid":{"rendered":"https:\/\/www.lovinghomecollection.com\/?post_type=product&#038;p=6157"},"modified":"2025-12-29T07:51:19","modified_gmt":"2025-12-29T07:51:19","slug":"wholesale-floral-vases-containers","status":"publish","type":"product","link":"https:\/\/www.lovinghomecollection.com\/pt\/produto\/wholesale-floral-vases-containers\/","title":{"rendered":"Vasos florais por atacado com acabamento em esmalte reativo"},"content":{"rendered":"<div class=\"wp-block-columns is-layout-flex wp-container-core-columns-is-layout-9d6595d7 wp-block-columns-is-layout-flex\">\n<div class=\"wp-block-column is-layout-flow wp-block-column-is-layout-flow\" style=\"flex-basis:60%\">\n<h2 class=\"wp-block-heading\">Recipientes para vasos florais por atacado Premium Carater\u00edsticas:<\/h2>\n\n\n\n<ul class=\"wp-block-list\">\n<li><strong>Artesanato exclusivo com vidros de forno: <\/strong>Os nossos recipientes de vasos florais por atacado s\u00e3o todos vidrados \u00e0 m\u00e3o e cozidos a altas temperaturas, resultando em texturas que se assemelham a paisagens fluidas e cores ricas e em camadas.<\/li>\n\n\n\n<li><strong>Design Est\u00e9tico Oriental: <\/strong>Baseados nos desenhos de porcelana da dinastia Song, os nossos vasos decorativos a granel num estilo est\u00e9tico oriental t\u00eam uma forma de corpo arredondado que se assemelha a um tambor com tr\u00eas pernas para o suportar.<\/li>\n\n\n\n<li><strong>V\u00e1rios tamanhos para v\u00e1rias configura\u00e7\u00f5es: <\/strong>Os nossos recipientes para vasos florais por atacado est\u00e3o dispon\u00edveis em v\u00e1rios tamanhos, desde 15 cm a 23,5 cm, satisfazendo assim v\u00e1rios requisitos.<\/li>\n\n\n\n<li><strong>Pr\u00e1tico e decorativo: <\/strong>Fabricados em material cer\u00e2mico espesso e macio, estes vasos decorativos a granel podem ser utilizados como vasos para flores ou como pe\u00e7as de arte aut\u00f3nomas; a base de tr\u00eas pernas garante estabilidade.<\/li>\n\n\n\n<li><strong>Op\u00e7\u00f5es flex\u00edveis de venda por grosso e personaliza\u00e7\u00e3o:<\/strong> Os nossos recipientes para vasos florais por atacado suportam v\u00e1rias combina\u00e7\u00f5es de cores e tamanhos, e podemos fornecer personaliza\u00e7\u00e3o exclusiva do esmalte de acordo com as necessidades do cliente, adequado para projectos de compra a granel em hot\u00e9is, pens\u00f5es, showrooms, etc.<\/li>\n<\/ul>\n<\/div>\n\n\n\n<div class=\"wp-block-column is-layout-flow wp-block-column-is-layout-flow\" style=\"flex-basis:40%\">\n<figure class=\"wp-block-image size-full\"><img decoding=\"async\" width=\"1200\" height=\"1200\" src=\"https:\/\/www.lovinghomecollection.com\/wp-content\/uploads\/2025\/12\/Wholesale-Floral-Vases-Containers-With-Reactive-Glaze-Finish-3.webp\" alt=\"Recipientes para vasos florais por atacado com acabamento em esmalte reativo-3\" class=\"wp-image-6160\" srcset=\"https:\/\/www.lovinghomecollection.com\/wp-content\/uploads\/2025\/12\/Wholesale-Floral-Vases-Containers-With-Reactive-Glaze-Finish-3.webp 1200w, https:\/\/www.lovinghomecollection.com\/wp-content\/uploads\/2025\/12\/Wholesale-Floral-Vases-Containers-With-Reactive-Glaze-Finish-3-300x300.webp 300w, https:\/\/www.lovinghomecollection.com\/wp-content\/uploads\/2025\/12\/Wholesale-Floral-Vases-Containers-With-Reactive-Glaze-Finish-3-150x150.webp 150w, https:\/\/www.lovinghomecollection.com\/wp-content\/uploads\/2025\/12\/Wholesale-Floral-Vases-Containers-With-Reactive-Glaze-Finish-3-768x768.webp 768w, https:\/\/www.lovinghomecollection.com\/wp-content\/uploads\/2025\/12\/Wholesale-Floral-Vases-Containers-With-Reactive-Glaze-Finish-3-12x12.webp 12w, https:\/\/www.lovinghomecollection.com\/wp-content\/uploads\/2025\/12\/Wholesale-Floral-Vases-Containers-With-Reactive-Glaze-Finish-3-600x600.webp 600w, https:\/\/www.lovinghomecollection.com\/wp-content\/uploads\/2025\/12\/Wholesale-Floral-Vases-Containers-With-Reactive-Glaze-Finish-3-100x100.webp 100w\" sizes=\"(max-width: 1200px) 100vw, 1200px\" \/><\/figure>\n<\/div>\n<\/div>\n\n\n\n<h2 class=\"wp-block-heading has-text-align-center\">Apresenta\u00e7\u00e3o de produtos de recipientes para vasos florais por atacado<\/h2>\n\n\n\n<figure class=\"wp-block-image size-full\"><img decoding=\"async\" width=\"1699\" height=\"873\" src=\"https:\/\/www.lovinghomecollection.com\/wp-content\/uploads\/2025\/12\/Wholesale-Floral-Vases-Containers-With-Reactive-Glaze-Finish-4.webp\" alt=\"Recipientes para vasos florais por atacado com acabamento em esmalte reativo-4\" class=\"wp-image-6161\" srcset=\"https:\/\/www.lovinghomecollection.com\/wp-content\/uploads\/2025\/12\/Wholesale-Floral-Vases-Containers-With-Reactive-Glaze-Finish-4.webp 1699w, https:\/\/www.lovinghomecollection.com\/wp-content\/uploads\/2025\/12\/Wholesale-Floral-Vases-Containers-With-Reactive-Glaze-Finish-4-300x154.webp 300w, https:\/\/www.lovinghomecollection.com\/wp-content\/uploads\/2025\/12\/Wholesale-Floral-Vases-Containers-With-Reactive-Glaze-Finish-4-768x395.webp 768w, https:\/\/www.lovinghomecollection.com\/wp-content\/uploads\/2025\/12\/Wholesale-Floral-Vases-Containers-With-Reactive-Glaze-Finish-4-18x9.webp 18w, https:\/\/www.lovinghomecollection.com\/wp-content\/uploads\/2025\/12\/Wholesale-Floral-Vases-Containers-With-Reactive-Glaze-Finish-4-1200x617.webp 1200w, https:\/\/www.lovinghomecollection.com\/wp-content\/uploads\/2025\/12\/Wholesale-Floral-Vases-Containers-With-Reactive-Glaze-Finish-4-600x308.webp 600w\" sizes=\"(max-width: 1699px) 100vw, 1699px\" \/><\/figure>","protected":false},"excerpt":{"rendered":"<p>Bem-vindo \u00e0 compra de recipientes para vasos florais por grosso. Os nossos vasos decorativos a granel t\u00eam uma forma tradicional de tambor com tr\u00eas pernas, com texturas puramente naturais e exemplificam o design zen e minimalista.<\/p>\n<table style=\"border-collapse: collapse; width: 338.02pt;\" border=\"0\" width=\"338\" cellspacing=\"0\" cellpadding=\"0\">\n<tbody>\n<tr style=\"height: 18.00pt;\">\n<td class=\"et3\" style=\"height: 18.00pt; width: 124.50pt;\" width=\"124\" height=\"18\">Fabricante<\/td>\n<td class=\"et3\" style=\"width: 214.40pt;\" width=\"214\">Casa amorosa<\/td>\n<\/tr>\n<tr style=\"height: 18.00pt;\">\n<td class=\"et3\" style=\"height: 18.00pt; width: 124.50pt;\" width=\"124\" height=\"18\">Tipo de produto<\/td>\n<td class=\"et4\" style=\"width: 214.40pt;\" width=\"214\">Vasos de cer\u00e2mica<\/td>\n<\/tr>\n<tr style=\"height: 18.00pt;\">\n<td class=\"et3\" style=\"height: 18.00pt; width: 124.50pt;\" width=\"124\" height=\"18\">Material<\/td>\n<td class=\"et3\" style=\"width: 214.40pt;\" width=\"214\">Porcelana dur\u00e1vel<\/td>\n<\/tr>\n<tr style=\"height: 18.00pt;\">\n<td class=\"et3\" style=\"height: 18.00pt; width: 124.50pt;\" width=\"124\" height=\"18\">Dimens\u00e3o<\/td>\n<td class=\"et3\" style=\"width: 214.40pt;\" width=\"214\">Conforme imagem de pormenor<\/td>\n<\/tr>\n<tr style=\"height: 18.00pt;\">\n<td class=\"et3\" style=\"height: 18.00pt; width: 124.50pt;\" width=\"124\" height=\"18\">Unidades de venda<\/td>\n<td class=\"et3\" style=\"width: 214.40pt;\" width=\"214\">Artigo \u00fanico<\/td>\n<\/tr>\n<tr style=\"height: 18.00pt;\">\n<td class=\"et3\" style=\"height: 18.00pt; width: 124.50pt;\" width=\"124\" height=\"18\">MOQ<\/td>\n<td class=\"et3\" style=\"width: 214.40pt;\" width=\"214\">1200 unidades por artigo<\/td>\n<\/tr>\n<tr style=\"height: 18.00pt;\">\n<td class=\"et3\" style=\"height: 18.00pt; width: 124.50pt;\" width=\"124\" height=\"18\">Op\u00e7\u00e3o personalizada<\/td>\n<td class=\"et3\" style=\"width: 214.40pt;\" width=\"214\">Cor\/tamanho\/verniz\/log\u00f3tipo\/embalagem<\/td>\n<\/tr>\n<\/tbody>\n<\/table>","protected":false},"featured_media":6158,"comment_status":"closed","ping_status":"closed","template":"","meta":{"_acf_changed":false},"product_brand":[],"product_cat":[21,50],"product_tag":[],"class_list":{"0":"post-6157","1":"product","2":"type-product","3":"status-publish","4":"has-post-thumbnail","6":"product_cat-ceramic-vases-bulk","7":"product_cat-wholesale-vases-and-pots","9":"first","10":"instock","11":"shipping-taxable","12":"product-type-simple"},"acf":[],"_links":{"self":[{"href":"https:\/\/www.lovinghomecollection.com\/pt\/wp-json\/wp\/v2\/product\/6157","targetHints":{"allow":["GET"]}}],"collection":[{"href":"https:\/\/www.lovinghomecollection.com\/pt\/wp-json\/wp\/v2\/product"}],"about":[{"href":"https:\/\/www.lovinghomecollection.com\/pt\/wp-json\/wp\/v2\/types\/product"}],"replies":[{"embeddable":true,"href":"https:\/\/www.lovinghomecollection.com\/pt\/wp-json\/wp\/v2\/comments?post=6157"}],"wp:featuredmedia":[{"embeddable":true,"href":"https:\/\/www.lovinghomecollection.com\/pt\/wp-json\/wp\/v2\/media\/6158"}],"wp:attachment":[{"href":"https:\/\/www.lovinghomecollection.com\/pt\/wp-json\/wp\/v2\/media?parent=6157"}],"wp:term":[{"taxonomy":"product_brand","embeddable":true,"href":"https:\/\/www.lovinghomecollection.com\/pt\/wp-json\/wp\/v2\/product_brand?post=6157"},{"taxonomy":"product_cat","embeddable":true,"href":"https:\/\/www.lovinghomecollection.com\/pt\/wp-json\/wp\/v2\/product_cat?post=6157"},{"taxonomy":"product_tag","embeddable":true,"href":"https:\/\/www.lovinghomecollection.com\/pt\/wp-json\/wp\/v2\/product_tag?post=6157"}],"curies":[{"name":"wp","href":"https:\/\/api.w.org\/{rel}","templated":true}]}}