{"id":6134,"date":"2025-12-19T09:17:22","date_gmt":"2025-12-19T09:17:22","guid":{"rendered":"https:\/\/www.lovinghomecollection.com\/?post_type=product&#038;p=6134"},"modified":"2026-01-14T02:14:05","modified_gmt":"2026-01-14T02:14:05","slug":"wholesale-dinnerware-for-restaurants","status":"publish","type":"product","link":"https:\/\/www.lovinghomecollection.com\/pt\/produto\/wholesale-dinnerware-for-restaurants\/","title":{"rendered":"Lou\u00e7as para restaurantes por grosso, conjunto de lou\u00e7as Art D\u00e9co"},"content":{"rendered":"<div class=\"wp-block-columns is-layout-flex wp-container-core-columns-is-layout-9d6595d7 wp-block-columns-is-layout-flex\">\n<div class=\"wp-block-column is-layout-flow wp-block-column-is-layout-flow\" style=\"flex-basis:60%\">\n<h2 class=\"wp-block-heading\">Servi\u00e7o de jantar Premium por atacado para restaurantes Carater\u00edsticas:<\/h2>\n\n\n\n<ul class=\"wp-block-list\">\n<li><strong>Mostrar um gosto \u00fanico:<\/strong> O nosso servi\u00e7o de jantar por atacado para restaurantes apresenta padr\u00f5es requintados que representam animais, plantas e motivos cl\u00e1ssicos. Os desenhos s\u00e3o tanto delicados como v\u00edvidos e acabados com rebordos em ouro de 24K, real\u00e7ando a extraordin\u00e1ria qualidade art\u00edstica.<\/li>\n\n\n\n<li><strong>Material cer\u00e2mico de alta qualidade:<\/strong> Os nossos conjuntos de loi\u00e7a de porcelana a granel s\u00e3o feitos de cer\u00e2mica refor\u00e7ada de alta qualidade. A porcelana mant\u00e9m o seu branco brilhante com um esmalte suave e f\u00e1cil de limpar. Pode ser lavada na m\u00e1quina de lavar lou\u00e7a e no micro-ondas, \u00e9 duradoura e foi concebida para suportar uma utiliza\u00e7\u00e3o intensiva em hot\u00e9is, restaurantes de luxo e outros locais comerciais.<\/li>\n\n\n\n<li><strong>Aquisi\u00e7\u00e3o One-Stop:<\/strong> O nosso servi\u00e7o grossista de lou\u00e7a para restaurantes oferece uma gama completa - desde pratos de jantar e conjuntos de ch\u00e1 at\u00e9 jarras de armazenamento e travessas de servir. Os estilos mant\u00eam-se coesos, a funcionalidade \u00e9 completa para permitir que os clientes misturem e combinem de acordo com as necessidades reais e reduzam drasticamente os custos de aquisi\u00e7\u00e3o em muitos fornecedores.<\/li>\n\n\n\n<li><strong>Melhorar a est\u00e9tica do espa\u00e7o:<\/strong> O estilo de design vintage e luxuoso destes conjuntos de loi\u00e7a de porcelana a granel pode facilmente integrar-se em v\u00e1rias casas, pens\u00f5es, restaurantes de luxo e caf\u00e9s especializados, melhorando efetivamente a experi\u00eancia de jantar e a beleza espacial geral, e refor\u00e7ando a experi\u00eancia do cliente e o valor da marca.<\/li>\n<\/ul>\n<\/div>\n\n\n\n<div class=\"wp-block-column is-layout-flow wp-block-column-is-layout-flow\">\n<figure class=\"wp-block-image size-full\"><img decoding=\"async\" width=\"800\" height=\"800\" src=\"https:\/\/www.lovinghomecollection.com\/wp-content\/uploads\/2025\/12\/Wholesale-Dinnerware-For-Restaurants-Art-Deco-Crockery-Set-3.webp\" alt=\"Servi\u00e7o de jantar por atacado para restaurantes, conjunto de lou\u00e7a Art Deco - 3\" class=\"wp-image-6137\" srcset=\"https:\/\/www.lovinghomecollection.com\/wp-content\/uploads\/2025\/12\/Wholesale-Dinnerware-For-Restaurants-Art-Deco-Crockery-Set-3.webp 800w, https:\/\/www.lovinghomecollection.com\/wp-content\/uploads\/2025\/12\/Wholesale-Dinnerware-For-Restaurants-Art-Deco-Crockery-Set-3-300x300.webp 300w, https:\/\/www.lovinghomecollection.com\/wp-content\/uploads\/2025\/12\/Wholesale-Dinnerware-For-Restaurants-Art-Deco-Crockery-Set-3-150x150.webp 150w, https:\/\/www.lovinghomecollection.com\/wp-content\/uploads\/2025\/12\/Wholesale-Dinnerware-For-Restaurants-Art-Deco-Crockery-Set-3-768x768.webp 768w, https:\/\/www.lovinghomecollection.com\/wp-content\/uploads\/2025\/12\/Wholesale-Dinnerware-For-Restaurants-Art-Deco-Crockery-Set-3-12x12.webp 12w, https:\/\/www.lovinghomecollection.com\/wp-content\/uploads\/2025\/12\/Wholesale-Dinnerware-For-Restaurants-Art-Deco-Crockery-Set-3-600x600.webp 600w, https:\/\/www.lovinghomecollection.com\/wp-content\/uploads\/2025\/12\/Wholesale-Dinnerware-For-Restaurants-Art-Deco-Crockery-Set-3-100x100.webp 100w\" sizes=\"(max-width: 800px) 100vw, 800px\" \/><\/figure>\n<\/div>\n<\/div>\n\n\n\n<h2 class=\"wp-block-heading has-text-align-center\">Apresenta\u00e7\u00e3o de produtos de Stellar Harmony Wholesale Dinnerware For Restaurants<\/h2>\n\n\n\n<div class=\"wp-block-columns is-layout-flex wp-container-core-columns-is-layout-9d6595d7 wp-block-columns-is-layout-flex\">\n<div class=\"wp-block-column is-layout-flow wp-block-column-is-layout-flow\">\n<figure class=\"wp-block-image size-full\"><img decoding=\"async\" width=\"1721\" height=\"1173\" src=\"https:\/\/www.lovinghomecollection.com\/wp-content\/uploads\/2025\/12\/Wholesale-Dinnerware-For-Restaurants-Art-Deco-Crockery-Set-13.webp\" alt=\"Servi\u00e7o de jantar por atacado para restaurantes, conjunto de lou\u00e7a Art Deco-13\" class=\"wp-image-6147\" srcset=\"https:\/\/www.lovinghomecollection.com\/wp-content\/uploads\/2025\/12\/Wholesale-Dinnerware-For-Restaurants-Art-Deco-Crockery-Set-13.webp 1721w, https:\/\/www.lovinghomecollection.com\/wp-content\/uploads\/2025\/12\/Wholesale-Dinnerware-For-Restaurants-Art-Deco-Crockery-Set-13-300x204.webp 300w, https:\/\/www.lovinghomecollection.com\/wp-content\/uploads\/2025\/12\/Wholesale-Dinnerware-For-Restaurants-Art-Deco-Crockery-Set-13-768x523.webp 768w, https:\/\/www.lovinghomecollection.com\/wp-content\/uploads\/2025\/12\/Wholesale-Dinnerware-For-Restaurants-Art-Deco-Crockery-Set-13-18x12.webp 18w, https:\/\/www.lovinghomecollection.com\/wp-content\/uploads\/2025\/12\/Wholesale-Dinnerware-For-Restaurants-Art-Deco-Crockery-Set-13-1200x818.webp 1200w, https:\/\/www.lovinghomecollection.com\/wp-content\/uploads\/2025\/12\/Wholesale-Dinnerware-For-Restaurants-Art-Deco-Crockery-Set-13-600x409.webp 600w\" sizes=\"(max-width: 1721px) 100vw, 1721px\" \/><\/figure>\n<\/div>\n\n\n\n<div class=\"wp-block-column is-layout-flow wp-block-column-is-layout-flow\">\n<figure class=\"wp-block-image size-full\"><img decoding=\"async\" width=\"1717\" height=\"1352\" src=\"https:\/\/www.lovinghomecollection.com\/wp-content\/uploads\/2025\/12\/Wholesale-Dinnerware-For-Restaurants-Art-Deco-Crockery-Set-14.webp\" alt=\"Servi\u00e7o de jantar por atacado para restaurantes, conjunto de lou\u00e7a Art Deco-14\" class=\"wp-image-6148\" srcset=\"https:\/\/www.lovinghomecollection.com\/wp-content\/uploads\/2025\/12\/Wholesale-Dinnerware-For-Restaurants-Art-Deco-Crockery-Set-14.webp 1717w, https:\/\/www.lovinghomecollection.com\/wp-content\/uploads\/2025\/12\/Wholesale-Dinnerware-For-Restaurants-Art-Deco-Crockery-Set-14-300x236.webp 300w, https:\/\/www.lovinghomecollection.com\/wp-content\/uploads\/2025\/12\/Wholesale-Dinnerware-For-Restaurants-Art-Deco-Crockery-Set-14-768x605.webp 768w, https:\/\/www.lovinghomecollection.com\/wp-content\/uploads\/2025\/12\/Wholesale-Dinnerware-For-Restaurants-Art-Deco-Crockery-Set-14-15x12.webp 15w, https:\/\/www.lovinghomecollection.com\/wp-content\/uploads\/2025\/12\/Wholesale-Dinnerware-For-Restaurants-Art-Deco-Crockery-Set-14-1200x945.webp 1200w, https:\/\/www.lovinghomecollection.com\/wp-content\/uploads\/2025\/12\/Wholesale-Dinnerware-For-Restaurants-Art-Deco-Crockery-Set-14-600x472.webp 600w\" sizes=\"(max-width: 1717px) 100vw, 1717px\" \/><\/figure>\n<\/div>\n<\/div>\n\n\n\n<p><\/p>","protected":false},"excerpt":{"rendered":"<p>Bem-vindo \u00e0 compra de lou\u00e7a de jantar por atacado para restaurantes. Os nossos conjuntos de loi\u00e7a de porcelana s\u00e3o fabricados em cer\u00e2mica de alta qualidade, incorporando motivos cl\u00e1ssicos de animais e plantas com rebordo dourado, apresentando um estilo art\u00edstico vintage e luxuoso.<\/p>\n<table style=\"border-collapse: collapse; width: 338.02pt;\" border=\"0\" width=\"338\" cellspacing=\"0\" cellpadding=\"0\">\n<tbody>\n<tr style=\"height: 18.00pt;\">\n<td class=\"et3\" style=\"height: 18.00pt; width: 124.50pt;\" width=\"124\" height=\"18\">Fabricante<\/td>\n<td class=\"et3\" style=\"width: 214.40pt;\" width=\"214\">Casa amorosa<\/td>\n<\/tr>\n<tr style=\"height: 18.00pt;\">\n<td class=\"et3\" style=\"height: 18.00pt; width: 124.50pt;\" width=\"124\" height=\"18\">Nome da cole\u00e7\u00e3o<\/td>\n<td class=\"et4\" style=\"width: 214.40pt;\" width=\"214\">Cole\u00e7\u00e3o Stellar Harmony<\/td>\n<\/tr>\n<tr style=\"height: 18.00pt;\">\n<td class=\"et3\" style=\"height: 18.00pt; width: 124.50pt;\" width=\"124\" height=\"18\">Utiliza\u00e7\u00e3o<\/td>\n<td class=\"et3\" style=\"width: 214.40pt;\" width=\"214\">Casa, restaurante, hotel<\/td>\n<\/tr>\n<tr style=\"height: 36.00pt;\">\n<td class=\"et3\" style=\"height: 36.00pt; width: 124.50pt;\" width=\"124\" height=\"36\">Tipo de lou\u00e7a<\/td>\n<td class=\"et3\" style=\"width: 214.40pt;\" width=\"214\">Prato, tigela, bule, ch\u00e1vena e pires, caneca, conjunto de tapas, suporte para bolos, a\u00e7ucareiro, manteigueira, garrafa de \u00f3leo<\/td>\n<\/tr>\n<tr style=\"height: 18.00pt;\">\n<td class=\"et3\" style=\"height: 18.00pt; width: 124.50pt;\" width=\"124\" height=\"18\">Material<\/td>\n<td class=\"et3\" style=\"width: 214.40pt;\" width=\"214\">Porcelana dur\u00e1vel<\/td>\n<\/tr>\n<tr style=\"height: 18.00pt;\">\n<td class=\"et3\" style=\"height: 18.00pt; width: 124.50pt;\" width=\"124\" height=\"18\">Dimens\u00e3o<\/td>\n<td class=\"et3\" style=\"width: 214.40pt;\" width=\"214\">Conforme imagem de pormenor<\/td>\n<\/tr>\n<tr style=\"height: 18.00pt;\">\n<td class=\"et3\" style=\"height: 18.00pt; width: 124.50pt;\" width=\"124\" height=\"18\">Unidades de venda<\/td>\n<td class=\"et3\" style=\"width: 214.40pt;\" width=\"214\">Artigo \u00fanico<\/td>\n<\/tr>\n<tr style=\"height: 18.00pt;\">\n<td class=\"et3\" style=\"height: 18.00pt; width: 124.50pt;\" width=\"124\" height=\"18\">MOQ<\/td>\n<td class=\"et3\" style=\"width: 214.40pt;\" width=\"214\">1200 unidades por artigo<\/td>\n<\/tr>\n<tr style=\"height: 18.00pt;\">\n<td class=\"et3\" style=\"height: 18.00pt; width: 124.50pt;\" width=\"124\" height=\"18\">Op\u00e7\u00e3o personalizada<\/td>\n<td class=\"et3\" style=\"width: 214.40pt;\" width=\"214\">Cor\/tamanho\/verniz\/log\u00f3tipo\/embalagem<\/td>\n<\/tr>\n<\/tbody>\n<\/table>","protected":false},"featured_media":6138,"comment_status":"closed","ping_status":"closed","template":"","meta":{"_acf_changed":false},"product_brand":[],"product_cat":[19],"product_tag":[37,25,27],"class_list":{"0":"post-6134","1":"product","2":"type-product","3":"status-publish","4":"has-post-thumbnail","6":"product_cat-dinnerware-wholesale","7":"product_tag-bulk-cake-stands","8":"product_tag-wholesale-plates-and-bowls","9":"product_tag-wholesale-tea-cups-and-saucers","11":"first","12":"instock","13":"shipping-taxable","14":"product-type-simple"},"acf":[],"_links":{"self":[{"href":"https:\/\/www.lovinghomecollection.com\/pt\/wp-json\/wp\/v2\/product\/6134","targetHints":{"allow":["GET"]}}],"collection":[{"href":"https:\/\/www.lovinghomecollection.com\/pt\/wp-json\/wp\/v2\/product"}],"about":[{"href":"https:\/\/www.lovinghomecollection.com\/pt\/wp-json\/wp\/v2\/types\/product"}],"replies":[{"embeddable":true,"href":"https:\/\/www.lovinghomecollection.com\/pt\/wp-json\/wp\/v2\/comments?post=6134"}],"wp:featuredmedia":[{"embeddable":true,"href":"https:\/\/www.lovinghomecollection.com\/pt\/wp-json\/wp\/v2\/media\/6138"}],"wp:attachment":[{"href":"https:\/\/www.lovinghomecollection.com\/pt\/wp-json\/wp\/v2\/media?parent=6134"}],"wp:term":[{"taxonomy":"product_brand","embeddable":true,"href":"https:\/\/www.lovinghomecollection.com\/pt\/wp-json\/wp\/v2\/product_brand?post=6134"},{"taxonomy":"product_cat","embeddable":true,"href":"https:\/\/www.lovinghomecollection.com\/pt\/wp-json\/wp\/v2\/product_cat?post=6134"},{"taxonomy":"product_tag","embeddable":true,"href":"https:\/\/www.lovinghomecollection.com\/pt\/wp-json\/wp\/v2\/product_tag?post=6134"}],"curies":[{"name":"wp","href":"https:\/\/api.w.org\/{rel}","templated":true}]}}