{"id":5758,"date":"2025-11-22T03:51:05","date_gmt":"2025-11-22T03:51:05","guid":{"rendered":"https:\/\/www.lovinghomecollection.com\/?post_type=product&#038;p=5758"},"modified":"2025-11-22T04:00:42","modified_gmt":"2025-11-22T04:00:42","slug":"floral-vases-in-bulk","status":"publish","type":"product","link":"https:\/\/www.lovinghomecollection.com\/pt\/produto\/floral-vases-in-bulk\/","title":{"rendered":"Vases florais em grandes quantidades com esquemas de cores Morandi e tamanhos variados"},"content":{"rendered":"<div class=\"wp-block-columns is-layout-flex wp-container-core-columns-is-layout-9d6595d7 wp-block-columns-is-layout-flex\">\n<div class=\"wp-block-column is-layout-flow wp-block-column-is-layout-flow\" style=\"flex-basis:60%\">\n<h2 class=\"wp-block-heading\">Caracter\u00edsticas do vaso floral premium por grosso:<\/h2>\n\n\n\n<ul class=\"wp-block-list\">\n<li><strong>Design simples com riscas verticais: <\/strong>Estes vasos florais a granel apresentam uma textura simples de riscas verticais com cores de baixa satura\u00e7\u00e3o, como azul nebuloso e amarelo quente, que ganharam vida e detalhes.<\/li>\n\n\n\n<li><strong>V\u00e1rios tamanhos para diversos cen\u00e1rios:<\/strong> Oferecemos vasos de cer\u00e2mica por grosso em tr\u00eas alturas: 16 cm (compactos e requintados), 26 cm (vers\u00e1teis para mesas) e 30 cm (expositores de ch\u00e3o apelativos), permitindo uma disposi\u00e7\u00e3o flex\u00edvel.<\/li>\n\n\n\n<li><strong>Esmalte cer\u00e2mico delicado, textura leve e quente: <\/strong>Os nossos vasos florais a granel s\u00e3o feitos de material cer\u00e2mico de alta qualidade com um esmalte suave e uniforme e cores puras resistentes ao desbotamento.<\/li>\n\n\n\n<li><strong>Matriz de exibi\u00e7\u00e3o com marca para melhorar o apelo visual: <\/strong>Os nossos vasos de cer\u00e2mica por grosso continuam a linguagem de design unificada da \u201cLine Impression\u201d, com v\u00e1rias cores e tamanhos que formam uma matriz de produtos de marca, tornando mais conveniente para os clientes grossistas criarem exposi\u00e7\u00f5es tem\u00e1ticas.<\/li>\n<\/ul>\n<\/div>\n\n\n\n<div class=\"wp-block-column is-layout-flow wp-block-column-is-layout-flow\" style=\"flex-basis:40%\">\n<figure class=\"wp-block-image size-full\"><img decoding=\"async\" width=\"1200\" height=\"1200\" src=\"https:\/\/www.lovinghomecollection.com\/wp-content\/uploads\/2025\/11\/Morandi-Color-Scheme-Floral-Vases-in-Bulk-with-Diverse-Sizes-2.webp\" alt=\"Vases florais em grandes quantidades com esquemas de cores Morandi e tamanhos variados - 2\" class=\"wp-image-5760\" srcset=\"https:\/\/www.lovinghomecollection.com\/wp-content\/uploads\/2025\/11\/Morandi-Color-Scheme-Floral-Vases-in-Bulk-with-Diverse-Sizes-2.webp 1200w, https:\/\/www.lovinghomecollection.com\/wp-content\/uploads\/2025\/11\/Morandi-Color-Scheme-Floral-Vases-in-Bulk-with-Diverse-Sizes-2-300x300.webp 300w, https:\/\/www.lovinghomecollection.com\/wp-content\/uploads\/2025\/11\/Morandi-Color-Scheme-Floral-Vases-in-Bulk-with-Diverse-Sizes-2-150x150.webp 150w, https:\/\/www.lovinghomecollection.com\/wp-content\/uploads\/2025\/11\/Morandi-Color-Scheme-Floral-Vases-in-Bulk-with-Diverse-Sizes-2-768x768.webp 768w, https:\/\/www.lovinghomecollection.com\/wp-content\/uploads\/2025\/11\/Morandi-Color-Scheme-Floral-Vases-in-Bulk-with-Diverse-Sizes-2-12x12.webp 12w, https:\/\/www.lovinghomecollection.com\/wp-content\/uploads\/2025\/11\/Morandi-Color-Scheme-Floral-Vases-in-Bulk-with-Diverse-Sizes-2-600x600.webp 600w, https:\/\/www.lovinghomecollection.com\/wp-content\/uploads\/2025\/11\/Morandi-Color-Scheme-Floral-Vases-in-Bulk-with-Diverse-Sizes-2-100x100.webp 100w\" sizes=\"(max-width: 1200px) 100vw, 1200px\" \/><\/figure>\n<\/div>\n<\/div>\n\n\n\n<h2 class=\"wp-block-heading has-text-align-center\">Exposi\u00e7\u00e3o de produtos de vasos florais por grosso<\/h2>\n\n\n\n<figure class=\"wp-block-image size-full\"><img decoding=\"async\" width=\"1723\" height=\"1382\" src=\"https:\/\/www.lovinghomecollection.com\/wp-content\/uploads\/2025\/11\/Morandi-Color-Scheme-Floral-Vases-in-Bulk-with-Diverse-Sizes-5.webp\" alt=\"Vases florais em grandes quantidades com esquemas de cores Morandi e tamanhos variados - 5\" class=\"wp-image-5763\" srcset=\"https:\/\/www.lovinghomecollection.com\/wp-content\/uploads\/2025\/11\/Morandi-Color-Scheme-Floral-Vases-in-Bulk-with-Diverse-Sizes-5.webp 1723w, https:\/\/www.lovinghomecollection.com\/wp-content\/uploads\/2025\/11\/Morandi-Color-Scheme-Floral-Vases-in-Bulk-with-Diverse-Sizes-5-300x241.webp 300w, https:\/\/www.lovinghomecollection.com\/wp-content\/uploads\/2025\/11\/Morandi-Color-Scheme-Floral-Vases-in-Bulk-with-Diverse-Sizes-5-768x616.webp 768w, https:\/\/www.lovinghomecollection.com\/wp-content\/uploads\/2025\/11\/Morandi-Color-Scheme-Floral-Vases-in-Bulk-with-Diverse-Sizes-5-15x12.webp 15w, https:\/\/www.lovinghomecollection.com\/wp-content\/uploads\/2025\/11\/Morandi-Color-Scheme-Floral-Vases-in-Bulk-with-Diverse-Sizes-5-1200x963.webp 1200w, https:\/\/www.lovinghomecollection.com\/wp-content\/uploads\/2025\/11\/Morandi-Color-Scheme-Floral-Vases-in-Bulk-with-Diverse-Sizes-5-600x481.webp 600w\" sizes=\"(max-width: 1723px) 100vw, 1723px\" \/><\/figure>","protected":false},"excerpt":{"rendered":"<p>Bem-vindo \u00e0 compra por grosso de vasos de cer\u00e2mica. Os nossos vasos florais em cores Morandi a granel apresentam um design minimalista com riscas verticais, um esmalte suave e delicado e um estilo simples, mas vers\u00e1til, atendendo \u00e0s necessidades de v\u00e1rios cen\u00e1rios, como arranjos florais, decora\u00e7\u00e3o de interiores e mercado de presentes.<\/p>\n<table style=\"border-collapse: collapse; width: 338.02pt;\" border=\"0\" width=\"338\" cellspacing=\"0\" cellpadding=\"0\">\n<tbody>\n<tr style=\"height: 18.00pt;\">\n<td class=\"et3\" style=\"height: 18.00pt; width: 124.50pt;\" width=\"124\" height=\"18\">Fabricante<\/td>\n<td class=\"et3\" style=\"width: 214.40pt;\" width=\"214\">Casa amorosa<\/td>\n<\/tr>\n<tr style=\"height: 18.00pt;\">\n<td class=\"et3\" style=\"height: 18.00pt; width: 124.50pt;\" width=\"124\" height=\"18\">Tipo de produto<\/td>\n<td class=\"et4\" style=\"width: 214.40pt;\" width=\"214\">Vasos de cer\u00e2mica<\/td>\n<\/tr>\n<tr style=\"height: 18.00pt;\">\n<td class=\"et3\" style=\"height: 18.00pt; width: 124.50pt;\" width=\"124\" height=\"18\">Material<\/td>\n<td class=\"et3\" style=\"width: 214.40pt;\" width=\"214\">Porcelana dur\u00e1vel<\/td>\n<\/tr>\n<tr style=\"height: 18.00pt;\">\n<td class=\"et3\" style=\"height: 18.00pt; width: 124.50pt;\" width=\"124\" height=\"18\">Dimens\u00e3o<\/td>\n<td class=\"et3\" style=\"width: 214.40pt;\" width=\"214\">Conforme imagem de pormenor<\/td>\n<\/tr>\n<tr style=\"height: 18.00pt;\">\n<td class=\"et3\" style=\"height: 18.00pt; width: 124.50pt;\" width=\"124\" height=\"18\">Unidades de venda<\/td>\n<td class=\"et3\" style=\"width: 214.40pt;\" width=\"214\">Artigo \u00fanico<\/td>\n<\/tr>\n<tr style=\"height: 18.00pt;\">\n<td class=\"et3\" style=\"height: 18.00pt; width: 124.50pt;\" width=\"124\" height=\"18\">MOQ<\/td>\n<td class=\"et3\" style=\"width: 214.40pt;\" width=\"214\">1200 unidades por artigo<\/td>\n<\/tr>\n<tr style=\"height: 18.00pt;\">\n<td class=\"et3\" style=\"height: 18.00pt; width: 124.50pt;\" width=\"124\" height=\"18\">Op\u00e7\u00e3o personalizada<\/td>\n<td class=\"et3\" style=\"width: 214.40pt;\" width=\"214\">Cor\/tamanho\/verniz\/log\u00f3tipo\/embalagem<\/td>\n<\/tr>\n<\/tbody>\n<\/table>","protected":false},"featured_media":5761,"comment_status":"closed","ping_status":"closed","template":"","meta":{"_acf_changed":false},"product_brand":[],"product_cat":[50,21],"product_tag":[],"class_list":{"0":"post-5758","1":"product","2":"type-product","3":"status-publish","4":"has-post-thumbnail","6":"product_cat-wholesale-vases-and-pots","7":"product_cat-ceramic-vases-bulk","9":"first","10":"instock","11":"shipping-taxable","12":"product-type-simple"},"acf":[],"_links":{"self":[{"href":"https:\/\/www.lovinghomecollection.com\/pt\/wp-json\/wp\/v2\/product\/5758","targetHints":{"allow":["GET"]}}],"collection":[{"href":"https:\/\/www.lovinghomecollection.com\/pt\/wp-json\/wp\/v2\/product"}],"about":[{"href":"https:\/\/www.lovinghomecollection.com\/pt\/wp-json\/wp\/v2\/types\/product"}],"replies":[{"embeddable":true,"href":"https:\/\/www.lovinghomecollection.com\/pt\/wp-json\/wp\/v2\/comments?post=5758"}],"wp:featuredmedia":[{"embeddable":true,"href":"https:\/\/www.lovinghomecollection.com\/pt\/wp-json\/wp\/v2\/media\/5761"}],"wp:attachment":[{"href":"https:\/\/www.lovinghomecollection.com\/pt\/wp-json\/wp\/v2\/media?parent=5758"}],"wp:term":[{"taxonomy":"product_brand","embeddable":true,"href":"https:\/\/www.lovinghomecollection.com\/pt\/wp-json\/wp\/v2\/product_brand?post=5758"},{"taxonomy":"product_cat","embeddable":true,"href":"https:\/\/www.lovinghomecollection.com\/pt\/wp-json\/wp\/v2\/product_cat?post=5758"},{"taxonomy":"product_tag","embeddable":true,"href":"https:\/\/www.lovinghomecollection.com\/pt\/wp-json\/wp\/v2\/product_tag?post=5758"}],"curies":[{"name":"wp","href":"https:\/\/api.w.org\/{rel}","templated":true}]}}