{"id":5748,"date":"2025-11-22T03:39:14","date_gmt":"2025-11-22T03:39:14","guid":{"rendered":"https:\/\/www.lovinghomecollection.com\/?post_type=product&#038;p=5748"},"modified":"2025-11-22T03:49:40","modified_gmt":"2025-11-22T03:49:40","slug":"floral-vase-wholesale","status":"publish","type":"product","link":"https:\/\/www.lovinghomecollection.com\/pt\/produto\/floral-vase-wholesale\/","title":{"rendered":"Vaso floral com riscas largas por grosso com esmalte pincelado \u00e0 m\u00e3o"},"content":{"rendered":"<div class=\"wp-block-columns is-layout-flex wp-container-core-columns-is-layout-9d6595d7 wp-block-columns-is-layout-flex\">\n<div class=\"wp-block-column is-layout-flow wp-block-column-is-layout-flow\" style=\"flex-basis:60%\">\n<h2 class=\"wp-block-heading\">Caracter\u00edsticas do vaso floral premium por grosso:<\/h2>\n\n\n\n<ul class=\"wp-block-list\">\n<li><strong>Design distinto:<\/strong> As exclusivas riscas verticais largas e o esmalte escovado \u00e0 m\u00e3o desta s\u00e9rie de vasos florais por grosso criam uma forte identidade visual. As cores cl\u00e1ssicas verde e branco, bem como castanho e branco, criam uma apar\u00eancia natural e fresca, enquanto as formas simples e modernas destes vasos florais fazem com que se destaquem na prateleira, ajudando visualmente a melhorar a est\u00e9tica da exposi\u00e7\u00e3o.<\/li>\n\n\n\n<li><strong>Gama completa de tamanhos:<\/strong> O nosso stock de vasos de cer\u00e2mica oferece todos os tamanhos de que necessita, desde pequenos vasos decorativos a grandes vasos de ch\u00e3o. Isto facilitar\u00e1 a aquisi\u00e7\u00e3o de todos os tamanhos mais vendidos de uma s\u00f3 vez.<\/li>\n\n\n\n<li><strong>Textura artesanal:<\/strong> As texturas e ligeiras varia\u00e7\u00f5es na cor da superf\u00edcie desta cole\u00e7\u00e3o grossista de vasos florais proporcionam um maior n\u00edvel de valor percebido nos produtos.<\/li>\n\n\n\n<li><strong>Design vers\u00e1til:<\/strong> O design minimalista destes vasos de cer\u00e2mica integra-se perfeitamente em v\u00e1rios ambientes dom\u00e9sticos, incluindo os estilos escandinavo, moderno e wabi-sabi, tornando-os amplamente aplic\u00e1veis e atraentes para um p\u00fablico vasto.<\/li>\n<\/ul>\n<\/div>\n\n\n\n<div class=\"wp-block-column is-layout-flow wp-block-column-is-layout-flow\" style=\"flex-basis:40%\">\n<figure class=\"wp-block-image size-full\"><img decoding=\"async\" width=\"1200\" height=\"1200\" src=\"https:\/\/www.lovinghomecollection.com\/wp-content\/uploads\/2025\/11\/Wide-Striped-Floral-Vase-Wholesale-with-Hand-Brushed-Glaze-7.webp\" alt=\"Vaso floral com riscas largas por grosso com esmalte pincelado \u00e0 m\u00e3o-7\" class=\"wp-image-5755\" srcset=\"https:\/\/www.lovinghomecollection.com\/wp-content\/uploads\/2025\/11\/Wide-Striped-Floral-Vase-Wholesale-with-Hand-Brushed-Glaze-7.webp 1200w, https:\/\/www.lovinghomecollection.com\/wp-content\/uploads\/2025\/11\/Wide-Striped-Floral-Vase-Wholesale-with-Hand-Brushed-Glaze-7-300x300.webp 300w, https:\/\/www.lovinghomecollection.com\/wp-content\/uploads\/2025\/11\/Wide-Striped-Floral-Vase-Wholesale-with-Hand-Brushed-Glaze-7-150x150.webp 150w, https:\/\/www.lovinghomecollection.com\/wp-content\/uploads\/2025\/11\/Wide-Striped-Floral-Vase-Wholesale-with-Hand-Brushed-Glaze-7-768x768.webp 768w, https:\/\/www.lovinghomecollection.com\/wp-content\/uploads\/2025\/11\/Wide-Striped-Floral-Vase-Wholesale-with-Hand-Brushed-Glaze-7-12x12.webp 12w, https:\/\/www.lovinghomecollection.com\/wp-content\/uploads\/2025\/11\/Wide-Striped-Floral-Vase-Wholesale-with-Hand-Brushed-Glaze-7-600x600.webp 600w, https:\/\/www.lovinghomecollection.com\/wp-content\/uploads\/2025\/11\/Wide-Striped-Floral-Vase-Wholesale-with-Hand-Brushed-Glaze-7-100x100.webp 100w\" sizes=\"(max-width: 1200px) 100vw, 1200px\" \/><\/figure>\n<\/div>\n<\/div>\n\n\n\n<h2 class=\"wp-block-heading has-text-align-center\">Exposi\u00e7\u00e3o de produtos de vasos florais por grosso<\/h2>\n\n\n\n<div class=\"wp-block-columns is-layout-flex wp-container-core-columns-is-layout-9d6595d7 wp-block-columns-is-layout-flex\">\n<div class=\"wp-block-column is-layout-flow wp-block-column-is-layout-flow\">\n<figure class=\"wp-block-image size-full\"><img decoding=\"async\" width=\"1724\" height=\"1274\" src=\"https:\/\/www.lovinghomecollection.com\/wp-content\/uploads\/2025\/11\/Wide-Striped-Floral-Vase-Wholesale-with-Hand-Brushed-Glaze-8.webp\" alt=\"Vaso floral com riscas largas por grosso com esmalte pincelado \u00e0 m\u00e3o-8\" class=\"wp-image-5756\" srcset=\"https:\/\/www.lovinghomecollection.com\/wp-content\/uploads\/2025\/11\/Wide-Striped-Floral-Vase-Wholesale-with-Hand-Brushed-Glaze-8.webp 1724w, https:\/\/www.lovinghomecollection.com\/wp-content\/uploads\/2025\/11\/Wide-Striped-Floral-Vase-Wholesale-with-Hand-Brushed-Glaze-8-300x222.webp 300w, https:\/\/www.lovinghomecollection.com\/wp-content\/uploads\/2025\/11\/Wide-Striped-Floral-Vase-Wholesale-with-Hand-Brushed-Glaze-8-768x568.webp 768w, https:\/\/www.lovinghomecollection.com\/wp-content\/uploads\/2025\/11\/Wide-Striped-Floral-Vase-Wholesale-with-Hand-Brushed-Glaze-8-16x12.webp 16w, https:\/\/www.lovinghomecollection.com\/wp-content\/uploads\/2025\/11\/Wide-Striped-Floral-Vase-Wholesale-with-Hand-Brushed-Glaze-8-1200x887.webp 1200w, https:\/\/www.lovinghomecollection.com\/wp-content\/uploads\/2025\/11\/Wide-Striped-Floral-Vase-Wholesale-with-Hand-Brushed-Glaze-8-600x443.webp 600w\" sizes=\"(max-width: 1724px) 100vw, 1724px\" \/><\/figure>\n<\/div>\n\n\n\n<div class=\"wp-block-column is-layout-flow wp-block-column-is-layout-flow\">\n<figure class=\"wp-block-image size-full\"><img decoding=\"async\" width=\"1727\" height=\"1167\" src=\"https:\/\/www.lovinghomecollection.com\/wp-content\/uploads\/2025\/11\/Wide-Striped-Floral-Vase-Wholesale-with-Hand-Brushed-Glaze-9.webp\" alt=\"Vaso floral com riscas largas por grosso com esmalte pincelado \u00e0 m\u00e3o-9\" class=\"wp-image-5757\" srcset=\"https:\/\/www.lovinghomecollection.com\/wp-content\/uploads\/2025\/11\/Wide-Striped-Floral-Vase-Wholesale-with-Hand-Brushed-Glaze-9.webp 1727w, https:\/\/www.lovinghomecollection.com\/wp-content\/uploads\/2025\/11\/Wide-Striped-Floral-Vase-Wholesale-with-Hand-Brushed-Glaze-9-300x203.webp 300w, https:\/\/www.lovinghomecollection.com\/wp-content\/uploads\/2025\/11\/Wide-Striped-Floral-Vase-Wholesale-with-Hand-Brushed-Glaze-9-768x519.webp 768w, https:\/\/www.lovinghomecollection.com\/wp-content\/uploads\/2025\/11\/Wide-Striped-Floral-Vase-Wholesale-with-Hand-Brushed-Glaze-9-18x12.webp 18w, https:\/\/www.lovinghomecollection.com\/wp-content\/uploads\/2025\/11\/Wide-Striped-Floral-Vase-Wholesale-with-Hand-Brushed-Glaze-9-1200x811.webp 1200w, https:\/\/www.lovinghomecollection.com\/wp-content\/uploads\/2025\/11\/Wide-Striped-Floral-Vase-Wholesale-with-Hand-Brushed-Glaze-9-600x405.webp 600w\" sizes=\"(max-width: 1727px) 100vw, 1727px\" \/><\/figure>\n<\/div>\n<\/div>","protected":false},"excerpt":{"rendered":"<p>Bem-vindo \u00e0 compra de vasos florais por grosso. O nosso vaso cer\u00e2mico listrado a granel apresenta cores contrastantes refrescantes. Dispon\u00edvel em garrafas padr\u00e3o, garrafas em forma de tigela e outros designs, satisfaz v\u00e1rias necessidades de exposi\u00e7\u00e3o para flores frescas, ramos secos e muito mais.<\/p>\n<table style=\"border-collapse: collapse; width: 338.02pt;\" border=\"0\" width=\"338\" cellspacing=\"0\" cellpadding=\"0\">\n<tbody>\n<tr style=\"height: 18.00pt;\">\n<td class=\"et3\" style=\"height: 18.00pt; width: 124.50pt;\" width=\"124\" height=\"18\">Fabricante<\/td>\n<td class=\"et3\" style=\"width: 214.40pt;\" width=\"214\">Casa amorosa<\/td>\n<\/tr>\n<tr style=\"height: 18.00pt;\">\n<td class=\"et3\" style=\"height: 18.00pt; width: 124.50pt;\" width=\"124\" height=\"18\">Tipo de produto<\/td>\n<td class=\"et4\" style=\"width: 214.40pt;\" width=\"214\">Vasos de cer\u00e2mica<\/td>\n<\/tr>\n<tr style=\"height: 18.00pt;\">\n<td class=\"et3\" style=\"height: 18.00pt; width: 124.50pt;\" width=\"124\" height=\"18\">Material<\/td>\n<td class=\"et3\" style=\"width: 214.40pt;\" width=\"214\">Porcelana dur\u00e1vel<\/td>\n<\/tr>\n<tr style=\"height: 18.00pt;\">\n<td class=\"et3\" style=\"height: 18.00pt; width: 124.50pt;\" width=\"124\" height=\"18\">Dimens\u00e3o<\/td>\n<td class=\"et3\" style=\"width: 214.40pt;\" width=\"214\">Conforme imagem de pormenor<\/td>\n<\/tr>\n<tr style=\"height: 18.00pt;\">\n<td class=\"et3\" style=\"height: 18.00pt; width: 124.50pt;\" width=\"124\" height=\"18\">Unidades de venda<\/td>\n<td class=\"et3\" style=\"width: 214.40pt;\" width=\"214\">Artigo \u00fanico<\/td>\n<\/tr>\n<tr style=\"height: 18.00pt;\">\n<td class=\"et3\" style=\"height: 18.00pt; width: 124.50pt;\" width=\"124\" height=\"18\">MOQ<\/td>\n<td class=\"et3\" style=\"width: 214.40pt;\" width=\"214\">1200 unidades por artigo<\/td>\n<\/tr>\n<tr style=\"height: 18.00pt;\">\n<td class=\"et3\" style=\"height: 18.00pt; width: 124.50pt;\" width=\"124\" height=\"18\">Op\u00e7\u00e3o personalizada<\/td>\n<td class=\"et3\" style=\"width: 214.40pt;\" width=\"214\">Cor\/tamanho\/verniz\/log\u00f3tipo\/embalagem<\/td>\n<\/tr>\n<\/tbody>\n<\/table>","protected":false},"featured_media":5751,"comment_status":"closed","ping_status":"closed","template":"","meta":{"_acf_changed":false},"product_brand":[],"product_cat":[50,21],"product_tag":[],"class_list":{"0":"post-5748","1":"product","2":"type-product","3":"status-publish","4":"has-post-thumbnail","6":"product_cat-wholesale-vases-and-pots","7":"product_cat-ceramic-vases-bulk","9":"first","10":"instock","11":"shipping-taxable","12":"product-type-simple"},"acf":[],"_links":{"self":[{"href":"https:\/\/www.lovinghomecollection.com\/pt\/wp-json\/wp\/v2\/product\/5748","targetHints":{"allow":["GET"]}}],"collection":[{"href":"https:\/\/www.lovinghomecollection.com\/pt\/wp-json\/wp\/v2\/product"}],"about":[{"href":"https:\/\/www.lovinghomecollection.com\/pt\/wp-json\/wp\/v2\/types\/product"}],"replies":[{"embeddable":true,"href":"https:\/\/www.lovinghomecollection.com\/pt\/wp-json\/wp\/v2\/comments?post=5748"}],"wp:featuredmedia":[{"embeddable":true,"href":"https:\/\/www.lovinghomecollection.com\/pt\/wp-json\/wp\/v2\/media\/5751"}],"wp:attachment":[{"href":"https:\/\/www.lovinghomecollection.com\/pt\/wp-json\/wp\/v2\/media?parent=5748"}],"wp:term":[{"taxonomy":"product_brand","embeddable":true,"href":"https:\/\/www.lovinghomecollection.com\/pt\/wp-json\/wp\/v2\/product_brand?post=5748"},{"taxonomy":"product_cat","embeddable":true,"href":"https:\/\/www.lovinghomecollection.com\/pt\/wp-json\/wp\/v2\/product_cat?post=5748"},{"taxonomy":"product_tag","embeddable":true,"href":"https:\/\/www.lovinghomecollection.com\/pt\/wp-json\/wp\/v2\/product_tag?post=5748"}],"curies":[{"name":"wp","href":"https:\/\/api.w.org\/{rel}","templated":true}]}}