{"id":5544,"date":"2025-11-22T03:27:07","date_gmt":"2025-11-22T03:27:07","guid":{"rendered":"https:\/\/www.lovinghomecollection.com\/?post_type=product&#038;p=5544"},"modified":"2025-11-22T03:27:08","modified_gmt":"2025-11-22T03:27:08","slug":"art-deco-vases-wholesale","status":"publish","type":"product","link":"https:\/\/www.lovinghomecollection.com\/pt\/produto\/art-deco-vases-wholesale\/","title":{"rendered":"V\u00e1sos Art D\u00e9co por grosso com designs multiperfurados"},"content":{"rendered":"<div class=\"wp-block-columns is-layout-flex wp-container-core-columns-is-layout-9d6595d7 wp-block-columns-is-layout-flex\">\n<div class=\"wp-block-column is-layout-flow wp-block-column-is-layout-flow\" style=\"flex-basis:60%\">\n<h2 class=\"wp-block-heading\">Vasos Art Deco Premium por atacado Carater\u00edsticas:<\/h2>\n\n\n\n<ul class=\"wp-block-list\">\n<li><strong>Combinando arte e praticidade: <\/strong>Estes vasos Art Deco por atacado incorporaram designs \u00fanicos de bocas alargadas, orif\u00edcios redondos e orif\u00edcios em forma de cora\u00e7\u00e3o. Os nossos produtos s\u00e3o \u00fanicos e artisticamente concebidos tanto como os vasos de flores. As m\u00faltiplas aberturas perfuradas permitem-lhe colocar diferentes flores ao mesmo tempo... Arranjos florais em camadas de forma r\u00e1pida e f\u00e1cil.<\/li>\n\n\n\n<li><strong>Natural Textura artesanal: <\/strong>O material de terracota destes recipientes de vasos florais por atacado mant\u00e9m as marcas escovadas \u00e0 m\u00e3o e as varia\u00e7\u00f5es naturais do esmalte. O esquema de cores castanho e branco com toques de p\u00farpura proporciona um calor r\u00fastico com um apelo de design Wabi-sabi.<\/li>\n\n\n\n<li><strong>V\u00e1rias combina\u00e7\u00f5es de tamanhos: <\/strong>Os nossos vasos Art Deco por atacado oferecem uma gama completa de tamanhos, desde os pequenos (19 cm) aos grandes (41 cm), e incluem formas padr\u00e3o e de ch\u00e3o para permitir que o grossista fa\u00e7a a sua encomenda completa rapidamente e numa s\u00f3 loja.<\/li>\n\n\n\n<li><strong>Vers\u00e1til para v\u00e1rios cen\u00e1rios:<\/strong> Os nossos recipientes para vasos de flores por atacado servem tanto como vasos de flores como pe\u00e7as decorativas, adicionando um destaque a qualquer espa\u00e7o sem a necessidade de arranjos de flores.<\/li>\n<\/ul>\n<\/div>\n\n\n\n<div class=\"wp-block-column is-layout-flow wp-block-column-is-layout-flow\" style=\"flex-basis:40%\">\n<figure class=\"wp-block-image size-full\"><img decoding=\"async\" width=\"1200\" height=\"1200\" src=\"https:\/\/www.lovinghomecollection.com\/wp-content\/uploads\/2025\/11\/Art-Deco-Vases-Wholesale-with-Multi-Perforated-Designs-4.webp\" alt=\"Vasos Art Deco por atacado com desenhos multiperfurados-4\" class=\"wp-image-5743\" srcset=\"https:\/\/www.lovinghomecollection.com\/wp-content\/uploads\/2025\/11\/Art-Deco-Vases-Wholesale-with-Multi-Perforated-Designs-4.webp 1200w, https:\/\/www.lovinghomecollection.com\/wp-content\/uploads\/2025\/11\/Art-Deco-Vases-Wholesale-with-Multi-Perforated-Designs-4-300x300.webp 300w, https:\/\/www.lovinghomecollection.com\/wp-content\/uploads\/2025\/11\/Art-Deco-Vases-Wholesale-with-Multi-Perforated-Designs-4-150x150.webp 150w, https:\/\/www.lovinghomecollection.com\/wp-content\/uploads\/2025\/11\/Art-Deco-Vases-Wholesale-with-Multi-Perforated-Designs-4-768x768.webp 768w, https:\/\/www.lovinghomecollection.com\/wp-content\/uploads\/2025\/11\/Art-Deco-Vases-Wholesale-with-Multi-Perforated-Designs-4-12x12.webp 12w, https:\/\/www.lovinghomecollection.com\/wp-content\/uploads\/2025\/11\/Art-Deco-Vases-Wholesale-with-Multi-Perforated-Designs-4-600x600.webp 600w, https:\/\/www.lovinghomecollection.com\/wp-content\/uploads\/2025\/11\/Art-Deco-Vases-Wholesale-with-Multi-Perforated-Designs-4-100x100.webp 100w\" sizes=\"(max-width: 1200px) 100vw, 1200px\" \/><\/figure>\n<\/div>\n<\/div>\n\n\n\n<h2 class=\"wp-block-heading has-text-align-center\">Apresenta\u00e7\u00e3o de produtos de Vasos Art Deco por atacado<\/h2>\n\n\n\n<div class=\"wp-block-columns is-layout-flex wp-container-core-columns-is-layout-9d6595d7 wp-block-columns-is-layout-flex\">\n<div class=\"wp-block-column is-layout-flow wp-block-column-is-layout-flow\">\n<figure class=\"wp-block-image size-full\"><img decoding=\"async\" width=\"1723\" height=\"1113\" src=\"https:\/\/www.lovinghomecollection.com\/wp-content\/uploads\/2025\/11\/Art-Deco-Vases-Wholesale-with-Multi-Perforated-Designs-7.webp\" alt=\"Vasos Art Deco por atacado com desenhos multiperfurados-7\" class=\"wp-image-5746\" srcset=\"https:\/\/www.lovinghomecollection.com\/wp-content\/uploads\/2025\/11\/Art-Deco-Vases-Wholesale-with-Multi-Perforated-Designs-7.webp 1723w, https:\/\/www.lovinghomecollection.com\/wp-content\/uploads\/2025\/11\/Art-Deco-Vases-Wholesale-with-Multi-Perforated-Designs-7-300x194.webp 300w, https:\/\/www.lovinghomecollection.com\/wp-content\/uploads\/2025\/11\/Art-Deco-Vases-Wholesale-with-Multi-Perforated-Designs-7-768x496.webp 768w, https:\/\/www.lovinghomecollection.com\/wp-content\/uploads\/2025\/11\/Art-Deco-Vases-Wholesale-with-Multi-Perforated-Designs-7-18x12.webp 18w, https:\/\/www.lovinghomecollection.com\/wp-content\/uploads\/2025\/11\/Art-Deco-Vases-Wholesale-with-Multi-Perforated-Designs-7-1200x775.webp 1200w, https:\/\/www.lovinghomecollection.com\/wp-content\/uploads\/2025\/11\/Art-Deco-Vases-Wholesale-with-Multi-Perforated-Designs-7-600x388.webp 600w\" sizes=\"(max-width: 1723px) 100vw, 1723px\" \/><\/figure>\n<\/div>\n\n\n\n<div class=\"wp-block-column is-layout-flow wp-block-column-is-layout-flow\">\n<figure class=\"wp-block-image size-full\"><img decoding=\"async\" width=\"1723\" height=\"567\" src=\"https:\/\/www.lovinghomecollection.com\/wp-content\/uploads\/2025\/11\/Art-Deco-Vases-Wholesale-with-Multi-Perforated-Designs-8.webp\" alt=\"Vasos Art Deco por atacado com desenhos multiperfurados-8\" class=\"wp-image-5747\" srcset=\"https:\/\/www.lovinghomecollection.com\/wp-content\/uploads\/2025\/11\/Art-Deco-Vases-Wholesale-with-Multi-Perforated-Designs-8.webp 1723w, https:\/\/www.lovinghomecollection.com\/wp-content\/uploads\/2025\/11\/Art-Deco-Vases-Wholesale-with-Multi-Perforated-Designs-8-300x99.webp 300w, https:\/\/www.lovinghomecollection.com\/wp-content\/uploads\/2025\/11\/Art-Deco-Vases-Wholesale-with-Multi-Perforated-Designs-8-768x253.webp 768w, https:\/\/www.lovinghomecollection.com\/wp-content\/uploads\/2025\/11\/Art-Deco-Vases-Wholesale-with-Multi-Perforated-Designs-8-18x6.webp 18w, https:\/\/www.lovinghomecollection.com\/wp-content\/uploads\/2025\/11\/Art-Deco-Vases-Wholesale-with-Multi-Perforated-Designs-8-1200x395.webp 1200w, https:\/\/www.lovinghomecollection.com\/wp-content\/uploads\/2025\/11\/Art-Deco-Vases-Wholesale-with-Multi-Perforated-Designs-8-600x197.webp 600w\" sizes=\"(max-width: 1723px) 100vw, 1723px\" \/><\/figure>\n<\/div>\n<\/div>","protected":false},"excerpt":{"rendered":"<p>Compre agora vasos florais por grosso. Os nossos vasos Art D\u00e9co por grosso s\u00e3o multiperfurados, com formas esculturais variadas, incluindo esferas, cora\u00e7\u00f5es e l\u00e1grimas. Cada um dos vasos tem um esmalte castanho r\u00fastico natural e uma apar\u00eancia artesanal que real\u00e7a as suas caracter\u00edsticas artesanais.<\/p>\n<table style=\"border-collapse: collapse; width: 338.02pt;\" border=\"0\" width=\"338\" cellspacing=\"0\" cellpadding=\"0\">\n<tbody>\n<tr style=\"height: 18.00pt;\">\n<td class=\"et3\" style=\"height: 18.00pt; width: 124.50pt;\" width=\"124\" height=\"18\">Fabricante<\/td>\n<td class=\"et3\" style=\"width: 214.40pt;\" width=\"214\">Casa amorosa<\/td>\n<\/tr>\n<tr style=\"height: 18.00pt;\">\n<td class=\"et3\" style=\"height: 18.00pt; width: 124.50pt;\" width=\"124\" height=\"18\">Tipo de produto<\/td>\n<td class=\"et4\" style=\"width: 214.40pt;\" width=\"214\">Vasos Art D\u00e9co<\/td>\n<\/tr>\n<tr style=\"height: 18.00pt;\">\n<td class=\"et3\" style=\"height: 18.00pt; width: 124.50pt;\" width=\"124\" height=\"18\">Material<\/td>\n<td class=\"et3\" style=\"width: 214.40pt;\" width=\"214\">Porcelana dur\u00e1vel<\/td>\n<\/tr>\n<tr style=\"height: 18.00pt;\">\n<td class=\"et3\" style=\"height: 18.00pt; width: 124.50pt;\" width=\"124\" height=\"18\">Dimens\u00e3o<\/td>\n<td class=\"et3\" style=\"width: 214.40pt;\" width=\"214\">Conforme imagem de pormenor<\/td>\n<\/tr>\n<tr style=\"height: 18.00pt;\">\n<td class=\"et3\" style=\"height: 18.00pt; width: 124.50pt;\" width=\"124\" height=\"18\">Unidades de venda<\/td>\n<td class=\"et3\" style=\"width: 214.40pt;\" width=\"214\">Artigo \u00fanico<\/td>\n<\/tr>\n<tr style=\"height: 18.00pt;\">\n<td class=\"et3\" style=\"height: 18.00pt; width: 124.50pt;\" width=\"124\" height=\"18\">MOQ<\/td>\n<td class=\"et3\" style=\"width: 214.40pt;\" width=\"214\">1200 unidades por artigo<\/td>\n<\/tr>\n<tr style=\"height: 18.00pt;\">\n<td class=\"et3\" style=\"height: 18.00pt; width: 124.50pt;\" width=\"124\" height=\"18\">Op\u00e7\u00e3o personalizada<\/td>\n<td class=\"et3\" style=\"width: 214.40pt;\" width=\"214\">Cor\/tamanho\/verniz\/log\u00f3tipo\/embalagem<\/td>\n<\/tr>\n<\/tbody>\n<\/table>","protected":false},"featured_media":5740,"comment_status":"closed","ping_status":"closed","template":"","meta":{"_acf_changed":false},"product_brand":[],"product_cat":[50,21],"product_tag":[],"class_list":{"0":"post-5544","1":"product","2":"type-product","3":"status-publish","4":"has-post-thumbnail","6":"product_cat-wholesale-vases-and-pots","7":"product_cat-ceramic-vases-bulk","9":"first","10":"instock","11":"shipping-taxable","12":"product-type-simple"},"acf":[],"_links":{"self":[{"href":"https:\/\/www.lovinghomecollection.com\/pt\/wp-json\/wp\/v2\/product\/5544","targetHints":{"allow":["GET"]}}],"collection":[{"href":"https:\/\/www.lovinghomecollection.com\/pt\/wp-json\/wp\/v2\/product"}],"about":[{"href":"https:\/\/www.lovinghomecollection.com\/pt\/wp-json\/wp\/v2\/types\/product"}],"replies":[{"embeddable":true,"href":"https:\/\/www.lovinghomecollection.com\/pt\/wp-json\/wp\/v2\/comments?post=5544"}],"wp:featuredmedia":[{"embeddable":true,"href":"https:\/\/www.lovinghomecollection.com\/pt\/wp-json\/wp\/v2\/media\/5740"}],"wp:attachment":[{"href":"https:\/\/www.lovinghomecollection.com\/pt\/wp-json\/wp\/v2\/media?parent=5544"}],"wp:term":[{"taxonomy":"product_brand","embeddable":true,"href":"https:\/\/www.lovinghomecollection.com\/pt\/wp-json\/wp\/v2\/product_brand?post=5544"},{"taxonomy":"product_cat","embeddable":true,"href":"https:\/\/www.lovinghomecollection.com\/pt\/wp-json\/wp\/v2\/product_cat?post=5544"},{"taxonomy":"product_tag","embeddable":true,"href":"https:\/\/www.lovinghomecollection.com\/pt\/wp-json\/wp\/v2\/product_tag?post=5544"}],"curies":[{"name":"wp","href":"https:\/\/api.w.org\/{rel}","templated":true}]}}