{"id":5490,"date":"2025-11-22T01:15:21","date_gmt":"2025-11-22T01:15:21","guid":{"rendered":"https:\/\/www.lovinghomecollection.com\/?post_type=product&#038;p=5490"},"modified":"2025-11-22T01:15:22","modified_gmt":"2025-11-22T01:15:22","slug":"unique-flower-vases-wholesale","status":"publish","type":"product","link":"https:\/\/www.lovinghomecollection.com\/pt\/produto\/unique-flower-vases-wholesale\/","title":{"rendered":"Vaso de flores exclusivos por grosso, vasos com est\u00e9tica Wabi-Sabi"},"content":{"rendered":"<div class=\"wp-block-columns is-layout-flex wp-container-core-columns-is-layout-9d6595d7 wp-block-columns-is-layout-flex\">\n<div class=\"wp-block-column is-layout-flow wp-block-column-is-layout-flow\" style=\"flex-basis:60%\">\n<h2 class=\"wp-block-heading\">Vasos de flores exclusivos Premium por atacado Carater\u00edsticas:<\/h2>\n\n\n\n<ul class=\"wp-block-list\">\n<li><strong>Apresentando uma est\u00e9tica de alta qualidade: <\/strong>Estas jarras de flores \u00fanicas por atacado apresentam texturas \u00fanicas escovadas \u00e0 m\u00e3o e esmaltes naturalmente mosqueados, exalando um toque de alta qualidade. Este estilo r\u00fastico wabi-sabi est\u00e1 na moda e contribui consideravelmente para o ambiente art\u00edstico de ambientes dom\u00e9sticos ou comerciais.<\/li>\n\n\n\n<li><strong>Combina\u00e7\u00f5es de conjuntos ricos: <\/strong>Oferecemos uma variedade de tamanhos e estilos de vasos de flores a granel para satisfazer as necessidades dos clientes para diferentes tamanhos e fun\u00e7\u00f5es, proporcionando uma solu\u00e7\u00e3o \u00fanica.<\/li>\n\n\n\n<li><strong>Vers\u00e1til para v\u00e1rios cen\u00e1rios:<\/strong> Os nossos vasos de flores exclusivos para venda por grosso servem tanto de vasos como de pe\u00e7as de arte. Facilmente adapt\u00e1veis a v\u00e1rios canais de venda, como a decora\u00e7\u00e3o de interiores e o mercado de presentes.<\/li>\n\n\n\n<li><strong>Tons neutros e elegantes:<\/strong> Os tons simples e elegantes destes vasos de flores a granel complementam na perfei\u00e7\u00e3o as flores frescas, os ramos secos ou os arranjos florais artificiais.<\/li>\n<\/ul>\n<\/div>\n\n\n\n<div class=\"wp-block-column is-layout-flow wp-block-column-is-layout-flow\" style=\"flex-basis:40%\">\n<figure class=\"wp-block-image size-full\"><img decoding=\"async\" width=\"1200\" height=\"1200\" src=\"https:\/\/www.lovinghomecollection.com\/wp-content\/uploads\/2025\/11\/Unique-Flower-Vases-Wholesale-Wabi-Sabi-Aesthetic-Vases-1.webp\" alt=\"Vasos de flores \u00fanicos por atacado, vasos est\u00e9ticos Wabi-Sabi-1\" class=\"wp-image-5720\" srcset=\"https:\/\/www.lovinghomecollection.com\/wp-content\/uploads\/2025\/11\/Unique-Flower-Vases-Wholesale-Wabi-Sabi-Aesthetic-Vases-1.webp 1200w, https:\/\/www.lovinghomecollection.com\/wp-content\/uploads\/2025\/11\/Unique-Flower-Vases-Wholesale-Wabi-Sabi-Aesthetic-Vases-1-300x300.webp 300w, https:\/\/www.lovinghomecollection.com\/wp-content\/uploads\/2025\/11\/Unique-Flower-Vases-Wholesale-Wabi-Sabi-Aesthetic-Vases-1-150x150.webp 150w, https:\/\/www.lovinghomecollection.com\/wp-content\/uploads\/2025\/11\/Unique-Flower-Vases-Wholesale-Wabi-Sabi-Aesthetic-Vases-1-768x768.webp 768w, https:\/\/www.lovinghomecollection.com\/wp-content\/uploads\/2025\/11\/Unique-Flower-Vases-Wholesale-Wabi-Sabi-Aesthetic-Vases-1-12x12.webp 12w, https:\/\/www.lovinghomecollection.com\/wp-content\/uploads\/2025\/11\/Unique-Flower-Vases-Wholesale-Wabi-Sabi-Aesthetic-Vases-1-600x600.webp 600w, https:\/\/www.lovinghomecollection.com\/wp-content\/uploads\/2025\/11\/Unique-Flower-Vases-Wholesale-Wabi-Sabi-Aesthetic-Vases-1-100x100.webp 100w\" sizes=\"(max-width: 1200px) 100vw, 1200px\" \/><\/figure>\n<\/div>\n<\/div>\n\n\n\n<h2 class=\"wp-block-heading has-text-align-center\">Apresenta\u00e7\u00e3o de produtos de vasos de flores \u00fanicos por atacado<\/h2>\n\n\n\n<div class=\"wp-block-columns is-layout-flex wp-container-core-columns-is-layout-9d6595d7 wp-block-columns-is-layout-flex\">\n<div class=\"wp-block-column is-layout-flow wp-block-column-is-layout-flow\">\n<figure class=\"wp-block-image size-full\"><img decoding=\"async\" width=\"1727\" height=\"1240\" src=\"https:\/\/www.lovinghomecollection.com\/wp-content\/uploads\/2025\/11\/Unique-Flower-Vases-Wholesale-Wabi-Sabi-Aesthetic-Vases-8.webp\" alt=\"Vasos de flores \u00fanicos por atacado, vasos est\u00e9ticos Wabi-Sabi-8\" class=\"wp-image-5727\" srcset=\"https:\/\/www.lovinghomecollection.com\/wp-content\/uploads\/2025\/11\/Unique-Flower-Vases-Wholesale-Wabi-Sabi-Aesthetic-Vases-8.webp 1727w, https:\/\/www.lovinghomecollection.com\/wp-content\/uploads\/2025\/11\/Unique-Flower-Vases-Wholesale-Wabi-Sabi-Aesthetic-Vases-8-300x215.webp 300w, https:\/\/www.lovinghomecollection.com\/wp-content\/uploads\/2025\/11\/Unique-Flower-Vases-Wholesale-Wabi-Sabi-Aesthetic-Vases-8-768x551.webp 768w, https:\/\/www.lovinghomecollection.com\/wp-content\/uploads\/2025\/11\/Unique-Flower-Vases-Wholesale-Wabi-Sabi-Aesthetic-Vases-8-18x12.webp 18w, https:\/\/www.lovinghomecollection.com\/wp-content\/uploads\/2025\/11\/Unique-Flower-Vases-Wholesale-Wabi-Sabi-Aesthetic-Vases-8-1200x862.webp 1200w, https:\/\/www.lovinghomecollection.com\/wp-content\/uploads\/2025\/11\/Unique-Flower-Vases-Wholesale-Wabi-Sabi-Aesthetic-Vases-8-600x431.webp 600w\" sizes=\"(max-width: 1727px) 100vw, 1727px\" \/><\/figure>\n<\/div>\n\n\n\n<div class=\"wp-block-column is-layout-flow wp-block-column-is-layout-flow\">\n<figure class=\"wp-block-image size-full\"><img decoding=\"async\" width=\"1718\" height=\"1011\" src=\"https:\/\/www.lovinghomecollection.com\/wp-content\/uploads\/2025\/11\/Unique-Flower-Vases-Wholesale-Wabi-Sabi-Aesthetic-Vases-9.webp\" alt=\"Vasos de flores \u00fanicos por atacado, vasos est\u00e9ticos Wabi-Sabi-9\" class=\"wp-image-5728\" srcset=\"https:\/\/www.lovinghomecollection.com\/wp-content\/uploads\/2025\/11\/Unique-Flower-Vases-Wholesale-Wabi-Sabi-Aesthetic-Vases-9.webp 1718w, https:\/\/www.lovinghomecollection.com\/wp-content\/uploads\/2025\/11\/Unique-Flower-Vases-Wholesale-Wabi-Sabi-Aesthetic-Vases-9-300x177.webp 300w, https:\/\/www.lovinghomecollection.com\/wp-content\/uploads\/2025\/11\/Unique-Flower-Vases-Wholesale-Wabi-Sabi-Aesthetic-Vases-9-768x452.webp 768w, https:\/\/www.lovinghomecollection.com\/wp-content\/uploads\/2025\/11\/Unique-Flower-Vases-Wholesale-Wabi-Sabi-Aesthetic-Vases-9-18x12.webp 18w, https:\/\/www.lovinghomecollection.com\/wp-content\/uploads\/2025\/11\/Unique-Flower-Vases-Wholesale-Wabi-Sabi-Aesthetic-Vases-9-1200x706.webp 1200w, https:\/\/www.lovinghomecollection.com\/wp-content\/uploads\/2025\/11\/Unique-Flower-Vases-Wholesale-Wabi-Sabi-Aesthetic-Vases-9-600x353.webp 600w\" sizes=\"(max-width: 1718px) 100vw, 1718px\" \/><\/figure>\n<\/div>\n<\/div>","protected":false},"excerpt":{"rendered":"<p>Encontre vasos de flores a granel de qualidade superior. Os nossos vasos de flores exclusivos para venda por grosso s\u00e3o oferecidos com texturas \u00fanicas escovadas \u00e0 m\u00e3o e tons naturalmente r\u00fasticos e abrangem v\u00e1rias alturas e formas. A est\u00e9tica geral \u00e9 simples e serena no estilo wabi-sabi contempor\u00e2neo.<\/p>\n<table style=\"border-collapse: collapse; width: 338.02pt;\" border=\"0\" width=\"338\" cellspacing=\"0\" cellpadding=\"0\">\n<tbody>\n<tr style=\"height: 18.00pt;\">\n<td class=\"et3\" style=\"height: 18.00pt; width: 124.50pt;\" width=\"124\" height=\"18\">Fabricante<\/td>\n<td class=\"et3\" style=\"width: 214.40pt;\" width=\"214\">Casa amorosa<\/td>\n<\/tr>\n<tr style=\"height: 18.00pt;\">\n<td class=\"et3\" style=\"height: 18.00pt; width: 124.50pt;\" width=\"124\" height=\"18\">Tipo de produto<\/td>\n<td class=\"et4\" style=\"width: 214.40pt;\" width=\"214\">Vasos de flores<\/td>\n<\/tr>\n<tr style=\"height: 18.00pt;\">\n<td class=\"et3\" style=\"height: 18.00pt; width: 124.50pt;\" width=\"124\" height=\"18\">Material<\/td>\n<td class=\"et3\" style=\"width: 214.40pt;\" width=\"214\">Porcelana dur\u00e1vel<\/td>\n<\/tr>\n<tr style=\"height: 18.00pt;\">\n<td class=\"et3\" style=\"height: 18.00pt; width: 124.50pt;\" width=\"124\" height=\"18\">Dimens\u00e3o<\/td>\n<td class=\"et3\" style=\"width: 214.40pt;\" width=\"214\">Conforme imagem de pormenor<\/td>\n<\/tr>\n<tr style=\"height: 18.00pt;\">\n<td class=\"et3\" style=\"height: 18.00pt; width: 124.50pt;\" width=\"124\" height=\"18\">Unidades de venda<\/td>\n<td class=\"et3\" style=\"width: 214.40pt;\" width=\"214\">Artigo \u00fanico<\/td>\n<\/tr>\n<tr style=\"height: 18.00pt;\">\n<td class=\"et3\" style=\"height: 18.00pt; width: 124.50pt;\" width=\"124\" height=\"18\">MOQ<\/td>\n<td class=\"et3\" style=\"width: 214.40pt;\" width=\"214\">1200 unidades por artigo<\/td>\n<\/tr>\n<tr style=\"height: 18.00pt;\">\n<td class=\"et3\" style=\"height: 18.00pt; width: 124.50pt;\" width=\"124\" height=\"18\">Op\u00e7\u00e3o personalizada<\/td>\n<td class=\"et3\" style=\"width: 214.40pt;\" width=\"214\">Cor\/tamanho\/verniz\/log\u00f3tipo\/embalagem<\/td>\n<\/tr>\n<\/tbody>\n<\/table>","protected":false},"featured_media":5721,"comment_status":"closed","ping_status":"closed","template":"","meta":{"_acf_changed":false},"product_brand":[],"product_cat":[21,50],"product_tag":[],"class_list":{"0":"post-5490","1":"product","2":"type-product","3":"status-publish","4":"has-post-thumbnail","6":"product_cat-ceramic-vases-bulk","7":"product_cat-wholesale-vases-and-pots","9":"first","10":"instock","11":"shipping-taxable","12":"product-type-simple"},"acf":[],"_links":{"self":[{"href":"https:\/\/www.lovinghomecollection.com\/pt\/wp-json\/wp\/v2\/product\/5490","targetHints":{"allow":["GET"]}}],"collection":[{"href":"https:\/\/www.lovinghomecollection.com\/pt\/wp-json\/wp\/v2\/product"}],"about":[{"href":"https:\/\/www.lovinghomecollection.com\/pt\/wp-json\/wp\/v2\/types\/product"}],"replies":[{"embeddable":true,"href":"https:\/\/www.lovinghomecollection.com\/pt\/wp-json\/wp\/v2\/comments?post=5490"}],"wp:featuredmedia":[{"embeddable":true,"href":"https:\/\/www.lovinghomecollection.com\/pt\/wp-json\/wp\/v2\/media\/5721"}],"wp:attachment":[{"href":"https:\/\/www.lovinghomecollection.com\/pt\/wp-json\/wp\/v2\/media?parent=5490"}],"wp:term":[{"taxonomy":"product_brand","embeddable":true,"href":"https:\/\/www.lovinghomecollection.com\/pt\/wp-json\/wp\/v2\/product_brand?post=5490"},{"taxonomy":"product_cat","embeddable":true,"href":"https:\/\/www.lovinghomecollection.com\/pt\/wp-json\/wp\/v2\/product_cat?post=5490"},{"taxonomy":"product_tag","embeddable":true,"href":"https:\/\/www.lovinghomecollection.com\/pt\/wp-json\/wp\/v2\/product_tag?post=5490"}],"curies":[{"name":"wp","href":"https:\/\/api.w.org\/{rel}","templated":true}]}}