{"id":5342,"date":"2025-11-27T06:44:41","date_gmt":"2025-11-27T06:44:41","guid":{"rendered":"https:\/\/www.lovinghomecollection.com\/?post_type=product&#038;p=5342"},"modified":"2025-12-11T07:15:45","modified_gmt":"2025-12-11T07:15:45","slug":"gift-dinnerware-wholesale","status":"publish","type":"product","link":"https:\/\/www.lovinghomecollection.com\/pt\/produto\/gift-dinnerware-wholesale\/","title":{"rendered":"Lou\u00e7a para presente em cores vivas com design em relevo, venda por grosso"},"content":{"rendered":"<div class=\"wp-block-columns is-layout-flex wp-container-core-columns-is-layout-9d6595d7 wp-block-columns-is-layout-flex\">\n<div class=\"wp-block-column is-layout-flow wp-block-column-is-layout-flow\" style=\"flex-basis:60%\">\n<h2 class=\"wp-block-heading\">Servi\u00e7o de jantar Premium Gift Wholesale Carater\u00edsticas:<\/h2>\n\n\n\n<ul class=\"wp-block-list\">\n<li><strong>Cores retro ricas e design requintado: <\/strong>Este conjunto de loi\u00e7a de oferta por atacado utiliza tons retro, como o verde escuro, o vermelho tijolo e o amarelo quente, combinados com padr\u00f5es em relevo, rebordos com textura de corda e desenhos de p\u00e9talas, apresentando um estilo europeu \u00fanico e elegante.<\/li>\n\n\n\n<li><strong>Conjunto completo e unificado: <\/strong>Os nossos conjuntos de loi\u00e7a de porcelana por atacado incluem um conjunto completo de loi\u00e7a de mesa, como pratos, conjuntos de ch\u00e1, travessas de fruta de camada dupla e suportes para sobremesas. O estilo retro unificado garante uma combina\u00e7\u00e3o perfeita, satisfazendo v\u00e1rias necessidades de refei\u00e7\u00f5es e presentes.<\/li>\n\n\n\n<li><strong>Material cer\u00e2mico de alta qualidade:<\/strong> A nossa loi\u00e7a de oferta por atacado utiliza cer\u00e2mica de alta qualidade e artesanato fino. O esmalte \u00e9 suave e delicado, e os padr\u00f5es em relevo s\u00e3o claros e tridimensionais, combinando beleza e durabilidade, melhorando a experi\u00eancia do utilizador.<\/li>\n\n\n\n<li><strong>Optimizado para presentes e com\u00e9rcio grossista: <\/strong>Os nossos conjuntos de loi\u00e7a de porcelana por atacado suportam designs de embalagem requintados e personalizados, tornando-os particularmente adequados para a venda de presentes. O estilo e as especifica\u00e7\u00f5es unificados facilitam a compra e a exposi\u00e7\u00e3o a granel.<\/li>\n<\/ul>\n<\/div>\n\n\n\n<div class=\"wp-block-column is-layout-flow wp-block-column-is-layout-flow\">\n<figure class=\"wp-block-image size-full\"><img decoding=\"async\" width=\"1200\" height=\"1200\" src=\"https:\/\/www.lovinghomecollection.com\/wp-content\/uploads\/2025\/11\/Bright-Color-Gift-Dinnerware-Wholesale-with-Embossed-Design-5.webp\" alt=\"Lou\u00e7a para presente em cores vivas por grosso com design em relevo-5\" class=\"wp-image-5902\" srcset=\"https:\/\/www.lovinghomecollection.com\/wp-content\/uploads\/2025\/11\/Bright-Color-Gift-Dinnerware-Wholesale-with-Embossed-Design-5.webp 1200w, https:\/\/www.lovinghomecollection.com\/wp-content\/uploads\/2025\/11\/Bright-Color-Gift-Dinnerware-Wholesale-with-Embossed-Design-5-300x300.webp 300w, https:\/\/www.lovinghomecollection.com\/wp-content\/uploads\/2025\/11\/Bright-Color-Gift-Dinnerware-Wholesale-with-Embossed-Design-5-150x150.webp 150w, https:\/\/www.lovinghomecollection.com\/wp-content\/uploads\/2025\/11\/Bright-Color-Gift-Dinnerware-Wholesale-with-Embossed-Design-5-768x768.webp 768w, https:\/\/www.lovinghomecollection.com\/wp-content\/uploads\/2025\/11\/Bright-Color-Gift-Dinnerware-Wholesale-with-Embossed-Design-5-12x12.webp 12w, https:\/\/www.lovinghomecollection.com\/wp-content\/uploads\/2025\/11\/Bright-Color-Gift-Dinnerware-Wholesale-with-Embossed-Design-5-600x600.webp 600w, https:\/\/www.lovinghomecollection.com\/wp-content\/uploads\/2025\/11\/Bright-Color-Gift-Dinnerware-Wholesale-with-Embossed-Design-5-100x100.webp 100w\" sizes=\"(max-width: 1200px) 100vw, 1200px\" \/><\/figure>\n<\/div>\n<\/div>\n\n\n\n<h2 class=\"wp-block-heading has-text-align-center\">Apresenta\u00e7\u00e3o de produtos da cole\u00e7\u00e3o por grosso de lou\u00e7a de jantar Woven Grace Gift<\/h2>\n\n\n\n<div class=\"wp-block-columns is-layout-flex wp-container-core-columns-is-layout-9d6595d7 wp-block-columns-is-layout-flex\">\n<div class=\"wp-block-column is-layout-flow wp-block-column-is-layout-flow\">\n<figure class=\"wp-block-image size-full\"><img decoding=\"async\" width=\"1721\" height=\"1658\" src=\"https:\/\/www.lovinghomecollection.com\/wp-content\/uploads\/2025\/11\/Bright-Color-Gift-Dinnerware-Wholesale-with-Embossed-Design-10.webp\" alt=\"Servi\u00e7o de jantar para oferta de cores vivas por atacado com design em relevo-10\" class=\"wp-image-5907\" srcset=\"https:\/\/www.lovinghomecollection.com\/wp-content\/uploads\/2025\/11\/Bright-Color-Gift-Dinnerware-Wholesale-with-Embossed-Design-10.webp 1721w, https:\/\/www.lovinghomecollection.com\/wp-content\/uploads\/2025\/11\/Bright-Color-Gift-Dinnerware-Wholesale-with-Embossed-Design-10-300x289.webp 300w, https:\/\/www.lovinghomecollection.com\/wp-content\/uploads\/2025\/11\/Bright-Color-Gift-Dinnerware-Wholesale-with-Embossed-Design-10-768x740.webp 768w, https:\/\/www.lovinghomecollection.com\/wp-content\/uploads\/2025\/11\/Bright-Color-Gift-Dinnerware-Wholesale-with-Embossed-Design-10-12x12.webp 12w, https:\/\/www.lovinghomecollection.com\/wp-content\/uploads\/2025\/11\/Bright-Color-Gift-Dinnerware-Wholesale-with-Embossed-Design-10-1200x1156.webp 1200w, https:\/\/www.lovinghomecollection.com\/wp-content\/uploads\/2025\/11\/Bright-Color-Gift-Dinnerware-Wholesale-with-Embossed-Design-10-600x578.webp 600w\" sizes=\"(max-width: 1721px) 100vw, 1721px\" \/><\/figure>\n<\/div>\n\n\n\n<div class=\"wp-block-column is-layout-flow wp-block-column-is-layout-flow\">\n<figure class=\"wp-block-image size-full\"><img decoding=\"async\" width=\"1717\" height=\"1485\" src=\"https:\/\/www.lovinghomecollection.com\/wp-content\/uploads\/2025\/11\/Bright-Color-Gift-Dinnerware-Wholesale-with-Embossed-Design-11.webp\" alt=\"Servi\u00e7o de jantar para oferta de cores vivas por atacado com design em relevo-11\" class=\"wp-image-5908\" srcset=\"https:\/\/www.lovinghomecollection.com\/wp-content\/uploads\/2025\/11\/Bright-Color-Gift-Dinnerware-Wholesale-with-Embossed-Design-11.webp 1717w, https:\/\/www.lovinghomecollection.com\/wp-content\/uploads\/2025\/11\/Bright-Color-Gift-Dinnerware-Wholesale-with-Embossed-Design-11-300x259.webp 300w, https:\/\/www.lovinghomecollection.com\/wp-content\/uploads\/2025\/11\/Bright-Color-Gift-Dinnerware-Wholesale-with-Embossed-Design-11-768x664.webp 768w, https:\/\/www.lovinghomecollection.com\/wp-content\/uploads\/2025\/11\/Bright-Color-Gift-Dinnerware-Wholesale-with-Embossed-Design-11-14x12.webp 14w, https:\/\/www.lovinghomecollection.com\/wp-content\/uploads\/2025\/11\/Bright-Color-Gift-Dinnerware-Wholesale-with-Embossed-Design-11-1200x1038.webp 1200w, https:\/\/www.lovinghomecollection.com\/wp-content\/uploads\/2025\/11\/Bright-Color-Gift-Dinnerware-Wholesale-with-Embossed-Design-11-600x519.webp 600w\" sizes=\"(max-width: 1717px) 100vw, 1717px\" \/><\/figure>\n<\/div>\n<\/div>\n\n\n\n<p><\/p>","protected":false},"excerpt":{"rendered":"<p>Bem-vindo \u00e0 compra de conjuntos de lou\u00e7a de porcelana. Este conjunto de lou\u00e7a de jantar para presente, vendido por grosso, apresenta cores ricas como base, combinadas com padr\u00f5es em relevo requintados, bordas com textura de corda e desenhos de p\u00e9talas, apresentando um rico estilo retro europeu.<\/p>\n<table style=\"border-collapse: collapse; width: 338.02pt;\" border=\"0\" width=\"338\" cellspacing=\"0\" cellpadding=\"0\">\n<tbody>\n<tr style=\"height: 18.00pt;\">\n<td class=\"et3\" style=\"height: 18.00pt; width: 124.50pt;\" width=\"124\" height=\"18\">Fabricante<\/td>\n<td class=\"et3\" style=\"width: 214.40pt;\" width=\"214\">Casa amorosa<\/td>\n<\/tr>\n<tr style=\"height: 18.00pt;\">\n<td class=\"et3\" style=\"height: 18.00pt; width: 124.50pt;\" width=\"124\" height=\"18\">Nome da cole\u00e7\u00e3o<\/td>\n<td class=\"et4\" style=\"width: 214.40pt;\" width=\"214\">Gra\u00e7a Tecida<\/td>\n<\/tr>\n<tr style=\"height: 18.00pt;\">\n<td class=\"et3\" style=\"height: 18.00pt; width: 124.50pt;\" width=\"124\" height=\"18\">Utiliza\u00e7\u00e3o<\/td>\n<td class=\"et3\" style=\"width: 214.40pt;\" width=\"214\">Casa, restaurante, hotel<\/td>\n<\/tr>\n<tr style=\"height: 36.00pt;\">\n<td class=\"et3\" style=\"height: 36.00pt; width: 124.50pt;\" width=\"124\" height=\"36\">Tipo de lou\u00e7a<\/td>\n<td class=\"et3\" style=\"width: 214.40pt;\" width=\"214\">Prato, ta\u00e7a, jarro, caneca, a\u00e7ucareiro, ch\u00e1vena e pires, bule de ch\u00e1, leiteira, suporte para bolos<\/td>\n<\/tr>\n<tr style=\"height: 18.00pt;\">\n<td class=\"et3\" style=\"height: 18.00pt; width: 124.50pt;\" width=\"124\" height=\"18\">Material<\/td>\n<td class=\"et3\" style=\"width: 214.40pt;\" width=\"214\">Porcelana dur\u00e1vel<\/td>\n<\/tr>\n<tr style=\"height: 18.00pt;\">\n<td class=\"et3\" style=\"height: 18.00pt; width: 124.50pt;\" width=\"124\" height=\"18\">Dimens\u00e3o<\/td>\n<td class=\"et3\" style=\"width: 214.40pt;\" width=\"214\">Conforme imagem de pormenor<\/td>\n<\/tr>\n<tr style=\"height: 18.00pt;\">\n<td class=\"et3\" style=\"height: 18.00pt; width: 124.50pt;\" width=\"124\" height=\"18\">Unidades de venda<\/td>\n<td class=\"et3\" style=\"width: 214.40pt;\" width=\"214\">Artigo \u00fanico<\/td>\n<\/tr>\n<tr style=\"height: 18.00pt;\">\n<td class=\"et3\" style=\"height: 18.00pt; width: 124.50pt;\" width=\"124\" height=\"18\">MOQ<\/td>\n<td class=\"et3\" style=\"width: 214.40pt;\" width=\"214\">1200 unidades por artigo<\/td>\n<\/tr>\n<tr style=\"height: 18.00pt;\">\n<td class=\"et3\" style=\"height: 18.00pt; width: 124.50pt;\" width=\"124\" height=\"18\">Op\u00e7\u00e3o personalizada<\/td>\n<td class=\"et3\" style=\"width: 214.40pt;\" width=\"214\">Cor\/tamanho\/verniz\/log\u00f3tipo\/embalagem<\/td>\n<\/tr>\n<\/tbody>\n<\/table>","protected":false},"featured_media":5898,"comment_status":"closed","ping_status":"closed","template":"","meta":{"_acf_changed":false},"product_brand":[],"product_cat":[19],"product_tag":[37,36,25,39,27],"class_list":{"0":"post-5342","1":"product","2":"type-product","3":"status-publish","4":"has-post-thumbnail","6":"product_cat-dinnerware-wholesale","7":"product_tag-bulk-cake-stands","8":"product_tag-wholesale-kettles","9":"product_tag-wholesale-plates-and-bowls","10":"product_tag-sugar-jars-wholesale","11":"product_tag-wholesale-tea-cups-and-saucers","13":"first","14":"instock","15":"shipping-taxable","16":"product-type-simple"},"acf":[],"_links":{"self":[{"href":"https:\/\/www.lovinghomecollection.com\/pt\/wp-json\/wp\/v2\/product\/5342","targetHints":{"allow":["GET"]}}],"collection":[{"href":"https:\/\/www.lovinghomecollection.com\/pt\/wp-json\/wp\/v2\/product"}],"about":[{"href":"https:\/\/www.lovinghomecollection.com\/pt\/wp-json\/wp\/v2\/types\/product"}],"replies":[{"embeddable":true,"href":"https:\/\/www.lovinghomecollection.com\/pt\/wp-json\/wp\/v2\/comments?post=5342"}],"wp:featuredmedia":[{"embeddable":true,"href":"https:\/\/www.lovinghomecollection.com\/pt\/wp-json\/wp\/v2\/media\/5898"}],"wp:attachment":[{"href":"https:\/\/www.lovinghomecollection.com\/pt\/wp-json\/wp\/v2\/media?parent=5342"}],"wp:term":[{"taxonomy":"product_brand","embeddable":true,"href":"https:\/\/www.lovinghomecollection.com\/pt\/wp-json\/wp\/v2\/product_brand?post=5342"},{"taxonomy":"product_cat","embeddable":true,"href":"https:\/\/www.lovinghomecollection.com\/pt\/wp-json\/wp\/v2\/product_cat?post=5342"},{"taxonomy":"product_tag","embeddable":true,"href":"https:\/\/www.lovinghomecollection.com\/pt\/wp-json\/wp\/v2\/product_tag?post=5342"}],"curies":[{"name":"wp","href":"https:\/\/api.w.org\/{rel}","templated":true}]}}