{"id":5130,"date":"2025-11-27T06:30:47","date_gmt":"2025-11-27T06:30:47","guid":{"rendered":"https:\/\/www.lovinghomecollection.com\/?post_type=product&#038;p=5130"},"modified":"2025-12-11T07:16:18","modified_gmt":"2025-12-11T07:16:18","slug":"white-dinnerware-bulk","status":"publish","type":"product","link":"https:\/\/www.lovinghomecollection.com\/pt\/produto\/white-dinnerware-bulk\/","title":{"rendered":"Lou\u00e7a branca em relevo a granel, cole\u00e7\u00e3o elegante de lou\u00e7as de mesa"},"content":{"rendered":"<div class=\"wp-block-columns is-layout-flex wp-container-core-columns-is-layout-9d6595d7 wp-block-columns-is-layout-flex\">\n<div class=\"wp-block-column is-layout-flow wp-block-column-is-layout-flow\" style=\"flex-basis:60%\">\n<h2 class=\"wp-block-heading\">Servi\u00e7o de jantar Premium White Bulk Carater\u00edsticas:<\/h2>\n\n\n\n<ul class=\"wp-block-list\">\n<li><strong>Grava\u00e7\u00e3o requintada e design elegante: <\/strong>Esta s\u00e9rie de loi\u00e7a branca a granel apresenta um design \u00fanico de gravura floral em cada pe\u00e7a, combinado com um esmalte branco brilhante para produzir uma experi\u00eancia gastron\u00f3mica requintada e elegante.<\/li>\n\n\n\n<li><strong>Conjunto completo com estilo unificado: <\/strong>Esta cole\u00e7\u00e3o de lou\u00e7a de mesa por atacado tem tudo o que precisa como um conjunto completo (pratos, bules, suportes para sobremesas, etc.) e tem um design id\u00eantico em relevo e uma cor branca brilhante, proporcionando assim uma forma f\u00e1cil de criar todas as \u00e1reas de uma experi\u00eancia gastron\u00f3mica para v\u00e1rios tipos de clientes.<\/li>\n\n\n\n<li><strong>Dur\u00e1vel, pr\u00e1tico e de f\u00e1cil manuten\u00e7\u00e3o: <\/strong>O nosso conjunto de lou\u00e7a branca \u00e9 fabricado com as melhores cer\u00e2micas e com a temperatura de cozedura mais elevada dispon\u00edvel para tornar os produtos fortes e fi\u00e1veis. O esmalte espesso e resistente a n\u00f3doas facilita a manuten\u00e7\u00e3o e servir\u00e1 para o uso quotidiano com uma combina\u00e7\u00e3o de beleza e praticidade.<\/li>\n\n\n\n<li><strong>Fornecimento \u00fanico:<\/strong> O estilo unificado e os conjuntos completos desta cole\u00e7\u00e3o de loi\u00e7a de mesa por atacado facilitam a compra pelos clientes num \u00fanico local, satisfazendo as necessidades a granel de restaurantes, hot\u00e9is ou lojas de mobili\u00e1rio dom\u00e9stico. \u00c9 uma fonte de bens de alta qualidade e econ\u00f3mica.<\/li>\n<\/ul>\n<\/div>\n\n\n\n<div class=\"wp-block-column is-layout-flow wp-block-column-is-layout-flow\">\n<figure class=\"wp-block-image size-full\"><img decoding=\"async\" width=\"1200\" height=\"1200\" src=\"https:\/\/www.lovinghomecollection.com\/wp-content\/uploads\/2025\/11\/Embossed-White-Dinnerware-Bulk-Elegant-Tableware-Collection-5.webp\" alt=\"Servi\u00e7o de jantar branco em relevo a granel, Cole\u00e7\u00e3o de lou\u00e7a elegante-5\" class=\"wp-image-5891\" srcset=\"https:\/\/www.lovinghomecollection.com\/wp-content\/uploads\/2025\/11\/Embossed-White-Dinnerware-Bulk-Elegant-Tableware-Collection-5.webp 1200w, https:\/\/www.lovinghomecollection.com\/wp-content\/uploads\/2025\/11\/Embossed-White-Dinnerware-Bulk-Elegant-Tableware-Collection-5-300x300.webp 300w, https:\/\/www.lovinghomecollection.com\/wp-content\/uploads\/2025\/11\/Embossed-White-Dinnerware-Bulk-Elegant-Tableware-Collection-5-150x150.webp 150w, https:\/\/www.lovinghomecollection.com\/wp-content\/uploads\/2025\/11\/Embossed-White-Dinnerware-Bulk-Elegant-Tableware-Collection-5-768x768.webp 768w, https:\/\/www.lovinghomecollection.com\/wp-content\/uploads\/2025\/11\/Embossed-White-Dinnerware-Bulk-Elegant-Tableware-Collection-5-12x12.webp 12w, https:\/\/www.lovinghomecollection.com\/wp-content\/uploads\/2025\/11\/Embossed-White-Dinnerware-Bulk-Elegant-Tableware-Collection-5-600x600.webp 600w, https:\/\/www.lovinghomecollection.com\/wp-content\/uploads\/2025\/11\/Embossed-White-Dinnerware-Bulk-Elegant-Tableware-Collection-5-100x100.webp 100w\" sizes=\"(max-width: 1200px) 100vw, 1200px\" \/><\/figure>\n<\/div>\n<\/div>\n\n\n\n<h2 class=\"wp-block-heading has-text-align-center\">Apresenta\u00e7\u00e3o do produto da cole\u00e7\u00e3o a granel de lou\u00e7a de jantar Woven Grace White<\/h2>\n\n\n\n<div class=\"wp-block-columns is-layout-flex wp-container-core-columns-is-layout-9d6595d7 wp-block-columns-is-layout-flex\">\n<div class=\"wp-block-column is-layout-flow wp-block-column-is-layout-flow\">\n<figure class=\"wp-block-image size-full\"><img decoding=\"async\" width=\"1787\" height=\"1587\" src=\"https:\/\/www.lovinghomecollection.com\/wp-content\/uploads\/2025\/11\/Embossed-White-Dinnerware-Bulk-Elegant-Tableware-Collection-1.jpg\" alt=\"Servi\u00e7o de jantar branco em relevo a granel, Cole\u00e7\u00e3o de Servi\u00e7o de Mesa Elegante-1\" class=\"wp-image-5887\" srcset=\"https:\/\/www.lovinghomecollection.com\/wp-content\/uploads\/2025\/11\/Embossed-White-Dinnerware-Bulk-Elegant-Tableware-Collection-1.jpg 1787w, https:\/\/www.lovinghomecollection.com\/wp-content\/uploads\/2025\/11\/Embossed-White-Dinnerware-Bulk-Elegant-Tableware-Collection-1-300x266.jpg 300w, https:\/\/www.lovinghomecollection.com\/wp-content\/uploads\/2025\/11\/Embossed-White-Dinnerware-Bulk-Elegant-Tableware-Collection-1-768x682.jpg 768w, https:\/\/www.lovinghomecollection.com\/wp-content\/uploads\/2025\/11\/Embossed-White-Dinnerware-Bulk-Elegant-Tableware-Collection-1-14x12.jpg 14w, https:\/\/www.lovinghomecollection.com\/wp-content\/uploads\/2025\/11\/Embossed-White-Dinnerware-Bulk-Elegant-Tableware-Collection-1-1200x1066.jpg 1200w, https:\/\/www.lovinghomecollection.com\/wp-content\/uploads\/2025\/11\/Embossed-White-Dinnerware-Bulk-Elegant-Tableware-Collection-1-600x533.jpg 600w\" sizes=\"(max-width: 1787px) 100vw, 1787px\" \/><\/figure>\n<\/div>\n\n\n\n<div class=\"wp-block-column is-layout-flow wp-block-column-is-layout-flow\">\n<figure class=\"wp-block-image size-full\"><img decoding=\"async\" width=\"1787\" height=\"1460\" src=\"https:\/\/www.lovinghomecollection.com\/wp-content\/uploads\/2025\/11\/Embossed-White-Dinnerware-Bulk-Elegant-Tableware-Collection-3.jpg\" alt=\"Servi\u00e7o de jantar branco em relevo a granel, Cole\u00e7\u00e3o de Servi\u00e7o de Mesa Elegante-3\" class=\"wp-image-5889\" srcset=\"https:\/\/www.lovinghomecollection.com\/wp-content\/uploads\/2025\/11\/Embossed-White-Dinnerware-Bulk-Elegant-Tableware-Collection-3.jpg 1787w, https:\/\/www.lovinghomecollection.com\/wp-content\/uploads\/2025\/11\/Embossed-White-Dinnerware-Bulk-Elegant-Tableware-Collection-3-300x245.jpg 300w, https:\/\/www.lovinghomecollection.com\/wp-content\/uploads\/2025\/11\/Embossed-White-Dinnerware-Bulk-Elegant-Tableware-Collection-3-768x627.jpg 768w, https:\/\/www.lovinghomecollection.com\/wp-content\/uploads\/2025\/11\/Embossed-White-Dinnerware-Bulk-Elegant-Tableware-Collection-3-15x12.jpg 15w, https:\/\/www.lovinghomecollection.com\/wp-content\/uploads\/2025\/11\/Embossed-White-Dinnerware-Bulk-Elegant-Tableware-Collection-3-1200x980.jpg 1200w, https:\/\/www.lovinghomecollection.com\/wp-content\/uploads\/2025\/11\/Embossed-White-Dinnerware-Bulk-Elegant-Tableware-Collection-3-600x490.jpg 600w\" sizes=\"(max-width: 1787px) 100vw, 1787px\" \/><\/figure>\n<\/div>\n<\/div>\n\n\n\n<p><\/p>","protected":false},"excerpt":{"rendered":"<p>Bem-vindo a comprar a nossa loi\u00e7a branca a granel. A nossa cole\u00e7\u00e3o de lou\u00e7a de mesa branca pura em relevo por atacado apresenta um esmalte suave e delicado, com um relevo \u00fanico que d\u00e1 a cada pe\u00e7a um toque art\u00edstico elegante.<\/p>\n<table style=\"border-collapse: collapse; width: 338.02pt;\" border=\"0\" width=\"338\" cellspacing=\"0\" cellpadding=\"0\">\n<tbody>\n<tr style=\"height: 18.00pt;\">\n<td class=\"et3\" style=\"height: 18.00pt; width: 124.50pt;\" width=\"124\" height=\"18\">Fabricante<\/td>\n<td class=\"et3\" style=\"width: 214.40pt;\" width=\"214\">Casa amorosa<\/td>\n<\/tr>\n<tr style=\"height: 18.00pt;\">\n<td class=\"et3\" style=\"height: 18.00pt; width: 124.50pt;\" width=\"124\" height=\"18\">Nome da cole\u00e7\u00e3o<\/td>\n<td class=\"et4\" style=\"width: 214.40pt;\" width=\"214\">Gra\u00e7a Tecida<\/td>\n<\/tr>\n<tr style=\"height: 18.00pt;\">\n<td class=\"et3\" style=\"height: 18.00pt; width: 124.50pt;\" width=\"124\" height=\"18\">Utiliza\u00e7\u00e3o<\/td>\n<td class=\"et3\" style=\"width: 214.40pt;\" width=\"214\">Casa, restaurante, hotel<\/td>\n<\/tr>\n<tr style=\"height: 36.00pt;\">\n<td class=\"et3\" style=\"height: 36.00pt; width: 124.50pt;\" width=\"124\" height=\"36\">Tipo de lou\u00e7a<\/td>\n<td class=\"et3\" style=\"width: 214.40pt;\" width=\"214\">Prato, ta\u00e7a, jarro, caneca, a\u00e7ucareiro, ch\u00e1vena e pires, bule de ch\u00e1, leiteira<\/td>\n<\/tr>\n<tr style=\"height: 18.00pt;\">\n<td class=\"et3\" style=\"height: 18.00pt; width: 124.50pt;\" width=\"124\" height=\"18\">Material<\/td>\n<td class=\"et3\" style=\"width: 214.40pt;\" width=\"214\">Porcelana dur\u00e1vel<\/td>\n<\/tr>\n<tr style=\"height: 18.00pt;\">\n<td class=\"et3\" style=\"height: 18.00pt; width: 124.50pt;\" width=\"124\" height=\"18\">Dimens\u00e3o<\/td>\n<td class=\"et3\" style=\"width: 214.40pt;\" width=\"214\">Conforme imagem de pormenor<\/td>\n<\/tr>\n<tr style=\"height: 18.00pt;\">\n<td class=\"et3\" style=\"height: 18.00pt; width: 124.50pt;\" width=\"124\" height=\"18\">Unidades de venda<\/td>\n<td class=\"et3\" style=\"width: 214.40pt;\" width=\"214\">Artigo \u00fanico<\/td>\n<\/tr>\n<tr style=\"height: 18.00pt;\">\n<td class=\"et3\" style=\"height: 18.00pt; width: 124.50pt;\" width=\"124\" height=\"18\">MOQ<\/td>\n<td class=\"et3\" style=\"width: 214.40pt;\" width=\"214\">1200 unidades por artigo<\/td>\n<\/tr>\n<tr style=\"height: 18.00pt;\">\n<td class=\"et3\" style=\"height: 18.00pt; width: 124.50pt;\" width=\"124\" height=\"18\">Op\u00e7\u00e3o personalizada<\/td>\n<td class=\"et3\" style=\"width: 214.40pt;\" width=\"214\">Cor\/tamanho\/verniz\/log\u00f3tipo\/embalagem<\/td>\n<\/tr>\n<\/tbody>\n<\/table>","protected":false},"featured_media":5888,"comment_status":"closed","ping_status":"closed","template":"","meta":{"_acf_changed":false},"product_brand":[],"product_cat":[19,49],"product_tag":[37,36,25,39,27],"class_list":{"0":"post-5130","1":"product","2":"type-product","3":"status-publish","4":"has-post-thumbnail","6":"product_cat-dinnerware-wholesale","7":"product_cat-wholesale-white-tableware","8":"product_tag-bulk-cake-stands","9":"product_tag-wholesale-kettles","10":"product_tag-wholesale-plates-and-bowls","11":"product_tag-sugar-jars-wholesale","12":"product_tag-wholesale-tea-cups-and-saucers","14":"first","15":"instock","16":"shipping-taxable","17":"product-type-simple"},"acf":[],"_links":{"self":[{"href":"https:\/\/www.lovinghomecollection.com\/pt\/wp-json\/wp\/v2\/product\/5130","targetHints":{"allow":["GET"]}}],"collection":[{"href":"https:\/\/www.lovinghomecollection.com\/pt\/wp-json\/wp\/v2\/product"}],"about":[{"href":"https:\/\/www.lovinghomecollection.com\/pt\/wp-json\/wp\/v2\/types\/product"}],"replies":[{"embeddable":true,"href":"https:\/\/www.lovinghomecollection.com\/pt\/wp-json\/wp\/v2\/comments?post=5130"}],"wp:featuredmedia":[{"embeddable":true,"href":"https:\/\/www.lovinghomecollection.com\/pt\/wp-json\/wp\/v2\/media\/5888"}],"wp:attachment":[{"href":"https:\/\/www.lovinghomecollection.com\/pt\/wp-json\/wp\/v2\/media?parent=5130"}],"wp:term":[{"taxonomy":"product_brand","embeddable":true,"href":"https:\/\/www.lovinghomecollection.com\/pt\/wp-json\/wp\/v2\/product_brand?post=5130"},{"taxonomy":"product_cat","embeddable":true,"href":"https:\/\/www.lovinghomecollection.com\/pt\/wp-json\/wp\/v2\/product_cat?post=5130"},{"taxonomy":"product_tag","embeddable":true,"href":"https:\/\/www.lovinghomecollection.com\/pt\/wp-json\/wp\/v2\/product_tag?post=5130"}],"curies":[{"name":"wp","href":"https:\/\/api.w.org\/{rel}","templated":true}]}}