{"id":5106,"date":"2025-11-17T08:52:57","date_gmt":"2025-11-17T08:52:57","guid":{"rendered":"https:\/\/www.lovinghomecollection.com\/?post_type=product&#038;p=5106"},"modified":"2025-12-02T08:59:54","modified_gmt":"2025-12-02T08:59:54","slug":"bulk-white-dinnerware","status":"publish","type":"product","link":"https:\/\/www.lovinghomecollection.com\/pt\/produto\/bulk-white-dinnerware\/","title":{"rendered":"Lou\u00e7a branca a granel por grosso com borda ondulada em cores elegantes"},"content":{"rendered":"<div class=\"wp-block-columns is-layout-flex wp-container-core-columns-is-layout-9d6595d7 wp-block-columns-is-layout-flex\">\n<div class=\"wp-block-column is-layout-flow wp-block-column-is-layout-flow\" style=\"flex-basis:60%\">\n<h2 class=\"wp-block-heading\">Caracter\u00edsticas da lou\u00e7a branca premium a granel:<\/h2>\n\n\n\n<ul class=\"wp-block-list\">\n<li><strong>A linguagem de design unificada refor\u00e7a o visual da marca: <\/strong>Este conjunto de lou\u00e7a branca a granel usa a ic\u00f3nica silhueta ondulada e detalhes coloridos, oferecendo uma rica sele\u00e7\u00e3o de cores (vermelho, preto, azul, etc.) para permitir que os clientes personalizem o seu visual para combinar com a imagem da sua marca.<\/li>\n\n\n\n<li><strong>A configura\u00e7\u00e3o completa do conjunto abrange diversos cen\u00e1rios: <\/strong>A nossa linha de produtos de porcelana para revenda inclui pratos de jantar, pratos de sobremesa, tigelas de sopa, suportes para bolos, bules, a\u00e7ucareiros e muito mais, atendendo \u00e0s diversas necessidades de refei\u00e7\u00f5es formais, ch\u00e1 da tarde e mesas de sobremesa, reduzindo o custo de compras mistas.<\/li>\n\n\n\n<li><strong>O requintado trabalho artesanal melhora a experi\u00eancia do utilizador: <\/strong>O nosso conjunto de lou\u00e7a branca a granel \u00e9 feito de cer\u00e2mica espessa e quente, com bordas onduladas antiderrapantes e f\u00e1ceis de segurar. O esmalte \u00e9 uniforme e espesso, e o esmalte sem chumbo \u00e9 seguro e f\u00e1cil de limpar, combinando beleza e durabilidade.<\/li>\n\n\n\n<li><strong>O potencial da exibi\u00e7\u00e3o baseada em cen\u00e1rios estimula o desejo de compra: <\/strong>Este conjunto de lou\u00e7as de porcelana por atacado adapta-se perfeitamente a v\u00e1rios estilos de exposi\u00e7\u00e3o, tem um forte apelo visual e pode ser usado diretamente como modelo para decora\u00e7\u00e3o de espa\u00e7os comerciais.<\/li>\n<\/ul>\n<\/div>\n\n\n\n<div class=\"wp-block-column is-layout-flow wp-block-column-is-layout-flow\">\n<figure class=\"wp-block-image size-full\"><img decoding=\"async\" width=\"800\" height=\"800\" src=\"https:\/\/www.lovinghomecollection.com\/wp-content\/uploads\/2025\/11\/Wholesale-Bulk-White-Dinnerware-With-Stylish-Color-Wavy-Edge-2.webp\" alt=\"Lou\u00e7a branca a granel por grosso com borda ondulada em cores elegantes-2\" class=\"wp-image-5108\" srcset=\"https:\/\/www.lovinghomecollection.com\/wp-content\/uploads\/2025\/11\/Wholesale-Bulk-White-Dinnerware-With-Stylish-Color-Wavy-Edge-2.webp 800w, https:\/\/www.lovinghomecollection.com\/wp-content\/uploads\/2025\/11\/Wholesale-Bulk-White-Dinnerware-With-Stylish-Color-Wavy-Edge-2-300x300.webp 300w, https:\/\/www.lovinghomecollection.com\/wp-content\/uploads\/2025\/11\/Wholesale-Bulk-White-Dinnerware-With-Stylish-Color-Wavy-Edge-2-150x150.webp 150w, https:\/\/www.lovinghomecollection.com\/wp-content\/uploads\/2025\/11\/Wholesale-Bulk-White-Dinnerware-With-Stylish-Color-Wavy-Edge-2-768x768.webp 768w, https:\/\/www.lovinghomecollection.com\/wp-content\/uploads\/2025\/11\/Wholesale-Bulk-White-Dinnerware-With-Stylish-Color-Wavy-Edge-2-12x12.webp 12w, https:\/\/www.lovinghomecollection.com\/wp-content\/uploads\/2025\/11\/Wholesale-Bulk-White-Dinnerware-With-Stylish-Color-Wavy-Edge-2-600x600.webp 600w, https:\/\/www.lovinghomecollection.com\/wp-content\/uploads\/2025\/11\/Wholesale-Bulk-White-Dinnerware-With-Stylish-Color-Wavy-Edge-2-100x100.webp 100w\" sizes=\"(max-width: 800px) 100vw, 800px\" \/><\/figure>\n<\/div>\n<\/div>\n\n\n\n<h2 class=\"wp-block-heading has-text-align-center\">Exposi\u00e7\u00e3o do produto da cole\u00e7\u00e3o de lou\u00e7as brancas a granel Cloudrim<\/h2>\n\n\n\n<div class=\"wp-block-columns is-layout-flex wp-container-core-columns-is-layout-9d6595d7 wp-block-columns-is-layout-flex\">\n<div class=\"wp-block-column is-layout-flow wp-block-column-is-layout-flow\">\n<figure class=\"wp-block-image size-full\"><img decoding=\"async\" width=\"1748\" height=\"1346\" src=\"https:\/\/www.lovinghomecollection.com\/wp-content\/uploads\/2025\/11\/Wholesale-Bulk-White-Dinnerware-With-Stylish-Color-Wavy-Edge-16.webp\" alt=\"Lou\u00e7a branca a granel por grosso com borda ondulada em cores elegantes - 16\" class=\"wp-image-5605\" srcset=\"https:\/\/www.lovinghomecollection.com\/wp-content\/uploads\/2025\/11\/Wholesale-Bulk-White-Dinnerware-With-Stylish-Color-Wavy-Edge-16.webp 1748w, https:\/\/www.lovinghomecollection.com\/wp-content\/uploads\/2025\/11\/Wholesale-Bulk-White-Dinnerware-With-Stylish-Color-Wavy-Edge-16-300x231.webp 300w, https:\/\/www.lovinghomecollection.com\/wp-content\/uploads\/2025\/11\/Wholesale-Bulk-White-Dinnerware-With-Stylish-Color-Wavy-Edge-16-768x591.webp 768w, https:\/\/www.lovinghomecollection.com\/wp-content\/uploads\/2025\/11\/Wholesale-Bulk-White-Dinnerware-With-Stylish-Color-Wavy-Edge-16-16x12.webp 16w, https:\/\/www.lovinghomecollection.com\/wp-content\/uploads\/2025\/11\/Wholesale-Bulk-White-Dinnerware-With-Stylish-Color-Wavy-Edge-16-1200x924.webp 1200w, https:\/\/www.lovinghomecollection.com\/wp-content\/uploads\/2025\/11\/Wholesale-Bulk-White-Dinnerware-With-Stylish-Color-Wavy-Edge-16-600x462.webp 600w\" sizes=\"(max-width: 1748px) 100vw, 1748px\" \/><\/figure>\n<\/div>\n\n\n\n<div class=\"wp-block-column is-layout-flow wp-block-column-is-layout-flow\">\n<figure class=\"wp-block-image size-full\"><img decoding=\"async\" width=\"1717\" height=\"1298\" src=\"https:\/\/www.lovinghomecollection.com\/wp-content\/uploads\/2025\/11\/Wholesale-Bulk-White-Dinnerware-With-Stylish-Color-Wavy-Edge-17.webp\" alt=\"Lou\u00e7a branca a granel por grosso com borda ondulada em cores elegantes-17\" class=\"wp-image-5606\" srcset=\"https:\/\/www.lovinghomecollection.com\/wp-content\/uploads\/2025\/11\/Wholesale-Bulk-White-Dinnerware-With-Stylish-Color-Wavy-Edge-17.webp 1717w, https:\/\/www.lovinghomecollection.com\/wp-content\/uploads\/2025\/11\/Wholesale-Bulk-White-Dinnerware-With-Stylish-Color-Wavy-Edge-17-300x227.webp 300w, https:\/\/www.lovinghomecollection.com\/wp-content\/uploads\/2025\/11\/Wholesale-Bulk-White-Dinnerware-With-Stylish-Color-Wavy-Edge-17-768x581.webp 768w, https:\/\/www.lovinghomecollection.com\/wp-content\/uploads\/2025\/11\/Wholesale-Bulk-White-Dinnerware-With-Stylish-Color-Wavy-Edge-17-16x12.webp 16w, https:\/\/www.lovinghomecollection.com\/wp-content\/uploads\/2025\/11\/Wholesale-Bulk-White-Dinnerware-With-Stylish-Color-Wavy-Edge-17-1200x907.webp 1200w, https:\/\/www.lovinghomecollection.com\/wp-content\/uploads\/2025\/11\/Wholesale-Bulk-White-Dinnerware-With-Stylish-Color-Wavy-Edge-17-600x454.webp 600w\" sizes=\"(max-width: 1717px) 100vw, 1717px\" \/><\/figure>\n<\/div>\n<\/div>\n\n\n\n<p><\/p>","protected":false},"excerpt":{"rendered":"<p>Encontre lou\u00e7as de porcelana premium por atacado na LovingHome. O nosso conjunto de lou\u00e7as brancas Cloudrim apresenta um esmalte branco puro e bordas onduladas em forma de nuvem, com linhas limpas e modernas.<\/p>\n<table style=\"border-collapse: collapse; width: 338.02pt;\" border=\"0\" width=\"338\" cellspacing=\"0\" cellpadding=\"0\">\n<tbody>\n<tr style=\"height: 18.00pt;\">\n<td class=\"et3\" style=\"height: 18.00pt; width: 124.50pt;\" width=\"124\" height=\"18\">Fabricante<\/td>\n<td class=\"et3\" style=\"width: 214.40pt;\" width=\"214\">Casa amorosa<\/td>\n<\/tr>\n<tr style=\"height: 18.00pt;\">\n<td class=\"et3\" style=\"height: 18.00pt; width: 124.50pt;\" width=\"124\" height=\"18\">Nome da cole\u00e7\u00e3o<\/td>\n<td class=\"et4\" style=\"width: 214.40pt;\" width=\"214\">Cole\u00e7\u00e3o Cloudrim<\/td>\n<\/tr>\n<tr style=\"height: 18.00pt;\">\n<td class=\"et3\" style=\"height: 18.00pt; width: 124.50pt;\" width=\"124\" height=\"18\">Utiliza\u00e7\u00e3o<\/td>\n<td class=\"et3\" style=\"width: 214.40pt;\" width=\"214\">Casa, restaurante, hotel<\/td>\n<\/tr>\n<tr style=\"height: 36.00pt;\">\n<td class=\"et3\" style=\"height: 36.00pt; width: 124.50pt;\" width=\"124\" height=\"36\">Tipo de lou\u00e7a<\/td>\n<td class=\"et3\" style=\"width: 214.40pt;\" width=\"214\">Prato, ta\u00e7a, bule, batedeira, pote de a\u00e7\u00facar, ch\u00e1vena e pires, caneca, suporte para bolos<\/td>\n<\/tr>\n<tr style=\"height: 18.00pt;\">\n<td class=\"et3\" style=\"height: 18.00pt; width: 124.50pt;\" width=\"124\" height=\"18\">Material<\/td>\n<td class=\"et3\" style=\"width: 214.40pt;\" width=\"214\">Porcelana dur\u00e1vel<\/td>\n<\/tr>\n<tr style=\"height: 18.00pt;\">\n<td class=\"et3\" style=\"height: 18.00pt; width: 124.50pt;\" width=\"124\" height=\"18\">Dimens\u00e3o<\/td>\n<td class=\"et3\" style=\"width: 214.40pt;\" width=\"214\">Conforme imagem de pormenor<\/td>\n<\/tr>\n<tr style=\"height: 18.00pt;\">\n<td class=\"et3\" style=\"height: 18.00pt; width: 124.50pt;\" width=\"124\" height=\"18\">Unidades de venda<\/td>\n<td class=\"et3\" style=\"width: 214.40pt;\" width=\"214\">Artigo \u00fanico<\/td>\n<\/tr>\n<tr style=\"height: 18.00pt;\">\n<td class=\"et3\" style=\"height: 18.00pt; width: 124.50pt;\" width=\"124\" height=\"18\">MOQ<\/td>\n<td class=\"et3\" style=\"width: 214.40pt;\" width=\"214\">1200 unidades por artigo<\/td>\n<\/tr>\n<tr style=\"height: 18.00pt;\">\n<td class=\"et3\" style=\"height: 18.00pt; width: 124.50pt;\" width=\"124\" height=\"18\">Op\u00e7\u00e3o personalizada<\/td>\n<td class=\"et3\" style=\"width: 214.40pt;\" width=\"214\">Cor\/tamanho\/verniz\/log\u00f3tipo\/embalagem<\/td>\n<\/tr>\n<\/tbody>\n<\/table>","protected":false},"featured_media":5598,"comment_status":"closed","ping_status":"closed","template":"","meta":{"_acf_changed":false},"product_brand":[],"product_cat":[19,49],"product_tag":[37,25,27,26],"class_list":{"0":"post-5106","1":"product","2":"type-product","3":"status-publish","4":"has-post-thumbnail","6":"product_cat-dinnerware-wholesale","7":"product_cat-wholesale-white-tableware","8":"product_tag-bulk-cake-stands","9":"product_tag-wholesale-plates-and-bowls","10":"product_tag-wholesale-tea-cups-and-saucers","11":"product_tag-wholesale-teapots","13":"first","14":"instock","15":"shipping-taxable","16":"product-type-simple"},"acf":[],"_links":{"self":[{"href":"https:\/\/www.lovinghomecollection.com\/pt\/wp-json\/wp\/v2\/product\/5106","targetHints":{"allow":["GET"]}}],"collection":[{"href":"https:\/\/www.lovinghomecollection.com\/pt\/wp-json\/wp\/v2\/product"}],"about":[{"href":"https:\/\/www.lovinghomecollection.com\/pt\/wp-json\/wp\/v2\/types\/product"}],"replies":[{"embeddable":true,"href":"https:\/\/www.lovinghomecollection.com\/pt\/wp-json\/wp\/v2\/comments?post=5106"}],"wp:featuredmedia":[{"embeddable":true,"href":"https:\/\/www.lovinghomecollection.com\/pt\/wp-json\/wp\/v2\/media\/5598"}],"wp:attachment":[{"href":"https:\/\/www.lovinghomecollection.com\/pt\/wp-json\/wp\/v2\/media?parent=5106"}],"wp:term":[{"taxonomy":"product_brand","embeddable":true,"href":"https:\/\/www.lovinghomecollection.com\/pt\/wp-json\/wp\/v2\/product_brand?post=5106"},{"taxonomy":"product_cat","embeddable":true,"href":"https:\/\/www.lovinghomecollection.com\/pt\/wp-json\/wp\/v2\/product_cat?post=5106"},{"taxonomy":"product_tag","embeddable":true,"href":"https:\/\/www.lovinghomecollection.com\/pt\/wp-json\/wp\/v2\/product_tag?post=5106"}],"curies":[{"name":"wp","href":"https:\/\/api.w.org\/{rel}","templated":true}]}}