{"id":5095,"date":"2025-11-11T08:53:09","date_gmt":"2025-11-11T08:53:09","guid":{"rendered":"https:\/\/www.lovinghomecollection.com\/?post_type=product&#038;p=5095"},"modified":"2025-12-02T08:49:22","modified_gmt":"2025-12-02T08:49:22","slug":"dinnerware-gift-wholesale","status":"publish","type":"product","link":"https:\/\/www.lovinghomecollection.com\/pt\/produto\/dinnerware-gift-wholesale\/","title":{"rendered":"Conjunto de lou\u00e7a com tema de doces para presente, com design criativo, \u00e0 venda por grosso"},"content":{"rendered":"<div class=\"wp-block-columns is-layout-flex wp-container-core-columns-is-layout-9d6595d7 wp-block-columns-is-layout-flex\">\n<div class=\"wp-block-column is-layout-flow wp-block-column-is-layout-flow\" style=\"flex-basis:60%\">\n<h2 class=\"wp-block-heading\">Prenda de lou\u00e7a de jantar Premium por atacado Carater\u00edsticas:<\/h2>\n\n\n\n<ul class=\"wp-block-list\">\n<li><strong>Design de tema forte, atrativo:<\/strong> O nosso conjunto de loi\u00e7a para oferta por atacado utiliza o tema \u201cCandy Town\u201d como ideia central, utilizando cores marcadamente saturadas, bolinhas e riscas e pegas em forma de doces, resultando num design visual de grande impacto.<\/li>\n\n\n\n<li><strong>Gama de produtos abrangente, compra num s\u00f3 local:<\/strong> Este conjunto de loi\u00e7a por grosso com tema de doces inclui um conjunto completo de produtos com utens\u00edlios de ch\u00e1, pratos, casti\u00e7ais, frascos de armazenamento e pratos de exposi\u00e7\u00e3o em camadas em tamanhos completos para os seus clientes.<\/li>\n\n\n\n<li><strong>Elevada adaptabilidade, elevado valor comercial:<\/strong> O nosso conjunto de loi\u00e7a para oferta por grosso tem um duplo objetivo de funcionalidade e decora\u00e7\u00e3o. Por exemplo, pode ser utilizado como servi\u00e7o de ch\u00e1 ou de mesa para uso quotidiano ou como pe\u00e7as de exposi\u00e7\u00e3o para casti\u00e7ais e decora\u00e7\u00e3o para criar um ambiente. \u00c9 altamente aplic\u00e1vel a restaurantes tem\u00e1ticos, casas de h\u00f3spedes e lojas de presentes e aumenta o valor percebido do espa\u00e7o.<\/li>\n\n\n\n<li><strong>Detalhes de artesanato requintados, destacando a qualidade:<\/strong> Este conjunto de loi\u00e7a para venda por grosso apresenta um esmalte cer\u00e2mico completamente liso e o aspeto tridimensional das pegas dos doces acrescenta textura. O conjunto de loi\u00e7a para oferta Candy Town fica ainda mais embelezado se for combinado com um tabuleiro de madeira e pastelaria.<\/li>\n<\/ul>\n<\/div>\n\n\n\n<div class=\"wp-block-column is-layout-flow wp-block-column-is-layout-flow\">\n<figure class=\"wp-block-image size-full\"><img decoding=\"async\" width=\"1200\" height=\"1200\" src=\"https:\/\/www.lovinghomecollection.com\/wp-content\/uploads\/2025\/11\/Candy-Themed-Dinnerware-Gift-Wholesale-Creatively-Designed-15.webp\" alt=\"Prenda de lou\u00e7a com tema de doces Venda por grosso com design criativo-15\" class=\"wp-image-5580\" srcset=\"https:\/\/www.lovinghomecollection.com\/wp-content\/uploads\/2025\/11\/Candy-Themed-Dinnerware-Gift-Wholesale-Creatively-Designed-15.webp 1200w, https:\/\/www.lovinghomecollection.com\/wp-content\/uploads\/2025\/11\/Candy-Themed-Dinnerware-Gift-Wholesale-Creatively-Designed-15-300x300.webp 300w, https:\/\/www.lovinghomecollection.com\/wp-content\/uploads\/2025\/11\/Candy-Themed-Dinnerware-Gift-Wholesale-Creatively-Designed-15-150x150.webp 150w, https:\/\/www.lovinghomecollection.com\/wp-content\/uploads\/2025\/11\/Candy-Themed-Dinnerware-Gift-Wholesale-Creatively-Designed-15-768x768.webp 768w, https:\/\/www.lovinghomecollection.com\/wp-content\/uploads\/2025\/11\/Candy-Themed-Dinnerware-Gift-Wholesale-Creatively-Designed-15-12x12.webp 12w, https:\/\/www.lovinghomecollection.com\/wp-content\/uploads\/2025\/11\/Candy-Themed-Dinnerware-Gift-Wholesale-Creatively-Designed-15-600x600.webp 600w, https:\/\/www.lovinghomecollection.com\/wp-content\/uploads\/2025\/11\/Candy-Themed-Dinnerware-Gift-Wholesale-Creatively-Designed-15-100x100.webp 100w\" sizes=\"(max-width: 1200px) 100vw, 1200px\" \/><\/figure>\n<\/div>\n<\/div>\n\n\n\n<h2 class=\"wp-block-heading has-text-align-center\">Apresenta\u00e7\u00e3o de produtos de Candy Town Dinnerware Gift Wholesale<\/h2>\n\n\n\n<div class=\"wp-block-columns is-layout-flex wp-container-core-columns-is-layout-9d6595d7 wp-block-columns-is-layout-flex\">\n<div class=\"wp-block-column is-layout-flow wp-block-column-is-layout-flow\">\n<figure class=\"wp-block-image size-full\"><img decoding=\"async\" width=\"1200\" height=\"1366\" src=\"https:\/\/www.lovinghomecollection.com\/wp-content\/uploads\/2025\/11\/Candy-Themed-Dinnerware-Gift-Wholesale-Creatively-Designed.webp\" alt=\"Conjunto de lou\u00e7a com tema de doces para presente, com design criativo, \u00e0 venda por grosso\" class=\"wp-image-5589\" srcset=\"https:\/\/www.lovinghomecollection.com\/wp-content\/uploads\/2025\/11\/Candy-Themed-Dinnerware-Gift-Wholesale-Creatively-Designed.webp 1200w, https:\/\/www.lovinghomecollection.com\/wp-content\/uploads\/2025\/11\/Candy-Themed-Dinnerware-Gift-Wholesale-Creatively-Designed-264x300.webp 264w, https:\/\/www.lovinghomecollection.com\/wp-content\/uploads\/2025\/11\/Candy-Themed-Dinnerware-Gift-Wholesale-Creatively-Designed-768x874.webp 768w, https:\/\/www.lovinghomecollection.com\/wp-content\/uploads\/2025\/11\/Candy-Themed-Dinnerware-Gift-Wholesale-Creatively-Designed-11x12.webp 11w, https:\/\/www.lovinghomecollection.com\/wp-content\/uploads\/2025\/11\/Candy-Themed-Dinnerware-Gift-Wholesale-Creatively-Designed-600x683.webp 600w\" sizes=\"(max-width: 1200px) 100vw, 1200px\" \/><\/figure>\n<\/div>\n\n\n\n<div class=\"wp-block-column is-layout-flow wp-block-column-is-layout-flow\">\n<figure class=\"wp-block-image size-full\"><img decoding=\"async\" width=\"1200\" height=\"956\" src=\"https:\/\/www.lovinghomecollection.com\/wp-content\/uploads\/2025\/11\/Candy-Themed-Dinnerware-Gift-Wholesale-Creatively-Designed-14.webp\" alt=\"Prenda de lou\u00e7a com tema de doces Venda por grosso com design criativo-14\" class=\"wp-image-5578\" srcset=\"https:\/\/www.lovinghomecollection.com\/wp-content\/uploads\/2025\/11\/Candy-Themed-Dinnerware-Gift-Wholesale-Creatively-Designed-14.webp 1200w, https:\/\/www.lovinghomecollection.com\/wp-content\/uploads\/2025\/11\/Candy-Themed-Dinnerware-Gift-Wholesale-Creatively-Designed-14-300x239.webp 300w, https:\/\/www.lovinghomecollection.com\/wp-content\/uploads\/2025\/11\/Candy-Themed-Dinnerware-Gift-Wholesale-Creatively-Designed-14-768x612.webp 768w, https:\/\/www.lovinghomecollection.com\/wp-content\/uploads\/2025\/11\/Candy-Themed-Dinnerware-Gift-Wholesale-Creatively-Designed-14-15x12.webp 15w, https:\/\/www.lovinghomecollection.com\/wp-content\/uploads\/2025\/11\/Candy-Themed-Dinnerware-Gift-Wholesale-Creatively-Designed-14-600x478.webp 600w\" sizes=\"(max-width: 1200px) 100vw, 1200px\" \/><\/figure>\n<\/div>\n<\/div>\n\n\n\n<p><\/p>","protected":false},"excerpt":{"rendered":"<p>Bem-vindo a comprar os nossos conjuntos de loi\u00e7a para oferta por grosso. O nosso conjunto de loi\u00e7a Candy Town combina riscas vermelhas, amarelas e verdes vibrantes, bolinhas e pegas em forma de rebu\u00e7ado para criar um ambiente doce e de fantasia.<\/p>\n<table style=\"border-collapse: collapse; width: 338.02pt;\" border=\"0\" width=\"338\" cellspacing=\"0\" cellpadding=\"0\">\n<tbody>\n<tr style=\"height: 18.00pt;\">\n<td class=\"et3\" style=\"height: 18.00pt; width: 124.50pt;\" width=\"124\" height=\"18\">Fabricante<\/td>\n<td class=\"et3\" style=\"width: 214.40pt;\" width=\"214\">Casa amorosa<\/td>\n<\/tr>\n<tr style=\"height: 18.00pt;\">\n<td class=\"et3\" style=\"height: 18.00pt; width: 124.50pt;\" width=\"124\" height=\"18\">Nome da cole\u00e7\u00e3o<\/td>\n<td class=\"et4\" style=\"width: 214.40pt;\" width=\"214\">Cole\u00e7\u00e3o Candy Town<\/td>\n<\/tr>\n<tr style=\"height: 18.00pt;\">\n<td class=\"et3\" style=\"height: 18.00pt; width: 124.50pt;\" width=\"124\" height=\"18\">Utiliza\u00e7\u00e3o<\/td>\n<td class=\"et3\" style=\"width: 214.40pt;\" width=\"214\">Casa, restaurante, hotel<\/td>\n<\/tr>\n<tr style=\"height: 36.00pt;\">\n<td class=\"et3\" style=\"height: 36.00pt; width: 124.50pt;\" width=\"124\" height=\"36\">Tipo de lou\u00e7a<\/td>\n<td class=\"et3\" style=\"width: 214.40pt;\" width=\"214\">Prato, ta\u00e7a, bule, leiteira, a\u00e7ucareiro, ch\u00e1vena e pires, caneca<\/td>\n<\/tr>\n<tr style=\"height: 18.00pt;\">\n<td class=\"et3\" style=\"height: 18.00pt; width: 124.50pt;\" width=\"124\" height=\"18\">Material<\/td>\n<td class=\"et3\" style=\"width: 214.40pt;\" width=\"214\">Porcelana dur\u00e1vel<\/td>\n<\/tr>\n<tr style=\"height: 18.00pt;\">\n<td class=\"et3\" style=\"height: 18.00pt; width: 124.50pt;\" width=\"124\" height=\"18\">Dimens\u00e3o<\/td>\n<td class=\"et3\" style=\"width: 214.40pt;\" width=\"214\">Conforme imagem de pormenor<\/td>\n<\/tr>\n<tr style=\"height: 18.00pt;\">\n<td class=\"et3\" style=\"height: 18.00pt; width: 124.50pt;\" width=\"124\" height=\"18\">Unidades de venda<\/td>\n<td class=\"et3\" style=\"width: 214.40pt;\" width=\"214\">Artigo \u00fanico<\/td>\n<\/tr>\n<tr style=\"height: 18.00pt;\">\n<td class=\"et3\" style=\"height: 18.00pt; width: 124.50pt;\" width=\"124\" height=\"18\">MOQ<\/td>\n<td class=\"et3\" style=\"width: 214.40pt;\" width=\"214\">1200 unidades por artigo<\/td>\n<\/tr>\n<tr style=\"height: 18.00pt;\">\n<td class=\"et3\" style=\"height: 18.00pt; width: 124.50pt;\" width=\"124\" height=\"18\">Op\u00e7\u00e3o personalizada<\/td>\n<td class=\"et3\" style=\"width: 214.40pt;\" width=\"214\">Cor\/tamanho\/verniz\/log\u00f3tipo\/embalagem<\/td>\n<\/tr>\n<\/tbody>\n<\/table>","protected":false},"featured_media":5096,"comment_status":"closed","ping_status":"closed","template":"","meta":{"_acf_changed":false},"product_brand":[],"product_cat":[19],"product_tag":[37,25,34,27,26],"class_list":{"0":"post-5095","1":"product","2":"type-product","3":"status-publish","4":"has-post-thumbnail","6":"product_cat-dinnerware-wholesale","7":"product_tag-bulk-cake-stands","8":"product_tag-wholesale-plates-and-bowls","9":"product_tag-olive-oil-dipping-bowls-wholesale","10":"product_tag-wholesale-tea-cups-and-saucers","11":"product_tag-wholesale-teapots","13":"first","14":"instock","15":"shipping-taxable","16":"product-type-simple"},"acf":[],"_links":{"self":[{"href":"https:\/\/www.lovinghomecollection.com\/pt\/wp-json\/wp\/v2\/product\/5095","targetHints":{"allow":["GET"]}}],"collection":[{"href":"https:\/\/www.lovinghomecollection.com\/pt\/wp-json\/wp\/v2\/product"}],"about":[{"href":"https:\/\/www.lovinghomecollection.com\/pt\/wp-json\/wp\/v2\/types\/product"}],"replies":[{"embeddable":true,"href":"https:\/\/www.lovinghomecollection.com\/pt\/wp-json\/wp\/v2\/comments?post=5095"}],"wp:featuredmedia":[{"embeddable":true,"href":"https:\/\/www.lovinghomecollection.com\/pt\/wp-json\/wp\/v2\/media\/5096"}],"wp:attachment":[{"href":"https:\/\/www.lovinghomecollection.com\/pt\/wp-json\/wp\/v2\/media?parent=5095"}],"wp:term":[{"taxonomy":"product_brand","embeddable":true,"href":"https:\/\/www.lovinghomecollection.com\/pt\/wp-json\/wp\/v2\/product_brand?post=5095"},{"taxonomy":"product_cat","embeddable":true,"href":"https:\/\/www.lovinghomecollection.com\/pt\/wp-json\/wp\/v2\/product_cat?post=5095"},{"taxonomy":"product_tag","embeddable":true,"href":"https:\/\/www.lovinghomecollection.com\/pt\/wp-json\/wp\/v2\/product_tag?post=5095"}],"curies":[{"name":"wp","href":"https:\/\/api.w.org\/{rel}","templated":true}]}}