{"id":5065,"date":"2025-11-11T07:51:02","date_gmt":"2025-11-11T07:51:02","guid":{"rendered":"https:\/\/www.lovinghomecollection.com\/?post_type=product&#038;p=5065"},"modified":"2025-11-27T06:32:15","modified_gmt":"2025-11-27T06:32:15","slug":"dinnerware-sets-wholesale","status":"publish","type":"product","link":"https:\/\/www.lovinghomecollection.com\/pt\/produto\/dinnerware-sets-wholesale\/","title":{"rendered":"Conjuntos de lou\u00e7a com relevo por grosso com design Gingerbread"},"content":{"rendered":"<div class=\"wp-block-columns is-layout-flex wp-container-core-columns-is-layout-9d6595d7 wp-block-columns-is-layout-flex\">\n<div class=\"wp-block-column is-layout-flow wp-block-column-is-layout-flow\" style=\"flex-basis:60%\">\n<h2 class=\"wp-block-heading\">Conjuntos de lou\u00e7a premium para jantar por grosso Caracter\u00edsticas:<\/h2>\n\n\n\n<ul class=\"wp-block-list\">\n<li><strong>Tema distinto, repleto de atmosfera festiva: <\/strong>A nossa lou\u00e7a de cer\u00e2mica por grosso utiliza a universalmente reconhecida casa de gengibre como sua propriedade intelectual principal, com padr\u00f5es em relevo e transferidos que retratam meticulosamente elementos natal\u00edcios, como doces e flocos de neve.<\/li>\n\n\n\n<li><strong>Gama completa de produtos, ampla cobertura de cena: <\/strong>Este conjunto de lou\u00e7as para jantar por grosso oferece uma linha completa de produtos, desde pratos de 23 cm e pratos grandes de 36 cm at\u00e9 suportes para bolos, potes de armazenamento, casti\u00e7ais e ornamentos, adequados para arruma\u00e7\u00e3o de mesa, decora\u00e7\u00e3o de interiores, presentes de Natal e outros cen\u00e1rios comerciais.<\/li>\n\n\n\n<li><strong>Design unificado, efeito de exibi\u00e7\u00e3o excepcional: <\/strong>A nossa s\u00e9rie de lou\u00e7as de cer\u00e2mica por grosso segue uma linguagem de design unificada inspirada nas casas de gengibre, facilitando a combina\u00e7\u00e3o e a harmoniza\u00e7\u00e3o. Seja para expositores de retalho ou para arranjos de mesa para clientes finais, cria uma forte unidade visual.<\/li>\n\n\n\n<li><strong>Artesanato em relevo:<\/strong> Os nossos conjuntos de lou\u00e7a para jantar por grosso apresentam um design exclusivo em relevo que n\u00e3o s\u00f3 real\u00e7a a tridimensionalidade e o toque artesanal do produto, como tamb\u00e9m aumenta a sua durabilidade.<\/li>\n<\/ul>\n<\/div>\n\n\n\n<div class=\"wp-block-column is-layout-flow wp-block-column-is-layout-flow\">\n<figure class=\"wp-block-image size-full\"><img decoding=\"async\" width=\"1200\" height=\"1200\" src=\"https:\/\/www.lovinghomecollection.com\/wp-content\/uploads\/2025\/11\/Embossed-Dinnerware-Sets-Wholesale-With-Gingerbread-Design-12.webp\" alt=\"Conjuntos de lou\u00e7as com relevo para jantar por grosso com desenho de p\u00e3o de gengibre-12\" class=\"wp-image-5593\" srcset=\"https:\/\/www.lovinghomecollection.com\/wp-content\/uploads\/2025\/11\/Embossed-Dinnerware-Sets-Wholesale-With-Gingerbread-Design-12.webp 1200w, https:\/\/www.lovinghomecollection.com\/wp-content\/uploads\/2025\/11\/Embossed-Dinnerware-Sets-Wholesale-With-Gingerbread-Design-12-300x300.webp 300w, https:\/\/www.lovinghomecollection.com\/wp-content\/uploads\/2025\/11\/Embossed-Dinnerware-Sets-Wholesale-With-Gingerbread-Design-12-150x150.webp 150w, https:\/\/www.lovinghomecollection.com\/wp-content\/uploads\/2025\/11\/Embossed-Dinnerware-Sets-Wholesale-With-Gingerbread-Design-12-768x768.webp 768w, https:\/\/www.lovinghomecollection.com\/wp-content\/uploads\/2025\/11\/Embossed-Dinnerware-Sets-Wholesale-With-Gingerbread-Design-12-12x12.webp 12w, https:\/\/www.lovinghomecollection.com\/wp-content\/uploads\/2025\/11\/Embossed-Dinnerware-Sets-Wholesale-With-Gingerbread-Design-12-600x600.webp 600w, https:\/\/www.lovinghomecollection.com\/wp-content\/uploads\/2025\/11\/Embossed-Dinnerware-Sets-Wholesale-With-Gingerbread-Design-12-100x100.webp 100w\" sizes=\"(max-width: 1200px) 100vw, 1200px\" \/><\/figure>\n<\/div>\n<\/div>\n\n\n\n<h2 class=\"wp-block-heading has-text-align-center\">Exposi\u00e7\u00e3o de produtos de conjuntos de lou\u00e7as Gingerbread Village por grosso<\/h2>\n\n\n\n<div class=\"wp-block-columns is-layout-flex wp-container-core-columns-is-layout-9d6595d7 wp-block-columns-is-layout-flex\">\n<div class=\"wp-block-column is-layout-flow wp-block-column-is-layout-flow\">\n<figure class=\"wp-block-image size-full\"><img decoding=\"async\" width=\"1754\" height=\"1274\" src=\"https:\/\/www.lovinghomecollection.com\/wp-content\/uploads\/2025\/11\/Embossed-Dinnerware-Sets-Wholesale-With-Gingerbread-Design-13.webp\" alt=\"Conjuntos de lou\u00e7a com relevo por grosso com design Gingerbread-13\" class=\"wp-image-5595\" srcset=\"https:\/\/www.lovinghomecollection.com\/wp-content\/uploads\/2025\/11\/Embossed-Dinnerware-Sets-Wholesale-With-Gingerbread-Design-13.webp 1754w, https:\/\/www.lovinghomecollection.com\/wp-content\/uploads\/2025\/11\/Embossed-Dinnerware-Sets-Wholesale-With-Gingerbread-Design-13-300x218.webp 300w, https:\/\/www.lovinghomecollection.com\/wp-content\/uploads\/2025\/11\/Embossed-Dinnerware-Sets-Wholesale-With-Gingerbread-Design-13-768x558.webp 768w, https:\/\/www.lovinghomecollection.com\/wp-content\/uploads\/2025\/11\/Embossed-Dinnerware-Sets-Wholesale-With-Gingerbread-Design-13-18x12.webp 18w, https:\/\/www.lovinghomecollection.com\/wp-content\/uploads\/2025\/11\/Embossed-Dinnerware-Sets-Wholesale-With-Gingerbread-Design-13-1200x872.webp 1200w, https:\/\/www.lovinghomecollection.com\/wp-content\/uploads\/2025\/11\/Embossed-Dinnerware-Sets-Wholesale-With-Gingerbread-Design-13-600x436.webp 600w\" sizes=\"(max-width: 1754px) 100vw, 1754px\" \/><\/figure>\n<\/div>\n\n\n\n<div class=\"wp-block-column is-layout-flow wp-block-column-is-layout-flow\">\n<figure class=\"wp-block-image size-full\"><img decoding=\"async\" width=\"1723\" height=\"1197\" src=\"https:\/\/www.lovinghomecollection.com\/wp-content\/uploads\/2025\/11\/Embossed-Dinnerware-Sets-Wholesale-With-Gingerbread-Design-14.webp\" alt=\"Conjuntos de lou\u00e7as com relevo por atacado com design Gingerbread-14\" class=\"wp-image-5596\" srcset=\"https:\/\/www.lovinghomecollection.com\/wp-content\/uploads\/2025\/11\/Embossed-Dinnerware-Sets-Wholesale-With-Gingerbread-Design-14.webp 1723w, https:\/\/www.lovinghomecollection.com\/wp-content\/uploads\/2025\/11\/Embossed-Dinnerware-Sets-Wholesale-With-Gingerbread-Design-14-300x208.webp 300w, https:\/\/www.lovinghomecollection.com\/wp-content\/uploads\/2025\/11\/Embossed-Dinnerware-Sets-Wholesale-With-Gingerbread-Design-14-768x534.webp 768w, https:\/\/www.lovinghomecollection.com\/wp-content\/uploads\/2025\/11\/Embossed-Dinnerware-Sets-Wholesale-With-Gingerbread-Design-14-18x12.webp 18w, https:\/\/www.lovinghomecollection.com\/wp-content\/uploads\/2025\/11\/Embossed-Dinnerware-Sets-Wholesale-With-Gingerbread-Design-14-1200x834.webp 1200w, https:\/\/www.lovinghomecollection.com\/wp-content\/uploads\/2025\/11\/Embossed-Dinnerware-Sets-Wholesale-With-Gingerbread-Design-14-600x417.webp 600w\" sizes=\"(max-width: 1723px) 100vw, 1723px\" \/><\/figure>\n<\/div>\n<\/div>\n\n\n\n<p><\/p>","protected":false},"excerpt":{"rendered":"<p>Bem-vindo \u00e0 compra de conjuntos de lou\u00e7a de mesa por grosso. Este conjunto de lou\u00e7a de mesa apresenta o cl\u00e1ssico design de casa de gengibre, utilizando padr\u00f5es em relevo e transferidos para retratar vividamente elementos festivos, como portas, janelas e doces, criando uma experi\u00eancia de jantar de Natal rica, alegre e unificada num s\u00f3 lugar.<\/p>\n<table style=\"border-collapse: collapse; width: 338.02pt;\" border=\"0\" width=\"338\" cellspacing=\"0\" cellpadding=\"0\">\n<tbody>\n<tr style=\"height: 18.00pt;\">\n<td class=\"et3\" style=\"height: 18.00pt; width: 124.50pt;\" width=\"124\" height=\"18\">Fabricante<\/td>\n<td class=\"et3\" style=\"width: 214.40pt;\" width=\"214\">Casa amorosa<\/td>\n<\/tr>\n<tr style=\"height: 18.00pt;\">\n<td class=\"et3\" style=\"height: 18.00pt; width: 124.50pt;\" width=\"124\" height=\"18\">Nome da cole\u00e7\u00e3o<\/td>\n<td class=\"et4\" style=\"width: 214.40pt;\" width=\"214\">Aldeia de Gengibre<\/td>\n<\/tr>\n<tr style=\"height: 18.00pt;\">\n<td class=\"et3\" style=\"height: 18.00pt; width: 124.50pt;\" width=\"124\" height=\"18\">Utiliza\u00e7\u00e3o<\/td>\n<td class=\"et3\" style=\"width: 214.40pt;\" width=\"214\">Casa, restaurante, hotel<\/td>\n<\/tr>\n<tr style=\"height: 36.00pt;\">\n<td class=\"et3\" style=\"height: 36.00pt; width: 124.50pt;\" width=\"124\" height=\"36\">Tipo de lou\u00e7a<\/td>\n<td class=\"et3\" style=\"width: 214.40pt;\" width=\"214\">Prato, Conjunto de Tapa, Suporte para Bolo, Caneca<\/td>\n<\/tr>\n<tr style=\"height: 18.00pt;\">\n<td class=\"et3\" style=\"height: 18.00pt; width: 124.50pt;\" width=\"124\" height=\"18\">Material<\/td>\n<td class=\"et3\" style=\"width: 214.40pt;\" width=\"214\">Porcelana dur\u00e1vel<\/td>\n<\/tr>\n<tr style=\"height: 18.00pt;\">\n<td class=\"et3\" style=\"height: 18.00pt; width: 124.50pt;\" width=\"124\" height=\"18\">Dimens\u00e3o<\/td>\n<td class=\"et3\" style=\"width: 214.40pt;\" width=\"214\">Conforme imagem de pormenor<\/td>\n<\/tr>\n<tr style=\"height: 18.00pt;\">\n<td class=\"et3\" style=\"height: 18.00pt; width: 124.50pt;\" width=\"124\" height=\"18\">Unidades de venda<\/td>\n<td class=\"et3\" style=\"width: 214.40pt;\" width=\"214\">Artigo \u00fanico<\/td>\n<\/tr>\n<tr style=\"height: 18.00pt;\">\n<td class=\"et3\" style=\"height: 18.00pt; width: 124.50pt;\" width=\"124\" height=\"18\">MOQ<\/td>\n<td class=\"et3\" style=\"width: 214.40pt;\" width=\"214\">1200 unidades por artigo<\/td>\n<\/tr>\n<tr style=\"height: 18.00pt;\">\n<td class=\"et3\" style=\"height: 18.00pt; width: 124.50pt;\" width=\"124\" height=\"18\">Op\u00e7\u00e3o personalizada<\/td>\n<td class=\"et3\" style=\"width: 214.40pt;\" width=\"214\">Cor\/tamanho\/verniz\/log\u00f3tipo\/embalagem<\/td>\n<\/tr>\n<\/tbody>\n<\/table>","protected":false},"featured_media":5066,"comment_status":"closed","ping_status":"closed","template":"","meta":{"_acf_changed":false},"product_brand":[],"product_cat":[19,52],"product_tag":[37,34,27,26],"class_list":{"0":"post-5065","1":"product","2":"type-product","3":"status-publish","4":"has-post-thumbnail","6":"product_cat-dinnerware-wholesale","7":"product_cat-holiday-tableware-supplier","8":"product_tag-bulk-cake-stands","9":"product_tag-olive-oil-dipping-bowls-wholesale","10":"product_tag-wholesale-tea-cups-and-saucers","11":"product_tag-wholesale-teapots","13":"first","14":"instock","15":"shipping-taxable","16":"product-type-simple"},"acf":[],"_links":{"self":[{"href":"https:\/\/www.lovinghomecollection.com\/pt\/wp-json\/wp\/v2\/product\/5065","targetHints":{"allow":["GET"]}}],"collection":[{"href":"https:\/\/www.lovinghomecollection.com\/pt\/wp-json\/wp\/v2\/product"}],"about":[{"href":"https:\/\/www.lovinghomecollection.com\/pt\/wp-json\/wp\/v2\/types\/product"}],"replies":[{"embeddable":true,"href":"https:\/\/www.lovinghomecollection.com\/pt\/wp-json\/wp\/v2\/comments?post=5065"}],"wp:featuredmedia":[{"embeddable":true,"href":"https:\/\/www.lovinghomecollection.com\/pt\/wp-json\/wp\/v2\/media\/5066"}],"wp:attachment":[{"href":"https:\/\/www.lovinghomecollection.com\/pt\/wp-json\/wp\/v2\/media?parent=5065"}],"wp:term":[{"taxonomy":"product_brand","embeddable":true,"href":"https:\/\/www.lovinghomecollection.com\/pt\/wp-json\/wp\/v2\/product_brand?post=5065"},{"taxonomy":"product_cat","embeddable":true,"href":"https:\/\/www.lovinghomecollection.com\/pt\/wp-json\/wp\/v2\/product_cat?post=5065"},{"taxonomy":"product_tag","embeddable":true,"href":"https:\/\/www.lovinghomecollection.com\/pt\/wp-json\/wp\/v2\/product_tag?post=5065"}],"curies":[{"name":"wp","href":"https:\/\/api.w.org\/{rel}","templated":true}]}}