{"id":5038,"date":"2025-11-05T06:54:02","date_gmt":"2025-11-05T06:54:02","guid":{"rendered":"https:\/\/www.lovinghomecollection.com\/?post_type=product&#038;p=5038"},"modified":"2025-11-20T08:06:59","modified_gmt":"2025-11-20T08:06:59","slug":"wholesale-serveware","status":"publish","type":"product","link":"https:\/\/www.lovinghomecollection.com\/pt\/produto\/wholesale-serveware\/","title":{"rendered":"Novo design por atacado de utens\u00edlios de servir, conjunto de copos e ta\u00e7as de Natal"},"content":{"rendered":"<div class=\"wp-block-columns is-layout-flex wp-container-core-columns-is-layout-9d6595d7 wp-block-columns-is-layout-flex\">\n<div class=\"wp-block-column is-layout-flow wp-block-column-is-layout-flow\" style=\"flex-basis:60%\">\n<h2 class=\"wp-block-heading\">Premium Wholesale Serveware Sets Features:<\/h2>\n\n\n\n<ul class=\"wp-block-list\">\n<li><strong>Original Holiday Theme Design:<\/strong> This wholesale serveware set incorporates delicate shapes like Christmas trees, bells, and flowers, with timeless bright reds and greens, and matte finishes that quickly create a cozy holiday feel, even on the most elegantly dressed table.<\/li>\n\n\n\n<li><strong>Comprehensive Product Range: <\/strong>Our wholesale ceramic tableware collection has total product offerings that include full service for plates, bowls, dishes, cups, baking trays, condiment bottles, and aromatherapy lamps, plus any other varied need in the moment, offering a one stop shop for bulk orders.<\/li>\n\n\n\n<li><strong>Safe Lead-Free Material:<\/strong> Our wholesale serveware collection is food safe certified lead-free glazed ware that is durable and easy to maintain, while aesthetic design also provides health and food safety protection.<\/li>\n\n\n\n<li><strong>Highly Adaptable to Various Scenarios: <\/strong>Our wholesale ceramic tableware set is versatile for everyday dining, holiday banquets, and gift giving. The matte finish surface with bright colors allows the collection to fit in with decor style, adding value to both commercial and home experiences.<\/li>\n<\/ul>\n<\/div>\n\n\n\n<div class=\"wp-block-column is-layout-flow wp-block-column-is-layout-flow\">\n<figure class=\"wp-block-image size-full\"><img decoding=\"async\" width=\"800\" height=\"800\" src=\"https:\/\/www.lovinghomecollection.com\/wp-content\/uploads\/2025\/11\/New-Design-Wholesale-Serveware-Christmas-Plate-Bowl-Cup-Set-1.webp\" alt=\"Novo design por atacado de utens\u00edlios de servir, Conjunto de ta\u00e7as de Natal - 1\" class=\"wp-image-5039\" srcset=\"https:\/\/www.lovinghomecollection.com\/wp-content\/uploads\/2025\/11\/New-Design-Wholesale-Serveware-Christmas-Plate-Bowl-Cup-Set-1.webp 800w, https:\/\/www.lovinghomecollection.com\/wp-content\/uploads\/2025\/11\/New-Design-Wholesale-Serveware-Christmas-Plate-Bowl-Cup-Set-1-300x300.webp 300w, https:\/\/www.lovinghomecollection.com\/wp-content\/uploads\/2025\/11\/New-Design-Wholesale-Serveware-Christmas-Plate-Bowl-Cup-Set-1-150x150.webp 150w, https:\/\/www.lovinghomecollection.com\/wp-content\/uploads\/2025\/11\/New-Design-Wholesale-Serveware-Christmas-Plate-Bowl-Cup-Set-1-768x768.webp 768w, https:\/\/www.lovinghomecollection.com\/wp-content\/uploads\/2025\/11\/New-Design-Wholesale-Serveware-Christmas-Plate-Bowl-Cup-Set-1-12x12.webp 12w, https:\/\/www.lovinghomecollection.com\/wp-content\/uploads\/2025\/11\/New-Design-Wholesale-Serveware-Christmas-Plate-Bowl-Cup-Set-1-600x600.webp 600w, https:\/\/www.lovinghomecollection.com\/wp-content\/uploads\/2025\/11\/New-Design-Wholesale-Serveware-Christmas-Plate-Bowl-Cup-Set-1-100x100.webp 100w\" sizes=\"(max-width: 800px) 100vw, 800px\" \/><\/figure>\n<\/div>\n<\/div>\n\n\n\n<h2 class=\"wp-block-heading has-text-align-center\">Product Display of Earthen Cheer Wholesale Serveware Sets<\/h2>\n\n\n\n<div class=\"wp-block-columns is-layout-flex wp-container-core-columns-is-layout-9d6595d7 wp-block-columns-is-layout-flex\">\n<div class=\"wp-block-column is-layout-flow wp-block-column-is-layout-flow\">\n<figure class=\"wp-block-image size-full\"><img decoding=\"async\" width=\"1715\" height=\"2480\" src=\"https:\/\/www.lovinghomecollection.com\/wp-content\/uploads\/2025\/11\/New-Design-Wholesale-Serveware-Christmas-Plate-Bowl-Cup-Set-18.webp\" alt=\"New Design Wholesale Serveware, Christmas Plate Bowl Cup Set-18\" class=\"wp-image-5639\" srcset=\"https:\/\/www.lovinghomecollection.com\/wp-content\/uploads\/2025\/11\/New-Design-Wholesale-Serveware-Christmas-Plate-Bowl-Cup-Set-18.webp 1715w, https:\/\/www.lovinghomecollection.com\/wp-content\/uploads\/2025\/11\/New-Design-Wholesale-Serveware-Christmas-Plate-Bowl-Cup-Set-18-207x300.webp 207w, https:\/\/www.lovinghomecollection.com\/wp-content\/uploads\/2025\/11\/New-Design-Wholesale-Serveware-Christmas-Plate-Bowl-Cup-Set-18-768x1111.webp 768w, https:\/\/www.lovinghomecollection.com\/wp-content\/uploads\/2025\/11\/New-Design-Wholesale-Serveware-Christmas-Plate-Bowl-Cup-Set-18-8x12.webp 8w, https:\/\/www.lovinghomecollection.com\/wp-content\/uploads\/2025\/11\/New-Design-Wholesale-Serveware-Christmas-Plate-Bowl-Cup-Set-18-1200x1735.webp 1200w, https:\/\/www.lovinghomecollection.com\/wp-content\/uploads\/2025\/11\/New-Design-Wholesale-Serveware-Christmas-Plate-Bowl-Cup-Set-18-600x868.webp 600w\" sizes=\"(max-width: 1715px) 100vw, 1715px\" \/><\/figure>\n<\/div>\n\n\n\n<div class=\"wp-block-column is-layout-flow wp-block-column-is-layout-flow\">\n<figure class=\"wp-block-image size-full\"><img decoding=\"async\" width=\"1711\" height=\"1742\" src=\"https:\/\/www.lovinghomecollection.com\/wp-content\/uploads\/2025\/11\/New-Design-Wholesale-Serveware-Christmas-Plate-Bowl-Cup-Set-19.webp\" alt=\"New Design Wholesale Serveware, Christmas Plate Bowl Cup Set-19\" class=\"wp-image-5640\" srcset=\"https:\/\/www.lovinghomecollection.com\/wp-content\/uploads\/2025\/11\/New-Design-Wholesale-Serveware-Christmas-Plate-Bowl-Cup-Set-19.webp 1711w, https:\/\/www.lovinghomecollection.com\/wp-content\/uploads\/2025\/11\/New-Design-Wholesale-Serveware-Christmas-Plate-Bowl-Cup-Set-19-295x300.webp 295w, https:\/\/www.lovinghomecollection.com\/wp-content\/uploads\/2025\/11\/New-Design-Wholesale-Serveware-Christmas-Plate-Bowl-Cup-Set-19-768x782.webp 768w, https:\/\/www.lovinghomecollection.com\/wp-content\/uploads\/2025\/11\/New-Design-Wholesale-Serveware-Christmas-Plate-Bowl-Cup-Set-19-12x12.webp 12w, https:\/\/www.lovinghomecollection.com\/wp-content\/uploads\/2025\/11\/New-Design-Wholesale-Serveware-Christmas-Plate-Bowl-Cup-Set-19-1200x1222.webp 1200w, https:\/\/www.lovinghomecollection.com\/wp-content\/uploads\/2025\/11\/New-Design-Wholesale-Serveware-Christmas-Plate-Bowl-Cup-Set-19-600x611.webp 600w\" sizes=\"(max-width: 1711px) 100vw, 1711px\" \/><\/figure>\n<\/div>\n<\/div>","protected":false},"excerpt":{"rendered":"<p>Descubra a loi\u00e7a de qualidade superior para servir no Natal. O nosso conjunto de loi\u00e7a de cer\u00e2mica com tema natal\u00edcio Earthen Cheer apresenta vermelhos e verdes brilhantes, com acabamentos mate, e foi redesenhado com casti\u00e7ais, candeeiros de aromaterapia e outras pe\u00e7as variadas.<\/p>\n<table style=\"border-collapse: collapse; width: 338.02pt;\" border=\"0\" width=\"338\" cellspacing=\"0\" cellpadding=\"0\">\n<tbody>\n<tr style=\"height: 18.00pt;\">\n<td class=\"et3\" style=\"height: 18.00pt; width: 124.50pt;\" width=\"124\" height=\"18\">Fabricante<\/td>\n<td class=\"et3\" style=\"width: 214.40pt;\" width=\"214\">Casa amorosa<\/td>\n<\/tr>\n<tr style=\"height: 18.00pt;\">\n<td class=\"et3\" style=\"height: 18.00pt; width: 124.50pt;\" width=\"124\" height=\"18\">Nome da cole\u00e7\u00e3o<\/td>\n<td class=\"et4\" style=\"width: 214.40pt;\" width=\"214\">Alegria Terrena<\/td>\n<\/tr>\n<tr style=\"height: 18.00pt;\">\n<td class=\"et3\" style=\"height: 18.00pt; width: 124.50pt;\" width=\"124\" height=\"18\">Utiliza\u00e7\u00e3o<\/td>\n<td class=\"et3\" style=\"width: 214.40pt;\" width=\"214\">Casa, restaurante, hotel<\/td>\n<\/tr>\n<tr style=\"height: 36.00pt;\">\n<td class=\"et3\" style=\"height: 36.00pt; width: 124.50pt;\" width=\"124\" height=\"36\">Tipo de lou\u00e7a<\/td>\n<td class=\"et3\" style=\"width: 214.40pt;\" width=\"214\">Prato, ta\u00e7a, bule, batedeira, pote de a\u00e7\u00facar, ch\u00e1vena e pires, caneca, suporte para bolos<\/td>\n<\/tr>\n<tr style=\"height: 18.00pt;\">\n<td class=\"et3\" style=\"height: 18.00pt; width: 124.50pt;\" width=\"124\" height=\"18\">Material<\/td>\n<td class=\"et3\" style=\"width: 214.40pt;\" width=\"214\">Porcelana dur\u00e1vel<\/td>\n<\/tr>\n<tr style=\"height: 18.00pt;\">\n<td class=\"et3\" style=\"height: 18.00pt; width: 124.50pt;\" width=\"124\" height=\"18\">Dimens\u00e3o<\/td>\n<td class=\"et3\" style=\"width: 214.40pt;\" width=\"214\">Conforme imagem de pormenor<\/td>\n<\/tr>\n<tr style=\"height: 18.00pt;\">\n<td class=\"et3\" style=\"height: 18.00pt; width: 124.50pt;\" width=\"124\" height=\"18\">Unidades de venda<\/td>\n<td class=\"et3\" style=\"width: 214.40pt;\" width=\"214\">Artigo \u00fanico<\/td>\n<\/tr>\n<tr style=\"height: 18.00pt;\">\n<td class=\"et3\" style=\"height: 18.00pt; width: 124.50pt;\" width=\"124\" height=\"18\">MOQ<\/td>\n<td class=\"et3\" style=\"width: 214.40pt;\" width=\"214\">1200 unidades por artigo<\/td>\n<\/tr>\n<tr style=\"height: 18.00pt;\">\n<td class=\"et3\" style=\"height: 18.00pt; width: 124.50pt;\" width=\"124\" height=\"18\">Op\u00e7\u00e3o personalizada<\/td>\n<td class=\"et3\" style=\"width: 214.40pt;\" width=\"214\">Cor\/tamanho\/verniz\/log\u00f3tipo\/embalagem<\/td>\n<\/tr>\n<\/tbody>\n<\/table>","protected":false},"featured_media":5636,"comment_status":"closed","ping_status":"closed","template":"","meta":{"_acf_changed":false},"product_brand":[],"product_cat":[19,52],"product_tag":[25,41,39,34,27,26],"class_list":{"0":"post-5038","1":"product","2":"type-product","3":"status-publish","4":"has-post-thumbnail","6":"product_cat-dinnerware-wholesale","7":"product_cat-holiday-tableware-supplier","8":"product_tag-wholesale-plates-and-bowls","9":"product_tag-salt-and-pepper-shakers-bulk","10":"product_tag-sugar-jars-wholesale","11":"product_tag-olive-oil-dipping-bowls-wholesale","12":"product_tag-wholesale-tea-cups-and-saucers","13":"product_tag-wholesale-teapots","15":"first","16":"instock","17":"shipping-taxable","18":"product-type-simple"},"acf":[],"_links":{"self":[{"href":"https:\/\/www.lovinghomecollection.com\/pt\/wp-json\/wp\/v2\/product\/5038","targetHints":{"allow":["GET"]}}],"collection":[{"href":"https:\/\/www.lovinghomecollection.com\/pt\/wp-json\/wp\/v2\/product"}],"about":[{"href":"https:\/\/www.lovinghomecollection.com\/pt\/wp-json\/wp\/v2\/types\/product"}],"replies":[{"embeddable":true,"href":"https:\/\/www.lovinghomecollection.com\/pt\/wp-json\/wp\/v2\/comments?post=5038"}],"wp:featuredmedia":[{"embeddable":true,"href":"https:\/\/www.lovinghomecollection.com\/pt\/wp-json\/wp\/v2\/media\/5636"}],"wp:attachment":[{"href":"https:\/\/www.lovinghomecollection.com\/pt\/wp-json\/wp\/v2\/media?parent=5038"}],"wp:term":[{"taxonomy":"product_brand","embeddable":true,"href":"https:\/\/www.lovinghomecollection.com\/pt\/wp-json\/wp\/v2\/product_brand?post=5038"},{"taxonomy":"product_cat","embeddable":true,"href":"https:\/\/www.lovinghomecollection.com\/pt\/wp-json\/wp\/v2\/product_cat?post=5038"},{"taxonomy":"product_tag","embeddable":true,"href":"https:\/\/www.lovinghomecollection.com\/pt\/wp-json\/wp\/v2\/product_tag?post=5038"}],"curies":[{"name":"wp","href":"https:\/\/api.w.org\/{rel}","templated":true}]}}