{"id":4841,"date":"2025-09-23T07:45:06","date_gmt":"2025-09-23T07:45:06","guid":{"rendered":"https:\/\/www.lovinghomecollection.com\/?post_type=product&#038;p=4841"},"modified":"2025-11-17T09:13:38","modified_gmt":"2025-11-17T09:13:38","slug":"color-dinner-set-wholesale","status":"publish","type":"product","link":"https:\/\/www.lovinghomecollection.com\/pt\/produto\/color-dinner-set-wholesale\/","title":{"rendered":"Conjunto de jantar colorido por atacado com padr\u00f5es de rostos de \u00f3pera chinesa"},"content":{"rendered":"<div class=\"wp-block-columns is-layout-flex wp-container-core-columns-is-layout-9d6595d7 wp-block-columns-is-layout-flex\">\n<div class=\"wp-block-column is-layout-flow wp-block-column-is-layout-flow\" style=\"flex-basis:60%\">\n<h2 class=\"wp-block-heading\">Conjunto de jantar de cor premium Carater\u00edsticas por atacado:<\/h2>\n\n\n\n<ul class=\"wp-block-list\">\n<li><strong>Patrim\u00f3nio Cultural Imaterial da \u00d3pera Maquilhagem facial: <\/strong>Este servi\u00e7o de jantar colorido por atacado \u00e9 inspirado na maquilhagem facial cl\u00e1ssica da \u00d3pera de Pequim, com cores e padr\u00f5es diferentes que correspondem a personagens espec\u00edficas, conferindo aos utens\u00edlios de mesa uma narrativa cultural profunda.<\/li>\n\n\n\n<li><strong>Artesanato pintado \u00e0 m\u00e3o e colecionismo art\u00edstico: <\/strong>Estas lou\u00e7as de porcelana a granel s\u00e3o fabricadas com t\u00e9cnicas de desenho e colora\u00e7\u00e3o \u00e0 m\u00e3o que proporcionam aplica\u00e7\u00f5es delicadas de pinceladas com cores vibrantes, o que significa que cada pe\u00e7a pode ser vista como um objeto de cole\u00e7\u00e3o funcional e art\u00edstico.<\/li>\n\n\n\n<li><strong>Material cer\u00e2mico refor\u00e7ado e desempenho pr\u00e1tico: <\/strong>O nosso servi\u00e7o de jantar a cores por atacado \u00e9 cozido a 1280\u00b0C, resultando numa porcelana de alta densidade e num esmalte resistente ao desgaste. Podem ser utilizados no micro-ondas e na m\u00e1quina de lavar lou\u00e7a, satisfazendo as exig\u00eancias de efici\u00eancia e durabilidade das refei\u00e7\u00f5es modernas.<\/li>\n\n\n\n<li><strong>Conjunto completo e adaptabilidade tem\u00e1tica: <\/strong>A nossa loi\u00e7a de porcelana a granel inclui pratos redondos, tigelas de sopa, pratos de condimentos e muito mais. Todos os artigos mant\u00eam um tema de \u00f3pera unificado, criando facilmente uma experi\u00eancia gastron\u00f3mica cultural imersiva.<\/li>\n\n\n\n<li><strong>Venda por grosso personalizada e apoio \u00e0 promo\u00e7\u00e3o cultural: <\/strong>Este conjunto de jantar a cores por atacado suporta a grava\u00e7\u00e3o do log\u00f3tipo da empresa, embalagens de oferta personalizadas e materiais de marketing que incorporam informa\u00e7\u00f5es sobre o contexto cultural da \u00f3pera, ajudando os clientes a criar uma linha de produtos de PI cultural diferenciada.<\/li>\n<\/ul>\n<\/div>\n\n\n\n<div class=\"wp-block-column is-layout-flow wp-block-column-is-layout-flow\">\n<figure class=\"wp-block-image size-full\"><img decoding=\"async\" width=\"1200\" height=\"1200\" src=\"https:\/\/www.lovinghomecollection.com\/wp-content\/uploads\/2025\/09\/Color-Dinner-Set-Wholesale-With-Chinese-Opera-Faces-Patterns-4.webp\" alt=\"Conjunto de jantar colorido por atacado com padr\u00f5es de rostos de \u00f3pera chinesa-4\" class=\"wp-image-4845\" srcset=\"https:\/\/www.lovinghomecollection.com\/wp-content\/uploads\/2025\/09\/Color-Dinner-Set-Wholesale-With-Chinese-Opera-Faces-Patterns-4.webp 1200w, https:\/\/www.lovinghomecollection.com\/wp-content\/uploads\/2025\/09\/Color-Dinner-Set-Wholesale-With-Chinese-Opera-Faces-Patterns-4-300x300.webp 300w, https:\/\/www.lovinghomecollection.com\/wp-content\/uploads\/2025\/09\/Color-Dinner-Set-Wholesale-With-Chinese-Opera-Faces-Patterns-4-150x150.webp 150w, https:\/\/www.lovinghomecollection.com\/wp-content\/uploads\/2025\/09\/Color-Dinner-Set-Wholesale-With-Chinese-Opera-Faces-Patterns-4-768x768.webp 768w, https:\/\/www.lovinghomecollection.com\/wp-content\/uploads\/2025\/09\/Color-Dinner-Set-Wholesale-With-Chinese-Opera-Faces-Patterns-4-12x12.webp 12w, https:\/\/www.lovinghomecollection.com\/wp-content\/uploads\/2025\/09\/Color-Dinner-Set-Wholesale-With-Chinese-Opera-Faces-Patterns-4-600x600.webp 600w, https:\/\/www.lovinghomecollection.com\/wp-content\/uploads\/2025\/09\/Color-Dinner-Set-Wholesale-With-Chinese-Opera-Faces-Patterns-4-100x100.webp 100w\" sizes=\"(max-width: 1200px) 100vw, 1200px\" \/><\/figure>\n<\/div>\n<\/div>\n\n\n\n<h2 class=\"wp-block-heading has-text-align-center\">Apresenta\u00e7\u00e3o do produto Conjunto de jantar colorido Opera Faces por atacado<\/h2>\n\n\n\n<div class=\"wp-block-columns is-layout-flex wp-container-core-columns-is-layout-9d6595d7 wp-block-columns-is-layout-flex\">\n<div class=\"wp-block-column is-layout-flow wp-block-column-is-layout-flow\">\n<figure class=\"wp-block-image size-full\"><img decoding=\"async\" width=\"1754\" height=\"1240\" src=\"https:\/\/www.lovinghomecollection.com\/wp-content\/uploads\/2025\/09\/Color-Dinner-Set-Wholesale-With-Chinese-Opera-Faces-Patterns-9.webp\" alt=\"Conjunto de jantar colorido por atacado com padr\u00f5es de rostos de \u00f3pera chinesa-9\" class=\"wp-image-4850\" srcset=\"https:\/\/www.lovinghomecollection.com\/wp-content\/uploads\/2025\/09\/Color-Dinner-Set-Wholesale-With-Chinese-Opera-Faces-Patterns-9.webp 1754w, https:\/\/www.lovinghomecollection.com\/wp-content\/uploads\/2025\/09\/Color-Dinner-Set-Wholesale-With-Chinese-Opera-Faces-Patterns-9-300x212.webp 300w, https:\/\/www.lovinghomecollection.com\/wp-content\/uploads\/2025\/09\/Color-Dinner-Set-Wholesale-With-Chinese-Opera-Faces-Patterns-9-768x543.webp 768w, https:\/\/www.lovinghomecollection.com\/wp-content\/uploads\/2025\/09\/Color-Dinner-Set-Wholesale-With-Chinese-Opera-Faces-Patterns-9-18x12.webp 18w, https:\/\/www.lovinghomecollection.com\/wp-content\/uploads\/2025\/09\/Color-Dinner-Set-Wholesale-With-Chinese-Opera-Faces-Patterns-9-1200x848.webp 1200w, https:\/\/www.lovinghomecollection.com\/wp-content\/uploads\/2025\/09\/Color-Dinner-Set-Wholesale-With-Chinese-Opera-Faces-Patterns-9-600x424.webp 600w\" sizes=\"(max-width: 1754px) 100vw, 1754px\" \/><\/figure>\n<\/div>\n\n\n\n<div class=\"wp-block-column is-layout-flow wp-block-column-is-layout-flow\">\n<figure class=\"wp-block-image size-full\"><img decoding=\"async\" width=\"1754\" height=\"1240\" src=\"https:\/\/www.lovinghomecollection.com\/wp-content\/uploads\/2025\/09\/Color-Dinner-Set-Wholesale-With-Chinese-Opera-Faces-Patterns-10.webp\" alt=\"Conjunto de jantar colorido por atacado com padr\u00f5es de rostos de \u00f3pera chinesa-10\" class=\"wp-image-4851\" srcset=\"https:\/\/www.lovinghomecollection.com\/wp-content\/uploads\/2025\/09\/Color-Dinner-Set-Wholesale-With-Chinese-Opera-Faces-Patterns-10.webp 1754w, https:\/\/www.lovinghomecollection.com\/wp-content\/uploads\/2025\/09\/Color-Dinner-Set-Wholesale-With-Chinese-Opera-Faces-Patterns-10-300x212.webp 300w, https:\/\/www.lovinghomecollection.com\/wp-content\/uploads\/2025\/09\/Color-Dinner-Set-Wholesale-With-Chinese-Opera-Faces-Patterns-10-768x543.webp 768w, https:\/\/www.lovinghomecollection.com\/wp-content\/uploads\/2025\/09\/Color-Dinner-Set-Wholesale-With-Chinese-Opera-Faces-Patterns-10-18x12.webp 18w, https:\/\/www.lovinghomecollection.com\/wp-content\/uploads\/2025\/09\/Color-Dinner-Set-Wholesale-With-Chinese-Opera-Faces-Patterns-10-1200x848.webp 1200w, https:\/\/www.lovinghomecollection.com\/wp-content\/uploads\/2025\/09\/Color-Dinner-Set-Wholesale-With-Chinese-Opera-Faces-Patterns-10-600x424.webp 600w\" sizes=\"(max-width: 1754px) 100vw, 1754px\" \/><\/figure>\n<\/div>\n<\/div>","protected":false},"excerpt":{"rendered":"<p>Bem-vindo \u00e0 compra de loi\u00e7a de porcelana a granel. Este conjunto de jantar colorido por atacado combina lindamente os elementos tradicionais de maquilhagem facial da \u00f3pera chinesa com o design moderno de lou\u00e7a de jantar, que apresentar\u00e1 o seu charme de estilo oriental.<\/p>\n<table style=\"border-collapse: collapse; width: 338.02pt;\" border=\"0\" width=\"338\" cellspacing=\"0\" cellpadding=\"0\">\n<tbody>\n<tr style=\"height: 18.00pt;\">\n<td class=\"et3\" style=\"height: 18.00pt; width: 124.50pt;\" width=\"124\" height=\"18\">Fabricante<\/td>\n<td class=\"et3\" style=\"width: 214.40pt;\" width=\"214\">Casa amorosa<\/td>\n<\/tr>\n<tr style=\"height: 18.00pt;\">\n<td class=\"et3\" style=\"height: 18.00pt; width: 124.50pt;\" width=\"124\" height=\"18\">Nome da cole\u00e7\u00e3o<\/td>\n<td class=\"et4\" style=\"width: 214.40pt;\" width=\"214\">Rostos da \u00f3pera<\/td>\n<\/tr>\n<tr style=\"height: 18.00pt;\">\n<td class=\"et3\" style=\"height: 18.00pt; width: 124.50pt;\" width=\"124\" height=\"18\">Utiliza\u00e7\u00e3o<\/td>\n<td class=\"et3\" style=\"width: 214.40pt;\" width=\"214\">Casa, restaurante, hotel<\/td>\n<\/tr>\n<tr style=\"height: 36.00pt;\">\n<td class=\"et3\" style=\"height: 36.00pt; width: 124.50pt;\" width=\"124\" height=\"36\">Tipo de lou\u00e7a<\/td>\n<td class=\"et3\" style=\"width: 214.40pt;\" width=\"214\">Prato, ta\u00e7a, bule, leiteira, a\u00e7ucareiro, ch\u00e1vena e pires, caneca<\/td>\n<\/tr>\n<tr style=\"height: 18.00pt;\">\n<td class=\"et3\" style=\"height: 18.00pt; width: 124.50pt;\" width=\"124\" height=\"18\">Material<\/td>\n<td class=\"et3\" style=\"width: 214.40pt;\" width=\"214\">Porcelana dur\u00e1vel<\/td>\n<\/tr>\n<tr style=\"height: 18.00pt;\">\n<td class=\"et3\" style=\"height: 18.00pt; width: 124.50pt;\" width=\"124\" height=\"18\">Dimens\u00e3o<\/td>\n<td class=\"et3\" style=\"width: 214.40pt;\" width=\"214\">Conforme imagem de pormenor<\/td>\n<\/tr>\n<tr style=\"height: 18.00pt;\">\n<td class=\"et3\" style=\"height: 18.00pt; width: 124.50pt;\" width=\"124\" height=\"18\">Unidades de venda<\/td>\n<td class=\"et3\" style=\"width: 214.40pt;\" width=\"214\">Artigo \u00fanico<\/td>\n<\/tr>\n<tr style=\"height: 18.00pt;\">\n<td class=\"et3\" style=\"height: 18.00pt; width: 124.50pt;\" width=\"124\" height=\"18\">MOQ<\/td>\n<td class=\"et3\" style=\"width: 214.40pt;\" width=\"214\">1200 unidades por artigo<\/td>\n<\/tr>\n<tr style=\"height: 18.00pt;\">\n<td class=\"et3\" style=\"height: 18.00pt; width: 124.50pt;\" width=\"124\" height=\"18\">Op\u00e7\u00e3o personalizada<\/td>\n<td class=\"et3\" style=\"width: 214.40pt;\" width=\"214\">Cor\/tamanho\/verniz\/log\u00f3tipo\/embalagem<\/td>\n<\/tr>\n<\/tbody>\n<\/table>","protected":false},"featured_media":4843,"comment_status":"closed","ping_status":"closed","template":"","meta":{"_acf_changed":false},"product_brand":[],"product_cat":[19],"product_tag":[25,39,27,26],"class_list":{"0":"post-4841","1":"product","2":"type-product","3":"status-publish","4":"has-post-thumbnail","6":"product_cat-dinnerware-wholesale","7":"product_tag-wholesale-plates-and-bowls","8":"product_tag-sugar-jars-wholesale","9":"product_tag-wholesale-tea-cups-and-saucers","10":"product_tag-wholesale-teapots","12":"first","13":"instock","14":"shipping-taxable","15":"product-type-simple"},"acf":[],"_links":{"self":[{"href":"https:\/\/www.lovinghomecollection.com\/pt\/wp-json\/wp\/v2\/product\/4841","targetHints":{"allow":["GET"]}}],"collection":[{"href":"https:\/\/www.lovinghomecollection.com\/pt\/wp-json\/wp\/v2\/product"}],"about":[{"href":"https:\/\/www.lovinghomecollection.com\/pt\/wp-json\/wp\/v2\/types\/product"}],"replies":[{"embeddable":true,"href":"https:\/\/www.lovinghomecollection.com\/pt\/wp-json\/wp\/v2\/comments?post=4841"}],"wp:featuredmedia":[{"embeddable":true,"href":"https:\/\/www.lovinghomecollection.com\/pt\/wp-json\/wp\/v2\/media\/4843"}],"wp:attachment":[{"href":"https:\/\/www.lovinghomecollection.com\/pt\/wp-json\/wp\/v2\/media?parent=4841"}],"wp:term":[{"taxonomy":"product_brand","embeddable":true,"href":"https:\/\/www.lovinghomecollection.com\/pt\/wp-json\/wp\/v2\/product_brand?post=4841"},{"taxonomy":"product_cat","embeddable":true,"href":"https:\/\/www.lovinghomecollection.com\/pt\/wp-json\/wp\/v2\/product_cat?post=4841"},{"taxonomy":"product_tag","embeddable":true,"href":"https:\/\/www.lovinghomecollection.com\/pt\/wp-json\/wp\/v2\/product_tag?post=4841"}],"curies":[{"name":"wp","href":"https:\/\/api.w.org\/{rel}","templated":true}]}}