{"id":4830,"date":"2025-09-23T07:07:14","date_gmt":"2025-09-23T07:07:14","guid":{"rendered":"https:\/\/www.lovinghomecollection.com\/?post_type=product&#038;p=4830"},"modified":"2026-01-30T09:21:00","modified_gmt":"2026-01-30T09:21:00","slug":"colorful-dinner-set-wholesale","status":"publish","type":"product","link":"https:\/\/www.lovinghomecollection.com\/pt\/produto\/colorful-dinner-set-wholesale\/","title":{"rendered":"Conjunto de jantar colorido por atacado, lou\u00e7a de mesa com flores pintadas \u00e0 m\u00e3o"},"content":{"rendered":"<div class=\"wp-block-columns is-layout-flex wp-container-core-columns-is-layout-9d6595d7 wp-block-columns-is-layout-flex\">\n<div class=\"wp-block-column is-layout-flow wp-block-column-is-layout-flow\" style=\"flex-basis:60%\">\n<h2 class=\"wp-block-heading\">Conjunto de jantar colorido Premium Carater\u00edsticas por atacado:<\/h2>\n\n\n\n<ul class=\"wp-block-list\">\n<li><strong>Textura art\u00edstica em aguarela pintada \u00e0 m\u00e3o: <\/strong>O nosso conjunto de jantar colorido por atacado \u00e9 pintado artesanalmente com padr\u00f5es florais, criando um efeito de gradiente de aguarela natural e vibrante, tornando os utens\u00edlios de mesa coleccion\u00e1veis e pr\u00e1ticos.<\/li>\n\n\n\n<li><strong>Coordena\u00e7\u00e3o de formato completo: <\/strong>A nossa loi\u00e7a a granel oferece mais de 10 formas, incluindo pratos de jantar, tigelas de sopa e ch\u00e1venas de ch\u00e1, todos com uma cor e um padr\u00e3o consistentes, tornando-os f\u00e1ceis de coordenar com qualquer mesa de jantar.<\/li>\n\n\n\n<li><strong>Porcelana de alta qualidade:<\/strong> Este colorido conjunto de jantar por atacado \u00e9 feito de barro de porcelana refor\u00e7ado a alta temperatura, resultando numa textura fina e duradoura. Pode ser utilizado no micro-ondas, na m\u00e1quina de lavar lou\u00e7a e no forno, assegurando um aspeto est\u00e9tico e uma durabilidade quotidiana.<\/li>\n\n\n\n<li><strong>Coordena\u00e7\u00e3o de temas de v\u00e1rias cores: <\/strong>A nossa loi\u00e7a a granel oferece uma variedade de op\u00e7\u00f5es de cores, cada uma com um padr\u00e3o floral de coordena\u00e7\u00e3o para satisfazer diversas necessidades de decora\u00e7\u00e3o.<\/li>\n\n\n\n<li><strong>Solu\u00e7\u00f5es por atacado e personalizadas: <\/strong>O nosso conjunto de jantar colorido por atacado suporta o log\u00f3tipo, a personaliza\u00e7\u00e3o da embalagem e a aquisi\u00e7\u00e3o mista, fornecendo solu\u00e7\u00f5es de fornecimento flex\u00edveis desde pequenos conjuntos de oferta at\u00e9 \u00e0 aquisi\u00e7\u00e3o de grandes hot\u00e9is.<\/li>\n<\/ul>\n<\/div>\n\n\n\n<div class=\"wp-block-column is-layout-flow wp-block-column-is-layout-flow\">\n<figure class=\"wp-block-image size-full\"><img decoding=\"async\" width=\"1200\" height=\"1200\" src=\"https:\/\/www.lovinghomecollection.com\/wp-content\/uploads\/2025\/09\/Colorful-Dinner-Set-Wholesale-Hand-Painted-Flower-Tableware-7.webp\" alt=\"Conjunto de jantar colorido por grosso, lou\u00e7a com flores pintadas \u00e0 m\u00e3o-7\" class=\"wp-image-4837\" srcset=\"https:\/\/www.lovinghomecollection.com\/wp-content\/uploads\/2025\/09\/Colorful-Dinner-Set-Wholesale-Hand-Painted-Flower-Tableware-7.webp 1200w, https:\/\/www.lovinghomecollection.com\/wp-content\/uploads\/2025\/09\/Colorful-Dinner-Set-Wholesale-Hand-Painted-Flower-Tableware-7-300x300.webp 300w, https:\/\/www.lovinghomecollection.com\/wp-content\/uploads\/2025\/09\/Colorful-Dinner-Set-Wholesale-Hand-Painted-Flower-Tableware-7-150x150.webp 150w, https:\/\/www.lovinghomecollection.com\/wp-content\/uploads\/2025\/09\/Colorful-Dinner-Set-Wholesale-Hand-Painted-Flower-Tableware-7-768x768.webp 768w, https:\/\/www.lovinghomecollection.com\/wp-content\/uploads\/2025\/09\/Colorful-Dinner-Set-Wholesale-Hand-Painted-Flower-Tableware-7-12x12.webp 12w, https:\/\/www.lovinghomecollection.com\/wp-content\/uploads\/2025\/09\/Colorful-Dinner-Set-Wholesale-Hand-Painted-Flower-Tableware-7-600x600.webp 600w, https:\/\/www.lovinghomecollection.com\/wp-content\/uploads\/2025\/09\/Colorful-Dinner-Set-Wholesale-Hand-Painted-Flower-Tableware-7-100x100.webp 100w\" sizes=\"(max-width: 1200px) 100vw, 1200px\" \/><\/figure>\n<\/div>\n<\/div>\n\n\n\n<h2 class=\"wp-block-heading has-text-align-center\">Apresenta\u00e7\u00e3o do produto Conjunto de jantar colorido Aquarelle Garden por atacado<\/h2>\n\n\n\n<div class=\"wp-block-columns is-layout-flex wp-container-core-columns-is-layout-9d6595d7 wp-block-columns-is-layout-flex\">\n<div class=\"wp-block-column is-layout-flow wp-block-column-is-layout-flow\">\n<figure class=\"wp-block-image size-full\"><img decoding=\"async\" width=\"1754\" height=\"1240\" src=\"https:\/\/www.lovinghomecollection.com\/wp-content\/uploads\/2025\/09\/Colorful-Dinner-Set-Wholesale-Hand-Painted-Flower-Tableware-8.webp\" alt=\"Conjunto de jantar colorido por atacado, talheres de flores pintados \u00e0 m\u00e3o-8\" class=\"wp-image-4838\" srcset=\"https:\/\/www.lovinghomecollection.com\/wp-content\/uploads\/2025\/09\/Colorful-Dinner-Set-Wholesale-Hand-Painted-Flower-Tableware-8.webp 1754w, https:\/\/www.lovinghomecollection.com\/wp-content\/uploads\/2025\/09\/Colorful-Dinner-Set-Wholesale-Hand-Painted-Flower-Tableware-8-300x212.webp 300w, https:\/\/www.lovinghomecollection.com\/wp-content\/uploads\/2025\/09\/Colorful-Dinner-Set-Wholesale-Hand-Painted-Flower-Tableware-8-768x543.webp 768w, https:\/\/www.lovinghomecollection.com\/wp-content\/uploads\/2025\/09\/Colorful-Dinner-Set-Wholesale-Hand-Painted-Flower-Tableware-8-18x12.webp 18w, https:\/\/www.lovinghomecollection.com\/wp-content\/uploads\/2025\/09\/Colorful-Dinner-Set-Wholesale-Hand-Painted-Flower-Tableware-8-1200x848.webp 1200w, https:\/\/www.lovinghomecollection.com\/wp-content\/uploads\/2025\/09\/Colorful-Dinner-Set-Wholesale-Hand-Painted-Flower-Tableware-8-600x424.webp 600w\" sizes=\"(max-width: 1754px) 100vw, 1754px\" \/><\/figure>\n<\/div>\n\n\n\n<div class=\"wp-block-column is-layout-flow wp-block-column-is-layout-flow\">\n<figure class=\"wp-block-image size-full\"><img decoding=\"async\" width=\"1754\" height=\"1240\" src=\"https:\/\/www.lovinghomecollection.com\/wp-content\/uploads\/2025\/09\/Colorful-Dinner-Set-Wholesale-Hand-Painted-Flower-Tableware-9.webp\" alt=\"Conjunto de jantar colorido por atacado, lou\u00e7a de mesa com flores pintadas \u00e0 m\u00e3o-9\" class=\"wp-image-4839\" srcset=\"https:\/\/www.lovinghomecollection.com\/wp-content\/uploads\/2025\/09\/Colorful-Dinner-Set-Wholesale-Hand-Painted-Flower-Tableware-9.webp 1754w, https:\/\/www.lovinghomecollection.com\/wp-content\/uploads\/2025\/09\/Colorful-Dinner-Set-Wholesale-Hand-Painted-Flower-Tableware-9-300x212.webp 300w, https:\/\/www.lovinghomecollection.com\/wp-content\/uploads\/2025\/09\/Colorful-Dinner-Set-Wholesale-Hand-Painted-Flower-Tableware-9-768x543.webp 768w, https:\/\/www.lovinghomecollection.com\/wp-content\/uploads\/2025\/09\/Colorful-Dinner-Set-Wholesale-Hand-Painted-Flower-Tableware-9-18x12.webp 18w, https:\/\/www.lovinghomecollection.com\/wp-content\/uploads\/2025\/09\/Colorful-Dinner-Set-Wholesale-Hand-Painted-Flower-Tableware-9-1200x848.webp 1200w, https:\/\/www.lovinghomecollection.com\/wp-content\/uploads\/2025\/09\/Colorful-Dinner-Set-Wholesale-Hand-Painted-Flower-Tableware-9-600x424.webp 600w\" sizes=\"(max-width: 1754px) 100vw, 1754px\" \/><\/figure>\n<\/div>\n<\/div>","protected":false},"excerpt":{"rendered":"<p>Bem-vindo \u00e0 compra de loi\u00e7a a granel. O nosso conjunto de jantar colorido por atacado, com belos desenhos florais pintados \u00e0 m\u00e3o, \u00e9 \u00fanico e art\u00edstico. Fornecemos uma grande variedade de formas e cores, desde pratos de jantar e tigelas de sopa individuais a canecas.<\/p>\n<table style=\"border-collapse: collapse; width: 338.02pt;\" border=\"0\" width=\"338\" cellspacing=\"0\" cellpadding=\"0\">\n<tbody>\n<tr style=\"height: 18.00pt;\">\n<td class=\"et3\" style=\"height: 18.00pt; width: 124.50pt;\" width=\"124\" height=\"18\">Fabricante<\/td>\n<td class=\"et3\" style=\"width: 214.40pt;\" width=\"214\">Casa amorosa<\/td>\n<\/tr>\n<tr style=\"height: 18.00pt;\">\n<td class=\"et3\" style=\"height: 18.00pt; width: 124.50pt;\" width=\"124\" height=\"18\">Nome da cole\u00e7\u00e3o<\/td>\n<td class=\"et4\" style=\"width: 214.40pt;\" width=\"214\">Jardim Aquarelle<\/td>\n<\/tr>\n<tr style=\"height: 18.00pt;\">\n<td class=\"et3\" style=\"height: 18.00pt; width: 124.50pt;\" width=\"124\" height=\"18\">Utiliza\u00e7\u00e3o<\/td>\n<td class=\"et3\" style=\"width: 214.40pt;\" width=\"214\">Casa, restaurante, hotel<\/td>\n<\/tr>\n<tr style=\"height: 36.00pt;\">\n<td class=\"et3\" style=\"height: 36.00pt; width: 124.50pt;\" width=\"124\" height=\"36\">Tipo de lou\u00e7a<\/td>\n<td class=\"et3\" style=\"width: 214.40pt;\" width=\"214\">Prato, tigela, suporte para bolos, ch\u00e1vena e pires, caneca<\/td>\n<\/tr>\n<tr style=\"height: 18.00pt;\">\n<td class=\"et3\" style=\"height: 18.00pt; width: 124.50pt;\" width=\"124\" height=\"18\">Material<\/td>\n<td class=\"et3\" style=\"width: 214.40pt;\" width=\"214\">Porcelana dur\u00e1vel<\/td>\n<\/tr>\n<tr style=\"height: 18.00pt;\">\n<td class=\"et3\" style=\"height: 18.00pt; width: 124.50pt;\" width=\"124\" height=\"18\">Dimens\u00e3o<\/td>\n<td class=\"et3\" style=\"width: 214.40pt;\" width=\"214\">Conforme imagem de pormenor<\/td>\n<\/tr>\n<tr style=\"height: 18.00pt;\">\n<td class=\"et3\" style=\"height: 18.00pt; width: 124.50pt;\" width=\"124\" height=\"18\">Unidades de venda<\/td>\n<td class=\"et3\" style=\"width: 214.40pt;\" width=\"214\">Artigo \u00fanico<\/td>\n<\/tr>\n<tr style=\"height: 18.00pt;\">\n<td class=\"et3\" style=\"height: 18.00pt; width: 124.50pt;\" width=\"124\" height=\"18\">MOQ<\/td>\n<td class=\"et3\" style=\"width: 214.40pt;\" width=\"214\">1200 unidades por artigo<\/td>\n<\/tr>\n<tr style=\"height: 18.00pt;\">\n<td class=\"et3\" style=\"height: 18.00pt; width: 124.50pt;\" width=\"124\" height=\"18\">Op\u00e7\u00e3o personalizada<\/td>\n<td class=\"et3\" style=\"width: 214.40pt;\" width=\"214\">Cor\/tamanho\/verniz\/log\u00f3tipo\/embalagem<\/td>\n<\/tr>\n<\/tbody>\n<\/table>","protected":false},"featured_media":4840,"comment_status":"closed","ping_status":"closed","template":"","meta":{"_acf_changed":false},"product_brand":[],"product_cat":[19,47],"product_tag":[37,25,27],"class_list":{"0":"post-4830","1":"product","2":"type-product","3":"status-publish","4":"has-post-thumbnail","6":"product_cat-dinnerware-wholesale","7":"product_cat-lightweight-dinnerware-supplier","8":"product_tag-bulk-cake-stands","9":"product_tag-wholesale-plates-and-bowls","10":"product_tag-wholesale-tea-cups-and-saucers","12":"first","13":"instock","14":"shipping-taxable","15":"product-type-simple"},"acf":[],"_links":{"self":[{"href":"https:\/\/www.lovinghomecollection.com\/pt\/wp-json\/wp\/v2\/product\/4830","targetHints":{"allow":["GET"]}}],"collection":[{"href":"https:\/\/www.lovinghomecollection.com\/pt\/wp-json\/wp\/v2\/product"}],"about":[{"href":"https:\/\/www.lovinghomecollection.com\/pt\/wp-json\/wp\/v2\/types\/product"}],"replies":[{"embeddable":true,"href":"https:\/\/www.lovinghomecollection.com\/pt\/wp-json\/wp\/v2\/comments?post=4830"}],"wp:featuredmedia":[{"embeddable":true,"href":"https:\/\/www.lovinghomecollection.com\/pt\/wp-json\/wp\/v2\/media\/4840"}],"wp:attachment":[{"href":"https:\/\/www.lovinghomecollection.com\/pt\/wp-json\/wp\/v2\/media?parent=4830"}],"wp:term":[{"taxonomy":"product_brand","embeddable":true,"href":"https:\/\/www.lovinghomecollection.com\/pt\/wp-json\/wp\/v2\/product_brand?post=4830"},{"taxonomy":"product_cat","embeddable":true,"href":"https:\/\/www.lovinghomecollection.com\/pt\/wp-json\/wp\/v2\/product_cat?post=4830"},{"taxonomy":"product_tag","embeddable":true,"href":"https:\/\/www.lovinghomecollection.com\/pt\/wp-json\/wp\/v2\/product_tag?post=4830"}],"curies":[{"name":"wp","href":"https:\/\/api.w.org\/{rel}","templated":true}]}}