{"id":4812,"date":"2025-09-18T08:14:16","date_gmt":"2025-09-18T08:14:16","guid":{"rendered":"https:\/\/www.lovinghomecollection.com\/?post_type=product&#038;p=4812"},"modified":"2025-11-11T09:13:06","modified_gmt":"2025-11-11T09:13:06","slug":"white-dinnerware-wholesale","status":"publish","type":"product","link":"https:\/\/www.lovinghomecollection.com\/pt\/produto\/white-dinnerware-wholesale\/","title":{"rendered":"Loi\u00e7a de jantar branca com rebordo castanho por atacado a um pre\u00e7o imbat\u00edvel"},"content":{"rendered":"<div class=\"wp-block-columns is-layout-flex wp-container-core-columns-is-layout-9d6595d7 wp-block-columns-is-layout-flex\">\n<div class=\"wp-block-column is-layout-flow wp-block-column-is-layout-flow\" style=\"flex-basis:60%\">\n<h2 class=\"wp-block-heading\">Caracter\u00edsticas do servi\u00e7o de mesa branco premium por grosso:<\/h2>\n\n\n\n<ul class=\"wp-block-list\">\n<li><strong>Porcelana de alta qualidade<\/strong> \u2013 A nossa lou\u00e7a branca para jantar \u00e9 fabricada em porcelana cozida a alta temperatura, o que torna cada pe\u00e7a extremamente dur\u00e1vel e resistente, mas leve.<\/li>\n\n\n\n<li><strong>Padr\u00f5es requintados em relevo<\/strong> \u2013 Os padr\u00f5es em relevo habilmente gravados nestes conjuntos de lou\u00e7a branca para jantar vendidos a granel s\u00e3o encantadores e \u00fanicos, adicionando um toque de sofistica\u00e7\u00e3o e um toque de arte.<\/li>\n\n\n\n<li><strong>Moldura cl\u00e1ssica castanha<\/strong> \u2013 A borda castanha simples, mas intemporal, destes pratos brancos por grosso confere um toque de sofistica\u00e7\u00e3o e eleg\u00e2ncia \u00e0 paleta de cores, complementando qualquer est\u00e9tica de jantar e proporcionando uma sensa\u00e7\u00e3o de luxo.<\/li>\n\n\n\n<li><strong>Valor imbat\u00edvel<\/strong> \u2013 Oferecemos conjuntos de jantar a granel de alta qualidade a pre\u00e7os competitivos, garantindo que voc\u00ea obtenha um valor excepcional sem sacrificar a qualidade.<\/li>\n<\/ul>\n<\/div>\n\n\n\n<div class=\"wp-block-column is-layout-flow wp-block-column-is-layout-flow\">\n<figure class=\"wp-block-image size-full\"><img decoding=\"async\" width=\"750\" height=\"750\" src=\"https:\/\/www.lovinghomecollection.com\/wp-content\/uploads\/2025\/09\/Brown-Rim-White-Dinnerware-Wholesale-with-Unbeatable-Price-1.webp\" alt=\"Lou\u00e7a branca com rebordo castanho por grosso a um pre\u00e7o imbat\u00edvel-1\" class=\"wp-image-4813\" srcset=\"https:\/\/www.lovinghomecollection.com\/wp-content\/uploads\/2025\/09\/Brown-Rim-White-Dinnerware-Wholesale-with-Unbeatable-Price-1.webp 750w, https:\/\/www.lovinghomecollection.com\/wp-content\/uploads\/2025\/09\/Brown-Rim-White-Dinnerware-Wholesale-with-Unbeatable-Price-1-300x300.webp 300w, https:\/\/www.lovinghomecollection.com\/wp-content\/uploads\/2025\/09\/Brown-Rim-White-Dinnerware-Wholesale-with-Unbeatable-Price-1-150x150.webp 150w, https:\/\/www.lovinghomecollection.com\/wp-content\/uploads\/2025\/09\/Brown-Rim-White-Dinnerware-Wholesale-with-Unbeatable-Price-1-12x12.webp 12w, https:\/\/www.lovinghomecollection.com\/wp-content\/uploads\/2025\/09\/Brown-Rim-White-Dinnerware-Wholesale-with-Unbeatable-Price-1-600x600.webp 600w, https:\/\/www.lovinghomecollection.com\/wp-content\/uploads\/2025\/09\/Brown-Rim-White-Dinnerware-Wholesale-with-Unbeatable-Price-1-100x100.webp 100w\" sizes=\"(max-width: 750px) 100vw, 750px\" \/><\/figure>\n<\/div>\n<\/div>\n\n\n\n<h2 class=\"wp-block-heading has-text-align-center\">Exposi\u00e7\u00e3o do produto da lou\u00e7a de jantar Rhine White por grosso<\/h2>\n\n\n\n<div class=\"wp-block-columns is-layout-flex wp-container-core-columns-is-layout-9d6595d7 wp-block-columns-is-layout-flex\">\n<div class=\"wp-block-column is-layout-flow wp-block-column-is-layout-flow\">\n<figure class=\"wp-block-image size-full\"><img decoding=\"async\" width=\"1160\" height=\"824\" src=\"https:\/\/www.lovinghomecollection.com\/wp-content\/uploads\/2025\/09\/Brown-Rim-White-Dinnerware-Wholesale-with-Unbeatable-Price-10.webp\" alt=\"Lou\u00e7a branca com rebordo castanho por grosso a um pre\u00e7o imbat\u00edvel-10\" class=\"wp-image-4822\" srcset=\"https:\/\/www.lovinghomecollection.com\/wp-content\/uploads\/2025\/09\/Brown-Rim-White-Dinnerware-Wholesale-with-Unbeatable-Price-10.webp 1160w, https:\/\/www.lovinghomecollection.com\/wp-content\/uploads\/2025\/09\/Brown-Rim-White-Dinnerware-Wholesale-with-Unbeatable-Price-10-300x213.webp 300w, https:\/\/www.lovinghomecollection.com\/wp-content\/uploads\/2025\/09\/Brown-Rim-White-Dinnerware-Wholesale-with-Unbeatable-Price-10-768x546.webp 768w, https:\/\/www.lovinghomecollection.com\/wp-content\/uploads\/2025\/09\/Brown-Rim-White-Dinnerware-Wholesale-with-Unbeatable-Price-10-18x12.webp 18w, https:\/\/www.lovinghomecollection.com\/wp-content\/uploads\/2025\/09\/Brown-Rim-White-Dinnerware-Wholesale-with-Unbeatable-Price-10-600x426.webp 600w\" sizes=\"(max-width: 1160px) 100vw, 1160px\" \/><\/figure>\n<\/div>\n\n\n\n<div class=\"wp-block-column is-layout-flow wp-block-column-is-layout-flow\">\n<figure class=\"wp-block-image size-full\"><img decoding=\"async\" width=\"1160\" height=\"820\" src=\"https:\/\/www.lovinghomecollection.com\/wp-content\/uploads\/2025\/09\/Brown-Rim-White-Dinnerware-Wholesale-with-Unbeatable-Price-8.webp\" alt=\"Lou\u00e7a branca com rebordo castanho por grosso a um pre\u00e7o imbat\u00edvel-8\" class=\"wp-image-4820\" srcset=\"https:\/\/www.lovinghomecollection.com\/wp-content\/uploads\/2025\/09\/Brown-Rim-White-Dinnerware-Wholesale-with-Unbeatable-Price-8.webp 1160w, https:\/\/www.lovinghomecollection.com\/wp-content\/uploads\/2025\/09\/Brown-Rim-White-Dinnerware-Wholesale-with-Unbeatable-Price-8-300x212.webp 300w, https:\/\/www.lovinghomecollection.com\/wp-content\/uploads\/2025\/09\/Brown-Rim-White-Dinnerware-Wholesale-with-Unbeatable-Price-8-768x543.webp 768w, https:\/\/www.lovinghomecollection.com\/wp-content\/uploads\/2025\/09\/Brown-Rim-White-Dinnerware-Wholesale-with-Unbeatable-Price-8-18x12.webp 18w, https:\/\/www.lovinghomecollection.com\/wp-content\/uploads\/2025\/09\/Brown-Rim-White-Dinnerware-Wholesale-with-Unbeatable-Price-8-600x424.webp 600w\" sizes=\"(max-width: 1160px) 100vw, 1160px\" \/><\/figure>\n<\/div>\n<\/div>","protected":false},"excerpt":{"rendered":"<p>Procura conjuntos de jantar a granel? A nossa lou\u00e7a branca por grosso apresenta uma borda castanha cl\u00e1ssica, criando uma apar\u00eancia limpa e moderna. O rico acabamento em relevo adiciona um n\u00edvel de sofistica\u00e7\u00e3o, perfeito para qualquer ocasi\u00e3o de jantar.<\/p>\n<table style=\"border-collapse: collapse; width: 338.02pt;\" border=\"0\" width=\"338\" cellspacing=\"0\" cellpadding=\"0\">\n<tbody>\n<tr style=\"height: 18.00pt;\">\n<td class=\"et3\" style=\"height: 18.00pt; width: 124.50pt;\" width=\"124\" height=\"18\">Fabricante<\/td>\n<td class=\"et3\" style=\"width: 214.40pt;\" width=\"214\">Casa amorosa<\/td>\n<\/tr>\n<tr style=\"height: 18.00pt;\">\n<td class=\"et3\" style=\"height: 18.00pt; width: 124.50pt;\" width=\"124\" height=\"18\">Nome da cole\u00e7\u00e3o<\/td>\n<td class=\"et4\" style=\"width: 214.40pt;\" width=\"214\">O Reno<\/td>\n<\/tr>\n<tr style=\"height: 18.00pt;\">\n<td class=\"et3\" style=\"height: 18.00pt; width: 124.50pt;\" width=\"124\" height=\"18\">Utiliza\u00e7\u00e3o<\/td>\n<td class=\"et3\" style=\"width: 214.40pt;\" width=\"214\">Casa, restaurante, hotel<\/td>\n<\/tr>\n<tr style=\"height: 36.00pt;\">\n<td class=\"et3\" style=\"height: 36.00pt; width: 124.50pt;\" width=\"124\" height=\"36\">Tipo de lou\u00e7a<\/td>\n<td class=\"et3\" style=\"width: 214.40pt;\" width=\"214\">Prato, ta\u00e7a, bule, leiteira, a\u00e7ucareiro, ch\u00e1vena e pires, caneca<\/td>\n<\/tr>\n<tr style=\"height: 18.00pt;\">\n<td class=\"et3\" style=\"height: 18.00pt; width: 124.50pt;\" width=\"124\" height=\"18\">Material<\/td>\n<td class=\"et3\" style=\"width: 214.40pt;\" width=\"214\">Porcelana dur\u00e1vel<\/td>\n<\/tr>\n<tr style=\"height: 18.00pt;\">\n<td class=\"et3\" style=\"height: 18.00pt; width: 124.50pt;\" width=\"124\" height=\"18\">Dimens\u00e3o<\/td>\n<td class=\"et3\" style=\"width: 214.40pt;\" width=\"214\">Conforme imagem de pormenor<\/td>\n<\/tr>\n<tr style=\"height: 18.00pt;\">\n<td class=\"et3\" style=\"height: 18.00pt; width: 124.50pt;\" width=\"124\" height=\"18\">Unidades de venda<\/td>\n<td class=\"et3\" style=\"width: 214.40pt;\" width=\"214\">Artigo \u00fanico<\/td>\n<\/tr>\n<tr style=\"height: 18.00pt;\">\n<td class=\"et3\" style=\"height: 18.00pt; width: 124.50pt;\" width=\"124\" height=\"18\">MOQ<\/td>\n<td class=\"et3\" style=\"width: 214.40pt;\" width=\"214\">1200 unidades por artigo<\/td>\n<\/tr>\n<tr style=\"height: 18.00pt;\">\n<td class=\"et3\" style=\"height: 18.00pt; width: 124.50pt;\" width=\"124\" height=\"18\">Op\u00e7\u00e3o personalizada<\/td>\n<td class=\"et3\" style=\"width: 214.40pt;\" width=\"214\">Cor\/tamanho\/verniz\/log\u00f3tipo\/embalagem<\/td>\n<\/tr>\n<\/tbody>\n<\/table>","protected":false},"featured_media":4823,"comment_status":"closed","ping_status":"closed","template":"","meta":{"_acf_changed":false},"product_brand":[],"product_cat":[19,49],"product_tag":[25,39,27,26],"class_list":{"0":"post-4812","1":"product","2":"type-product","3":"status-publish","4":"has-post-thumbnail","6":"product_cat-dinnerware-wholesale","7":"product_cat-wholesale-white-tableware","8":"product_tag-wholesale-plates-and-bowls","9":"product_tag-sugar-jars-wholesale","10":"product_tag-wholesale-tea-cups-and-saucers","11":"product_tag-wholesale-teapots","13":"first","14":"instock","15":"shipping-taxable","16":"product-type-simple"},"acf":[],"_links":{"self":[{"href":"https:\/\/www.lovinghomecollection.com\/pt\/wp-json\/wp\/v2\/product\/4812","targetHints":{"allow":["GET"]}}],"collection":[{"href":"https:\/\/www.lovinghomecollection.com\/pt\/wp-json\/wp\/v2\/product"}],"about":[{"href":"https:\/\/www.lovinghomecollection.com\/pt\/wp-json\/wp\/v2\/types\/product"}],"replies":[{"embeddable":true,"href":"https:\/\/www.lovinghomecollection.com\/pt\/wp-json\/wp\/v2\/comments?post=4812"}],"wp:featuredmedia":[{"embeddable":true,"href":"https:\/\/www.lovinghomecollection.com\/pt\/wp-json\/wp\/v2\/media\/4823"}],"wp:attachment":[{"href":"https:\/\/www.lovinghomecollection.com\/pt\/wp-json\/wp\/v2\/media?parent=4812"}],"wp:term":[{"taxonomy":"product_brand","embeddable":true,"href":"https:\/\/www.lovinghomecollection.com\/pt\/wp-json\/wp\/v2\/product_brand?post=4812"},{"taxonomy":"product_cat","embeddable":true,"href":"https:\/\/www.lovinghomecollection.com\/pt\/wp-json\/wp\/v2\/product_cat?post=4812"},{"taxonomy":"product_tag","embeddable":true,"href":"https:\/\/www.lovinghomecollection.com\/pt\/wp-json\/wp\/v2\/product_tag?post=4812"}],"curies":[{"name":"wp","href":"https:\/\/api.w.org\/{rel}","templated":true}]}}