{"id":4802,"date":"2025-09-18T07:51:11","date_gmt":"2025-09-18T07:51:11","guid":{"rendered":"https:\/\/www.lovinghomecollection.com\/?post_type=product&#038;p=4802"},"modified":"2025-11-11T09:13:14","modified_gmt":"2025-11-11T09:13:14","slug":"wholesale-porcelain-dinner-sets","status":"publish","type":"product","link":"https:\/\/www.lovinghomecollection.com\/pt\/produto\/wholesale-porcelain-dinner-sets\/","title":{"rendered":"Servi\u00e7o de jantar de porcelana por grosso, lou\u00e7a branca e castanha"},"content":{"rendered":"<div class=\"wp-block-columns is-layout-flex wp-container-core-columns-is-layout-9d6595d7 wp-block-columns-is-layout-flex\">\n<div class=\"wp-block-column is-layout-flow wp-block-column-is-layout-flow\" style=\"flex-basis:60%\">\n<h2 class=\"wp-block-heading\">Conjuntos de lou\u00e7a de porcelana premium para revenda Caracter\u00edsticas:<\/h2>\n\n\n\n<ul class=\"wp-block-list\">\n<li><strong>Porcelana de alta qualidade<\/strong> \u2013 Os nossos conjuntos de lou\u00e7a de porcelana para revenda s\u00e3o fabricados com argila fina cozida a alta temperatura, o que lhes confere estabilidade e durabilidade superiores. O seu acabamento suave e brilhante torna-os bonitos e f\u00e1ceis de manter.<\/li>\n\n\n\n<li><strong>Combina\u00e7\u00e3o cl\u00e1ssica de cores<\/strong> \u2013 As cores branca e castanha destes conjuntos de lou\u00e7a de mesa a granel s\u00e3o discretas, mas vibrantes, acolhedoras e esteticamente agrad\u00e1veis. Combinam na perfei\u00e7\u00e3o com qualquer decora\u00e7\u00e3o e ambiente de mesa, sendo ideais para qualquer restaurante ou ambiente dom\u00e9stico.<\/li>\n\n\n\n<li><strong>V\u00e1rias formas<\/strong> \u2013 Os nossos conjuntos de porcelana para jantar por grosso incluem v\u00e1rios formatos, incluindo pratos, ta\u00e7as e ch\u00e1venas. A variedade de designs permite uma personaliza\u00e7\u00e3o diversificada, de modo a adequar-se a todas as ocasi\u00f5es e apresenta\u00e7\u00f5es de pratos.<\/li>\n\n\n\n<li><strong>Ideal para uso comercial e dom\u00e9stico<\/strong> \u2013 Os nossos conjuntos de lou\u00e7a a granel s\u00e3o ideais n\u00e3o s\u00f3 para uso familiar em casa, mas tamb\u00e9m para estabelecimentos comerciais, como restaurantes e hot\u00e9is. Elegantes e dur\u00e1veis, eles melhoram a experi\u00eancia gastron\u00f3mica e transformam cada refei\u00e7\u00e3o numa ocasi\u00e3o memor\u00e1vel.<\/li>\n<\/ul>\n<\/div>\n\n\n\n<div class=\"wp-block-column is-layout-flow wp-block-column-is-layout-flow\">\n<figure class=\"wp-block-image size-full\"><img decoding=\"async\" width=\"750\" height=\"750\" src=\"https:\/\/www.lovinghomecollection.com\/wp-content\/uploads\/2025\/09\/Wholesale-Porcelain-Dinner-Sets-White-Brown-Crockery-2.webp\" alt=\"Conjuntos de lou\u00e7a de porcelana por grosso, lou\u00e7a branca e castanha-2\" class=\"wp-image-4804\" srcset=\"https:\/\/www.lovinghomecollection.com\/wp-content\/uploads\/2025\/09\/Wholesale-Porcelain-Dinner-Sets-White-Brown-Crockery-2.webp 750w, https:\/\/www.lovinghomecollection.com\/wp-content\/uploads\/2025\/09\/Wholesale-Porcelain-Dinner-Sets-White-Brown-Crockery-2-300x300.webp 300w, https:\/\/www.lovinghomecollection.com\/wp-content\/uploads\/2025\/09\/Wholesale-Porcelain-Dinner-Sets-White-Brown-Crockery-2-150x150.webp 150w, https:\/\/www.lovinghomecollection.com\/wp-content\/uploads\/2025\/09\/Wholesale-Porcelain-Dinner-Sets-White-Brown-Crockery-2-12x12.webp 12w, https:\/\/www.lovinghomecollection.com\/wp-content\/uploads\/2025\/09\/Wholesale-Porcelain-Dinner-Sets-White-Brown-Crockery-2-600x600.webp 600w, https:\/\/www.lovinghomecollection.com\/wp-content\/uploads\/2025\/09\/Wholesale-Porcelain-Dinner-Sets-White-Brown-Crockery-2-100x100.webp 100w\" sizes=\"(max-width: 750px) 100vw, 750px\" \/><\/figure>\n<\/div>\n<\/div>\n\n\n\n<h2 class=\"wp-block-heading has-text-align-center\">Exposi\u00e7\u00e3o de produtos de conjuntos de lou\u00e7a de porcelana para interiores<\/h2>\n\n\n\n<div class=\"wp-block-columns is-layout-flex wp-container-core-columns-is-layout-9d6595d7 wp-block-columns-is-layout-flex\">\n<div class=\"wp-block-column is-layout-flow wp-block-column-is-layout-flow\">\n<figure class=\"wp-block-image size-full\"><img decoding=\"async\" width=\"1160\" height=\"822\" src=\"https:\/\/www.lovinghomecollection.com\/wp-content\/uploads\/2025\/09\/Wholesale-Porcelain-Dinner-Sets-White-Brown-Crockery-8.webp\" alt=\"Conjuntos de lou\u00e7a de porcelana por atacado, lou\u00e7a branca e marrom-8\" class=\"wp-image-4810\" srcset=\"https:\/\/www.lovinghomecollection.com\/wp-content\/uploads\/2025\/09\/Wholesale-Porcelain-Dinner-Sets-White-Brown-Crockery-8.webp 1160w, https:\/\/www.lovinghomecollection.com\/wp-content\/uploads\/2025\/09\/Wholesale-Porcelain-Dinner-Sets-White-Brown-Crockery-8-300x213.webp 300w, https:\/\/www.lovinghomecollection.com\/wp-content\/uploads\/2025\/09\/Wholesale-Porcelain-Dinner-Sets-White-Brown-Crockery-8-768x544.webp 768w, https:\/\/www.lovinghomecollection.com\/wp-content\/uploads\/2025\/09\/Wholesale-Porcelain-Dinner-Sets-White-Brown-Crockery-8-18x12.webp 18w, https:\/\/www.lovinghomecollection.com\/wp-content\/uploads\/2025\/09\/Wholesale-Porcelain-Dinner-Sets-White-Brown-Crockery-8-600x425.webp 600w\" sizes=\"(max-width: 1160px) 100vw, 1160px\" \/><\/figure>\n<\/div>\n\n\n\n<div class=\"wp-block-column is-layout-flow wp-block-column-is-layout-flow\">\n<figure class=\"wp-block-image size-full\"><img decoding=\"async\" width=\"1156\" height=\"822\" src=\"https:\/\/www.lovinghomecollection.com\/wp-content\/uploads\/2025\/09\/Wholesale-Porcelain-Dinner-Sets-White-Brown-Crockery-7.webp\" alt=\"Conjuntos de jantar de porcelana por grosso, lou\u00e7a branca e castanha-7\" class=\"wp-image-4809\" srcset=\"https:\/\/www.lovinghomecollection.com\/wp-content\/uploads\/2025\/09\/Wholesale-Porcelain-Dinner-Sets-White-Brown-Crockery-7.webp 1156w, https:\/\/www.lovinghomecollection.com\/wp-content\/uploads\/2025\/09\/Wholesale-Porcelain-Dinner-Sets-White-Brown-Crockery-7-300x213.webp 300w, https:\/\/www.lovinghomecollection.com\/wp-content\/uploads\/2025\/09\/Wholesale-Porcelain-Dinner-Sets-White-Brown-Crockery-7-768x546.webp 768w, https:\/\/www.lovinghomecollection.com\/wp-content\/uploads\/2025\/09\/Wholesale-Porcelain-Dinner-Sets-White-Brown-Crockery-7-18x12.webp 18w, https:\/\/www.lovinghomecollection.com\/wp-content\/uploads\/2025\/09\/Wholesale-Porcelain-Dinner-Sets-White-Brown-Crockery-7-600x427.webp 600w\" sizes=\"(max-width: 1156px) 100vw, 1156px\" \/><\/figure>\n<\/div>\n<\/div>","protected":false},"excerpt":{"rendered":"<p>Procura conjuntos de lou\u00e7a de porcelana premium para revenda? Os nossos conjuntos cl\u00e1ssicos de lou\u00e7a branca e castanha oferecem uma variedade de formatos para se adequarem a qualquer evento. Para uma reuni\u00e3o familiar ou um banquete de neg\u00f3cios, proporcionam uma experi\u00eancia gastron\u00f3mica elegante e pr\u00e1tica.<\/p>\n<table style=\"border-collapse: collapse; width: 338.02pt;\" border=\"0\" width=\"338\" cellspacing=\"0\" cellpadding=\"0\">\n<tbody>\n<tr style=\"height: 18.00pt;\">\n<td class=\"et3\" style=\"height: 18.00pt; width: 124.50pt;\" width=\"124\" height=\"18\">Fabricante<\/td>\n<td class=\"et3\" style=\"width: 214.40pt;\" width=\"214\">Casa amorosa<\/td>\n<\/tr>\n<tr style=\"height: 18.00pt;\">\n<td class=\"et3\" style=\"height: 18.00pt; width: 124.50pt;\" width=\"124\" height=\"18\">Nome da cole\u00e7\u00e3o<\/td>\n<td class=\"et4\" style=\"width: 214.40pt;\" width=\"214\">Arte interior<\/td>\n<\/tr>\n<tr style=\"height: 18.00pt;\">\n<td class=\"et3\" style=\"height: 18.00pt; width: 124.50pt;\" width=\"124\" height=\"18\">Utiliza\u00e7\u00e3o<\/td>\n<td class=\"et3\" style=\"width: 214.40pt;\" width=\"214\">Casa, restaurante, hotel<\/td>\n<\/tr>\n<tr style=\"height: 36.00pt;\">\n<td class=\"et3\" style=\"height: 36.00pt; width: 124.50pt;\" width=\"124\" height=\"36\">Tipo de lou\u00e7a<\/td>\n<td class=\"et3\" style=\"width: 214.40pt;\" width=\"214\">Prato, ta\u00e7a, bule, leiteira, a\u00e7ucareiro, ch\u00e1vena e pires, caneca<\/td>\n<\/tr>\n<tr style=\"height: 18.00pt;\">\n<td class=\"et3\" style=\"height: 18.00pt; width: 124.50pt;\" width=\"124\" height=\"18\">Material<\/td>\n<td class=\"et3\" style=\"width: 214.40pt;\" width=\"214\">Porcelana dur\u00e1vel<\/td>\n<\/tr>\n<tr style=\"height: 18.00pt;\">\n<td class=\"et3\" style=\"height: 18.00pt; width: 124.50pt;\" width=\"124\" height=\"18\">Dimens\u00e3o<\/td>\n<td class=\"et3\" style=\"width: 214.40pt;\" width=\"214\">Conforme imagem de pormenor<\/td>\n<\/tr>\n<tr style=\"height: 18.00pt;\">\n<td class=\"et3\" style=\"height: 18.00pt; width: 124.50pt;\" width=\"124\" height=\"18\">Unidades de venda<\/td>\n<td class=\"et3\" style=\"width: 214.40pt;\" width=\"214\">Artigo \u00fanico<\/td>\n<\/tr>\n<tr style=\"height: 18.00pt;\">\n<td class=\"et3\" style=\"height: 18.00pt; width: 124.50pt;\" width=\"124\" height=\"18\">MOQ<\/td>\n<td class=\"et3\" style=\"width: 214.40pt;\" width=\"214\">1200 unidades por artigo<\/td>\n<\/tr>\n<tr style=\"height: 18.00pt;\">\n<td class=\"et3\" style=\"height: 18.00pt; width: 124.50pt;\" width=\"124\" height=\"18\">Op\u00e7\u00e3o personalizada<\/td>\n<td class=\"et3\" style=\"width: 214.40pt;\" width=\"214\">Cor\/tamanho\/verniz\/log\u00f3tipo\/embalagem<\/td>\n<\/tr>\n<\/tbody>\n<\/table>","protected":false},"featured_media":4811,"comment_status":"closed","ping_status":"closed","template":"","meta":{"_acf_changed":false},"product_brand":[],"product_cat":[19,49],"product_tag":[25,39,27,26],"class_list":{"0":"post-4802","1":"product","2":"type-product","3":"status-publish","4":"has-post-thumbnail","6":"product_cat-dinnerware-wholesale","7":"product_cat-wholesale-white-tableware","8":"product_tag-wholesale-plates-and-bowls","9":"product_tag-sugar-jars-wholesale","10":"product_tag-wholesale-tea-cups-and-saucers","11":"product_tag-wholesale-teapots","13":"first","14":"instock","15":"shipping-taxable","16":"product-type-simple"},"acf":[],"_links":{"self":[{"href":"https:\/\/www.lovinghomecollection.com\/pt\/wp-json\/wp\/v2\/product\/4802","targetHints":{"allow":["GET"]}}],"collection":[{"href":"https:\/\/www.lovinghomecollection.com\/pt\/wp-json\/wp\/v2\/product"}],"about":[{"href":"https:\/\/www.lovinghomecollection.com\/pt\/wp-json\/wp\/v2\/types\/product"}],"replies":[{"embeddable":true,"href":"https:\/\/www.lovinghomecollection.com\/pt\/wp-json\/wp\/v2\/comments?post=4802"}],"wp:featuredmedia":[{"embeddable":true,"href":"https:\/\/www.lovinghomecollection.com\/pt\/wp-json\/wp\/v2\/media\/4811"}],"wp:attachment":[{"href":"https:\/\/www.lovinghomecollection.com\/pt\/wp-json\/wp\/v2\/media?parent=4802"}],"wp:term":[{"taxonomy":"product_brand","embeddable":true,"href":"https:\/\/www.lovinghomecollection.com\/pt\/wp-json\/wp\/v2\/product_brand?post=4802"},{"taxonomy":"product_cat","embeddable":true,"href":"https:\/\/www.lovinghomecollection.com\/pt\/wp-json\/wp\/v2\/product_cat?post=4802"},{"taxonomy":"product_tag","embeddable":true,"href":"https:\/\/www.lovinghomecollection.com\/pt\/wp-json\/wp\/v2\/product_tag?post=4802"}],"curies":[{"name":"wp","href":"https:\/\/api.w.org\/{rel}","templated":true}]}}