{"id":4513,"date":"2025-08-05T10:24:02","date_gmt":"2025-08-05T10:24:02","guid":{"rendered":"https:\/\/www.lovinghomecollection.com\/?post_type=product&#038;p=4513"},"modified":"2025-11-05T06:53:45","modified_gmt":"2025-11-05T06:53:45","slug":"wholesale-dinner-service-sets","status":"publish","type":"product","link":"https:\/\/www.lovinghomecollection.com\/pt\/produto\/wholesale-dinner-service-sets\/","title":{"rendered":"Conjuntos de servi\u00e7o de jantar por atacado, lou\u00e7a com padr\u00e3o de frutas a granel"},"content":{"rendered":"<div class=\"wp-block-columns is-layout-flex wp-container-core-columns-is-layout-9d6595d7 wp-block-columns-is-layout-flex\">\n<div class=\"wp-block-column is-layout-flow wp-block-column-is-layout-flow\" style=\"flex-basis:60%\">\n<h2 class=\"wp-block-heading\">Conjuntos de servi\u00e7o de jantar por atacado Premium Carater\u00edsticas:<\/h2>\n\n\n\n<ul class=\"wp-block-list\">\n<li><strong>Desenhos de padr\u00f5es de frutas frescas: <\/strong>Os nossos conjuntos de servi\u00e7o de jantar por grosso apresentam uma variedade de ador\u00e1veis padr\u00f5es de fruta e naturais, cores vibrantes e formas divertidas, criando um ambiente de jantar descontra\u00eddo e agrad\u00e1vel.<\/li>\n\n\n\n<li><strong>Tanto a n\u00edvel est\u00e9tico como de durabilidade: <\/strong>Este conjunto de utens\u00edlios de mesa a granel \u00e9 fabricado em porcelana duradoura, com um esmalte suave que resiste a manchas e \u00e9 f\u00e1cil de limpar. Tamb\u00e9m \u00e9 resistente ao calor e pode ir ao micro-ondas e \u00e0 m\u00e1quina de lavar loi\u00e7a.<\/li>\n\n\n\n<li><strong>Combin\u00e1vel para uma variedade de ocasi\u00f5es: <\/strong>Os nossos conjuntos de servi\u00e7o de jantar por grosso incluem uma variedade de artigos de mesa comuns, incluindo pratos rasos, pratos fundos, travessas ovais, saladeiras e canecas, para satisfazer diversas necessidades.<\/li>\n\n\n\n<li><strong>Satisfazer as diversas necessidades das marcas e dos mercados:<\/strong> Oferecemos servi\u00e7os OEM\/ODM para conjuntos de loi\u00e7a de mesa a granel, incluindo personaliza\u00e7\u00e3o de log\u00f3tipos, personaliza\u00e7\u00e3o de padr\u00f5es e personaliza\u00e7\u00e3o de embalagens, ajudando os clientes a criar a sua pr\u00f3pria loi\u00e7a de mesa exclusiva.<\/li>\n<\/ul>\n<\/div>\n\n\n\n<div class=\"wp-block-column is-layout-flow wp-block-column-is-layout-flow\">\n<figure class=\"wp-block-image size-full\"><img decoding=\"async\" width=\"1200\" height=\"1200\" src=\"https:\/\/www.lovinghomecollection.com\/wp-content\/uploads\/2025\/08\/Wholesale-Dinner-Service-Sets-Fruit-Pattern-Crockery-Bulk-3.webp\" alt=\"Conjuntos de servi\u00e7o de jantar por atacado, lou\u00e7a com padr\u00e3o de frutas a granel-3\" class=\"wp-image-4544\" srcset=\"https:\/\/www.lovinghomecollection.com\/wp-content\/uploads\/2025\/08\/Wholesale-Dinner-Service-Sets-Fruit-Pattern-Crockery-Bulk-3.webp 1200w, https:\/\/www.lovinghomecollection.com\/wp-content\/uploads\/2025\/08\/Wholesale-Dinner-Service-Sets-Fruit-Pattern-Crockery-Bulk-3-300x300.webp 300w, https:\/\/www.lovinghomecollection.com\/wp-content\/uploads\/2025\/08\/Wholesale-Dinner-Service-Sets-Fruit-Pattern-Crockery-Bulk-3-150x150.webp 150w, https:\/\/www.lovinghomecollection.com\/wp-content\/uploads\/2025\/08\/Wholesale-Dinner-Service-Sets-Fruit-Pattern-Crockery-Bulk-3-768x768.webp 768w, https:\/\/www.lovinghomecollection.com\/wp-content\/uploads\/2025\/08\/Wholesale-Dinner-Service-Sets-Fruit-Pattern-Crockery-Bulk-3-12x12.webp 12w, https:\/\/www.lovinghomecollection.com\/wp-content\/uploads\/2025\/08\/Wholesale-Dinner-Service-Sets-Fruit-Pattern-Crockery-Bulk-3-600x600.webp 600w, https:\/\/www.lovinghomecollection.com\/wp-content\/uploads\/2025\/08\/Wholesale-Dinner-Service-Sets-Fruit-Pattern-Crockery-Bulk-3-100x100.webp 100w\" sizes=\"(max-width: 1200px) 100vw, 1200px\" \/><\/figure>\n<\/div>\n<\/div>\n\n\n\n<h2 class=\"wp-block-heading has-text-align-center\">Apresenta\u00e7\u00e3o de produtos de conjuntos de servi\u00e7o de jantar por atacado Fruit Breeze<\/h2>\n\n\n\n<div class=\"wp-block-columns is-layout-flex wp-container-core-columns-is-layout-9d6595d7 wp-block-columns-is-layout-flex\">\n<div class=\"wp-block-column is-layout-flow wp-block-column-is-layout-flow\">\n<figure class=\"wp-block-image size-full\"><img decoding=\"async\" width=\"2137\" height=\"2171\" src=\"https:\/\/www.lovinghomecollection.com\/wp-content\/uploads\/2025\/08\/Wholesale-Dinner-Service-Sets-Fruit-Pattern-Crockery-Bulk-9.webp\" alt=\"Conjuntos de servi\u00e7o de jantar por atacado, lou\u00e7a com padr\u00e3o de frutas Bulk-9\" class=\"wp-image-4550\" srcset=\"https:\/\/www.lovinghomecollection.com\/wp-content\/uploads\/2025\/08\/Wholesale-Dinner-Service-Sets-Fruit-Pattern-Crockery-Bulk-9.webp 2137w, https:\/\/www.lovinghomecollection.com\/wp-content\/uploads\/2025\/08\/Wholesale-Dinner-Service-Sets-Fruit-Pattern-Crockery-Bulk-9-295x300.webp 295w, https:\/\/www.lovinghomecollection.com\/wp-content\/uploads\/2025\/08\/Wholesale-Dinner-Service-Sets-Fruit-Pattern-Crockery-Bulk-9-768x780.webp 768w, https:\/\/www.lovinghomecollection.com\/wp-content\/uploads\/2025\/08\/Wholesale-Dinner-Service-Sets-Fruit-Pattern-Crockery-Bulk-9-12x12.webp 12w, https:\/\/www.lovinghomecollection.com\/wp-content\/uploads\/2025\/08\/Wholesale-Dinner-Service-Sets-Fruit-Pattern-Crockery-Bulk-9-1200x1219.webp 1200w, https:\/\/www.lovinghomecollection.com\/wp-content\/uploads\/2025\/08\/Wholesale-Dinner-Service-Sets-Fruit-Pattern-Crockery-Bulk-9-600x610.webp 600w\" sizes=\"(max-width: 2137px) 100vw, 2137px\" \/><\/figure>\n<\/div>\n\n\n\n<div class=\"wp-block-column is-layout-flow wp-block-column-is-layout-flow\">\n<figure class=\"wp-block-image size-full\"><img decoding=\"async\" width=\"2137\" height=\"1703\" src=\"https:\/\/www.lovinghomecollection.com\/wp-content\/uploads\/2025\/08\/Wholesale-Dinner-Service-Sets-Fruit-Pattern-Crockery-Bulk-10.webp\" alt=\"Conjuntos de servi\u00e7o de jantar por atacado, lou\u00e7a com padr\u00e3o de frutas a granel-10\" class=\"wp-image-4551\" srcset=\"https:\/\/www.lovinghomecollection.com\/wp-content\/uploads\/2025\/08\/Wholesale-Dinner-Service-Sets-Fruit-Pattern-Crockery-Bulk-10.webp 2137w, https:\/\/www.lovinghomecollection.com\/wp-content\/uploads\/2025\/08\/Wholesale-Dinner-Service-Sets-Fruit-Pattern-Crockery-Bulk-10-300x239.webp 300w, https:\/\/www.lovinghomecollection.com\/wp-content\/uploads\/2025\/08\/Wholesale-Dinner-Service-Sets-Fruit-Pattern-Crockery-Bulk-10-768x612.webp 768w, https:\/\/www.lovinghomecollection.com\/wp-content\/uploads\/2025\/08\/Wholesale-Dinner-Service-Sets-Fruit-Pattern-Crockery-Bulk-10-15x12.webp 15w, https:\/\/www.lovinghomecollection.com\/wp-content\/uploads\/2025\/08\/Wholesale-Dinner-Service-Sets-Fruit-Pattern-Crockery-Bulk-10-1200x956.webp 1200w, https:\/\/www.lovinghomecollection.com\/wp-content\/uploads\/2025\/08\/Wholesale-Dinner-Service-Sets-Fruit-Pattern-Crockery-Bulk-10-600x478.webp 600w\" sizes=\"(max-width: 2137px) 100vw, 2137px\" \/><\/figure>\n<\/div>\n<\/div>","protected":false},"excerpt":{"rendered":"<p>Bem-vindo \u00e0 compra de conjuntos de servi\u00e7o de jantar por grosso. Este conjunto de loi\u00e7a de porcelana a granel, de estilo casual, apresenta motivos de fruta vibrantes e ador\u00e1veis, criando uma sensa\u00e7\u00e3o vibrante mas natural. Fabricado em porcelana de alta qualidade, o conjunto apresenta uma textura fina e durabilidade.<\/p>\n<table style=\"border-collapse: collapse; width: 338.02pt;\" border=\"0\" width=\"338\" cellspacing=\"0\" cellpadding=\"0\">\n<tbody>\n<tr style=\"height: 18.00pt;\">\n<td class=\"et3\" style=\"height: 18.00pt; width: 124.50pt;\" width=\"124\" height=\"18\">Fabricante<\/td>\n<td class=\"et3\" style=\"width: 214.40pt;\" width=\"214\">Casa amorosa<\/td>\n<\/tr>\n<tr style=\"height: 18.00pt;\">\n<td class=\"et3\" style=\"height: 18.00pt; width: 124.50pt;\" width=\"124\" height=\"18\">Nome da cole\u00e7\u00e3o<\/td>\n<td class=\"et4\" style=\"width: 214.40pt;\" width=\"214\">Brisa de fruta<\/td>\n<\/tr>\n<tr style=\"height: 18.00pt;\">\n<td class=\"et3\" style=\"height: 18.00pt; width: 124.50pt;\" width=\"124\" height=\"18\">Utiliza\u00e7\u00e3o<\/td>\n<td class=\"et3\" style=\"width: 214.40pt;\" width=\"214\">Casa, restaurante, hotel<\/td>\n<\/tr>\n<tr style=\"height: 36.00pt;\">\n<td class=\"et3\" style=\"height: 36.00pt; width: 124.50pt;\" width=\"124\" height=\"36\">Tipo de lou\u00e7a<\/td>\n<td class=\"et3\" style=\"width: 214.40pt;\" width=\"214\">Prato, tigela, suporte para bolos, ch\u00e1vena e pires, caneca,\u00a0<\/td>\n<\/tr>\n<tr style=\"height: 18.00pt;\">\n<td class=\"et3\" style=\"height: 18.00pt; width: 124.50pt;\" width=\"124\" height=\"18\">Material<\/td>\n<td class=\"et3\" style=\"width: 214.40pt;\" width=\"214\">Porcelana dur\u00e1vel<\/td>\n<\/tr>\n<tr style=\"height: 18.00pt;\">\n<td class=\"et3\" style=\"height: 18.00pt; width: 124.50pt;\" width=\"124\" height=\"18\">Dimens\u00e3o<\/td>\n<td class=\"et3\" style=\"width: 214.40pt;\" width=\"214\">Conforme imagem de pormenor<\/td>\n<\/tr>\n<tr style=\"height: 18.00pt;\">\n<td class=\"et3\" style=\"height: 18.00pt; width: 124.50pt;\" width=\"124\" height=\"18\">Unidades de venda<\/td>\n<td class=\"et3\" style=\"width: 214.40pt;\" width=\"214\">Artigo \u00fanico<\/td>\n<\/tr>\n<tr style=\"height: 18.00pt;\">\n<td class=\"et3\" style=\"height: 18.00pt; width: 124.50pt;\" width=\"124\" height=\"18\">MOQ<\/td>\n<td class=\"et3\" style=\"width: 214.40pt;\" width=\"214\">1200 unidades por artigo<\/td>\n<\/tr>\n<tr style=\"height: 18.00pt;\">\n<td class=\"et3\" style=\"height: 18.00pt; width: 124.50pt;\" width=\"124\" height=\"18\">Op\u00e7\u00e3o personalizada<\/td>\n<td class=\"et3\" style=\"width: 214.40pt;\" width=\"214\">Cor\/tamanho\/verniz\/log\u00f3tipo\/embalagem<\/td>\n<\/tr>\n<\/tbody>\n<\/table>","protected":false},"featured_media":4552,"comment_status":"closed","ping_status":"closed","template":"","meta":{"_acf_changed":false},"product_brand":[],"product_cat":[19,47],"product_tag":[37,25,27],"class_list":{"0":"post-4513","1":"product","2":"type-product","3":"status-publish","4":"has-post-thumbnail","6":"product_cat-dinnerware-wholesale","7":"product_cat-lightweight-dinnerware-supplier","8":"product_tag-bulk-cake-stands","9":"product_tag-wholesale-plates-and-bowls","10":"product_tag-wholesale-tea-cups-and-saucers","12":"first","13":"instock","14":"shipping-taxable","15":"product-type-simple"},"acf":[],"_links":{"self":[{"href":"https:\/\/www.lovinghomecollection.com\/pt\/wp-json\/wp\/v2\/product\/4513","targetHints":{"allow":["GET"]}}],"collection":[{"href":"https:\/\/www.lovinghomecollection.com\/pt\/wp-json\/wp\/v2\/product"}],"about":[{"href":"https:\/\/www.lovinghomecollection.com\/pt\/wp-json\/wp\/v2\/types\/product"}],"replies":[{"embeddable":true,"href":"https:\/\/www.lovinghomecollection.com\/pt\/wp-json\/wp\/v2\/comments?post=4513"}],"wp:featuredmedia":[{"embeddable":true,"href":"https:\/\/www.lovinghomecollection.com\/pt\/wp-json\/wp\/v2\/media\/4552"}],"wp:attachment":[{"href":"https:\/\/www.lovinghomecollection.com\/pt\/wp-json\/wp\/v2\/media?parent=4513"}],"wp:term":[{"taxonomy":"product_brand","embeddable":true,"href":"https:\/\/www.lovinghomecollection.com\/pt\/wp-json\/wp\/v2\/product_brand?post=4513"},{"taxonomy":"product_cat","embeddable":true,"href":"https:\/\/www.lovinghomecollection.com\/pt\/wp-json\/wp\/v2\/product_cat?post=4513"},{"taxonomy":"product_tag","embeddable":true,"href":"https:\/\/www.lovinghomecollection.com\/pt\/wp-json\/wp\/v2\/product_tag?post=4513"}],"curies":[{"name":"wp","href":"https:\/\/api.w.org\/{rel}","templated":true}]}}