{"id":3627,"date":"2025-05-20T04:08:36","date_gmt":"2025-05-20T04:08:36","guid":{"rendered":"https:\/\/www.lovinghomecollection.com\/?post_type=product&#038;p=3627"},"modified":"2025-11-19T10:02:05","modified_gmt":"2025-11-19T10:02:05","slug":"wholesale-rustic-dinnerware-sets","status":"publish","type":"product","link":"https:\/\/www.lovinghomecollection.com\/pt\/produto\/wholesale-rustic-dinnerware-sets\/","title":{"rendered":"Conjuntos de loi\u00e7a r\u00fastica por atacado com padr\u00f5es de Natal"},"content":{"rendered":"<div class=\"wp-block-columns is-layout-flex wp-container-core-columns-is-layout-9d6595d7 wp-block-columns-is-layout-flex\">\n<div class=\"wp-block-column is-layout-flow wp-block-column-is-layout-flow\" style=\"flex-basis:60%\">\n<h2 class=\"wp-block-heading\">Conjuntos de lou\u00e7a r\u00fastica por atacado Premium Carater\u00edsticas:<\/h2>\n\n\n\n<ul class=\"wp-block-list\">\n<li><strong>Design de estilo r\u00fastico: <\/strong>Este conjunto de lou\u00e7a r\u00fastica por atacado tem uma forma r\u00fastica e natural, criando um ambiente acolhedor e confort\u00e1vel para as f\u00e9rias, em linha com a atual tend\u00eancia popular \u201cr\u00fastica\u201d da casa.<\/li>\n\n\n\n<li><strong>Decora\u00e7\u00e3o cl\u00e1ssica com padr\u00e3o de Natal:<\/strong> Estas loi\u00e7as de cer\u00e2mica a granel s\u00e3o combinadas com elementos tradicionais de Natal, como azevinho, \u00e1rvores de Natal e grinaldas. A atmosfera festiva \u00e9 forte e adequada para as vendas quentes durante a \u00e9poca festiva.<\/li>\n\n\n\n<li><strong>Cer\u00e2mica artesanal de alta qualidade: <\/strong>Nossos conjuntos de lou\u00e7as r\u00fasticas por atacado usam tecnologia de queima de alta temperatura, a superf\u00edcie \u00e9 forte e n\u00e3o \u00e9 f\u00e1cil de arranhar, adequada para uso a longo prazo em resid\u00eancias e locais comerciais.<\/li>\n\n\n\n<li><strong>Adequado para m\u00faltiplos canais de venda: <\/strong>A nossa lou\u00e7a de cer\u00e2mica a granel suporta a venda por grosso e a personaliza\u00e7\u00e3o, adequada para supermercados, plataformas de com\u00e9rcio eletr\u00f3nico, marcas dom\u00e9sticas, linhas de produtos para a \u00e9poca de Natal, etc.<\/li>\n<\/ul>\n<\/div>\n\n\n\n<div class=\"wp-block-column is-layout-flow wp-block-column-is-layout-flow\">\n<figure class=\"wp-block-image size-full\"><img decoding=\"async\" width=\"1200\" height=\"1200\" src=\"https:\/\/www.lovinghomecollection.com\/wp-content\/uploads\/2025\/05\/Wholesale-Rustic-Dinnerware-Sets-With-Christmas-Patterns-5.webp\" alt=\"Conjuntos de lou\u00e7a r\u00fastica por atacado com padr\u00f5es de Natal-5\" class=\"wp-image-3904\" srcset=\"https:\/\/www.lovinghomecollection.com\/wp-content\/uploads\/2025\/05\/Wholesale-Rustic-Dinnerware-Sets-With-Christmas-Patterns-5.webp 1200w, https:\/\/www.lovinghomecollection.com\/wp-content\/uploads\/2025\/05\/Wholesale-Rustic-Dinnerware-Sets-With-Christmas-Patterns-5-300x300.webp 300w, https:\/\/www.lovinghomecollection.com\/wp-content\/uploads\/2025\/05\/Wholesale-Rustic-Dinnerware-Sets-With-Christmas-Patterns-5-150x150.webp 150w, https:\/\/www.lovinghomecollection.com\/wp-content\/uploads\/2025\/05\/Wholesale-Rustic-Dinnerware-Sets-With-Christmas-Patterns-5-768x768.webp 768w, https:\/\/www.lovinghomecollection.com\/wp-content\/uploads\/2025\/05\/Wholesale-Rustic-Dinnerware-Sets-With-Christmas-Patterns-5-12x12.webp 12w, https:\/\/www.lovinghomecollection.com\/wp-content\/uploads\/2025\/05\/Wholesale-Rustic-Dinnerware-Sets-With-Christmas-Patterns-5-600x600.webp 600w, https:\/\/www.lovinghomecollection.com\/wp-content\/uploads\/2025\/05\/Wholesale-Rustic-Dinnerware-Sets-With-Christmas-Patterns-5-100x100.webp 100w\" sizes=\"(max-width: 1200px) 100vw, 1200px\" \/><\/figure>\n<\/div>\n<\/div>\n\n\n\n<h2 class=\"wp-block-heading has-text-align-center\">Apresenta\u00e7\u00e3o de produtos de Conjuntos de loi\u00e7a r\u00fastica para oferta do Pai Natal<\/h2>\n\n\n\n<div class=\"wp-block-columns is-layout-flex wp-container-core-columns-is-layout-9d6595d7 wp-block-columns-is-layout-flex\">\n<div class=\"wp-block-column is-layout-flow wp-block-column-is-layout-flow\">\n<figure class=\"wp-block-image size-full\"><img decoding=\"async\" width=\"1673\" height=\"1658\" src=\"https:\/\/www.lovinghomecollection.com\/wp-content\/uploads\/2025\/05\/Wholesale-Rustic-Dinnerware-Sets-With-Christmas-Patterns-9.webp\" alt=\"Conjuntos de lou\u00e7a r\u00fastica por grosso com padr\u00f5es natal\u00edcios-9\" class=\"wp-image-3908\" srcset=\"https:\/\/www.lovinghomecollection.com\/wp-content\/uploads\/2025\/05\/Wholesale-Rustic-Dinnerware-Sets-With-Christmas-Patterns-9.webp 1673w, https:\/\/www.lovinghomecollection.com\/wp-content\/uploads\/2025\/05\/Wholesale-Rustic-Dinnerware-Sets-With-Christmas-Patterns-9-300x297.webp 300w, https:\/\/www.lovinghomecollection.com\/wp-content\/uploads\/2025\/05\/Wholesale-Rustic-Dinnerware-Sets-With-Christmas-Patterns-9-150x150.webp 150w, https:\/\/www.lovinghomecollection.com\/wp-content\/uploads\/2025\/05\/Wholesale-Rustic-Dinnerware-Sets-With-Christmas-Patterns-9-768x761.webp 768w, https:\/\/www.lovinghomecollection.com\/wp-content\/uploads\/2025\/05\/Wholesale-Rustic-Dinnerware-Sets-With-Christmas-Patterns-9-12x12.webp 12w, https:\/\/www.lovinghomecollection.com\/wp-content\/uploads\/2025\/05\/Wholesale-Rustic-Dinnerware-Sets-With-Christmas-Patterns-9-1200x1189.webp 1200w, https:\/\/www.lovinghomecollection.com\/wp-content\/uploads\/2025\/05\/Wholesale-Rustic-Dinnerware-Sets-With-Christmas-Patterns-9-600x595.webp 600w, https:\/\/www.lovinghomecollection.com\/wp-content\/uploads\/2025\/05\/Wholesale-Rustic-Dinnerware-Sets-With-Christmas-Patterns-9-100x100.webp 100w\" sizes=\"(max-width: 1673px) 100vw, 1673px\" \/><\/figure>\n<\/div>\n\n\n\n<div class=\"wp-block-column is-layout-flow wp-block-column-is-layout-flow\">\n<figure class=\"wp-block-image size-full\"><img decoding=\"async\" width=\"1673\" height=\"1403\" src=\"https:\/\/www.lovinghomecollection.com\/wp-content\/uploads\/2025\/05\/Wholesale-Rustic-Dinnerware-Sets-With-Christmas-Patterns-10.webp\" alt=\"Conjuntos de lou\u00e7a r\u00fastica por grosso com padr\u00f5es natal\u00edcios - 10\" class=\"wp-image-3909\" srcset=\"https:\/\/www.lovinghomecollection.com\/wp-content\/uploads\/2025\/05\/Wholesale-Rustic-Dinnerware-Sets-With-Christmas-Patterns-10.webp 1673w, https:\/\/www.lovinghomecollection.com\/wp-content\/uploads\/2025\/05\/Wholesale-Rustic-Dinnerware-Sets-With-Christmas-Patterns-10-300x252.webp 300w, https:\/\/www.lovinghomecollection.com\/wp-content\/uploads\/2025\/05\/Wholesale-Rustic-Dinnerware-Sets-With-Christmas-Patterns-10-768x644.webp 768w, https:\/\/www.lovinghomecollection.com\/wp-content\/uploads\/2025\/05\/Wholesale-Rustic-Dinnerware-Sets-With-Christmas-Patterns-10-14x12.webp 14w, https:\/\/www.lovinghomecollection.com\/wp-content\/uploads\/2025\/05\/Wholesale-Rustic-Dinnerware-Sets-With-Christmas-Patterns-10-1200x1006.webp 1200w, https:\/\/www.lovinghomecollection.com\/wp-content\/uploads\/2025\/05\/Wholesale-Rustic-Dinnerware-Sets-With-Christmas-Patterns-10-600x503.webp 600w\" sizes=\"(max-width: 1673px) 100vw, 1673px\" \/><\/figure>\n<\/div>\n<\/div>\n\n\n\n<p><\/p>","protected":false},"excerpt":{"rendered":"<p>Bem-vindo \u00e0 compra de loi\u00e7a de cer\u00e2mica a granel. Os nossos conjuntos de loi\u00e7a r\u00fastica de Natal combinam texturas naturais com padr\u00f5es tradicionais de f\u00e9rias. \u00c9 quente e r\u00fastico, cheio de atmosfera invernal, e \u00e9 a escolha ideal para decora\u00e7\u00f5es de mesa de Natal, presentes de Natal e venda a retalho por grosso.<\/p>\n<table width=\"338\">\n<tbody>\n<tr>\n<td width=\"124\">Fabricante<\/td>\n<td width=\"214\">Casa amorosa<\/td>\n<\/tr>\n<tr>\n<td width=\"124\">Nome da cole\u00e7\u00e3o<\/td>\n<td width=\"214\">Cole\u00e7\u00e3o de presentes do Pai Natal<\/td>\n<\/tr>\n<tr>\n<td width=\"124\">Utiliza\u00e7\u00e3o<\/td>\n<td width=\"214\">Casa, Hotel, Restaurante<\/td>\n<\/tr>\n<tr>\n<td width=\"124\">Tipo de lou\u00e7a<\/td>\n<td width=\"214\">Caneca, ch\u00e1vena e pires, prato, ta\u00e7a, ta\u00e7a de mergulho<\/td>\n<\/tr>\n<tr>\n<td width=\"124\">Material<\/td>\n<td width=\"214\">Porcelana dur\u00e1vel<\/td>\n<\/tr>\n<tr>\n<td width=\"124\">Dimens\u00e3o<\/td>\n<td width=\"214\">Conforme imagem de pormenor<\/td>\n<\/tr>\n<tr>\n<td width=\"124\">Unidades de venda<\/td>\n<td width=\"214\">Artigo \u00fanico<\/td>\n<\/tr>\n<tr>\n<td width=\"124\">MOQ<\/td>\n<td width=\"214\">1200 unidades por artigo<\/td>\n<\/tr>\n<tr>\n<td width=\"124\">Op\u00e7\u00e3o personalizada<\/td>\n<td width=\"214\">Cor\/tamanho\/verniz\/log\u00f3tipo\/embalagem<\/td>\n<\/tr>\n<\/tbody>\n<\/table>","protected":false},"featured_media":3900,"comment_status":"closed","ping_status":"closed","template":"","meta":{"_acf_changed":false},"product_brand":[],"product_cat":[19,52],"product_tag":[25,34,27],"class_list":{"0":"post-3627","1":"product","2":"type-product","3":"status-publish","4":"has-post-thumbnail","6":"product_cat-dinnerware-wholesale","7":"product_cat-holiday-tableware-supplier","8":"product_tag-wholesale-plates-and-bowls","9":"product_tag-olive-oil-dipping-bowls-wholesale","10":"product_tag-wholesale-tea-cups-and-saucers","12":"first","13":"instock","14":"shipping-taxable","15":"product-type-simple"},"acf":[],"_links":{"self":[{"href":"https:\/\/www.lovinghomecollection.com\/pt\/wp-json\/wp\/v2\/product\/3627","targetHints":{"allow":["GET"]}}],"collection":[{"href":"https:\/\/www.lovinghomecollection.com\/pt\/wp-json\/wp\/v2\/product"}],"about":[{"href":"https:\/\/www.lovinghomecollection.com\/pt\/wp-json\/wp\/v2\/types\/product"}],"replies":[{"embeddable":true,"href":"https:\/\/www.lovinghomecollection.com\/pt\/wp-json\/wp\/v2\/comments?post=3627"}],"wp:featuredmedia":[{"embeddable":true,"href":"https:\/\/www.lovinghomecollection.com\/pt\/wp-json\/wp\/v2\/media\/3900"}],"wp:attachment":[{"href":"https:\/\/www.lovinghomecollection.com\/pt\/wp-json\/wp\/v2\/media?parent=3627"}],"wp:term":[{"taxonomy":"product_brand","embeddable":true,"href":"https:\/\/www.lovinghomecollection.com\/pt\/wp-json\/wp\/v2\/product_brand?post=3627"},{"taxonomy":"product_cat","embeddable":true,"href":"https:\/\/www.lovinghomecollection.com\/pt\/wp-json\/wp\/v2\/product_cat?post=3627"},{"taxonomy":"product_tag","embeddable":true,"href":"https:\/\/www.lovinghomecollection.com\/pt\/wp-json\/wp\/v2\/product_tag?post=3627"}],"curies":[{"name":"wp","href":"https:\/\/api.w.org\/{rel}","templated":true}]}}