{"id":3605,"date":"2025-05-20T03:31:30","date_gmt":"2025-05-20T03:31:30","guid":{"rendered":"https:\/\/www.lovinghomecollection.com\/?post_type=product&#038;p=3605"},"modified":"2025-05-20T03:31:32","modified_gmt":"2025-05-20T03:31:32","slug":"dinnerware-sets-bulk","status":"publish","type":"product","link":"https:\/\/www.lovinghomecollection.com\/pt\/produto\/dinnerware-sets-bulk\/","title":{"rendered":"Cupido's Love Cute Dinnerware Sets Fornecimento a granel para eventos"},"content":{"rendered":"<div class=\"wp-block-columns is-layout-flex wp-container-core-columns-is-layout-9d6595d7 wp-block-columns-is-layout-flex\">\n<div class=\"wp-block-column is-layout-flow wp-block-column-is-layout-flow\" style=\"flex-basis:60%\">\n<h2 class=\"wp-block-heading\">Conjuntos de lou\u00e7a de qualidade a granel Carater\u00edsticas:<\/h2>\n\n\n\n<ul class=\"wp-block-list\">\n<li><strong>Um design doce a vermelho e branco:<\/strong> Estes conjuntos de lou\u00e7a adoptam a combina\u00e7\u00e3o cl\u00e1ssica de vermelho e branco, que \u00e9 visualmente fresca, e o padr\u00e3o de cora\u00e7\u00e3o embelezado torna-os mais bonitos e rom\u00e2nticos, sendo muito apreciados por mulheres e casais.<\/li>\n\n\n\n<li><strong>Aplic\u00e1vel a m\u00faltiplas actividades de cena: <\/strong>Estes conjuntos de loi\u00e7a por atacado com temas rom\u00e2nticos s\u00e3o especialmente ideais para o Dia dos Namorados, banquetes de casamento, festas tem\u00e1ticas e outras actividades comemorativas para melhorar o ambiente.<\/li>\n\n\n\n<li><strong>Material cer\u00e2mico de alta qualidade: <\/strong>Os nossos conjuntos de lou\u00e7a a granel s\u00e3o fabricados em cer\u00e2mica cozida a alta temperatura, com uma superf\u00edcie lisa e f\u00e1cil de limpar, combinando beleza e praticidade.<\/li>\n\n\n\n<li><strong>Apoiar o fornecimento a granel e a personaliza\u00e7\u00e3o:<\/strong> Prestamos servi\u00e7os de fornecimento a granel de conjuntos de loi\u00e7a de mesa por grosso e podemos personalizar padr\u00f5es e embalagens de acordo com os requisitos do evento ou da marca.<\/li>\n<\/ul>\n<\/div>\n\n\n\n<div class=\"wp-block-column is-layout-flow wp-block-column-is-layout-flow\">\n<figure class=\"wp-block-image size-full\"><img decoding=\"async\" width=\"1200\" height=\"1200\" src=\"https:\/\/www.lovinghomecollection.com\/wp-content\/uploads\/2025\/05\/Cupids-Love-Cute-Dinnerware-Sets-Bulk-Supply-For-Events-1.webp\" alt=\"Cupido&#039;s Love Cute Dinnerware Sets Fornecimento a granel para eventos-1\" class=\"wp-image-3878\" srcset=\"https:\/\/www.lovinghomecollection.com\/wp-content\/uploads\/2025\/05\/Cupids-Love-Cute-Dinnerware-Sets-Bulk-Supply-For-Events-1.webp 1200w, https:\/\/www.lovinghomecollection.com\/wp-content\/uploads\/2025\/05\/Cupids-Love-Cute-Dinnerware-Sets-Bulk-Supply-For-Events-1-300x300.webp 300w, https:\/\/www.lovinghomecollection.com\/wp-content\/uploads\/2025\/05\/Cupids-Love-Cute-Dinnerware-Sets-Bulk-Supply-For-Events-1-150x150.webp 150w, https:\/\/www.lovinghomecollection.com\/wp-content\/uploads\/2025\/05\/Cupids-Love-Cute-Dinnerware-Sets-Bulk-Supply-For-Events-1-768x768.webp 768w, https:\/\/www.lovinghomecollection.com\/wp-content\/uploads\/2025\/05\/Cupids-Love-Cute-Dinnerware-Sets-Bulk-Supply-For-Events-1-12x12.webp 12w, https:\/\/www.lovinghomecollection.com\/wp-content\/uploads\/2025\/05\/Cupids-Love-Cute-Dinnerware-Sets-Bulk-Supply-For-Events-1-600x600.webp 600w, https:\/\/www.lovinghomecollection.com\/wp-content\/uploads\/2025\/05\/Cupids-Love-Cute-Dinnerware-Sets-Bulk-Supply-For-Events-1-100x100.webp 100w\" sizes=\"(max-width: 1200px) 100vw, 1200px\" \/><\/figure>\n<\/div>\n<\/div>\n\n\n\n<h2 class=\"wp-block-heading has-text-align-center\">Apresenta\u00e7\u00e3o do produto Servi\u00e7o de jantar \"Cupid's Love\" a granel<\/h2>\n\n\n\n<div class=\"wp-block-columns is-layout-flex wp-container-core-columns-is-layout-9d6595d7 wp-block-columns-is-layout-flex\">\n<div class=\"wp-block-column is-layout-flow wp-block-column-is-layout-flow\">\n<figure class=\"wp-block-image size-full\"><img decoding=\"async\" width=\"1673\" height=\"2640\" src=\"https:\/\/www.lovinghomecollection.com\/wp-content\/uploads\/2025\/05\/Cupids-Love-Cute-Dinnerware-Sets-Bulk-Supply-For-Events-9.webp\" alt=\"Cupido&#039;s Love Cute Dinnerware Sets Fornecimento a granel para eventos-9\" class=\"wp-image-3886\" srcset=\"https:\/\/www.lovinghomecollection.com\/wp-content\/uploads\/2025\/05\/Cupids-Love-Cute-Dinnerware-Sets-Bulk-Supply-For-Events-9.webp 1673w, https:\/\/www.lovinghomecollection.com\/wp-content\/uploads\/2025\/05\/Cupids-Love-Cute-Dinnerware-Sets-Bulk-Supply-For-Events-9-190x300.webp 190w, https:\/\/www.lovinghomecollection.com\/wp-content\/uploads\/2025\/05\/Cupids-Love-Cute-Dinnerware-Sets-Bulk-Supply-For-Events-9-768x1212.webp 768w, https:\/\/www.lovinghomecollection.com\/wp-content\/uploads\/2025\/05\/Cupids-Love-Cute-Dinnerware-Sets-Bulk-Supply-For-Events-9-8x12.webp 8w, https:\/\/www.lovinghomecollection.com\/wp-content\/uploads\/2025\/05\/Cupids-Love-Cute-Dinnerware-Sets-Bulk-Supply-For-Events-9-1200x1894.webp 1200w, https:\/\/www.lovinghomecollection.com\/wp-content\/uploads\/2025\/05\/Cupids-Love-Cute-Dinnerware-Sets-Bulk-Supply-For-Events-9-600x947.webp 600w\" sizes=\"(max-width: 1673px) 100vw, 1673px\" \/><\/figure>\n<\/div>\n\n\n\n<div class=\"wp-block-column is-layout-flow wp-block-column-is-layout-flow\">\n<figure class=\"wp-block-image size-full\"><img decoding=\"async\" width=\"1673\" height=\"2070\" src=\"https:\/\/www.lovinghomecollection.com\/wp-content\/uploads\/2025\/05\/Cupids-Love-Cute-Dinnerware-Sets-Bulk-Supply-For-Events-10.webp\" alt=\"Cupido&#039;s Love Cute Dinnerware Sets Fornecimento a granel para eventos-10\" class=\"wp-image-3887\" srcset=\"https:\/\/www.lovinghomecollection.com\/wp-content\/uploads\/2025\/05\/Cupids-Love-Cute-Dinnerware-Sets-Bulk-Supply-For-Events-10.webp 1673w, https:\/\/www.lovinghomecollection.com\/wp-content\/uploads\/2025\/05\/Cupids-Love-Cute-Dinnerware-Sets-Bulk-Supply-For-Events-10-242x300.webp 242w, https:\/\/www.lovinghomecollection.com\/wp-content\/uploads\/2025\/05\/Cupids-Love-Cute-Dinnerware-Sets-Bulk-Supply-For-Events-10-768x950.webp 768w, https:\/\/www.lovinghomecollection.com\/wp-content\/uploads\/2025\/05\/Cupids-Love-Cute-Dinnerware-Sets-Bulk-Supply-For-Events-10-10x12.webp 10w, https:\/\/www.lovinghomecollection.com\/wp-content\/uploads\/2025\/05\/Cupids-Love-Cute-Dinnerware-Sets-Bulk-Supply-For-Events-10-1200x1485.webp 1200w, https:\/\/www.lovinghomecollection.com\/wp-content\/uploads\/2025\/05\/Cupids-Love-Cute-Dinnerware-Sets-Bulk-Supply-For-Events-10-600x742.webp 600w\" sizes=\"(max-width: 1673px) 100vw, 1673px\" \/><\/figure>\n<\/div>\n<\/div>\n\n\n\n<p><\/p>","protected":false},"excerpt":{"rendered":"<p>Bem-vindo \u00e0 compra de artigos de mesa comerciais. Este bonito conjunto de lou\u00e7a de jantar a granel \u00e9 decorado com padr\u00f5es divertidos de amor vermelho, que \u00e9 doce e rom\u00e2ntico. \u00c9 muito adequado para o layout e fornecimento a granel do Dia dos Namorados, casamentos, festas de anivers\u00e1rio e outras cenas de eventos.<\/p>\n<table style=\"border-collapse: collapse; width: 338.02pt;\" border=\"0\" width=\"338\" cellspacing=\"0\" cellpadding=\"0\">\n<tbody>\n<tr style=\"height: 18.00pt;\">\n<td class=\"et3\" style=\"height: 18.00pt; width: 124.50pt;\" width=\"124\" height=\"18\">Fabricante<\/td>\n<td class=\"et3\" style=\"width: 214.40pt;\" width=\"214\">Casa amorosa<\/td>\n<\/tr>\n<tr style=\"height: 18.00pt;\">\n<td class=\"et3\" style=\"height: 18.00pt; width: 124.50pt;\" width=\"124\" height=\"18\">Nome da cole\u00e7\u00e3o<\/td>\n<td class=\"et4\" style=\"width: 214.40pt;\" width=\"214\">Cole\u00e7\u00e3o Amor de Cupido<\/td>\n<\/tr>\n<tr style=\"height: 18.00pt;\">\n<td class=\"et3\" style=\"height: 18.00pt; width: 124.50pt;\" width=\"124\" height=\"18\">Utiliza\u00e7\u00e3o<\/td>\n<td class=\"et3\" style=\"width: 214.40pt;\" width=\"214\">Casa, restaurante, hotel<\/td>\n<\/tr>\n<tr style=\"height: 36.00pt;\">\n<td class=\"et3\" style=\"height: 36.00pt; width: 124.50pt;\" width=\"124\" height=\"36\">Tipo de lou\u00e7a<\/td>\n<td class=\"et3\" style=\"width: 214.40pt;\" width=\"214\">Bule de ch\u00e1, a\u00e7ucareiro, cremeira, ch\u00e1vena e pires, caneca, prato, tigela, suporte para bolos<\/td>\n<\/tr>\n<tr style=\"height: 18.00pt;\">\n<td class=\"et3\" style=\"height: 18.00pt; width: 124.50pt;\" width=\"124\" height=\"18\">Material<\/td>\n<td class=\"et3\" style=\"width: 214.40pt;\" width=\"214\">Porcelana dur\u00e1vel<\/td>\n<\/tr>\n<tr style=\"height: 18.00pt;\">\n<td class=\"et3\" style=\"height: 18.00pt; width: 124.50pt;\" width=\"124\" height=\"18\">Dimens\u00e3o<\/td>\n<td class=\"et3\" style=\"width: 214.40pt;\" width=\"214\">Conforme imagem de pormenor<\/td>\n<\/tr>\n<tr style=\"height: 18.00pt;\">\n<td class=\"et3\" style=\"height: 18.00pt; width: 124.50pt;\" width=\"124\" height=\"18\">Unidades de venda<\/td>\n<td class=\"et3\" style=\"width: 214.40pt;\" width=\"214\">Artigo \u00fanico<\/td>\n<\/tr>\n<tr style=\"height: 18.00pt;\">\n<td class=\"et3\" style=\"height: 18.00pt; width: 124.50pt;\" width=\"124\" height=\"18\">MOQ<\/td>\n<td class=\"et3\" style=\"width: 214.40pt;\" width=\"214\">1200 unidades por artigo<\/td>\n<\/tr>\n<tr style=\"height: 18.00pt;\">\n<td class=\"et3\" style=\"height: 18.00pt; width: 124.50pt;\" width=\"124\" height=\"18\">Op\u00e7\u00e3o personalizada<\/td>\n<td class=\"et3\" style=\"width: 214.40pt;\" width=\"214\">Cor\/tamanho\/verniz\/log\u00f3tipo\/embalagem<\/td>\n<\/tr>\n<\/tbody>\n<\/table>","protected":false},"featured_media":3885,"comment_status":"closed","ping_status":"closed","template":"","meta":{"_acf_changed":false},"product_brand":[],"product_cat":[19],"product_tag":[37,25,27,26],"class_list":{"0":"post-3605","1":"product","2":"type-product","3":"status-publish","4":"has-post-thumbnail","6":"product_cat-dinnerware-wholesale","7":"product_tag-bulk-cake-stands","8":"product_tag-wholesale-plates-and-bowls","9":"product_tag-wholesale-tea-cups-and-saucers","10":"product_tag-wholesale-teapots","12":"first","13":"instock","14":"shipping-taxable","15":"product-type-simple"},"acf":[],"_links":{"self":[{"href":"https:\/\/www.lovinghomecollection.com\/pt\/wp-json\/wp\/v2\/product\/3605","targetHints":{"allow":["GET"]}}],"collection":[{"href":"https:\/\/www.lovinghomecollection.com\/pt\/wp-json\/wp\/v2\/product"}],"about":[{"href":"https:\/\/www.lovinghomecollection.com\/pt\/wp-json\/wp\/v2\/types\/product"}],"replies":[{"embeddable":true,"href":"https:\/\/www.lovinghomecollection.com\/pt\/wp-json\/wp\/v2\/comments?post=3605"}],"wp:featuredmedia":[{"embeddable":true,"href":"https:\/\/www.lovinghomecollection.com\/pt\/wp-json\/wp\/v2\/media\/3885"}],"wp:attachment":[{"href":"https:\/\/www.lovinghomecollection.com\/pt\/wp-json\/wp\/v2\/media?parent=3605"}],"wp:term":[{"taxonomy":"product_brand","embeddable":true,"href":"https:\/\/www.lovinghomecollection.com\/pt\/wp-json\/wp\/v2\/product_brand?post=3605"},{"taxonomy":"product_cat","embeddable":true,"href":"https:\/\/www.lovinghomecollection.com\/pt\/wp-json\/wp\/v2\/product_cat?post=3605"},{"taxonomy":"product_tag","embeddable":true,"href":"https:\/\/www.lovinghomecollection.com\/pt\/wp-json\/wp\/v2\/product_tag?post=3605"}],"curies":[{"name":"wp","href":"https:\/\/api.w.org\/{rel}","templated":true}]}}