{"id":3594,"date":"2025-05-20T03:22:03","date_gmt":"2025-05-20T03:22:03","guid":{"rendered":"https:\/\/www.lovinghomecollection.com\/?post_type=product&#038;p=3594"},"modified":"2025-11-19T10:02:26","modified_gmt":"2025-11-19T10:02:26","slug":"dinnerware-set-wholesale","status":"publish","type":"product","link":"https:\/\/www.lovinghomecollection.com\/pt\/produto\/dinnerware-set-wholesale\/","title":{"rendered":"Conjunto de lou\u00e7a de Natal por atacado, lou\u00e7a de Natal sob medida"},"content":{"rendered":"<div class=\"wp-block-columns is-layout-flex wp-container-core-columns-is-layout-9d6595d7 wp-block-columns-is-layout-flex\">\n<div class=\"wp-block-column is-layout-flow wp-block-column-is-layout-flow\" style=\"flex-basis:60%\">\n<h2 class=\"wp-block-heading\">Conjunto de lou\u00e7a de jantar Premium Carater\u00edsticas por atacado:<\/h2>\n\n\n\n<ul class=\"wp-block-list\">\n<li><strong>Forte atmosfera festiva: <\/strong>Este servi\u00e7o de jantar por atacado tem um esquema de cores cl\u00e1ssico vermelho e branco, com um padr\u00e3o de cogumelos de conto de fadas, criando uma atmosfera de Natal calorosa e alegre.<\/li>\n\n\n\n<li><strong>Servi\u00e7o exclusivo de personaliza\u00e7\u00e3o: <\/strong>Os nossos conjuntos de loi\u00e7a por medida podem ser personalizados em termos de padr\u00e3o, cor e embalagem de acordo com as necessidades do cliente, adequados para o desenvolvimento da linha de produtos de f\u00e9rias da marca.<\/li>\n\n\n\n<li><strong>Cer\u00e2mica artesanal de alta qualidade: <\/strong>O nosso conjunto de loi\u00e7a para f\u00e9rias por atacado utiliza materiais cer\u00e2micos resistentes a altas temperaturas, que s\u00e3o delicados, dur\u00e1veis e simultaneamente decorativos e pr\u00e1ticos.<\/li>\n\n\n\n<li><strong>Aplica\u00e7\u00e3o em v\u00e1rios cen\u00e1rios: <\/strong>Estes conjuntos de loi\u00e7a por medida s\u00e3o adequados para reuni\u00f5es familiares de f\u00e9rias, vendas de presentes, mercados de Natal, plataformas de com\u00e9rcio eletr\u00f3nico e outros canais de venda.<\/li>\n<\/ul>\n<\/div>\n\n\n\n<div class=\"wp-block-column is-layout-flow wp-block-column-is-layout-flow\">\n<figure class=\"wp-block-image size-full\"><img decoding=\"async\" width=\"1200\" height=\"1200\" src=\"https:\/\/www.lovinghomecollection.com\/wp-content\/uploads\/2025\/05\/Holiday-Dinnerware-Set-Wholesale-Bespoke-Christmas-Crockery-6.webp\" alt=\"Conjunto de lou\u00e7a de Natal por atacado, lou\u00e7a de Natal sob medida-6\" class=\"wp-image-3872\" srcset=\"https:\/\/www.lovinghomecollection.com\/wp-content\/uploads\/2025\/05\/Holiday-Dinnerware-Set-Wholesale-Bespoke-Christmas-Crockery-6.webp 1200w, https:\/\/www.lovinghomecollection.com\/wp-content\/uploads\/2025\/05\/Holiday-Dinnerware-Set-Wholesale-Bespoke-Christmas-Crockery-6-300x300.webp 300w, https:\/\/www.lovinghomecollection.com\/wp-content\/uploads\/2025\/05\/Holiday-Dinnerware-Set-Wholesale-Bespoke-Christmas-Crockery-6-150x150.webp 150w, https:\/\/www.lovinghomecollection.com\/wp-content\/uploads\/2025\/05\/Holiday-Dinnerware-Set-Wholesale-Bespoke-Christmas-Crockery-6-768x768.webp 768w, https:\/\/www.lovinghomecollection.com\/wp-content\/uploads\/2025\/05\/Holiday-Dinnerware-Set-Wholesale-Bespoke-Christmas-Crockery-6-12x12.webp 12w, https:\/\/www.lovinghomecollection.com\/wp-content\/uploads\/2025\/05\/Holiday-Dinnerware-Set-Wholesale-Bespoke-Christmas-Crockery-6-600x600.webp 600w, https:\/\/www.lovinghomecollection.com\/wp-content\/uploads\/2025\/05\/Holiday-Dinnerware-Set-Wholesale-Bespoke-Christmas-Crockery-6-100x100.webp 100w\" sizes=\"(max-width: 1200px) 100vw, 1200px\" \/><\/figure>\n<\/div>\n<\/div>\n\n\n\n<h2 class=\"wp-block-heading has-text-align-center\">Apresenta\u00e7\u00e3o do produto Conjunto de loi\u00e7a com cogumelos de fada por atacado<\/h2>\n\n\n\n<div class=\"wp-block-columns is-layout-flex wp-container-core-columns-is-layout-9d6595d7 wp-block-columns-is-layout-flex\">\n<div class=\"wp-block-column is-layout-flow wp-block-column-is-layout-flow\">\n<figure class=\"wp-block-image size-full\"><img decoding=\"async\" width=\"1789\" height=\"1185\" src=\"https:\/\/www.lovinghomecollection.com\/wp-content\/uploads\/2025\/05\/Holiday-Dinnerware-Set-Wholesale-Bespoke-Christmas-Crockery-9.webp\" alt=\"Conjunto de lou\u00e7a de Natal por atacado, Crockery-9 de Natal sob medida\" class=\"wp-image-3875\" srcset=\"https:\/\/www.lovinghomecollection.com\/wp-content\/uploads\/2025\/05\/Holiday-Dinnerware-Set-Wholesale-Bespoke-Christmas-Crockery-9.webp 1789w, https:\/\/www.lovinghomecollection.com\/wp-content\/uploads\/2025\/05\/Holiday-Dinnerware-Set-Wholesale-Bespoke-Christmas-Crockery-9-300x199.webp 300w, https:\/\/www.lovinghomecollection.com\/wp-content\/uploads\/2025\/05\/Holiday-Dinnerware-Set-Wholesale-Bespoke-Christmas-Crockery-9-768x509.webp 768w, https:\/\/www.lovinghomecollection.com\/wp-content\/uploads\/2025\/05\/Holiday-Dinnerware-Set-Wholesale-Bespoke-Christmas-Crockery-9-18x12.webp 18w, https:\/\/www.lovinghomecollection.com\/wp-content\/uploads\/2025\/05\/Holiday-Dinnerware-Set-Wholesale-Bespoke-Christmas-Crockery-9-1200x795.webp 1200w, https:\/\/www.lovinghomecollection.com\/wp-content\/uploads\/2025\/05\/Holiday-Dinnerware-Set-Wholesale-Bespoke-Christmas-Crockery-9-600x397.webp 600w\" sizes=\"(max-width: 1789px) 100vw, 1789px\" \/><\/figure>\n<\/div>\n\n\n\n<div class=\"wp-block-column is-layout-flow wp-block-column-is-layout-flow\">\n<figure class=\"wp-block-image size-full\"><img decoding=\"async\" width=\"1765\" height=\"1019\" src=\"https:\/\/www.lovinghomecollection.com\/wp-content\/uploads\/2025\/05\/Holiday-Dinnerware-Set-Wholesale-Bespoke-Christmas-Crockery-10.webp\" alt=\"Conjunto de jantar de f\u00e9rias por atacado, lou\u00e7a de Natal sob medida-10\" class=\"wp-image-3876\" srcset=\"https:\/\/www.lovinghomecollection.com\/wp-content\/uploads\/2025\/05\/Holiday-Dinnerware-Set-Wholesale-Bespoke-Christmas-Crockery-10.webp 1765w, https:\/\/www.lovinghomecollection.com\/wp-content\/uploads\/2025\/05\/Holiday-Dinnerware-Set-Wholesale-Bespoke-Christmas-Crockery-10-300x173.webp 300w, https:\/\/www.lovinghomecollection.com\/wp-content\/uploads\/2025\/05\/Holiday-Dinnerware-Set-Wholesale-Bespoke-Christmas-Crockery-10-768x443.webp 768w, https:\/\/www.lovinghomecollection.com\/wp-content\/uploads\/2025\/05\/Holiday-Dinnerware-Set-Wholesale-Bespoke-Christmas-Crockery-10-18x10.webp 18w, https:\/\/www.lovinghomecollection.com\/wp-content\/uploads\/2025\/05\/Holiday-Dinnerware-Set-Wholesale-Bespoke-Christmas-Crockery-10-1200x693.webp 1200w, https:\/\/www.lovinghomecollection.com\/wp-content\/uploads\/2025\/05\/Holiday-Dinnerware-Set-Wholesale-Bespoke-Christmas-Crockery-10-600x346.webp 600w\" sizes=\"(max-width: 1765px) 100vw, 1765px\" \/><\/figure>\n<\/div>\n<\/div>\n\n\n\n<p><\/p>","protected":false},"excerpt":{"rendered":"<p>Bem-vindo \u00e0 compra de conjuntos de loi\u00e7a por medida. Este conjunto de lou\u00e7a de Natal por atacado foi criado com um esquema de cores vermelho e branco elegante com um padr\u00e3o de cogumelo de conto de fadas, que \u00e9 adequado para a configura\u00e7\u00e3o da mesa de Natal e venda de presentes.<\/p>\n<table style=\"border-collapse: collapse; width: 338.02pt;\" border=\"0\" width=\"338\" cellspacing=\"0\" cellpadding=\"0\">\n<tbody>\n<tr style=\"height: 18.00pt;\">\n<td class=\"et3\" style=\"height: 18.00pt; width: 124.50pt;\" width=\"124\" height=\"18\">Fabricante<\/td>\n<td class=\"et3\" style=\"width: 214.40pt;\" width=\"214\">Casa amorosa<\/td>\n<\/tr>\n<tr style=\"height: 18.00pt;\">\n<td class=\"et3\" style=\"height: 18.00pt; width: 124.50pt;\" width=\"124\" height=\"18\">Nome da cole\u00e7\u00e3o<\/td>\n<td class=\"et4\" style=\"width: 214.40pt;\" width=\"214\">Cole\u00e7\u00e3o de cogumelos de fadas<\/td>\n<\/tr>\n<tr style=\"height: 18.00pt;\">\n<td class=\"et3\" style=\"height: 18.00pt; width: 124.50pt;\" width=\"124\" height=\"18\">Utiliza\u00e7\u00e3o<\/td>\n<td class=\"et3\" style=\"width: 214.40pt;\" width=\"214\">Casa, restaurante, hotel<\/td>\n<\/tr>\n<tr style=\"height: 36.00pt;\">\n<td class=\"et3\" style=\"height: 36.00pt; width: 124.50pt;\" width=\"124\" height=\"36\">Tipo de lou\u00e7a<\/td>\n<td class=\"et3\" style=\"width: 214.40pt;\" width=\"214\">Bule de ch\u00e1, a\u00e7ucareiro, cremeira, ch\u00e1vena e pires, caneca, prato, tigela, suporte para bolos<\/td>\n<\/tr>\n<tr style=\"height: 18.00pt;\">\n<td class=\"et3\" style=\"height: 18.00pt; width: 124.50pt;\" width=\"124\" height=\"18\">Material<\/td>\n<td class=\"et3\" style=\"width: 214.40pt;\" width=\"214\">Porcelana dur\u00e1vel<\/td>\n<\/tr>\n<tr style=\"height: 18.00pt;\">\n<td class=\"et3\" style=\"height: 18.00pt; width: 124.50pt;\" width=\"124\" height=\"18\">Dimens\u00e3o<\/td>\n<td class=\"et3\" style=\"width: 214.40pt;\" width=\"214\">Conforme imagem de pormenor<\/td>\n<\/tr>\n<tr style=\"height: 18.00pt;\">\n<td class=\"et3\" style=\"height: 18.00pt; width: 124.50pt;\" width=\"124\" height=\"18\">Unidades de venda<\/td>\n<td class=\"et3\" style=\"width: 214.40pt;\" width=\"214\">Artigo \u00fanico<\/td>\n<\/tr>\n<tr style=\"height: 18.00pt;\">\n<td class=\"et3\" style=\"height: 18.00pt; width: 124.50pt;\" width=\"124\" height=\"18\">MOQ<\/td>\n<td class=\"et3\" style=\"width: 214.40pt;\" width=\"214\">1200 unidades por artigo<\/td>\n<\/tr>\n<tr style=\"height: 18.00pt;\">\n<td class=\"et3\" style=\"height: 18.00pt; width: 124.50pt;\" width=\"124\" height=\"18\">Op\u00e7\u00e3o personalizada<\/td>\n<td class=\"et3\" style=\"width: 214.40pt;\" width=\"214\">Cor\/tamanho\/verniz\/log\u00f3tipo\/embalagem<\/td>\n<\/tr>\n<\/tbody>\n<\/table>","protected":false},"featured_media":3867,"comment_status":"closed","ping_status":"closed","template":"","meta":{"_acf_changed":false},"product_brand":[],"product_cat":[19,52],"product_tag":[37,25,39,27,26],"class_list":{"0":"post-3594","1":"product","2":"type-product","3":"status-publish","4":"has-post-thumbnail","6":"product_cat-dinnerware-wholesale","7":"product_cat-holiday-tableware-supplier","8":"product_tag-bulk-cake-stands","9":"product_tag-wholesale-plates-and-bowls","10":"product_tag-sugar-jars-wholesale","11":"product_tag-wholesale-tea-cups-and-saucers","12":"product_tag-wholesale-teapots","14":"first","15":"instock","16":"shipping-taxable","17":"product-type-simple"},"acf":[],"_links":{"self":[{"href":"https:\/\/www.lovinghomecollection.com\/pt\/wp-json\/wp\/v2\/product\/3594","targetHints":{"allow":["GET"]}}],"collection":[{"href":"https:\/\/www.lovinghomecollection.com\/pt\/wp-json\/wp\/v2\/product"}],"about":[{"href":"https:\/\/www.lovinghomecollection.com\/pt\/wp-json\/wp\/v2\/types\/product"}],"replies":[{"embeddable":true,"href":"https:\/\/www.lovinghomecollection.com\/pt\/wp-json\/wp\/v2\/comments?post=3594"}],"wp:featuredmedia":[{"embeddable":true,"href":"https:\/\/www.lovinghomecollection.com\/pt\/wp-json\/wp\/v2\/media\/3867"}],"wp:attachment":[{"href":"https:\/\/www.lovinghomecollection.com\/pt\/wp-json\/wp\/v2\/media?parent=3594"}],"wp:term":[{"taxonomy":"product_brand","embeddable":true,"href":"https:\/\/www.lovinghomecollection.com\/pt\/wp-json\/wp\/v2\/product_brand?post=3594"},{"taxonomy":"product_cat","embeddable":true,"href":"https:\/\/www.lovinghomecollection.com\/pt\/wp-json\/wp\/v2\/product_cat?post=3594"},{"taxonomy":"product_tag","embeddable":true,"href":"https:\/\/www.lovinghomecollection.com\/pt\/wp-json\/wp\/v2\/product_tag?post=3594"}],"curies":[{"name":"wp","href":"https:\/\/api.w.org\/{rel}","templated":true}]}}