{"id":3571,"date":"2025-05-12T06:33:45","date_gmt":"2025-05-12T06:33:45","guid":{"rendered":"https:\/\/www.lovinghomecollection.com\/?post_type=product&#038;p=3571"},"modified":"2025-07-25T02:49:47","modified_gmt":"2025-07-25T02:49:47","slug":"bulk-restaurant-dinnerware","status":"publish","type":"product","link":"https:\/\/www.lovinghomecollection.com\/pt\/produto\/bulk-restaurant-dinnerware\/","title":{"rendered":"Conjunto de lou\u00e7a de restaurante floral, leve e a granel, para servir pratos"},"content":{"rendered":"<div class=\"wp-block-columns is-layout-flex wp-container-core-columns-is-layout-9d6595d7 wp-block-columns-is-layout-flex\">\n<div class=\"wp-block-column is-layout-flow wp-block-column-is-layout-flow\" style=\"flex-basis:60%\">\n<h2 class=\"wp-block-heading\">Servi\u00e7o de jantar de restaurante Premium Bulk Carater\u00edsticas:<\/h2>\n\n\n\n<ul class=\"wp-block-list\">\n<li><strong>Design leve em cer\u00e2mica, mais f\u00e1cil de utilizar: <\/strong>Estas loi\u00e7as para restaurantes a granel s\u00e3o feitas de material cer\u00e2mico leve, leve ao toque, adequado para servir com grande frequ\u00eancia e para a elevada taxa de rota\u00e7\u00e3o dos locais de restaura\u00e7\u00e3o.<\/li>\n\n\n\n<li><strong>Forma floral \u00fanica, melhora a apresenta\u00e7\u00e3o dos pratos:<\/strong> Os nossos conjuntos de pratos de jantar por atacado s\u00e3o concebidos com formas florais, com bordos naturais e suaves, contribuindo para a beleza visual geral, especialmente adequados para a apresenta\u00e7\u00e3o de pratos requintados, como snacks e sobremesas japoneses e coreanos.<\/li>\n\n\n\n<li><strong>Est\u00e1 dispon\u00edvel uma variedade de cores elegantes, frescas e duradouras: <\/strong>Este servi\u00e7o de jantar para restaurantes a granel est\u00e1 dispon\u00edvel numa variedade de cores suaves, com formas florais, criando uma atmosfera de jantar suave e elegante.<\/li>\n\n\n\n<li><strong>V\u00e1rios tamanhos para satisfazer v\u00e1rias necessidades de revestimento: <\/strong>Os nossos conjuntos de pratos de jantar por atacado incluem pratos e tigelas de diferentes tamanhos e profundidades, adequados para aperitivos, pratos pequenos, pratos principais, sobremesas e outros tipos de pratos, combina\u00e7\u00e3o flex\u00edvel, forte praticidade.<\/li>\n<\/ul>\n<\/div>\n\n\n\n<div class=\"wp-block-column is-layout-flow wp-block-column-is-layout-flow\">\n<figure class=\"wp-block-image size-full\"><img decoding=\"async\" width=\"1200\" height=\"1200\" src=\"https:\/\/www.lovinghomecollection.com\/wp-content\/uploads\/2025\/05\/Floral-Lightweight-Bulk-Restaurant-Dinnerware-Serving-Dishes-Set-1.webp\" alt=\"Conjunto de loi\u00e7a de restaurante a granel, leve e floral, para servir pratos - 1\" class=\"wp-image-3828\" srcset=\"https:\/\/www.lovinghomecollection.com\/wp-content\/uploads\/2025\/05\/Floral-Lightweight-Bulk-Restaurant-Dinnerware-Serving-Dishes-Set-1.webp 1200w, https:\/\/www.lovinghomecollection.com\/wp-content\/uploads\/2025\/05\/Floral-Lightweight-Bulk-Restaurant-Dinnerware-Serving-Dishes-Set-1-300x300.webp 300w, https:\/\/www.lovinghomecollection.com\/wp-content\/uploads\/2025\/05\/Floral-Lightweight-Bulk-Restaurant-Dinnerware-Serving-Dishes-Set-1-150x150.webp 150w, https:\/\/www.lovinghomecollection.com\/wp-content\/uploads\/2025\/05\/Floral-Lightweight-Bulk-Restaurant-Dinnerware-Serving-Dishes-Set-1-768x768.webp 768w, https:\/\/www.lovinghomecollection.com\/wp-content\/uploads\/2025\/05\/Floral-Lightweight-Bulk-Restaurant-Dinnerware-Serving-Dishes-Set-1-12x12.webp 12w, https:\/\/www.lovinghomecollection.com\/wp-content\/uploads\/2025\/05\/Floral-Lightweight-Bulk-Restaurant-Dinnerware-Serving-Dishes-Set-1-600x600.webp 600w, https:\/\/www.lovinghomecollection.com\/wp-content\/uploads\/2025\/05\/Floral-Lightweight-Bulk-Restaurant-Dinnerware-Serving-Dishes-Set-1-100x100.webp 100w\" sizes=\"(max-width: 1200px) 100vw, 1200px\" \/><\/figure>\n<\/div>\n<\/div>\n\n\n\n<h2 class=\"wp-block-heading has-text-align-center\">Apresenta\u00e7\u00e3o de produtos de loi\u00e7a de restaurante a granel com cores de canto floral e peso leve<\/h2>\n\n\n\n<div class=\"wp-block-columns is-layout-flex wp-container-core-columns-is-layout-9d6595d7 wp-block-columns-is-layout-flex\">\n<div class=\"wp-block-column is-layout-flow wp-block-column-is-layout-flow\">\n<figure class=\"wp-block-image size-full\"><img decoding=\"async\" width=\"2383\" height=\"3007\" src=\"https:\/\/www.lovinghomecollection.com\/wp-content\/uploads\/2025\/05\/Floral-Lightweight-Bulk-Restaurant-Dinnerware-Serving-Dishes-Set-10.webp\" alt=\"Conjunto de lou\u00e7a de restaurante a granel leve e floral, conjunto de 10 pratos para servir\" class=\"wp-image-3837\" srcset=\"https:\/\/www.lovinghomecollection.com\/wp-content\/uploads\/2025\/05\/Floral-Lightweight-Bulk-Restaurant-Dinnerware-Serving-Dishes-Set-10.webp 2383w, https:\/\/www.lovinghomecollection.com\/wp-content\/uploads\/2025\/05\/Floral-Lightweight-Bulk-Restaurant-Dinnerware-Serving-Dishes-Set-10-238x300.webp 238w, https:\/\/www.lovinghomecollection.com\/wp-content\/uploads\/2025\/05\/Floral-Lightweight-Bulk-Restaurant-Dinnerware-Serving-Dishes-Set-10-768x969.webp 768w, https:\/\/www.lovinghomecollection.com\/wp-content\/uploads\/2025\/05\/Floral-Lightweight-Bulk-Restaurant-Dinnerware-Serving-Dishes-Set-10-10x12.webp 10w, https:\/\/www.lovinghomecollection.com\/wp-content\/uploads\/2025\/05\/Floral-Lightweight-Bulk-Restaurant-Dinnerware-Serving-Dishes-Set-10-1200x1514.webp 1200w, https:\/\/www.lovinghomecollection.com\/wp-content\/uploads\/2025\/05\/Floral-Lightweight-Bulk-Restaurant-Dinnerware-Serving-Dishes-Set-10-600x757.webp 600w\" sizes=\"(max-width: 2383px) 100vw, 2383px\" \/><\/figure>\n<\/div>\n\n\n\n<div class=\"wp-block-column is-layout-flow wp-block-column-is-layout-flow\">\n<figure class=\"wp-block-image size-full\"><img decoding=\"async\" width=\"2383\" height=\"2543\" src=\"https:\/\/www.lovinghomecollection.com\/wp-content\/uploads\/2025\/05\/Floral-Lightweight-Bulk-Restaurant-Dinnerware-Serving-Dishes-Set-11.webp\" alt=\"Conjunto de lou\u00e7a de restaurante floral, leve e a granel, para servir pratos - 11\" class=\"wp-image-3838\" srcset=\"https:\/\/www.lovinghomecollection.com\/wp-content\/uploads\/2025\/05\/Floral-Lightweight-Bulk-Restaurant-Dinnerware-Serving-Dishes-Set-11.webp 2383w, https:\/\/www.lovinghomecollection.com\/wp-content\/uploads\/2025\/05\/Floral-Lightweight-Bulk-Restaurant-Dinnerware-Serving-Dishes-Set-11-281x300.webp 281w, https:\/\/www.lovinghomecollection.com\/wp-content\/uploads\/2025\/05\/Floral-Lightweight-Bulk-Restaurant-Dinnerware-Serving-Dishes-Set-11-768x820.webp 768w, https:\/\/www.lovinghomecollection.com\/wp-content\/uploads\/2025\/05\/Floral-Lightweight-Bulk-Restaurant-Dinnerware-Serving-Dishes-Set-11-11x12.webp 11w, https:\/\/www.lovinghomecollection.com\/wp-content\/uploads\/2025\/05\/Floral-Lightweight-Bulk-Restaurant-Dinnerware-Serving-Dishes-Set-11-1200x1281.webp 1200w, https:\/\/www.lovinghomecollection.com\/wp-content\/uploads\/2025\/05\/Floral-Lightweight-Bulk-Restaurant-Dinnerware-Serving-Dishes-Set-11-600x640.webp 600w\" sizes=\"(max-width: 2383px) 100vw, 2383px\" \/><\/figure>\n<\/div>\n<\/div>\n\n\n\n<p><\/p>","protected":false},"excerpt":{"rendered":"<p>Bem-vindo \u00e0 compra de lou\u00e7a de restaurante a granel. Os nossos conjuntos de pratos florais leves para venda por grosso s\u00e3o especialmente concebidos para petiscos japoneses, coreanos e de boutique. A forma \u00e9 inspirada em flores naturais e combinada com cores suaves para mostrar um estilo de jantar leve e fresco.<\/p>\n<table style=\"border-collapse: collapse; width: 338.02pt;\" border=\"0\" width=\"338\" cellspacing=\"0\" cellpadding=\"0\">\n<tbody>\n<tr style=\"height: 18.00pt;\">\n<td class=\"et3\" style=\"height: 18.00pt; width: 124.50pt;\" width=\"124\" height=\"18\">Fabricante<\/td>\n<td class=\"et3\" style=\"width: 214.40pt;\" width=\"214\">Casa amorosa<\/td>\n<\/tr>\n<tr style=\"height: 18.00pt;\">\n<td class=\"et3\" style=\"height: 18.00pt; width: 124.50pt;\" width=\"124\" height=\"18\">Nome da cole\u00e7\u00e3o<\/td>\n<td class=\"et3\" style=\"width: 214.40pt;\" width=\"214\">Canto Floral Cores Peso Leve<\/td>\n<\/tr>\n<tr style=\"height: 18.00pt;\">\n<td class=\"et3\" style=\"height: 18.00pt; width: 124.50pt;\" width=\"124\" height=\"18\">Utiliza\u00e7\u00e3o<\/td>\n<td class=\"et3\" style=\"width: 214.40pt;\" width=\"214\">Casa, restaurante, hotel<\/td>\n<\/tr>\n<tr style=\"height: 18.00pt;\">\n<td class=\"et3\" style=\"height: 18.00pt; width: 124.50pt;\" width=\"124\" height=\"18\">Tipo de lou\u00e7a<\/td>\n<td class=\"et3\" style=\"width: 214.40pt;\" width=\"214\">Pratos e ta\u00e7as de cer\u00e2mica<\/td>\n<\/tr>\n<tr style=\"height: 18.00pt;\">\n<td class=\"et3\" style=\"height: 18.00pt; width: 124.50pt;\" width=\"124\" height=\"18\">Material<\/td>\n<td class=\"et3\" style=\"width: 214.40pt;\" width=\"214\">Porcelana dur\u00e1vel<\/td>\n<\/tr>\n<tr style=\"height: 18.00pt;\">\n<td class=\"et3\" style=\"height: 18.00pt; width: 124.50pt;\" width=\"124\" height=\"18\">Dimens\u00e3o<\/td>\n<td class=\"et3\" style=\"width: 214.40pt;\" width=\"214\">Conforme imagem de pormenor<\/td>\n<\/tr>\n<tr style=\"height: 18.00pt;\">\n<td class=\"et3\" style=\"height: 18.00pt; width: 124.50pt;\" width=\"124\" height=\"18\">Unidades de venda<\/td>\n<td class=\"et3\" style=\"width: 214.40pt;\" width=\"214\">Artigo \u00fanico<\/td>\n<\/tr>\n<tr style=\"height: 18.00pt;\">\n<td class=\"et3\" style=\"height: 18.00pt; width: 124.50pt;\" width=\"124\" height=\"18\">MOQ<\/td>\n<td class=\"et3\" style=\"width: 214.40pt;\" width=\"214\">1200 unidades por artigo<\/td>\n<\/tr>\n<tr style=\"height: 18.00pt;\">\n<td class=\"et3\" style=\"height: 18.00pt; width: 124.50pt;\" width=\"124\" height=\"18\">Op\u00e7\u00e3o personalizada<\/td>\n<td class=\"et3\" style=\"width: 214.40pt;\" width=\"214\">Cor\/tamanho\/verniz\/log\u00f3tipo\/embalagem<\/td>\n<\/tr>\n<\/tbody>\n<\/table>","protected":false},"featured_media":3832,"comment_status":"closed","ping_status":"closed","template":"","meta":{"_acf_changed":false},"product_brand":[],"product_cat":[19,47],"product_tag":[25,34],"class_list":{"0":"post-3571","1":"product","2":"type-product","3":"status-publish","4":"has-post-thumbnail","6":"product_cat-dinnerware-wholesale","7":"product_cat-lightweight-dinnerware-supplier","8":"product_tag-wholesale-plates-and-bowls","9":"product_tag-olive-oil-dipping-bowls-wholesale","11":"first","12":"instock","13":"shipping-taxable","14":"product-type-simple"},"acf":[],"_links":{"self":[{"href":"https:\/\/www.lovinghomecollection.com\/pt\/wp-json\/wp\/v2\/product\/3571","targetHints":{"allow":["GET"]}}],"collection":[{"href":"https:\/\/www.lovinghomecollection.com\/pt\/wp-json\/wp\/v2\/product"}],"about":[{"href":"https:\/\/www.lovinghomecollection.com\/pt\/wp-json\/wp\/v2\/types\/product"}],"replies":[{"embeddable":true,"href":"https:\/\/www.lovinghomecollection.com\/pt\/wp-json\/wp\/v2\/comments?post=3571"}],"wp:featuredmedia":[{"embeddable":true,"href":"https:\/\/www.lovinghomecollection.com\/pt\/wp-json\/wp\/v2\/media\/3832"}],"wp:attachment":[{"href":"https:\/\/www.lovinghomecollection.com\/pt\/wp-json\/wp\/v2\/media?parent=3571"}],"wp:term":[{"taxonomy":"product_brand","embeddable":true,"href":"https:\/\/www.lovinghomecollection.com\/pt\/wp-json\/wp\/v2\/product_brand?post=3571"},{"taxonomy":"product_cat","embeddable":true,"href":"https:\/\/www.lovinghomecollection.com\/pt\/wp-json\/wp\/v2\/product_cat?post=3571"},{"taxonomy":"product_tag","embeddable":true,"href":"https:\/\/www.lovinghomecollection.com\/pt\/wp-json\/wp\/v2\/product_tag?post=3571"}],"curies":[{"name":"wp","href":"https:\/\/api.w.org\/{rel}","templated":true}]}}