{"id":3548,"date":"2025-05-12T02:50:40","date_gmt":"2025-05-12T02:50:40","guid":{"rendered":"https:\/\/www.lovinghomecollection.com\/?post_type=product&#038;p=3548"},"modified":"2025-07-25T02:49:47","modified_gmt":"2025-07-25T02:49:47","slug":"commercial-dinnerware-wholesale","status":"publish","type":"product","link":"https:\/\/www.lovinghomecollection.com\/pt\/produto\/commercial-dinnerware-wholesale\/","title":{"rendered":"Lou\u00e7a comercial de peso leve por atacado, lou\u00e7a branca"},"content":{"rendered":"<div class=\"wp-block-columns is-layout-flex wp-container-core-columns-is-layout-9d6595d7 wp-block-columns-is-layout-flex\">\n<div class=\"wp-block-column is-layout-flow wp-block-column-is-layout-flow\" style=\"flex-basis:60%\">\n<h2 class=\"wp-block-heading\">Servi\u00e7o de jantar comercial de alta qualidade Carater\u00edsticas por atacado:<\/h2>\n\n\n\n<ul class=\"wp-block-list\">\n<li><strong>Fabricado em cer\u00e2mica leve para melhorar a experi\u00eancia do utilizador: <\/strong>Esta loi\u00e7a comercial por atacado \u00e9 feita de cer\u00e2mica leve, que \u00e9 leve ao toque, robusta e dur\u00e1vel, e \u00e9 particularmente adequada para cen\u00e1rios de utiliza\u00e7\u00e3o frequente na restaura\u00e7\u00e3o comercial.<\/li>\n\n\n\n<li><strong>Combina\u00e7\u00f5es ricas para satisfazer as necessidades de uma mesa \u00fanica: <\/strong>Os nossos conjuntos de loi\u00e7a branca a granel abrangem pratos, tigelas, t\u00e1buas de queijo, latas de armazenamento, potes de \u00f3leo, ch\u00e1venas e pires, bules, a\u00e7ucareiros, etc. de v\u00e1rios tamanhos, que podem n\u00e3o s\u00f3 satisfazer as necessidades di\u00e1rias de refei\u00e7\u00f5es, mas tamb\u00e9m ser adequados para um conjunto completo de equipamento para hot\u00e9is, caf\u00e9s e banquetes.<\/li>\n\n\n\n<li><strong>Fundo branco cl\u00e1ssico com riscas pretas, vers\u00e1til e duradouro: <\/strong>Esta s\u00e9rie de lou\u00e7a comercial por atacado utiliza o branco como cor principal, complementado por requintadas riscas pretas, mostrando uma beleza simples e moderna.<\/li>\n\n\n\n<li><strong>M\u00faltiplas op\u00e7\u00f5es de tamanho, suporte de correspond\u00eancia flex\u00edvel e personaliza\u00e7\u00e3o: <\/strong>A nossa s\u00e9rie de loi\u00e7a branca a granel oferece uma variedade de especifica\u00e7\u00f5es e combina\u00e7\u00f5es. Os utilizadores podem combinar e combinar livremente de acordo com diferentes cen\u00e1rios de utiliza\u00e7\u00e3o, e tamb\u00e9m apoiar servi\u00e7os de personaliza\u00e7\u00e3o a granel.<\/li>\n<\/ul>\n<\/div>\n\n\n\n<div class=\"wp-block-column is-layout-flow wp-block-column-is-layout-flow\">\n<figure class=\"wp-block-image size-full\"><img decoding=\"async\" width=\"1200\" height=\"1200\" src=\"https:\/\/www.lovinghomecollection.com\/wp-content\/uploads\/2025\/05\/Light-Weight-Commercial-Dinnerware-Wholesale-White-Crockery-4.webp\" alt=\"Servi\u00e7o de jantar comercial leve por atacado, lou\u00e7a branca-4\" class=\"wp-image-3808\" srcset=\"https:\/\/www.lovinghomecollection.com\/wp-content\/uploads\/2025\/05\/Light-Weight-Commercial-Dinnerware-Wholesale-White-Crockery-4.webp 1200w, https:\/\/www.lovinghomecollection.com\/wp-content\/uploads\/2025\/05\/Light-Weight-Commercial-Dinnerware-Wholesale-White-Crockery-4-300x300.webp 300w, https:\/\/www.lovinghomecollection.com\/wp-content\/uploads\/2025\/05\/Light-Weight-Commercial-Dinnerware-Wholesale-White-Crockery-4-150x150.webp 150w, https:\/\/www.lovinghomecollection.com\/wp-content\/uploads\/2025\/05\/Light-Weight-Commercial-Dinnerware-Wholesale-White-Crockery-4-768x768.webp 768w, https:\/\/www.lovinghomecollection.com\/wp-content\/uploads\/2025\/05\/Light-Weight-Commercial-Dinnerware-Wholesale-White-Crockery-4-12x12.webp 12w, https:\/\/www.lovinghomecollection.com\/wp-content\/uploads\/2025\/05\/Light-Weight-Commercial-Dinnerware-Wholesale-White-Crockery-4-600x600.webp 600w, https:\/\/www.lovinghomecollection.com\/wp-content\/uploads\/2025\/05\/Light-Weight-Commercial-Dinnerware-Wholesale-White-Crockery-4-100x100.webp 100w\" sizes=\"(max-width: 1200px) 100vw, 1200px\" \/><\/figure>\n<\/div>\n<\/div>\n\n\n\n<h2 class=\"wp-block-heading has-text-align-center\">Apresenta\u00e7\u00e3o de produtos de loi\u00e7a comercial de peso leve Bold Path por grosso<\/h2>\n\n\n\n<div class=\"wp-block-columns is-layout-flex wp-container-core-columns-is-layout-9d6595d7 wp-block-columns-is-layout-flex\">\n<div class=\"wp-block-column is-layout-flow wp-block-column-is-layout-flow\">\n<figure class=\"wp-block-image size-full\"><img decoding=\"async\" width=\"2383\" height=\"3247\" src=\"https:\/\/www.lovinghomecollection.com\/wp-content\/uploads\/2025\/05\/Light-Weight-Commercial-Dinnerware-Wholesale-White-Crockery-10.webp\" alt=\"Servi\u00e7o de jantar comercial leve por atacado, lou\u00e7a branca-10\" class=\"wp-image-3814\" srcset=\"https:\/\/www.lovinghomecollection.com\/wp-content\/uploads\/2025\/05\/Light-Weight-Commercial-Dinnerware-Wholesale-White-Crockery-10.webp 2383w, https:\/\/www.lovinghomecollection.com\/wp-content\/uploads\/2025\/05\/Light-Weight-Commercial-Dinnerware-Wholesale-White-Crockery-10-220x300.webp 220w, https:\/\/www.lovinghomecollection.com\/wp-content\/uploads\/2025\/05\/Light-Weight-Commercial-Dinnerware-Wholesale-White-Crockery-10-768x1046.webp 768w, https:\/\/www.lovinghomecollection.com\/wp-content\/uploads\/2025\/05\/Light-Weight-Commercial-Dinnerware-Wholesale-White-Crockery-10-9x12.webp 9w, https:\/\/www.lovinghomecollection.com\/wp-content\/uploads\/2025\/05\/Light-Weight-Commercial-Dinnerware-Wholesale-White-Crockery-10-1200x1635.webp 1200w, https:\/\/www.lovinghomecollection.com\/wp-content\/uploads\/2025\/05\/Light-Weight-Commercial-Dinnerware-Wholesale-White-Crockery-10-600x818.webp 600w\" sizes=\"(max-width: 2383px) 100vw, 2383px\" \/><\/figure>\n<\/div>\n\n\n\n<div class=\"wp-block-column is-layout-flow wp-block-column-is-layout-flow\">\n<figure class=\"wp-block-image size-full\"><img decoding=\"async\" width=\"2383\" height=\"2711\" src=\"https:\/\/www.lovinghomecollection.com\/wp-content\/uploads\/2025\/05\/Light-Weight-Commercial-Dinnerware-Wholesale-White-Crockery-11.webp\" alt=\"Lou\u00e7a comercial de peso leve por atacado, lou\u00e7a branca-11\" class=\"wp-image-3815\" srcset=\"https:\/\/www.lovinghomecollection.com\/wp-content\/uploads\/2025\/05\/Light-Weight-Commercial-Dinnerware-Wholesale-White-Crockery-11.webp 2383w, https:\/\/www.lovinghomecollection.com\/wp-content\/uploads\/2025\/05\/Light-Weight-Commercial-Dinnerware-Wholesale-White-Crockery-11-264x300.webp 264w, https:\/\/www.lovinghomecollection.com\/wp-content\/uploads\/2025\/05\/Light-Weight-Commercial-Dinnerware-Wholesale-White-Crockery-11-768x874.webp 768w, https:\/\/www.lovinghomecollection.com\/wp-content\/uploads\/2025\/05\/Light-Weight-Commercial-Dinnerware-Wholesale-White-Crockery-11-11x12.webp 11w, https:\/\/www.lovinghomecollection.com\/wp-content\/uploads\/2025\/05\/Light-Weight-Commercial-Dinnerware-Wholesale-White-Crockery-11-1200x1365.webp 1200w, https:\/\/www.lovinghomecollection.com\/wp-content\/uploads\/2025\/05\/Light-Weight-Commercial-Dinnerware-Wholesale-White-Crockery-11-600x683.webp 600w\" sizes=\"(max-width: 2383px) 100vw, 2383px\" \/><\/figure>\n<\/div>\n<\/div>\n\n\n\n<p><\/p>","protected":false},"excerpt":{"rendered":"<p>Bem-vindo ao comprar lou\u00e7a comercial por grosso. Esta s\u00e9rie de loi\u00e7a branca leve e a granel tem um aspeto simples e moderno e \u00e9 adequada para uma utiliza\u00e7\u00e3o frequente em locais comerciais. O portf\u00f3lio de produtos \u00e9 completo, cobrindo todos os tipos de lou\u00e7a de mesa, desde jantares a intervalos para ch\u00e1, atendendo \u00e0s necessidades de hot\u00e9is, restaurantes, caf\u00e9s e personaliza\u00e7\u00e3o.<\/p>\n<table style=\"border-collapse: collapse; width: 338.02pt;\" border=\"0\" width=\"338\" cellspacing=\"0\" cellpadding=\"0\">\n<tbody>\n<tr style=\"height: 18.00pt;\">\n<td class=\"et3\" style=\"height: 18.00pt; width: 124.50pt;\" width=\"124\" height=\"18\">Fabricante<\/td>\n<td class=\"et3\" style=\"width: 214.40pt;\" width=\"214\">Casa amorosa<\/td>\n<\/tr>\n<tr style=\"height: 18.00pt;\">\n<td class=\"et3\" style=\"height: 18.00pt; width: 124.50pt;\" width=\"124\" height=\"18\">Nome da cole\u00e7\u00e3o<\/td>\n<td class=\"et3\" style=\"width: 214.40pt;\" width=\"214\">Porcelana leve<\/td>\n<\/tr>\n<tr style=\"height: 18.00pt;\">\n<td class=\"et3\" style=\"height: 18.00pt; width: 124.50pt;\" width=\"124\" height=\"18\">Utiliza\u00e7\u00e3o<\/td>\n<td class=\"et3\" style=\"width: 214.40pt;\" width=\"214\">Casa, restaurante, hotel<\/td>\n<\/tr>\n<tr style=\"height: 18.00pt;\">\n<td class=\"et3\" style=\"height: 18.00pt; width: 124.50pt;\" width=\"124\" height=\"18\">Tipo de lou\u00e7a<\/td>\n<td class=\"et3\" style=\"width: 214.40pt;\" width=\"214\">Prato, ta\u00e7a<\/td>\n<\/tr>\n<tr style=\"height: 18.00pt;\">\n<td class=\"et3\" style=\"height: 18.00pt; width: 124.50pt;\" width=\"124\" height=\"18\">Material<\/td>\n<td class=\"et3\" style=\"width: 214.40pt;\" width=\"214\">Porcelana dur\u00e1vel<\/td>\n<\/tr>\n<tr style=\"height: 18.00pt;\">\n<td class=\"et3\" style=\"height: 18.00pt; width: 124.50pt;\" width=\"124\" height=\"18\">Dimens\u00e3o<\/td>\n<td class=\"et3\" style=\"width: 214.40pt;\" width=\"214\">Conforme imagem de pormenor<\/td>\n<\/tr>\n<tr style=\"height: 18.00pt;\">\n<td class=\"et3\" style=\"height: 18.00pt; width: 124.50pt;\" width=\"124\" height=\"18\">Unidades de venda<\/td>\n<td class=\"et3\" style=\"width: 214.40pt;\" width=\"214\">Artigo \u00fanico<\/td>\n<\/tr>\n<tr style=\"height: 18.00pt;\">\n<td class=\"et3\" style=\"height: 18.00pt; width: 124.50pt;\" width=\"124\" height=\"18\">MOQ<\/td>\n<td class=\"et3\" style=\"width: 214.40pt;\" width=\"214\">1200 unidades por artigo<\/td>\n<\/tr>\n<tr style=\"height: 18.00pt;\">\n<td class=\"et3\" style=\"height: 18.00pt; width: 124.50pt;\" width=\"124\" height=\"18\">Op\u00e7\u00e3o personalizada<\/td>\n<td class=\"et3\" style=\"width: 214.40pt;\" width=\"214\">Cor\/tamanho\/verniz\/log\u00f3tipo\/embalagem<\/td>\n<\/tr>\n<\/tbody>\n<\/table>","protected":false},"featured_media":3809,"comment_status":"closed","ping_status":"closed","template":"","meta":{"_acf_changed":false},"product_brand":[],"product_cat":[19,47],"product_tag":[35,40,25,39,34,27,26],"class_list":{"0":"post-3548","1":"product","2":"type-product","3":"status-publish","4":"has-post-thumbnail","6":"product_cat-dinnerware-wholesale","7":"product_cat-lightweight-dinnerware-supplier","8":"product_tag-wholesale-cheese-boards","9":"product_tag-oil-bottles-wholesale","10":"product_tag-wholesale-plates-and-bowls","11":"product_tag-sugar-jars-wholesale","12":"product_tag-olive-oil-dipping-bowls-wholesale","13":"product_tag-wholesale-tea-cups-and-saucers","14":"product_tag-wholesale-teapots","16":"first","17":"instock","18":"shipping-taxable","19":"product-type-simple"},"acf":[],"_links":{"self":[{"href":"https:\/\/www.lovinghomecollection.com\/pt\/wp-json\/wp\/v2\/product\/3548","targetHints":{"allow":["GET"]}}],"collection":[{"href":"https:\/\/www.lovinghomecollection.com\/pt\/wp-json\/wp\/v2\/product"}],"about":[{"href":"https:\/\/www.lovinghomecollection.com\/pt\/wp-json\/wp\/v2\/types\/product"}],"replies":[{"embeddable":true,"href":"https:\/\/www.lovinghomecollection.com\/pt\/wp-json\/wp\/v2\/comments?post=3548"}],"wp:featuredmedia":[{"embeddable":true,"href":"https:\/\/www.lovinghomecollection.com\/pt\/wp-json\/wp\/v2\/media\/3809"}],"wp:attachment":[{"href":"https:\/\/www.lovinghomecollection.com\/pt\/wp-json\/wp\/v2\/media?parent=3548"}],"wp:term":[{"taxonomy":"product_brand","embeddable":true,"href":"https:\/\/www.lovinghomecollection.com\/pt\/wp-json\/wp\/v2\/product_brand?post=3548"},{"taxonomy":"product_cat","embeddable":true,"href":"https:\/\/www.lovinghomecollection.com\/pt\/wp-json\/wp\/v2\/product_cat?post=3548"},{"taxonomy":"product_tag","embeddable":true,"href":"https:\/\/www.lovinghomecollection.com\/pt\/wp-json\/wp\/v2\/product_tag?post=3548"}],"curies":[{"name":"wp","href":"https:\/\/api.w.org\/{rel}","templated":true}]}}