{"id":3537,"date":"2025-05-12T07:36:23","date_gmt":"2025-05-12T07:36:23","guid":{"rendered":"https:\/\/www.lovinghomecollection.com\/?post_type=product&#038;p=3537"},"modified":"2025-06-05T03:43:22","modified_gmt":"2025-06-05T03:43:22","slug":"wholesale-ceramic-dinner-set","status":"publish","type":"product","link":"https:\/\/www.lovinghomecollection.com\/pt\/produto\/wholesale-ceramic-dinner-set\/","title":{"rendered":"Conjunto de jantar em cer\u00e2mica para venda por grosso em cores pastel, pratos, ta\u00e7as, copos"},"content":{"rendered":"<div class=\"wp-block-columns is-layout-flex wp-container-core-columns-is-layout-9d6595d7 wp-block-columns-is-layout-flex\">\n<div class=\"wp-block-column is-layout-flow wp-block-column-is-layout-flow\" style=\"flex-basis:60%\">\n<h2 class=\"wp-block-heading\">Conjunto de jantar em cer\u00e2mica Premium Wholesale Carater\u00edsticas:<\/h2>\n\n\n\n<ul class=\"wp-block-list\">\n<li><strong>Esquema de cores suaves de macaron, criando uma mesa de jantar curativa: <\/strong>Este conjunto de jantar de cer\u00e2mica por atacado utiliza cores pastel frescas e suaves, como o rosa claro, o verde menta, o azul c\u00e9u, etc., para criar uma atmosfera de jantar quente e confort\u00e1vel, que \u00e9 profundamente apreciada pelos jovens consumidores.<\/li>\n\n\n\n<li><strong>Configura\u00e7\u00e3o completa para satisfazer as necessidades di\u00e1rias de refei\u00e7\u00f5es: <\/strong>A nossa loi\u00e7a de jantar a granel inclui loi\u00e7a b\u00e1sica, como pratos, tigelas, ch\u00e1venas, etc., de v\u00e1rios tamanhos, adequada para o pequeno-almo\u00e7o, refei\u00e7\u00f5es principais, ch\u00e1 da tarde e outras cenas.<\/li>\n\n\n\n<li><strong>Cer\u00e2mica cozida a alta temperatura, saud\u00e1vel e duradoura: <\/strong>Nosso conjunto de jantar de cer\u00e2mica por atacado usa materiais cer\u00e2micos de alta qualidade, queimados em alta temperatura, n\u00e3o cont\u00e9m subst\u00e2ncias nocivas, \u00e9 resistente e dur\u00e1vel e n\u00e3o \u00e9 f\u00e1cil de absorver odores. \u00c9 adequado para uso dom\u00e9stico e comercial de catering.<\/li>\n\n\n\n<li><strong>Est\u00e3o dispon\u00edveis v\u00e1rias combina\u00e7\u00f5es de cores e a personaliza\u00e7\u00e3o de misturas e combina\u00e7\u00f5es \u00e9 suportada: <\/strong>Estas loi\u00e7as a granel t\u00eam uma variedade de cores que podem ser livremente combinadas e combinadas, e tamb\u00e9m suportam servi\u00e7os de personaliza\u00e7\u00e3o OEM\/ODM, que s\u00e3o adequados para a aquisi\u00e7\u00e3o de marcas, desenvolvimento de conjuntos de presentes e vendas por grosso.<\/li>\n<\/ul>\n<\/div>\n\n\n\n<div class=\"wp-block-column is-layout-flow wp-block-column-is-layout-flow\">\n<figure class=\"wp-block-image size-full\"><img decoding=\"async\" width=\"1200\" height=\"1200\" src=\"https:\/\/www.lovinghomecollection.com\/wp-content\/uploads\/2025\/05\/Pastel-Color-Wholesale-Ceramic-Dinner-Set-Plates-Bowls-Cups-2.webp\" alt=\"Conjunto de jantar em cer\u00e2mica para venda por grosso em cores pastel, pratos, ta\u00e7as, copos-2\" class=\"wp-image-3841\" srcset=\"https:\/\/www.lovinghomecollection.com\/wp-content\/uploads\/2025\/05\/Pastel-Color-Wholesale-Ceramic-Dinner-Set-Plates-Bowls-Cups-2.webp 1200w, https:\/\/www.lovinghomecollection.com\/wp-content\/uploads\/2025\/05\/Pastel-Color-Wholesale-Ceramic-Dinner-Set-Plates-Bowls-Cups-2-300x300.webp 300w, https:\/\/www.lovinghomecollection.com\/wp-content\/uploads\/2025\/05\/Pastel-Color-Wholesale-Ceramic-Dinner-Set-Plates-Bowls-Cups-2-150x150.webp 150w, https:\/\/www.lovinghomecollection.com\/wp-content\/uploads\/2025\/05\/Pastel-Color-Wholesale-Ceramic-Dinner-Set-Plates-Bowls-Cups-2-768x768.webp 768w, https:\/\/www.lovinghomecollection.com\/wp-content\/uploads\/2025\/05\/Pastel-Color-Wholesale-Ceramic-Dinner-Set-Plates-Bowls-Cups-2-12x12.webp 12w, https:\/\/www.lovinghomecollection.com\/wp-content\/uploads\/2025\/05\/Pastel-Color-Wholesale-Ceramic-Dinner-Set-Plates-Bowls-Cups-2-600x600.webp 600w, https:\/\/www.lovinghomecollection.com\/wp-content\/uploads\/2025\/05\/Pastel-Color-Wholesale-Ceramic-Dinner-Set-Plates-Bowls-Cups-2-100x100.webp 100w\" sizes=\"(max-width: 1200px) 100vw, 1200px\" \/><\/figure>\n<\/div>\n<\/div>\n\n\n\n<h2 class=\"wp-block-heading has-text-align-center\">Apresenta\u00e7\u00e3o do produto Conjunto de jantar em cer\u00e2mica Luna Pastel por atacado<\/h2>\n\n\n\n<div class=\"wp-block-columns is-layout-flex wp-container-core-columns-is-layout-9d6595d7 wp-block-columns-is-layout-flex\">\n<div class=\"wp-block-column is-layout-flow wp-block-column-is-layout-flow\">\n<figure class=\"wp-block-image size-full\"><img decoding=\"async\" width=\"2406\" height=\"2482\" src=\"https:\/\/www.lovinghomecollection.com\/wp-content\/uploads\/2025\/05\/Pastel-Color-Wholesale-Ceramic-Dinner-Set-Plates-Bowls-Cups-9.webp\" alt=\"Conjunto de jantar em cer\u00e2mica de cor pastel, pratos, ta\u00e7as, copos-9\" class=\"wp-image-3848\" srcset=\"https:\/\/www.lovinghomecollection.com\/wp-content\/uploads\/2025\/05\/Pastel-Color-Wholesale-Ceramic-Dinner-Set-Plates-Bowls-Cups-9.webp 2406w, https:\/\/www.lovinghomecollection.com\/wp-content\/uploads\/2025\/05\/Pastel-Color-Wholesale-Ceramic-Dinner-Set-Plates-Bowls-Cups-9-291x300.webp 291w, https:\/\/www.lovinghomecollection.com\/wp-content\/uploads\/2025\/05\/Pastel-Color-Wholesale-Ceramic-Dinner-Set-Plates-Bowls-Cups-9-768x792.webp 768w, https:\/\/www.lovinghomecollection.com\/wp-content\/uploads\/2025\/05\/Pastel-Color-Wholesale-Ceramic-Dinner-Set-Plates-Bowls-Cups-9-12x12.webp 12w, https:\/\/www.lovinghomecollection.com\/wp-content\/uploads\/2025\/05\/Pastel-Color-Wholesale-Ceramic-Dinner-Set-Plates-Bowls-Cups-9-1200x1238.webp 1200w, https:\/\/www.lovinghomecollection.com\/wp-content\/uploads\/2025\/05\/Pastel-Color-Wholesale-Ceramic-Dinner-Set-Plates-Bowls-Cups-9-600x619.webp 600w\" sizes=\"(max-width: 2406px) 100vw, 2406px\" \/><\/figure>\n<\/div>\n\n\n\n<div class=\"wp-block-column is-layout-flow wp-block-column-is-layout-flow\">\n<figure class=\"wp-block-image size-full\"><img decoding=\"async\" width=\"2406\" height=\"2098\" src=\"https:\/\/www.lovinghomecollection.com\/wp-content\/uploads\/2025\/05\/Pastel-Color-Wholesale-Ceramic-Dinner-Set-Plates-Bowls-Cups-10.webp\" alt=\"Conjunto de jantar em cer\u00e2mica de cor pastel, pratos, ta\u00e7as, copos-10\" class=\"wp-image-3849\" srcset=\"https:\/\/www.lovinghomecollection.com\/wp-content\/uploads\/2025\/05\/Pastel-Color-Wholesale-Ceramic-Dinner-Set-Plates-Bowls-Cups-10.webp 2406w, https:\/\/www.lovinghomecollection.com\/wp-content\/uploads\/2025\/05\/Pastel-Color-Wholesale-Ceramic-Dinner-Set-Plates-Bowls-Cups-10-300x262.webp 300w, https:\/\/www.lovinghomecollection.com\/wp-content\/uploads\/2025\/05\/Pastel-Color-Wholesale-Ceramic-Dinner-Set-Plates-Bowls-Cups-10-768x670.webp 768w, https:\/\/www.lovinghomecollection.com\/wp-content\/uploads\/2025\/05\/Pastel-Color-Wholesale-Ceramic-Dinner-Set-Plates-Bowls-Cups-10-14x12.webp 14w, https:\/\/www.lovinghomecollection.com\/wp-content\/uploads\/2025\/05\/Pastel-Color-Wholesale-Ceramic-Dinner-Set-Plates-Bowls-Cups-10-1200x1046.webp 1200w, https:\/\/www.lovinghomecollection.com\/wp-content\/uploads\/2025\/05\/Pastel-Color-Wholesale-Ceramic-Dinner-Set-Plates-Bowls-Cups-10-600x523.webp 600w\" sizes=\"(max-width: 2406px) 100vw, 2406px\" \/><\/figure>\n<\/div>\n<\/div>\n\n\n\n<p><\/p>","protected":false},"excerpt":{"rendered":"<p>Bem-vindo \u00e0 compra de conjuntos de jantar por grosso. Esta s\u00e9rie de loi\u00e7a Morandi a granel inclui uma variedade de tigelas, pratos e utens\u00edlios. Est\u00e1 dispon\u00edvel em tr\u00eas cores elegantes: bege, verde claro e cor-de-rosa. Combina um design moderno com beleza e car\u00e1cter pr\u00e1tico. \u00c9 feita de materiais cer\u00e2micos de alta qualidade, que s\u00e3o resistentes e duradouros. \u00c9 adequado para refei\u00e7\u00f5es familiares di\u00e1rias e banquetes e real\u00e7a o estilo geral da mesa de jantar.<\/p>\n<table style=\"border-collapse: collapse; width: 338.02pt;\" border=\"0\" width=\"338\" cellspacing=\"0\" cellpadding=\"0\">\n<tbody>\n<tr style=\"height: 18.00pt;\">\n<td class=\"et3\" style=\"height: 18.00pt; width: 124.50pt;\" width=\"124\" height=\"18\">Fabricante<\/td>\n<td class=\"et3\" style=\"width: 214.40pt;\" width=\"214\">Casa amorosa<\/td>\n<\/tr>\n<tr style=\"height: 18.00pt;\">\n<td class=\"et3\" style=\"height: 18.00pt; width: 124.50pt;\" width=\"124\" height=\"18\">Nome da cole\u00e7\u00e3o<\/td>\n<td class=\"et4\" style=\"width: 214.40pt;\" width=\"214\">Luna Pastel<\/td>\n<\/tr>\n<tr style=\"height: 18.00pt;\">\n<td class=\"et3\" style=\"height: 18.00pt; width: 124.50pt;\" width=\"124\" height=\"18\">Utiliza\u00e7\u00e3o<\/td>\n<td class=\"et3\" style=\"width: 214.40pt;\" width=\"214\">Casa, restaurante, hotel<\/td>\n<\/tr>\n<tr style=\"height: 106.00pt;\">\n<td class=\"et3\" style=\"height: 106.00pt; width: 124.50pt;\" width=\"124\" height=\"106\">Tipo de lou\u00e7a<\/td>\n<td class=\"et3\" style=\"width: 214.40pt;\" width=\"214\">Bule de ch\u00e1, a\u00e7ucareiro, cremeira, ch\u00e1vena e pires, caneca, prato, tigela, jarro de arruma\u00e7\u00e3o, prato para manteiga, t\u00e1bua de queijos, garrafa de azeite, prato para azeitonas, conjunto de tapas, ferramenta, suporte, suporte para bolos, copo para ovos<\/td>\n<\/tr>\n<tr style=\"height: 18.00pt;\">\n<td class=\"et3\" style=\"height: 18.00pt; width: 124.50pt;\" width=\"124\" height=\"18\">Material<\/td>\n<td class=\"et3\" style=\"width: 214.40pt;\" width=\"214\">Porcelana dur\u00e1vel<\/td>\n<\/tr>\n<tr style=\"height: 18.00pt;\">\n<td class=\"et3\" style=\"height: 18.00pt; width: 124.50pt;\" width=\"124\" height=\"18\">Dimens\u00e3o<\/td>\n<td class=\"et3\" style=\"width: 214.40pt;\" width=\"214\">Conforme imagem de pormenor<\/td>\n<\/tr>\n<tr style=\"height: 18.00pt;\">\n<td class=\"et3\" style=\"height: 18.00pt; width: 124.50pt;\" width=\"124\" height=\"18\">Unidades de venda<\/td>\n<td class=\"et3\" style=\"width: 214.40pt;\" width=\"214\">Artigo \u00fanico<\/td>\n<\/tr>\n<tr style=\"height: 18.00pt;\">\n<td class=\"et3\" style=\"height: 18.00pt; width: 124.50pt;\" width=\"124\" height=\"18\">MOQ<\/td>\n<td class=\"et3\" style=\"width: 214.40pt;\" width=\"214\">1200 unidades por artigo<\/td>\n<\/tr>\n<tr style=\"height: 18.00pt;\">\n<td class=\"et3\" style=\"height: 18.00pt; width: 124.50pt;\" width=\"124\" height=\"18\">Op\u00e7\u00e3o personalizada<\/td>\n<td class=\"et3\" style=\"width: 214.40pt;\" width=\"214\">Cor\/tamanho\/verniz\/log\u00f3tipo\/embalagem<\/td>\n<\/tr>\n<\/tbody>\n<\/table>","protected":false},"featured_media":3845,"comment_status":"closed","ping_status":"closed","template":"","meta":{"_acf_changed":false},"product_brand":[],"product_cat":[19],"product_tag":[40,25,41,39,27,26],"class_list":{"0":"post-3537","1":"product","2":"type-product","3":"status-publish","4":"has-post-thumbnail","6":"product_cat-dinnerware-wholesale","7":"product_tag-oil-bottles-wholesale","8":"product_tag-wholesale-plates-and-bowls","9":"product_tag-salt-and-pepper-shakers-bulk","10":"product_tag-sugar-jars-wholesale","11":"product_tag-wholesale-tea-cups-and-saucers","12":"product_tag-wholesale-teapots","14":"first","15":"instock","16":"shipping-taxable","17":"product-type-simple"},"acf":[],"_links":{"self":[{"href":"https:\/\/www.lovinghomecollection.com\/pt\/wp-json\/wp\/v2\/product\/3537","targetHints":{"allow":["GET"]}}],"collection":[{"href":"https:\/\/www.lovinghomecollection.com\/pt\/wp-json\/wp\/v2\/product"}],"about":[{"href":"https:\/\/www.lovinghomecollection.com\/pt\/wp-json\/wp\/v2\/types\/product"}],"replies":[{"embeddable":true,"href":"https:\/\/www.lovinghomecollection.com\/pt\/wp-json\/wp\/v2\/comments?post=3537"}],"wp:featuredmedia":[{"embeddable":true,"href":"https:\/\/www.lovinghomecollection.com\/pt\/wp-json\/wp\/v2\/media\/3845"}],"wp:attachment":[{"href":"https:\/\/www.lovinghomecollection.com\/pt\/wp-json\/wp\/v2\/media?parent=3537"}],"wp:term":[{"taxonomy":"product_brand","embeddable":true,"href":"https:\/\/www.lovinghomecollection.com\/pt\/wp-json\/wp\/v2\/product_brand?post=3537"},{"taxonomy":"product_cat","embeddable":true,"href":"https:\/\/www.lovinghomecollection.com\/pt\/wp-json\/wp\/v2\/product_cat?post=3537"},{"taxonomy":"product_tag","embeddable":true,"href":"https:\/\/www.lovinghomecollection.com\/pt\/wp-json\/wp\/v2\/product_tag?post=3537"}],"curies":[{"name":"wp","href":"https:\/\/api.w.org\/{rel}","templated":true}]}}