{"id":3526,"date":"2025-05-09T07:03:22","date_gmt":"2025-05-09T07:03:22","guid":{"rendered":"https:\/\/www.lovinghomecollection.com\/?post_type=product&#038;p=3526"},"modified":"2025-05-09T07:03:24","modified_gmt":"2025-05-09T07:03:24","slug":"bulk-catering-crockery","status":"publish","type":"product","link":"https:\/\/www.lovinghomecollection.com\/pt\/produto\/bulk-catering-crockery\/","title":{"rendered":"Lou\u00e7a de catering a granel laranja, Conjunto de jantar de cer\u00e2mica por atacado"},"content":{"rendered":"<div class=\"wp-block-columns is-layout-flex wp-container-core-columns-is-layout-9d6595d7 wp-block-columns-is-layout-flex\">\n<div class=\"wp-block-column is-layout-flow wp-block-column-is-layout-flow\" style=\"flex-basis:60%\">\n<h2 class=\"wp-block-heading\">Lou\u00e7a de catering a granel de qualidade superior Carater\u00edsticas:<\/h2>\n\n\n\n<ul class=\"wp-block-list\">\n<li><strong>Design laranja brilhante, apelativo: <\/strong>O nosso conjunto de jantar de cer\u00e2mica laranja brilhante por atacado injeta vitalidade no espa\u00e7o de jantar e melhora a atmosfera da mesa de jantar. \u00c9 adequado para locais de restaura\u00e7\u00e3o comercial ou decora\u00e7\u00e3o de casa.<\/li>\n\n\n\n<li><strong>Conjunto completo, fun\u00e7\u00e3o completa:<\/strong> Os nossos conjuntos de loi\u00e7a para catering a granel incluem loi\u00e7a de jantar, loi\u00e7a para beber, jarros de velas e vasos, que satisfazem as necessidades da mesa de jantar e da disposi\u00e7\u00e3o do espa\u00e7o numa s\u00f3 paragem.<\/li>\n\n\n\n<li><strong>Podem ser combinados v\u00e1rios estilos \u00e0 vontade: <\/strong>Este conjunto de jantar de cer\u00e2mica por atacado tem uma variedade de especifica\u00e7\u00f5es e formas de utens\u00edlios de mesa para escolher, adequado para diferentes estilos e cenas, e aumenta a flexibilidade da correspond\u00eancia de produtos.<\/li>\n\n\n\n<li><strong>Fornecimento a granel, apoio \u00e0 personaliza\u00e7\u00e3o: <\/strong>O nosso conjunto de loi\u00e7a de catering a granel \u00e9 adequado para catering em grande escala, aquisi\u00e7\u00e3o de hot\u00e9is e clientes grossistas de marca, e suporta a personaliza\u00e7\u00e3o de padr\u00f5es, cores e embalagens.<\/li>\n<\/ul>\n<\/div>\n\n\n\n<div class=\"wp-block-column is-layout-flow wp-block-column-is-layout-flow\">\n<figure class=\"wp-block-image size-full\"><img decoding=\"async\" width=\"1200\" height=\"1200\" src=\"https:\/\/www.lovinghomecollection.com\/wp-content\/uploads\/2025\/05\/Orange-Bulk-Catering-Crockery-Wholesale-Ceramic-Dinner-Set-6.webp\" alt=\"Lou\u00e7a de catering a granel laranja, Conjunto de jantar em cer\u00e2mica por atacado-6\" class=\"wp-image-3771\" srcset=\"https:\/\/www.lovinghomecollection.com\/wp-content\/uploads\/2025\/05\/Orange-Bulk-Catering-Crockery-Wholesale-Ceramic-Dinner-Set-6.webp 1200w, https:\/\/www.lovinghomecollection.com\/wp-content\/uploads\/2025\/05\/Orange-Bulk-Catering-Crockery-Wholesale-Ceramic-Dinner-Set-6-300x300.webp 300w, https:\/\/www.lovinghomecollection.com\/wp-content\/uploads\/2025\/05\/Orange-Bulk-Catering-Crockery-Wholesale-Ceramic-Dinner-Set-6-150x150.webp 150w, https:\/\/www.lovinghomecollection.com\/wp-content\/uploads\/2025\/05\/Orange-Bulk-Catering-Crockery-Wholesale-Ceramic-Dinner-Set-6-768x768.webp 768w, https:\/\/www.lovinghomecollection.com\/wp-content\/uploads\/2025\/05\/Orange-Bulk-Catering-Crockery-Wholesale-Ceramic-Dinner-Set-6-12x12.webp 12w, https:\/\/www.lovinghomecollection.com\/wp-content\/uploads\/2025\/05\/Orange-Bulk-Catering-Crockery-Wholesale-Ceramic-Dinner-Set-6-600x600.webp 600w, https:\/\/www.lovinghomecollection.com\/wp-content\/uploads\/2025\/05\/Orange-Bulk-Catering-Crockery-Wholesale-Ceramic-Dinner-Set-6-100x100.webp 100w\" sizes=\"(max-width: 1200px) 100vw, 1200px\" \/><\/figure>\n<\/div>\n<\/div>\n\n\n\n<h2 class=\"wp-block-heading has-text-align-center\">Apresenta\u00e7\u00e3o de produtos de lou\u00e7a de catering a granel Terrain Scape<\/h2>\n\n\n\n<div class=\"wp-block-columns is-layout-flex wp-container-core-columns-is-layout-9d6595d7 wp-block-columns-is-layout-flex\">\n<div class=\"wp-block-column is-layout-flow wp-block-column-is-layout-flow\">\n<figure class=\"wp-block-image size-full\"><img decoding=\"async\" width=\"2383\" height=\"2751\" src=\"https:\/\/www.lovinghomecollection.com\/wp-content\/uploads\/2025\/05\/Orange-Bulk-Catering-Crockery-Wholesale-Ceramic-Dinner-Set-9.webp\" alt=\"Lou\u00e7a de catering a granel laranja, Conjunto de jantar de cer\u00e2mica por atacado-9\" class=\"wp-image-3774\" srcset=\"https:\/\/www.lovinghomecollection.com\/wp-content\/uploads\/2025\/05\/Orange-Bulk-Catering-Crockery-Wholesale-Ceramic-Dinner-Set-9.webp 2383w, https:\/\/www.lovinghomecollection.com\/wp-content\/uploads\/2025\/05\/Orange-Bulk-Catering-Crockery-Wholesale-Ceramic-Dinner-Set-9-260x300.webp 260w, https:\/\/www.lovinghomecollection.com\/wp-content\/uploads\/2025\/05\/Orange-Bulk-Catering-Crockery-Wholesale-Ceramic-Dinner-Set-9-768x887.webp 768w, https:\/\/www.lovinghomecollection.com\/wp-content\/uploads\/2025\/05\/Orange-Bulk-Catering-Crockery-Wholesale-Ceramic-Dinner-Set-9-10x12.webp 10w, https:\/\/www.lovinghomecollection.com\/wp-content\/uploads\/2025\/05\/Orange-Bulk-Catering-Crockery-Wholesale-Ceramic-Dinner-Set-9-1200x1385.webp 1200w, https:\/\/www.lovinghomecollection.com\/wp-content\/uploads\/2025\/05\/Orange-Bulk-Catering-Crockery-Wholesale-Ceramic-Dinner-Set-9-600x693.webp 600w\" sizes=\"(max-width: 2383px) 100vw, 2383px\" \/><\/figure>\n<\/div>\n\n\n\n<div class=\"wp-block-column is-layout-flow wp-block-column-is-layout-flow\">\n<figure class=\"wp-block-image size-full\"><img decoding=\"async\" width=\"2383\" height=\"3535\" src=\"https:\/\/www.lovinghomecollection.com\/wp-content\/uploads\/2025\/05\/Orange-Bulk-Catering-Crockery-Wholesale-Ceramic-Dinner-Set-10.webp\" alt=\"Lou\u00e7a de catering a granel laranja, Conjunto de jantar de cer\u00e2mica por atacado-10\" class=\"wp-image-3775\" srcset=\"https:\/\/www.lovinghomecollection.com\/wp-content\/uploads\/2025\/05\/Orange-Bulk-Catering-Crockery-Wholesale-Ceramic-Dinner-Set-10.webp 2383w, https:\/\/www.lovinghomecollection.com\/wp-content\/uploads\/2025\/05\/Orange-Bulk-Catering-Crockery-Wholesale-Ceramic-Dinner-Set-10-202x300.webp 202w, https:\/\/www.lovinghomecollection.com\/wp-content\/uploads\/2025\/05\/Orange-Bulk-Catering-Crockery-Wholesale-Ceramic-Dinner-Set-10-768x1139.webp 768w, https:\/\/www.lovinghomecollection.com\/wp-content\/uploads\/2025\/05\/Orange-Bulk-Catering-Crockery-Wholesale-Ceramic-Dinner-Set-10-8x12.webp 8w, https:\/\/www.lovinghomecollection.com\/wp-content\/uploads\/2025\/05\/Orange-Bulk-Catering-Crockery-Wholesale-Ceramic-Dinner-Set-10-1200x1780.webp 1200w, https:\/\/www.lovinghomecollection.com\/wp-content\/uploads\/2025\/05\/Orange-Bulk-Catering-Crockery-Wholesale-Ceramic-Dinner-Set-10-600x890.webp 600w\" sizes=\"(max-width: 2383px) 100vw, 2383px\" \/><\/figure>\n<\/div>\n<\/div>","protected":false},"excerpt":{"rendered":"<p>Bem-vindo \u00e0 compra de conjuntos de jantar de cer\u00e2mica por grosso. Esta lou\u00e7a laranja para catering a granel adopta tons quentes e vibrantes, abrangendo uma variedade de produtos, tais como lou\u00e7a de mesa, ch\u00e1venas, jarros de velas e vasos, com v\u00e1rias formas, adequados para catering comercial, mobili\u00e1rio dom\u00e9stico e personaliza\u00e7\u00e3o de marcas por grosso.<\/p>\n<table width=\"338\">\n<tbody>\n<tr>\n<td width=\"124\">Fabricante<\/td>\n<td width=\"214\">Casa amorosa<\/td>\n<\/tr>\n<tr>\n<td width=\"124\">Nome da cole\u00e7\u00e3o<\/td>\n<td width=\"214\">Paisagem do terreno<\/td>\n<\/tr>\n<tr>\n<td width=\"124\">Utiliza\u00e7\u00e3o<\/td>\n<td width=\"214\">Casa, restaurante, hotel<\/td>\n<\/tr>\n<tr>\n<td width=\"124\">Tipo de lou\u00e7a<\/td>\n<td width=\"214\">Bule de ch\u00e1, bule de a\u00e7\u00facar, cremeira, ch\u00e1vena e pires, caneca, prato, tigela, jarro de arruma\u00e7\u00e3o, conjunto de tapas, suporte para bolos, frasco de \u00f3leo, sal e pimenta, prato para manteiga, suporte para ferramentas<\/td>\n<\/tr>\n<tr>\n<td width=\"124\">Material<\/td>\n<td width=\"214\">Porcelana dur\u00e1vel<\/td>\n<\/tr>\n<tr>\n<td width=\"124\">Dimens\u00e3o<\/td>\n<td width=\"214\">Conforme imagem de pormenor<\/td>\n<\/tr>\n<tr>\n<td width=\"124\">Unidades de venda<\/td>\n<td width=\"214\">Artigo \u00fanico<\/td>\n<\/tr>\n<tr>\n<td width=\"124\">MOQ<\/td>\n<td width=\"214\">1200 unidades por artigo<\/td>\n<\/tr>\n<tr>\n<td width=\"124\">Op\u00e7\u00e3o personalizada<\/td>\n<td width=\"214\">Cor\/tamanho\/verniz\/log\u00f3tipo\/embalagem<\/td>\n<\/tr>\n<\/tbody>\n<\/table>","protected":false},"featured_media":3767,"comment_status":"closed","ping_status":"closed","template":"","meta":{"_acf_changed":false},"product_brand":[],"product_cat":[19],"product_tag":[36,25,39,27,26],"class_list":{"0":"post-3526","1":"product","2":"type-product","3":"status-publish","4":"has-post-thumbnail","6":"product_cat-dinnerware-wholesale","7":"product_tag-wholesale-kettles","8":"product_tag-wholesale-plates-and-bowls","9":"product_tag-sugar-jars-wholesale","10":"product_tag-wholesale-tea-cups-and-saucers","11":"product_tag-wholesale-teapots","13":"first","14":"instock","15":"shipping-taxable","16":"product-type-simple"},"acf":[],"_links":{"self":[{"href":"https:\/\/www.lovinghomecollection.com\/pt\/wp-json\/wp\/v2\/product\/3526","targetHints":{"allow":["GET"]}}],"collection":[{"href":"https:\/\/www.lovinghomecollection.com\/pt\/wp-json\/wp\/v2\/product"}],"about":[{"href":"https:\/\/www.lovinghomecollection.com\/pt\/wp-json\/wp\/v2\/types\/product"}],"replies":[{"embeddable":true,"href":"https:\/\/www.lovinghomecollection.com\/pt\/wp-json\/wp\/v2\/comments?post=3526"}],"wp:featuredmedia":[{"embeddable":true,"href":"https:\/\/www.lovinghomecollection.com\/pt\/wp-json\/wp\/v2\/media\/3767"}],"wp:attachment":[{"href":"https:\/\/www.lovinghomecollection.com\/pt\/wp-json\/wp\/v2\/media?parent=3526"}],"wp:term":[{"taxonomy":"product_brand","embeddable":true,"href":"https:\/\/www.lovinghomecollection.com\/pt\/wp-json\/wp\/v2\/product_brand?post=3526"},{"taxonomy":"product_cat","embeddable":true,"href":"https:\/\/www.lovinghomecollection.com\/pt\/wp-json\/wp\/v2\/product_cat?post=3526"},{"taxonomy":"product_tag","embeddable":true,"href":"https:\/\/www.lovinghomecollection.com\/pt\/wp-json\/wp\/v2\/product_tag?post=3526"}],"curies":[{"name":"wp","href":"https:\/\/api.w.org\/{rel}","templated":true}]}}