{"id":3500,"date":"2025-05-09T06:52:04","date_gmt":"2025-05-09T06:52:04","guid":{"rendered":"https:\/\/www.lovinghomecollection.com\/?post_type=product&#038;p=3500"},"modified":"2025-05-09T06:52:05","modified_gmt":"2025-05-09T06:52:05","slug":"wholesale-china-dinnerware-sets","status":"publish","type":"product","link":"https:\/\/www.lovinghomecollection.com\/pt\/produto\/wholesale-china-dinnerware-sets\/","title":{"rendered":"Conjuntos de lou\u00e7a por atacado da China, lou\u00e7a com tema de cato a granel"},"content":{"rendered":"<div class=\"wp-block-columns is-layout-flex wp-container-core-columns-is-layout-9d6595d7 wp-block-columns-is-layout-flex\">\n<div class=\"wp-block-column is-layout-flow wp-block-column-is-layout-flow\" style=\"flex-basis:60%\">\n<h2 class=\"wp-block-heading\">Conjuntos de lou\u00e7a de jantar Premium Wholesale China Carater\u00edsticas:<\/h2>\n\n\n\n<ul class=\"wp-block-list\">\n<li><strong>Design exclusivo com tema de cato:<\/strong> Estes conjuntos de lou\u00e7a de porcelana por atacado combinam um estilo natural com uma est\u00e9tica moderna, fresca e verde para decorar a mesa, adequada para refei\u00e7\u00f5es di\u00e1rias e reuni\u00f5es festivas.<\/li>\n\n\n\n<li><strong>Conjunto completo de v\u00e1rias categorias: <\/strong>Os nossos conjuntos de loi\u00e7a a granel incluem loi\u00e7a de mesa, ch\u00e1venas, jarras para velas, vasos e outras combina\u00e7\u00f5es, criando facilmente um estilo de mesa unificado.<\/li>\n\n\n\n<li><strong>Sele\u00e7\u00e3o de estilos diversificados: <\/strong>Os nossos conjuntos de lou\u00e7a de porcelana por atacado com tema de cato est\u00e3o dispon\u00edveis numa variedade de tamanhos, formas e estilos de design para satisfazer as necessidades personalizadas de diferentes utilizadores.<\/li>\n\n\n\n<li><strong>Adequado para venda por grosso e personaliza\u00e7\u00e3o: <\/strong>Os nossos conjuntos de lou\u00e7a de porcelana por atacado com tema de cato a granel suportam encomendas em grande escala e personaliza\u00e7\u00e3o de padr\u00f5es e cores, ajudando as marcas a criar linhas de produtos \u00fanicas.<\/li>\n<\/ul>\n<\/div>\n\n\n\n<div class=\"wp-block-column is-layout-flow wp-block-column-is-layout-flow\">\n<figure class=\"wp-block-image size-full\"><img decoding=\"async\" width=\"1200\" height=\"1200\" src=\"https:\/\/www.lovinghomecollection.com\/wp-content\/uploads\/2025\/05\/Wholesale-China-Dinnerware-Sets-Cactus-Themed-Tableware-8.webp\" alt=\"Servi\u00e7o de jantar por atacado da China, Servi\u00e7o de mesa com tema de cato - 8\" class=\"wp-image-3759\" srcset=\"https:\/\/www.lovinghomecollection.com\/wp-content\/uploads\/2025\/05\/Wholesale-China-Dinnerware-Sets-Cactus-Themed-Tableware-8.webp 1200w, https:\/\/www.lovinghomecollection.com\/wp-content\/uploads\/2025\/05\/Wholesale-China-Dinnerware-Sets-Cactus-Themed-Tableware-8-300x300.webp 300w, https:\/\/www.lovinghomecollection.com\/wp-content\/uploads\/2025\/05\/Wholesale-China-Dinnerware-Sets-Cactus-Themed-Tableware-8-150x150.webp 150w, https:\/\/www.lovinghomecollection.com\/wp-content\/uploads\/2025\/05\/Wholesale-China-Dinnerware-Sets-Cactus-Themed-Tableware-8-768x768.webp 768w, https:\/\/www.lovinghomecollection.com\/wp-content\/uploads\/2025\/05\/Wholesale-China-Dinnerware-Sets-Cactus-Themed-Tableware-8-12x12.webp 12w, https:\/\/www.lovinghomecollection.com\/wp-content\/uploads\/2025\/05\/Wholesale-China-Dinnerware-Sets-Cactus-Themed-Tableware-8-600x600.webp 600w, https:\/\/www.lovinghomecollection.com\/wp-content\/uploads\/2025\/05\/Wholesale-China-Dinnerware-Sets-Cactus-Themed-Tableware-8-100x100.webp 100w\" sizes=\"(max-width: 1200px) 100vw, 1200px\" \/><\/figure>\n<\/div>\n<\/div>\n\n\n\n<h2 class=\"wp-block-heading has-text-align-center\">Apresenta\u00e7\u00e3o do produto de Conjuntos de lou\u00e7a de jantar por atacado na China Cactus Oasis<\/h2>\n\n\n\n<div class=\"wp-block-columns is-layout-flex wp-container-core-columns-is-layout-9d6595d7 wp-block-columns-is-layout-flex\">\n<div class=\"wp-block-column is-layout-flow wp-block-column-is-layout-flow\">\n<figure class=\"wp-block-image size-full\"><img decoding=\"async\" width=\"2383\" height=\"3255\" src=\"https:\/\/www.lovinghomecollection.com\/wp-content\/uploads\/2025\/05\/Wholesale-China-Dinnerware-Sets-Cactus-Themed-Tableware-13.webp\" alt=\"Servi\u00e7o de jantar por grosso da China, servi\u00e7o de mesa com tema de cato-13\" class=\"wp-image-3764\" srcset=\"https:\/\/www.lovinghomecollection.com\/wp-content\/uploads\/2025\/05\/Wholesale-China-Dinnerware-Sets-Cactus-Themed-Tableware-13.webp 2383w, https:\/\/www.lovinghomecollection.com\/wp-content\/uploads\/2025\/05\/Wholesale-China-Dinnerware-Sets-Cactus-Themed-Tableware-13-220x300.webp 220w, https:\/\/www.lovinghomecollection.com\/wp-content\/uploads\/2025\/05\/Wholesale-China-Dinnerware-Sets-Cactus-Themed-Tableware-13-768x1049.webp 768w, https:\/\/www.lovinghomecollection.com\/wp-content\/uploads\/2025\/05\/Wholesale-China-Dinnerware-Sets-Cactus-Themed-Tableware-13-9x12.webp 9w, https:\/\/www.lovinghomecollection.com\/wp-content\/uploads\/2025\/05\/Wholesale-China-Dinnerware-Sets-Cactus-Themed-Tableware-13-1200x1639.webp 1200w, https:\/\/www.lovinghomecollection.com\/wp-content\/uploads\/2025\/05\/Wholesale-China-Dinnerware-Sets-Cactus-Themed-Tableware-13-600x820.webp 600w\" sizes=\"(max-width: 2383px) 100vw, 2383px\" \/><\/figure>\n<\/div>\n\n\n\n<div class=\"wp-block-column is-layout-flow wp-block-column-is-layout-flow\">\n<figure class=\"wp-block-image size-full\"><img decoding=\"async\" width=\"2383\" height=\"3327\" src=\"https:\/\/www.lovinghomecollection.com\/wp-content\/uploads\/2025\/05\/Wholesale-China-Dinnerware-Sets-Cactus-Themed-Tableware-12.webp\" alt=\"Servi\u00e7o de jantar por atacado da China, servi\u00e7o de mesa com tema de cato-12\" class=\"wp-image-3763\" srcset=\"https:\/\/www.lovinghomecollection.com\/wp-content\/uploads\/2025\/05\/Wholesale-China-Dinnerware-Sets-Cactus-Themed-Tableware-12.webp 2383w, https:\/\/www.lovinghomecollection.com\/wp-content\/uploads\/2025\/05\/Wholesale-China-Dinnerware-Sets-Cactus-Themed-Tableware-12-215x300.webp 215w, https:\/\/www.lovinghomecollection.com\/wp-content\/uploads\/2025\/05\/Wholesale-China-Dinnerware-Sets-Cactus-Themed-Tableware-12-768x1072.webp 768w, https:\/\/www.lovinghomecollection.com\/wp-content\/uploads\/2025\/05\/Wholesale-China-Dinnerware-Sets-Cactus-Themed-Tableware-12-9x12.webp 9w, https:\/\/www.lovinghomecollection.com\/wp-content\/uploads\/2025\/05\/Wholesale-China-Dinnerware-Sets-Cactus-Themed-Tableware-12-1200x1675.webp 1200w, https:\/\/www.lovinghomecollection.com\/wp-content\/uploads\/2025\/05\/Wholesale-China-Dinnerware-Sets-Cactus-Themed-Tableware-12-600x838.webp 600w\" sizes=\"(max-width: 2383px) 100vw, 2383px\" \/><\/figure>\n<\/div>\n<\/div>\n\n\n\n<p><\/p>","protected":false},"excerpt":{"rendered":"<p>Bem-vindo \u00e0 compra de conjuntos de loi\u00e7a a granel. Este conjunto de lou\u00e7a de porcelana por atacado com tema de cato combina perfeitamente elementos naturais com fun\u00e7\u00f5es pr\u00e1ticas, cobrindo lou\u00e7as, copos, jarros de velas decorativas e vasos, com uma variedade de designs, \u00e9 a escolha ideal para uso dom\u00e9stico di\u00e1rio, caf\u00e9s e varejo de marca.<\/p>\n<table style=\"border-collapse: collapse; width: 338.02pt;\" border=\"0\" width=\"338\" cellspacing=\"0\" cellpadding=\"0\">\n<tbody>\n<tr style=\"height: 18.00pt;\">\n<td class=\"et3\" style=\"height: 18.00pt; width: 124.50pt;\" width=\"124\" height=\"18\">Fabricante<\/td>\n<td class=\"et3\" style=\"width: 214.40pt;\" width=\"214\">Casa amorosa<\/td>\n<\/tr>\n<tr style=\"height: 18.00pt;\">\n<td class=\"et3\" style=\"height: 18.00pt; width: 124.50pt;\" width=\"124\" height=\"18\">Nome da cole\u00e7\u00e3o<\/td>\n<td class=\"et3\" style=\"width: 214.40pt;\" width=\"214\">O\u00e1sis de cactos<\/td>\n<\/tr>\n<tr style=\"height: 18.00pt;\">\n<td class=\"et3\" style=\"height: 18.00pt; width: 124.50pt;\" width=\"124\" height=\"18\">Tipo de produto<\/td>\n<td class=\"et4\" style=\"width: 214.40pt;\" width=\"214\">Prato, tigela, ch\u00e1vena e pires, caneca, bule de ch\u00e1, casti\u00e7al, vaso em cer\u00e2mica<\/td>\n<\/tr>\n<tr style=\"height: 18.00pt;\">\n<td class=\"et3\" style=\"height: 18.00pt; width: 124.50pt;\" width=\"124\" height=\"18\">Material<\/td>\n<td class=\"et3\" style=\"width: 214.40pt;\" width=\"214\">Porcelana dur\u00e1vel<\/td>\n<\/tr>\n<tr style=\"height: 18.00pt;\">\n<td class=\"et3\" style=\"height: 18.00pt; width: 124.50pt;\" width=\"124\" height=\"18\">Dimens\u00e3o<\/td>\n<td class=\"et3\" style=\"width: 214.40pt;\" width=\"214\">Conforme imagem de pormenor<\/td>\n<\/tr>\n<tr style=\"height: 18.00pt;\">\n<td class=\"et3\" style=\"height: 18.00pt; width: 124.50pt;\" width=\"124\" height=\"18\">Unidades de venda<\/td>\n<td class=\"et3\" style=\"width: 214.40pt;\" width=\"214\">Artigo \u00fanico<\/td>\n<\/tr>\n<tr style=\"height: 18.00pt;\">\n<td class=\"et3\" style=\"height: 18.00pt; width: 124.50pt;\" width=\"124\" height=\"18\">MOQ<\/td>\n<td class=\"et3\" style=\"width: 214.40pt;\" width=\"214\">1200 unidades por artigo<\/td>\n<\/tr>\n<tr style=\"height: 18.00pt;\">\n<td class=\"et3\" style=\"height: 18.00pt; width: 124.50pt;\" width=\"124\" height=\"18\">Op\u00e7\u00e3o personalizada<\/td>\n<td class=\"et3\" style=\"width: 214.40pt;\" width=\"214\">Cor\/tamanho\/verniz\/log\u00f3tipo\/embalagem<\/td>\n<\/tr>\n<\/tbody>\n<\/table>","protected":false},"featured_media":3753,"comment_status":"closed","ping_status":"closed","template":"","meta":{"_acf_changed":false},"product_brand":[],"product_cat":[19],"product_tag":[25,41,27,26],"class_list":{"0":"post-3500","1":"product","2":"type-product","3":"status-publish","4":"has-post-thumbnail","6":"product_cat-dinnerware-wholesale","7":"product_tag-wholesale-plates-and-bowls","8":"product_tag-salt-and-pepper-shakers-bulk","9":"product_tag-wholesale-tea-cups-and-saucers","10":"product_tag-wholesale-teapots","12":"first","13":"instock","14":"shipping-taxable","15":"product-type-simple"},"acf":[],"_links":{"self":[{"href":"https:\/\/www.lovinghomecollection.com\/pt\/wp-json\/wp\/v2\/product\/3500","targetHints":{"allow":["GET"]}}],"collection":[{"href":"https:\/\/www.lovinghomecollection.com\/pt\/wp-json\/wp\/v2\/product"}],"about":[{"href":"https:\/\/www.lovinghomecollection.com\/pt\/wp-json\/wp\/v2\/types\/product"}],"replies":[{"embeddable":true,"href":"https:\/\/www.lovinghomecollection.com\/pt\/wp-json\/wp\/v2\/comments?post=3500"}],"wp:featuredmedia":[{"embeddable":true,"href":"https:\/\/www.lovinghomecollection.com\/pt\/wp-json\/wp\/v2\/media\/3753"}],"wp:attachment":[{"href":"https:\/\/www.lovinghomecollection.com\/pt\/wp-json\/wp\/v2\/media?parent=3500"}],"wp:term":[{"taxonomy":"product_brand","embeddable":true,"href":"https:\/\/www.lovinghomecollection.com\/pt\/wp-json\/wp\/v2\/product_brand?post=3500"},{"taxonomy":"product_cat","embeddable":true,"href":"https:\/\/www.lovinghomecollection.com\/pt\/wp-json\/wp\/v2\/product_cat?post=3500"},{"taxonomy":"product_tag","embeddable":true,"href":"https:\/\/www.lovinghomecollection.com\/pt\/wp-json\/wp\/v2\/product_tag?post=3500"}],"curies":[{"name":"wp","href":"https:\/\/api.w.org\/{rel}","templated":true}]}}