{"id":3475,"date":"2025-05-06T08:15:44","date_gmt":"2025-05-06T08:15:44","guid":{"rendered":"https:\/\/www.lovinghomecollection.com\/?post_type=product&#038;p=3475"},"modified":"2025-05-06T08:32:32","modified_gmt":"2025-05-06T08:32:32","slug":"white-dinner-plates-in-bulk","status":"publish","type":"product","link":"https:\/\/www.lovinghomecollection.com\/pt\/produto\/white-dinner-plates-in-bulk\/","title":{"rendered":"Pratos de jantar a preto e branco a granel, pratos de servir para catering"},"content":{"rendered":"<div class=\"wp-block-columns is-layout-flex wp-container-core-columns-is-layout-9d6595d7 wp-block-columns-is-layout-flex\">\n<div class=\"wp-block-column is-layout-flow wp-block-column-is-layout-flow\" style=\"flex-basis:60%\">\n<h2 class=\"wp-block-heading\">Pratos de jantar Premium preto e branco a granel Carater\u00edsticas:<\/h2>\n\n\n\n<ul class=\"wp-block-list\">\n<li><strong>Combina\u00e7\u00e3o cl\u00e1ssica de cores preto e branco, estilo vers\u00e1til e n\u00e3o exigente: <\/strong>Estes pratos a preto e branco a granel t\u00eam um design simples e elegante, adequado para v\u00e1rios estilos de decora\u00e7\u00e3o de restaurantes, banquetes ou casas, e melhoram o ambiente geral das refei\u00e7\u00f5es.<\/li>\n\n\n\n<li><strong>Material cer\u00e2mico de alta qualidade, resistente e duradouro: <\/strong>Os nossos pratos de catering por atacado s\u00e3o feitos de cer\u00e2mica de alta temperatura, que s\u00e3o resistentes a riscos e ao calor, adequados para uso de alta frequ\u00eancia e atendem aos requisitos de alta durabilidade da ind\u00fastria de catering.<\/li>\n\n\n\n<li><strong>Adequado para servi\u00e7os de catering em v\u00e1rios cen\u00e1rios:<\/strong> Os nossos pratos a granel em preto e branco foram concebidos para serem pr\u00e1ticos e bonitos, adequados para servir pratos principais, travessas ou sobremesas, e s\u00e3o ideais para hot\u00e9is e locais de restaura\u00e7\u00e3o.<\/li>\n\n\n\n<li><strong>Apoio a servi\u00e7os por grosso e personalizados: <\/strong>Fornecemos fornecimento em grande escala para pratos de servi\u00e7o de catering por atacado, apoiamos a personaliza\u00e7\u00e3o de tamanho, cor e LOGO e satisfazemos as diversas necessidades dos propriet\u00e1rios de marcas e projectos de aquisi\u00e7\u00e3o em grande escala.<\/li>\n<\/ul>\n<\/div>\n\n\n\n<div class=\"wp-block-column is-layout-flow wp-block-column-is-layout-flow\">\n<figure class=\"wp-block-image size-full\"><img decoding=\"async\" width=\"1200\" height=\"1200\" src=\"https:\/\/www.lovinghomecollection.com\/wp-content\/uploads\/2025\/05\/Black-White-Dinner-Plates-In-Bulk-Catering-Serving-Plates-4.webp\" alt=\"Pratos de jantar a preto e branco a granel, Pratos de servi\u00e7o de catering-4\" class=\"wp-image-3479\" srcset=\"https:\/\/www.lovinghomecollection.com\/wp-content\/uploads\/2025\/05\/Black-White-Dinner-Plates-In-Bulk-Catering-Serving-Plates-4.webp 1200w, https:\/\/www.lovinghomecollection.com\/wp-content\/uploads\/2025\/05\/Black-White-Dinner-Plates-In-Bulk-Catering-Serving-Plates-4-300x300.webp 300w, https:\/\/www.lovinghomecollection.com\/wp-content\/uploads\/2025\/05\/Black-White-Dinner-Plates-In-Bulk-Catering-Serving-Plates-4-150x150.webp 150w, https:\/\/www.lovinghomecollection.com\/wp-content\/uploads\/2025\/05\/Black-White-Dinner-Plates-In-Bulk-Catering-Serving-Plates-4-768x768.webp 768w, https:\/\/www.lovinghomecollection.com\/wp-content\/uploads\/2025\/05\/Black-White-Dinner-Plates-In-Bulk-Catering-Serving-Plates-4-12x12.webp 12w, https:\/\/www.lovinghomecollection.com\/wp-content\/uploads\/2025\/05\/Black-White-Dinner-Plates-In-Bulk-Catering-Serving-Plates-4-600x600.webp 600w, https:\/\/www.lovinghomecollection.com\/wp-content\/uploads\/2025\/05\/Black-White-Dinner-Plates-In-Bulk-Catering-Serving-Plates-4-100x100.webp 100w\" sizes=\"(max-width: 1200px) 100vw, 1200px\" \/><\/figure>\n<\/div>\n<\/div>\n\n\n\n<h2 class=\"wp-block-heading has-text-align-center\">Apresenta\u00e7\u00e3o do produto de <mark style=\"background-color:rgba(0, 0, 0, 0)\" class=\"has-inline-color has-vivid-red-color\"><a href=\"https:\/\/www.lovinghomecollection.com\/pt\/produto\/bulk-plates-and-bowls\/\">Ard\u00f3sia selvagem<\/a><\/mark> Conjunto de loi\u00e7a por atacado<\/h2>\n\n\n\n<div class=\"wp-block-columns is-layout-flex wp-container-core-columns-is-layout-9d6595d7 wp-block-columns-is-layout-flex\">\n<div class=\"wp-block-column is-layout-flow wp-block-column-is-layout-flow\">\n<figure class=\"wp-block-image size-full\"><a href=\"https:\/\/www.lovinghomecollection.com\/pt\/produto\/bulk-plates-and-bowls\/\"><img decoding=\"async\" width=\"1200\" height=\"1200\" src=\"https:\/\/www.lovinghomecollection.com\/wp-content\/uploads\/2024\/10\/Matte-Black-White-Bulk-Plates-And-Bowls-Teapots-and-Cups-1.webp\" alt=\"Pratos e ta\u00e7as, bules e ch\u00e1venas a granel em preto e branco mate (1)\" class=\"wp-image-1584\" srcset=\"https:\/\/www.lovinghomecollection.com\/wp-content\/uploads\/2024\/10\/Matte-Black-White-Bulk-Plates-And-Bowls-Teapots-and-Cups-1.webp 1200w, https:\/\/www.lovinghomecollection.com\/wp-content\/uploads\/2024\/10\/Matte-Black-White-Bulk-Plates-And-Bowls-Teapots-and-Cups-1-300x300.webp 300w, https:\/\/www.lovinghomecollection.com\/wp-content\/uploads\/2024\/10\/Matte-Black-White-Bulk-Plates-And-Bowls-Teapots-and-Cups-1-150x150.webp 150w, https:\/\/www.lovinghomecollection.com\/wp-content\/uploads\/2024\/10\/Matte-Black-White-Bulk-Plates-And-Bowls-Teapots-and-Cups-1-768x768.webp 768w, https:\/\/www.lovinghomecollection.com\/wp-content\/uploads\/2024\/10\/Matte-Black-White-Bulk-Plates-And-Bowls-Teapots-and-Cups-1-12x12.webp 12w, https:\/\/www.lovinghomecollection.com\/wp-content\/uploads\/2024\/10\/Matte-Black-White-Bulk-Plates-And-Bowls-Teapots-and-Cups-1-600x600.webp 600w, https:\/\/www.lovinghomecollection.com\/wp-content\/uploads\/2024\/10\/Matte-Black-White-Bulk-Plates-And-Bowls-Teapots-and-Cups-1-100x100.webp 100w\" sizes=\"(max-width: 1200px) 100vw, 1200px\" \/><\/a><\/figure>\n<\/div>\n\n\n\n<div class=\"wp-block-column is-layout-flow wp-block-column-is-layout-flow\">\n<figure class=\"wp-block-image size-full\"><a href=\"https:\/\/www.lovinghomecollection.com\/pt\/produto\/bulk-plates-and-bowls\/\"><img decoding=\"async\" width=\"1200\" height=\"1200\" src=\"https:\/\/www.lovinghomecollection.com\/wp-content\/uploads\/2024\/10\/Matte-Black-White-Bulk-Plates-And-Bowls-Teapots-and-Cups-6.webp\" alt=\"Pratos e ta\u00e7as, bules e ch\u00e1venas a granel em preto e branco mate (6)\" class=\"wp-image-1589\" srcset=\"https:\/\/www.lovinghomecollection.com\/wp-content\/uploads\/2024\/10\/Matte-Black-White-Bulk-Plates-And-Bowls-Teapots-and-Cups-6.webp 1200w, https:\/\/www.lovinghomecollection.com\/wp-content\/uploads\/2024\/10\/Matte-Black-White-Bulk-Plates-And-Bowls-Teapots-and-Cups-6-300x300.webp 300w, https:\/\/www.lovinghomecollection.com\/wp-content\/uploads\/2024\/10\/Matte-Black-White-Bulk-Plates-And-Bowls-Teapots-and-Cups-6-150x150.webp 150w, https:\/\/www.lovinghomecollection.com\/wp-content\/uploads\/2024\/10\/Matte-Black-White-Bulk-Plates-And-Bowls-Teapots-and-Cups-6-768x768.webp 768w, https:\/\/www.lovinghomecollection.com\/wp-content\/uploads\/2024\/10\/Matte-Black-White-Bulk-Plates-And-Bowls-Teapots-and-Cups-6-12x12.webp 12w, https:\/\/www.lovinghomecollection.com\/wp-content\/uploads\/2024\/10\/Matte-Black-White-Bulk-Plates-And-Bowls-Teapots-and-Cups-6-600x600.webp 600w, https:\/\/www.lovinghomecollection.com\/wp-content\/uploads\/2024\/10\/Matte-Black-White-Bulk-Plates-And-Bowls-Teapots-and-Cups-6-100x100.webp 100w\" sizes=\"(max-width: 1200px) 100vw, 1200px\" \/><\/a><\/figure>\n<\/div>\n<\/div>\n\n\n\n<p><\/p>","protected":false},"excerpt":{"rendered":"<p>Bem-vindo \u00e0 compra de pratos de servi\u00e7o de catering por grosso. Os nossos pratos de jantar a preto e branco a granel t\u00eam um design simples e elegante, adequado para todos os tipos de cen\u00e1rios de restaura\u00e7\u00e3o, como hot\u00e9is, buffets, banquetes e reuni\u00f5es familiares. Fornecemos fornecimento em grande escala e servi\u00e7os personalizados para atender \u00e0s necessidades de refei\u00e7\u00f5es profissionais.<\/p>\n<table style=\"border-collapse: collapse; width: 338.02pt;\" border=\"0\" width=\"338\" cellspacing=\"0\" cellpadding=\"0\">\n<tbody>\n<tr style=\"height: 18.00pt;\">\n<td class=\"et3\" style=\"height: 18.00pt; width: 124.50pt;\" width=\"124\" height=\"18\">Fabricante<\/td>\n<td class=\"et3\" style=\"width: 214.40pt;\" width=\"214\">Casa amorosa<\/td>\n<\/tr>\n<tr style=\"height: 18.00pt;\">\n<td class=\"et3\" style=\"height: 18.00pt; width: 124.50pt;\" width=\"124\" height=\"18\">Nome da cole\u00e7\u00e3o<\/td>\n<td class=\"et3\" style=\"width: 214.40pt;\" width=\"214\">Ard\u00f3sia selvagem<\/td>\n<\/tr>\n<tr style=\"height: 18.00pt;\">\n<td class=\"et3\" style=\"height: 18.00pt; width: 124.50pt;\" width=\"124\" height=\"18\">Tipo de produto<\/td>\n<td class=\"et4\" style=\"width: 214.40pt;\" width=\"214\">Placas de cer\u00e2mica<\/td>\n<\/tr>\n<tr style=\"height: 18.00pt;\">\n<td class=\"et3\" style=\"height: 18.00pt; width: 124.50pt;\" width=\"124\" height=\"18\">Material<\/td>\n<td class=\"et3\" style=\"width: 214.40pt;\" width=\"214\">Porcelana dur\u00e1vel<\/td>\n<\/tr>\n<tr style=\"height: 18.00pt;\">\n<td class=\"et3\" style=\"height: 18.00pt; width: 124.50pt;\" width=\"124\" height=\"18\">Dimens\u00e3o<\/td>\n<td class=\"et3\" style=\"width: 214.40pt;\" width=\"214\">Conforme imagem de pormenor<\/td>\n<\/tr>\n<tr style=\"height: 18.00pt;\">\n<td class=\"et3\" style=\"height: 18.00pt; width: 124.50pt;\" width=\"124\" height=\"18\">Unidades de venda<\/td>\n<td class=\"et3\" style=\"width: 214.40pt;\" width=\"214\">Artigo \u00fanico<\/td>\n<\/tr>\n<tr style=\"height: 18.00pt;\">\n<td class=\"et3\" style=\"height: 18.00pt; width: 124.50pt;\" width=\"124\" height=\"18\">MOQ<\/td>\n<td class=\"et3\" style=\"width: 214.40pt;\" width=\"214\">1200 unidades por artigo<\/td>\n<\/tr>\n<tr style=\"height: 18.00pt;\">\n<td class=\"et3\" style=\"height: 18.00pt; width: 124.50pt;\" width=\"124\" height=\"18\">Op\u00e7\u00e3o personalizada<\/td>\n<td class=\"et3\" style=\"width: 214.40pt;\" width=\"214\">Cor\/tamanho\/verniz\/log\u00f3tipo\/embalagem<\/td>\n<\/tr>\n<\/tbody>\n<\/table>","protected":false},"featured_media":3478,"comment_status":"closed","ping_status":"closed","template":"","meta":{"_acf_changed":false},"product_brand":[],"product_cat":[42],"product_tag":[],"class_list":{"0":"post-3475","1":"product","2":"type-product","3":"status-publish","4":"has-post-thumbnail","6":"product_cat-ceramic-plates-wholesale","8":"first","9":"instock","10":"shipping-taxable","11":"product-type-simple"},"acf":[],"_links":{"self":[{"href":"https:\/\/www.lovinghomecollection.com\/pt\/wp-json\/wp\/v2\/product\/3475","targetHints":{"allow":["GET"]}}],"collection":[{"href":"https:\/\/www.lovinghomecollection.com\/pt\/wp-json\/wp\/v2\/product"}],"about":[{"href":"https:\/\/www.lovinghomecollection.com\/pt\/wp-json\/wp\/v2\/types\/product"}],"replies":[{"embeddable":true,"href":"https:\/\/www.lovinghomecollection.com\/pt\/wp-json\/wp\/v2\/comments?post=3475"}],"wp:featuredmedia":[{"embeddable":true,"href":"https:\/\/www.lovinghomecollection.com\/pt\/wp-json\/wp\/v2\/media\/3478"}],"wp:attachment":[{"href":"https:\/\/www.lovinghomecollection.com\/pt\/wp-json\/wp\/v2\/media?parent=3475"}],"wp:term":[{"taxonomy":"product_brand","embeddable":true,"href":"https:\/\/www.lovinghomecollection.com\/pt\/wp-json\/wp\/v2\/product_brand?post=3475"},{"taxonomy":"product_cat","embeddable":true,"href":"https:\/\/www.lovinghomecollection.com\/pt\/wp-json\/wp\/v2\/product_cat?post=3475"},{"taxonomy":"product_tag","embeddable":true,"href":"https:\/\/www.lovinghomecollection.com\/pt\/wp-json\/wp\/v2\/product_tag?post=3475"}],"curies":[{"name":"wp","href":"https:\/\/api.w.org\/{rel}","templated":true}]}}