{"id":2254,"date":"2024-12-06T02:02:30","date_gmt":"2024-12-06T02:02:30","guid":{"rendered":"https:\/\/www.lovinghomecollection.com\/?post_type=product&#038;p=2254"},"modified":"2024-12-06T02:02:32","modified_gmt":"2024-12-06T02:02:32","slug":"appetizer-plates-bulk","status":"publish","type":"product","link":"https:\/\/www.lovinghomecollection.com\/pt\/produto\/appetizer-plates-bulk\/","title":{"rendered":"Pratos de aperitivo de cer\u00e2mica branca a granel, pratos de sobremesa por atacado"},"content":{"rendered":"<div class=\"wp-block-columns is-layout-flex wp-container-core-columns-is-layout-9d6595d7 wp-block-columns-is-layout-flex\">\n<div class=\"wp-block-column is-layout-flow wp-block-column-is-layout-flow\" style=\"flex-basis:60%\">\n<h2 class=\"wp-block-heading\">Pratos de aperitivos premium a granel Caracter\u00edsticas:<\/h2>\n\n\n\n<ul class=\"wp-block-list\">\n<li><strong>Design simples em branco:<\/strong> Estes pratos brancos para aperitivos a granel t\u00eam um design simples e puro, que se adapta facilmente a diferentes estilos de mesa. Seja para reuni\u00f5es familiares, banquetes de neg\u00f3cios ou uso em restaurantes sofisticados, eles podem ser elegantes e profissionais.<\/li>\n\n\n\n<li><strong>Tamanho requintado e compacto: <\/strong>Estes pratos de sobremesa por grosso t\u00eam um tamanho m\u00e9dio, concebidos para pratos leves: aperitivos, sobremesas e travessas. D\u00e3o a cada prato na mesa um apelo visual com a superf\u00edcie espa\u00e7osa do prato e a altura moderada da borda.<\/li>\n\n\n\n<li><strong>Dur\u00e1vel e pr\u00e1tico: <\/strong>Os nossos pratos de aperitivos em cer\u00e2mica a granel s\u00e3o feitos de porcelana cer\u00e2mica premium, a sua superf\u00edcie lisa \u00e9 resistente a riscos e f\u00e1cil de limpar. Estes pratos para snacks a granel t\u00eam boa resist\u00eancia ao calor e podem ser usados com seguran\u00e7a em micro-ondas e m\u00e1quinas de lavar lou\u00e7a, o que \u00e9 conveniente para o uso di\u00e1rio e manuten\u00e7\u00e3o.<\/li>\n\n\n\n<li><strong>Atender \u00e0s necessidades comerciais:<\/strong> Oferecemos fornecimento a granel de pratos de sobremesa por grosso, especialmente para hot\u00e9is, restaurantes e organizadores de eventos. Al\u00e9m disso, oferecemos servi\u00e7os personalizados e podemos adicionar log\u00f3tipos de marcas ou ajustar o design de acordo com as necessidades, para ajudar a criar experi\u00eancias gastron\u00f3micas exclusivas.<\/li>\n<\/ul>\n<\/div>\n\n\n\n<div class=\"wp-block-column is-layout-flow wp-block-column-is-layout-flow\">\n<figure class=\"wp-block-image size-full\"><img decoding=\"async\" width=\"1200\" height=\"1200\" src=\"https:\/\/www.lovinghomecollection.com\/wp-content\/uploads\/2024\/11\/White-Ceramic-Appetizer-Plates-Bulk-Wholesale-Dessert-Plates-4.webp\" alt=\"Pratos de aperitivos em cer\u00e2mica branca a granel, pratos de sobremesa por grosso-4\" class=\"wp-image-2443\" srcset=\"https:\/\/www.lovinghomecollection.com\/wp-content\/uploads\/2024\/11\/White-Ceramic-Appetizer-Plates-Bulk-Wholesale-Dessert-Plates-4.webp 1200w, https:\/\/www.lovinghomecollection.com\/wp-content\/uploads\/2024\/11\/White-Ceramic-Appetizer-Plates-Bulk-Wholesale-Dessert-Plates-4-300x300.webp 300w, https:\/\/www.lovinghomecollection.com\/wp-content\/uploads\/2024\/11\/White-Ceramic-Appetizer-Plates-Bulk-Wholesale-Dessert-Plates-4-150x150.webp 150w, https:\/\/www.lovinghomecollection.com\/wp-content\/uploads\/2024\/11\/White-Ceramic-Appetizer-Plates-Bulk-Wholesale-Dessert-Plates-4-768x768.webp 768w, https:\/\/www.lovinghomecollection.com\/wp-content\/uploads\/2024\/11\/White-Ceramic-Appetizer-Plates-Bulk-Wholesale-Dessert-Plates-4-12x12.webp 12w, https:\/\/www.lovinghomecollection.com\/wp-content\/uploads\/2024\/11\/White-Ceramic-Appetizer-Plates-Bulk-Wholesale-Dessert-Plates-4-600x600.webp 600w, https:\/\/www.lovinghomecollection.com\/wp-content\/uploads\/2024\/11\/White-Ceramic-Appetizer-Plates-Bulk-Wholesale-Dessert-Plates-4-100x100.webp 100w\" sizes=\"(max-width: 1200px) 100vw, 1200px\" \/><\/figure>\n<\/div>\n<\/div>\n\n\n\n<h2 class=\"wp-block-heading has-text-align-center\">Exposi\u00e7\u00e3o do produto: Pratos para aperitivos Mellow Moments a granel<\/h2>\n\n\n\n<div class=\"wp-block-columns is-layout-flex wp-container-core-columns-is-layout-9d6595d7 wp-block-columns-is-layout-flex\">\n<div class=\"wp-block-column is-layout-flow wp-block-column-is-layout-flow\">\n<figure class=\"wp-block-image size-full\"><img decoding=\"async\" width=\"1750\" height=\"1516\" src=\"https:\/\/www.lovinghomecollection.com\/wp-content\/uploads\/2024\/11\/White-Ceramic-Appetizer-Plates-Bulk-Wholesale-Dessert-Plates-8.webp\" alt=\"Pratos de aperitivos em cer\u00e2mica branca a granel, pratos de sobremesa por grosso-8\" class=\"wp-image-2447\" srcset=\"https:\/\/www.lovinghomecollection.com\/wp-content\/uploads\/2024\/11\/White-Ceramic-Appetizer-Plates-Bulk-Wholesale-Dessert-Plates-8.webp 1750w, https:\/\/www.lovinghomecollection.com\/wp-content\/uploads\/2024\/11\/White-Ceramic-Appetizer-Plates-Bulk-Wholesale-Dessert-Plates-8-300x260.webp 300w, https:\/\/www.lovinghomecollection.com\/wp-content\/uploads\/2024\/11\/White-Ceramic-Appetizer-Plates-Bulk-Wholesale-Dessert-Plates-8-768x665.webp 768w, https:\/\/www.lovinghomecollection.com\/wp-content\/uploads\/2024\/11\/White-Ceramic-Appetizer-Plates-Bulk-Wholesale-Dessert-Plates-8-14x12.webp 14w, https:\/\/www.lovinghomecollection.com\/wp-content\/uploads\/2024\/11\/White-Ceramic-Appetizer-Plates-Bulk-Wholesale-Dessert-Plates-8-1200x1040.webp 1200w, https:\/\/www.lovinghomecollection.com\/wp-content\/uploads\/2024\/11\/White-Ceramic-Appetizer-Plates-Bulk-Wholesale-Dessert-Plates-8-600x520.webp 600w\" sizes=\"(max-width: 1750px) 100vw, 1750px\" \/><\/figure>\n<\/div>\n<\/div>","protected":false},"excerpt":{"rendered":"<p>Bem-vindo \u00e0 compra de pratos de sobremesa por grosso. Os nossos pratos brancos para aperitivos a granel apresentam um design simples e materiais de alta qualidade, al\u00e9m de um tamanho requintado, adequado para apresentar aperitivos e sobremesas. A sua durabilidade e facilidade de limpeza atendem \u00e0s necessidades do uso di\u00e1rio. O fornecimento a granel e os servi\u00e7os de personaliza\u00e7\u00e3o oferecem op\u00e7\u00f5es flex\u00edveis para clientes comerciais, tornando-os a escolha ideal para o setor de catering.<\/p>\n<table width=\"338\">\n<tbody>\n<tr>\n<td width=\"124\">Fabricante<\/td>\n<td width=\"214\">Casa amorosa<\/td>\n<\/tr>\n<tr>\n<td width=\"124\">Nome da cole\u00e7\u00e3o<\/td>\n<td width=\"214\">Momentos tranquilos<\/td>\n<\/tr>\n<tr>\n<td width=\"124\">Utiliza\u00e7\u00e3o<\/td>\n<td width=\"214\">Casa, restaurante, hotel<\/td>\n<\/tr>\n<tr>\n<td width=\"124\">Tipo de lou\u00e7a<\/td>\n<td width=\"214\">Conjunto de tapas<\/td>\n<\/tr>\n<tr>\n<td width=\"124\">Material<\/td>\n<td width=\"214\">Porcelana dur\u00e1vel<\/td>\n<\/tr>\n<tr>\n<td width=\"124\">Dimens\u00e3o<\/td>\n<td width=\"214\">Conforme imagem de pormenor<\/td>\n<\/tr>\n<tr>\n<td width=\"124\">Unidades de venda<\/td>\n<td width=\"214\">Artigo \u00fanico<\/td>\n<\/tr>\n<tr>\n<td width=\"124\">MOQ<\/td>\n<td width=\"214\">1200 unidades por artigo<\/td>\n<\/tr>\n<tr>\n<td width=\"124\">Op\u00e7\u00e3o personalizada<\/td>\n<td width=\"214\">Cor\/tamanho\/verniz\/log\u00f3tipo\/embalagem<\/td>\n<\/tr>\n<\/tbody>\n<\/table>","protected":false},"featured_media":2440,"comment_status":"closed","ping_status":"closed","template":"","meta":{"_acf_changed":false},"product_brand":[],"product_cat":[19],"product_tag":[34],"class_list":{"0":"post-2254","1":"product","2":"type-product","3":"status-publish","4":"has-post-thumbnail","6":"product_cat-dinnerware-wholesale","7":"product_tag-olive-oil-dipping-bowls-wholesale","9":"first","10":"instock","11":"shipping-taxable","12":"product-type-simple"},"acf":[],"_links":{"self":[{"href":"https:\/\/www.lovinghomecollection.com\/pt\/wp-json\/wp\/v2\/product\/2254","targetHints":{"allow":["GET"]}}],"collection":[{"href":"https:\/\/www.lovinghomecollection.com\/pt\/wp-json\/wp\/v2\/product"}],"about":[{"href":"https:\/\/www.lovinghomecollection.com\/pt\/wp-json\/wp\/v2\/types\/product"}],"replies":[{"embeddable":true,"href":"https:\/\/www.lovinghomecollection.com\/pt\/wp-json\/wp\/v2\/comments?post=2254"}],"wp:featuredmedia":[{"embeddable":true,"href":"https:\/\/www.lovinghomecollection.com\/pt\/wp-json\/wp\/v2\/media\/2440"}],"wp:attachment":[{"href":"https:\/\/www.lovinghomecollection.com\/pt\/wp-json\/wp\/v2\/media?parent=2254"}],"wp:term":[{"taxonomy":"product_brand","embeddable":true,"href":"https:\/\/www.lovinghomecollection.com\/pt\/wp-json\/wp\/v2\/product_brand?post=2254"},{"taxonomy":"product_cat","embeddable":true,"href":"https:\/\/www.lovinghomecollection.com\/pt\/wp-json\/wp\/v2\/product_cat?post=2254"},{"taxonomy":"product_tag","embeddable":true,"href":"https:\/\/www.lovinghomecollection.com\/pt\/wp-json\/wp\/v2\/product_tag?post=2254"}],"curies":[{"name":"wp","href":"https:\/\/api.w.org\/{rel}","templated":true}]}}