{"id":2213,"date":"2024-12-12T03:31:23","date_gmt":"2024-12-12T03:31:23","guid":{"rendered":"https:\/\/www.lovinghomecollection.com\/?post_type=product&#038;p=2213"},"modified":"2024-12-12T03:31:25","modified_gmt":"2024-12-12T03:31:25","slug":"chinese-crockery-wholesale","status":"publish","type":"product","link":"https:\/\/www.lovinghomecollection.com\/pt\/produto\/chinese-crockery-wholesale\/","title":{"rendered":"Lou\u00e7a chinesa elegante por atacado, pratos de jantar de cer\u00e2mica a granel"},"content":{"rendered":"<div class=\"wp-block-columns is-layout-flex wp-container-core-columns-is-layout-9d6595d7 wp-block-columns-is-layout-flex\">\n<div class=\"wp-block-column is-layout-flow wp-block-column-is-layout-flow\" style=\"flex-basis:60%\">\n<h2 class=\"wp-block-heading\">Lou\u00e7a chinesa de qualidade por atacado Carater\u00edsticas:<\/h2>\n\n\n\n<ul class=\"wp-block-list\">\n<li><strong>Design simples e elegante, indispens\u00e1vel nas mesas de jantar modernas: <\/strong>Esta s\u00e9rie de lou\u00e7a chinesa por grosso utiliza bolinhas simples, ondas e desenhos geom\u00e9tricos, que s\u00e3o modernos e est\u00e3o na moda, combinando perfeitamente com o estilo decorativo de casas e restaurantes modernos e real\u00e7ando a beleza e o gosto da mesa de jantar.<\/li>\n\n\n\n<li><strong>M\u00faltiplas op\u00e7\u00f5es de forma, combina\u00e7\u00e3o flex\u00edvel: <\/strong>Os nossos pratos de jantar de cer\u00e2mica a granel fornecem pratos redondos e quadrados, bem como uma variedade de formas diferentes de tigelas. Os utilizadores podem combin\u00e1-los de forma flex\u00edvel de acordo com as suas necessidades pessoais e ocasi\u00f5es para satisfazer as necessidades de diferentes ambientes de refei\u00e7\u00f5es.<\/li>\n\n\n\n<li><strong>Cer\u00e2mica de alta qualidade, duradoura e segura: <\/strong>A nossa loi\u00e7a chinesa por atacado seleciona materiais cer\u00e2micos cozidos a alta temperatura para garantir uma excelente durabilidade e estabilidade dos utens\u00edlios de mesa. N\u00e3o t\u00f3xica, inodora e em conformidade com as normas de seguran\u00e7a alimentar, \u00e9 adequada para todos os tipos de equipamento de cozinha moderno, como fornos micro-ondas e m\u00e1quinas de lavar loi\u00e7a, tornando as refei\u00e7\u00f5es c\u00f3modas e saud\u00e1veis.<\/li>\n\n\n\n<li><strong>Vantagens da venda por grosso, adequada para compras a granel: <\/strong>Fornecemos pratos, tigelas, ch\u00e1venas e bules de cer\u00e2mica a granel a pre\u00e7os realmente vantajosos para o segmento grossista e apoiamos os servi\u00e7os de personaliza\u00e7\u00e3o OEM\/ODM. Quer se trate de um retalhista, de uma empresa de catering ou de um evento em grande escala, o padr\u00e3o, o tamanho e a embalagem podem ser personalizados com base nas necessidades do cliente, o que \u00e9 uma escolha ideal para melhorar a imagem da marca.<\/li>\n<\/ul>\n<\/div>\n\n\n\n<div class=\"wp-block-column is-layout-flow wp-block-column-is-layout-flow\">\n<figure class=\"wp-block-image size-full\"><img decoding=\"async\" width=\"1200\" height=\"1200\" src=\"https:\/\/www.lovinghomecollection.com\/wp-content\/uploads\/2024\/11\/Stylish-Chinese-Crockery-Wholesale-Ceramic-Dinner-Plates-Bulk-2.webp\" alt=\"Lou\u00e7a chinesa elegante por atacado, pratos de jantar em cer\u00e2mica a granel-2\" class=\"wp-image-2576\" srcset=\"https:\/\/www.lovinghomecollection.com\/wp-content\/uploads\/2024\/11\/Stylish-Chinese-Crockery-Wholesale-Ceramic-Dinner-Plates-Bulk-2.webp 1200w, https:\/\/www.lovinghomecollection.com\/wp-content\/uploads\/2024\/11\/Stylish-Chinese-Crockery-Wholesale-Ceramic-Dinner-Plates-Bulk-2-300x300.webp 300w, https:\/\/www.lovinghomecollection.com\/wp-content\/uploads\/2024\/11\/Stylish-Chinese-Crockery-Wholesale-Ceramic-Dinner-Plates-Bulk-2-150x150.webp 150w, https:\/\/www.lovinghomecollection.com\/wp-content\/uploads\/2024\/11\/Stylish-Chinese-Crockery-Wholesale-Ceramic-Dinner-Plates-Bulk-2-768x768.webp 768w, https:\/\/www.lovinghomecollection.com\/wp-content\/uploads\/2024\/11\/Stylish-Chinese-Crockery-Wholesale-Ceramic-Dinner-Plates-Bulk-2-12x12.webp 12w, https:\/\/www.lovinghomecollection.com\/wp-content\/uploads\/2024\/11\/Stylish-Chinese-Crockery-Wholesale-Ceramic-Dinner-Plates-Bulk-2-600x600.webp 600w, https:\/\/www.lovinghomecollection.com\/wp-content\/uploads\/2024\/11\/Stylish-Chinese-Crockery-Wholesale-Ceramic-Dinner-Plates-Bulk-2-100x100.webp 100w\" sizes=\"(max-width: 1200px) 100vw, 1200px\" \/><\/figure>\n<\/div>\n<\/div>\n\n\n\n<h2 class=\"wp-block-heading has-text-align-center\">Apresenta\u00e7\u00e3o de produtos de Azure Mix Lou\u00e7a Chinesa por atacado<\/h2>\n\n\n\n<div class=\"wp-block-columns is-layout-flex wp-container-core-columns-is-layout-9d6595d7 wp-block-columns-is-layout-flex\">\n<div class=\"wp-block-column is-layout-flow wp-block-column-is-layout-flow\">\n<figure class=\"wp-block-image size-full\"><img decoding=\"async\" width=\"1750\" height=\"2386\" src=\"https:\/\/www.lovinghomecollection.com\/wp-content\/uploads\/2024\/11\/Stylish-Chinese-Crockery-Wholesale-Ceramic-Dinner-Plates-Bulk-11.webp\" alt=\"Lou\u00e7a chinesa elegante por atacado, pratos de jantar em cer\u00e2mica a granel-11\" class=\"wp-image-2585\" srcset=\"https:\/\/www.lovinghomecollection.com\/wp-content\/uploads\/2024\/11\/Stylish-Chinese-Crockery-Wholesale-Ceramic-Dinner-Plates-Bulk-11.webp 1750w, https:\/\/www.lovinghomecollection.com\/wp-content\/uploads\/2024\/11\/Stylish-Chinese-Crockery-Wholesale-Ceramic-Dinner-Plates-Bulk-11-220x300.webp 220w, https:\/\/www.lovinghomecollection.com\/wp-content\/uploads\/2024\/11\/Stylish-Chinese-Crockery-Wholesale-Ceramic-Dinner-Plates-Bulk-11-768x1047.webp 768w, https:\/\/www.lovinghomecollection.com\/wp-content\/uploads\/2024\/11\/Stylish-Chinese-Crockery-Wholesale-Ceramic-Dinner-Plates-Bulk-11-9x12.webp 9w, https:\/\/www.lovinghomecollection.com\/wp-content\/uploads\/2024\/11\/Stylish-Chinese-Crockery-Wholesale-Ceramic-Dinner-Plates-Bulk-11-1200x1636.webp 1200w, https:\/\/www.lovinghomecollection.com\/wp-content\/uploads\/2024\/11\/Stylish-Chinese-Crockery-Wholesale-Ceramic-Dinner-Plates-Bulk-11-600x818.webp 600w\" sizes=\"(max-width: 1750px) 100vw, 1750px\" \/><\/figure>\n<\/div>\n\n\n\n<div class=\"wp-block-column is-layout-flow wp-block-column-is-layout-flow\">\n<figure class=\"wp-block-image size-full\"><img decoding=\"async\" width=\"1750\" height=\"1564\" src=\"https:\/\/www.lovinghomecollection.com\/wp-content\/uploads\/2024\/11\/Stylish-Chinese-Crockery-Wholesale-Ceramic-Dinner-Plates-Bulk-10.webp\" alt=\"Lou\u00e7a chinesa elegante por atacado, pratos de jantar em cer\u00e2mica a granel-10\" class=\"wp-image-2584\" srcset=\"https:\/\/www.lovinghomecollection.com\/wp-content\/uploads\/2024\/11\/Stylish-Chinese-Crockery-Wholesale-Ceramic-Dinner-Plates-Bulk-10.webp 1750w, https:\/\/www.lovinghomecollection.com\/wp-content\/uploads\/2024\/11\/Stylish-Chinese-Crockery-Wholesale-Ceramic-Dinner-Plates-Bulk-10-300x268.webp 300w, https:\/\/www.lovinghomecollection.com\/wp-content\/uploads\/2024\/11\/Stylish-Chinese-Crockery-Wholesale-Ceramic-Dinner-Plates-Bulk-10-768x686.webp 768w, https:\/\/www.lovinghomecollection.com\/wp-content\/uploads\/2024\/11\/Stylish-Chinese-Crockery-Wholesale-Ceramic-Dinner-Plates-Bulk-10-13x12.webp 13w, https:\/\/www.lovinghomecollection.com\/wp-content\/uploads\/2024\/11\/Stylish-Chinese-Crockery-Wholesale-Ceramic-Dinner-Plates-Bulk-10-1200x1072.webp 1200w, https:\/\/www.lovinghomecollection.com\/wp-content\/uploads\/2024\/11\/Stylish-Chinese-Crockery-Wholesale-Ceramic-Dinner-Plates-Bulk-10-600x536.webp 600w\" sizes=\"(max-width: 1750px) 100vw, 1750px\" \/><\/figure>\n<\/div>\n<\/div>","protected":false},"excerpt":{"rendered":"<p>Bem-vindo \u00e0 compra de pratos, tigelas, ch\u00e1venas e bules de cer\u00e2mica a granel. Esta elegante s\u00e9rie de lou\u00e7a chinesa por atacado apresenta um design de padr\u00e3o simples e elegante, combinando pontos, ondas e formas geom\u00e9tricas, mostrando um estilo moderno e simples, adequado para casas, restaura\u00e7\u00e3o e retalhistas.<\/p>\n<table style=\"border-collapse: collapse; width: 338.02pt;\" border=\"0\" width=\"338\" cellspacing=\"0\" cellpadding=\"0\">\n<tbody>\n<tr style=\"height: 18.00pt;\">\n<td class=\"et3\" style=\"height: 18.00pt; width: 124.50pt;\" width=\"124\" height=\"18\">Fabricante<\/td>\n<td class=\"et3\" style=\"width: 214.40pt;\" width=\"214\">Casa amorosa<\/td>\n<\/tr>\n<tr style=\"height: 18.00pt;\">\n<td class=\"et3\" style=\"height: 18.00pt; width: 124.50pt;\" width=\"124\" height=\"18\">Nome da cole\u00e7\u00e3o<\/td>\n<td class=\"et4\" style=\"width: 214.40pt;\" width=\"214\">Mistura Azure<\/td>\n<\/tr>\n<tr style=\"height: 18.00pt;\">\n<td class=\"et3\" style=\"height: 18.00pt; width: 124.50pt;\" width=\"124\" height=\"18\">Utiliza\u00e7\u00e3o<\/td>\n<td class=\"et3\" style=\"width: 214.40pt;\" width=\"214\">Casa, restaurante, hotel<\/td>\n<\/tr>\n<tr style=\"height: 53.00pt;\">\n<td class=\"et3\" style=\"height: 53.00pt; width: 124.50pt;\" width=\"124\" height=\"53\">Tipo de lou\u00e7a<\/td>\n<td class=\"et3\" style=\"width: 214.40pt;\" width=\"214\">Bule de ch\u00e1, bule de a\u00e7\u00facar, cremeira, ch\u00e1vena e pires, caneca, prato, tigela, frasco de arruma\u00e7\u00e3o<\/td>\n<\/tr>\n<tr style=\"height: 18.00pt;\">\n<td class=\"et3\" style=\"height: 18.00pt; width: 124.50pt;\" width=\"124\" height=\"18\">Material<\/td>\n<td class=\"et3\" style=\"width: 214.40pt;\" width=\"214\">Porcelana dur\u00e1vel<\/td>\n<\/tr>\n<tr style=\"height: 18.00pt;\">\n<td class=\"et3\" style=\"height: 18.00pt; width: 124.50pt;\" width=\"124\" height=\"18\">Dimens\u00e3o<\/td>\n<td class=\"et3\" style=\"width: 214.40pt;\" width=\"214\">Conforme imagem de pormenor<\/td>\n<\/tr>\n<tr style=\"height: 18.00pt;\">\n<td class=\"et3\" style=\"height: 18.00pt; width: 124.50pt;\" width=\"124\" height=\"18\">Unidades de venda<\/td>\n<td class=\"et3\" style=\"width: 214.40pt;\" width=\"214\">Artigo \u00fanico<\/td>\n<\/tr>\n<tr style=\"height: 18.00pt;\">\n<td class=\"et3\" style=\"height: 18.00pt; width: 124.50pt;\" width=\"124\" height=\"18\">MOQ<\/td>\n<td class=\"et3\" style=\"width: 214.40pt;\" width=\"214\">1200 unidades por artigo<\/td>\n<\/tr>\n<tr style=\"height: 18.00pt;\">\n<td class=\"et3\" style=\"height: 18.00pt; width: 124.50pt;\" width=\"124\" height=\"18\">Op\u00e7\u00e3o personalizada<\/td>\n<td class=\"et3\" style=\"width: 214.40pt;\" width=\"214\">Cor\/tamanho\/verniz\/log\u00f3tipo\/embalagem<\/td>\n<\/tr>\n<\/tbody>\n<\/table>","protected":false},"featured_media":2575,"comment_status":"closed","ping_status":"closed","template":"","meta":{"_acf_changed":false},"product_brand":[],"product_cat":[19],"product_tag":[25,39,27,26],"class_list":{"0":"post-2213","1":"product","2":"type-product","3":"status-publish","4":"has-post-thumbnail","6":"product_cat-dinnerware-wholesale","7":"product_tag-wholesale-plates-and-bowls","8":"product_tag-sugar-jars-wholesale","9":"product_tag-wholesale-tea-cups-and-saucers","10":"product_tag-wholesale-teapots","12":"first","13":"instock","14":"shipping-taxable","15":"product-type-simple"},"acf":[],"_links":{"self":[{"href":"https:\/\/www.lovinghomecollection.com\/pt\/wp-json\/wp\/v2\/product\/2213","targetHints":{"allow":["GET"]}}],"collection":[{"href":"https:\/\/www.lovinghomecollection.com\/pt\/wp-json\/wp\/v2\/product"}],"about":[{"href":"https:\/\/www.lovinghomecollection.com\/pt\/wp-json\/wp\/v2\/types\/product"}],"replies":[{"embeddable":true,"href":"https:\/\/www.lovinghomecollection.com\/pt\/wp-json\/wp\/v2\/comments?post=2213"}],"wp:featuredmedia":[{"embeddable":true,"href":"https:\/\/www.lovinghomecollection.com\/pt\/wp-json\/wp\/v2\/media\/2575"}],"wp:attachment":[{"href":"https:\/\/www.lovinghomecollection.com\/pt\/wp-json\/wp\/v2\/media?parent=2213"}],"wp:term":[{"taxonomy":"product_brand","embeddable":true,"href":"https:\/\/www.lovinghomecollection.com\/pt\/wp-json\/wp\/v2\/product_brand?post=2213"},{"taxonomy":"product_cat","embeddable":true,"href":"https:\/\/www.lovinghomecollection.com\/pt\/wp-json\/wp\/v2\/product_cat?post=2213"},{"taxonomy":"product_tag","embeddable":true,"href":"https:\/\/www.lovinghomecollection.com\/pt\/wp-json\/wp\/v2\/product_tag?post=2213"}],"curies":[{"name":"wp","href":"https:\/\/api.w.org\/{rel}","templated":true}]}}