{"id":2134,"date":"2024-12-09T07:10:57","date_gmt":"2024-12-09T07:10:57","guid":{"rendered":"https:\/\/www.lovinghomecollection.com\/?post_type=product&#038;p=2134"},"modified":"2024-12-09T07:11:00","modified_gmt":"2024-12-09T07:11:00","slug":"bulk-china-dinnerware","status":"publish","type":"product","link":"https:\/\/www.lovinghomecollection.com\/pt\/produto\/bulk-china-dinnerware\/","title":{"rendered":"Loi\u00e7a de jantar chinesa a granel em forma de lim\u00e3o, pratos e ta\u00e7as por grosso"},"content":{"rendered":"<div class=\"wp-block-columns is-layout-flex wp-container-core-columns-is-layout-9d6595d7 wp-block-columns-is-layout-flex\">\n<div class=\"wp-block-column is-layout-flow wp-block-column-is-layout-flow\" style=\"flex-basis:60%\">\n<h2 class=\"wp-block-heading\">Servi\u00e7o de jantar Premium Bulk China Carater\u00edsticas:<\/h2>\n\n\n\n<ul class=\"wp-block-list\">\n<li><strong>Design \u00fanico em forma de lim\u00e3o: <\/strong>Esta s\u00e9rie de lou\u00e7a de porcelana a granel apresenta uma nova forma de lim\u00e3o com arestas suaves e detalhes realistas, acrescentando um interesse fresco e natural \u00e0 mesa e atraindo a aten\u00e7\u00e3o.<\/li>\n\n\n\n<li><strong>Op\u00e7\u00f5es ricas e vers\u00e1teis: <\/strong>Est\u00e3o dispon\u00edveis pratos e ta\u00e7as de diferentes tamanhos para a apresenta\u00e7\u00e3o de saladas, sobremesas, sopas e pratos principais, que podem ser utilizados para uma vasta gama de fins gastron\u00f3micos, desde refei\u00e7\u00f5es di\u00e1rias a banquetes tem\u00e1ticos.<\/li>\n\n\n\n<li><strong>Cer\u00e2mica chinesa de alta qualidade: <\/strong>A nossa lou\u00e7a de porcelana a granel \u00e9 fabricada a partir de cer\u00e2mica de alta qualidade por grosso, tendo uma durabilidade excecionalmente excelente e resist\u00eancia aos riscos, oferecendo ao mesmo tempo as conveni\u00eancias do equipamento moderno na sua cozinha, como um micro-ondas ou uma m\u00e1quina de lavar lou\u00e7a.<\/li>\n\n\n\n<li><strong>Compras a granel e servi\u00e7os personalizados: <\/strong>Os nossos pratos e ta\u00e7as para venda por grosso s\u00e3o concebidos para clientes comerciais, est\u00e3o dispon\u00edveis a granel e podem ser personalizados com cores, detalhes ou log\u00f3tipos de marca, de acordo com as necessidades, o que os torna a escolha perfeita para a ind\u00fastria da restaura\u00e7\u00e3o e para o mercado retalhista.<\/li>\n<\/ul>\n<\/div>\n\n\n\n<div class=\"wp-block-column is-layout-flow wp-block-column-is-layout-flow\">\n<figure class=\"wp-block-image size-full\"><img decoding=\"async\" width=\"1200\" height=\"1200\" src=\"https:\/\/www.lovinghomecollection.com\/wp-content\/uploads\/2024\/11\/Lemon-Shape-Bulk-China-Dinnerware-Wholesale-Plates-and-Bowls-6.webp\" alt=\"Loi\u00e7a de jantar chinesa a granel em forma de lim\u00e3o, pratos e ta\u00e7as por grosso-6\" class=\"wp-image-2478\" srcset=\"https:\/\/www.lovinghomecollection.com\/wp-content\/uploads\/2024\/11\/Lemon-Shape-Bulk-China-Dinnerware-Wholesale-Plates-and-Bowls-6.webp 1200w, https:\/\/www.lovinghomecollection.com\/wp-content\/uploads\/2024\/11\/Lemon-Shape-Bulk-China-Dinnerware-Wholesale-Plates-and-Bowls-6-300x300.webp 300w, https:\/\/www.lovinghomecollection.com\/wp-content\/uploads\/2024\/11\/Lemon-Shape-Bulk-China-Dinnerware-Wholesale-Plates-and-Bowls-6-150x150.webp 150w, https:\/\/www.lovinghomecollection.com\/wp-content\/uploads\/2024\/11\/Lemon-Shape-Bulk-China-Dinnerware-Wholesale-Plates-and-Bowls-6-768x768.webp 768w, https:\/\/www.lovinghomecollection.com\/wp-content\/uploads\/2024\/11\/Lemon-Shape-Bulk-China-Dinnerware-Wholesale-Plates-and-Bowls-6-12x12.webp 12w, https:\/\/www.lovinghomecollection.com\/wp-content\/uploads\/2024\/11\/Lemon-Shape-Bulk-China-Dinnerware-Wholesale-Plates-and-Bowls-6-600x600.webp 600w, https:\/\/www.lovinghomecollection.com\/wp-content\/uploads\/2024\/11\/Lemon-Shape-Bulk-China-Dinnerware-Wholesale-Plates-and-Bowls-6-100x100.webp 100w\" sizes=\"(max-width: 1200px) 100vw, 1200px\" \/><\/figure>\n<\/div>\n<\/div>\n\n\n\n<h2 class=\"wp-block-heading has-text-align-center\">Apresenta\u00e7\u00e3o de produtos de loi\u00e7a de porcelana a granel Lemon Orchard<\/h2>\n\n\n\n<div class=\"wp-block-columns is-layout-flex wp-container-core-columns-is-layout-9d6595d7 wp-block-columns-is-layout-flex\">\n<div class=\"wp-block-column is-layout-flow wp-block-column-is-layout-flow\">\n<figure class=\"wp-block-image size-full\"><img decoding=\"async\" width=\"1750\" height=\"2269\" src=\"https:\/\/www.lovinghomecollection.com\/wp-content\/uploads\/2024\/11\/Lemon-Shape-Bulk-China-Dinnerware-Wholesale-Plates-and-Bowls-12.webp\" alt=\"Forma de lim\u00e3o Lou\u00e7a de jantar chinesa a granel, pratos e ta\u00e7as por atacado-12\" class=\"wp-image-2484\" srcset=\"https:\/\/www.lovinghomecollection.com\/wp-content\/uploads\/2024\/11\/Lemon-Shape-Bulk-China-Dinnerware-Wholesale-Plates-and-Bowls-12.webp 1750w, https:\/\/www.lovinghomecollection.com\/wp-content\/uploads\/2024\/11\/Lemon-Shape-Bulk-China-Dinnerware-Wholesale-Plates-and-Bowls-12-231x300.webp 231w, https:\/\/www.lovinghomecollection.com\/wp-content\/uploads\/2024\/11\/Lemon-Shape-Bulk-China-Dinnerware-Wholesale-Plates-and-Bowls-12-768x996.webp 768w, https:\/\/www.lovinghomecollection.com\/wp-content\/uploads\/2024\/11\/Lemon-Shape-Bulk-China-Dinnerware-Wholesale-Plates-and-Bowls-12-9x12.webp 9w, https:\/\/www.lovinghomecollection.com\/wp-content\/uploads\/2024\/11\/Lemon-Shape-Bulk-China-Dinnerware-Wholesale-Plates-and-Bowls-12-1200x1556.webp 1200w, https:\/\/www.lovinghomecollection.com\/wp-content\/uploads\/2024\/11\/Lemon-Shape-Bulk-China-Dinnerware-Wholesale-Plates-and-Bowls-12-600x778.webp 600w\" sizes=\"(max-width: 1750px) 100vw, 1750px\" \/><\/figure>\n<\/div>\n\n\n\n<div class=\"wp-block-column is-layout-flow wp-block-column-is-layout-flow\">\n<figure class=\"wp-block-image size-full\"><img decoding=\"async\" width=\"1750\" height=\"1188\" src=\"https:\/\/www.lovinghomecollection.com\/wp-content\/uploads\/2024\/11\/Lemon-Shape-Bulk-China-Dinnerware-Wholesale-Plates-and-Bowls-13.webp\" alt=\"Loi\u00e7a de jantar chinesa a granel em forma de lim\u00e3o, pratos e ta\u00e7as por grosso-13\" class=\"wp-image-2485\" srcset=\"https:\/\/www.lovinghomecollection.com\/wp-content\/uploads\/2024\/11\/Lemon-Shape-Bulk-China-Dinnerware-Wholesale-Plates-and-Bowls-13.webp 1750w, https:\/\/www.lovinghomecollection.com\/wp-content\/uploads\/2024\/11\/Lemon-Shape-Bulk-China-Dinnerware-Wholesale-Plates-and-Bowls-13-300x204.webp 300w, https:\/\/www.lovinghomecollection.com\/wp-content\/uploads\/2024\/11\/Lemon-Shape-Bulk-China-Dinnerware-Wholesale-Plates-and-Bowls-13-768x521.webp 768w, https:\/\/www.lovinghomecollection.com\/wp-content\/uploads\/2024\/11\/Lemon-Shape-Bulk-China-Dinnerware-Wholesale-Plates-and-Bowls-13-18x12.webp 18w, https:\/\/www.lovinghomecollection.com\/wp-content\/uploads\/2024\/11\/Lemon-Shape-Bulk-China-Dinnerware-Wholesale-Plates-and-Bowls-13-1200x815.webp 1200w, https:\/\/www.lovinghomecollection.com\/wp-content\/uploads\/2024\/11\/Lemon-Shape-Bulk-China-Dinnerware-Wholesale-Plates-and-Bowls-13-600x407.webp 600w\" sizes=\"(max-width: 1750px) 100vw, 1750px\" \/><\/figure>\n<\/div>\n<\/div>\n\n\n\n<p><\/p>","protected":false},"excerpt":{"rendered":"<p>Bem-vindo \u00e0 compra de pratos e ta\u00e7as por grosso. Esta lou\u00e7a de porcelana a granel em forma de lim\u00e3o adiciona um toque fresco \u00e0 mesa com sua forma \u00fanica e uso multifuncional, adequado para uso di\u00e1rio e em banquetes. Feita de materiais de alta qualidade, suportando compras a granel e servi\u00e7os personalizados, \u00e9 a melhor escolha para compras comerciais.<\/p>\n<table style=\"border-collapse: collapse; width: 338.02pt;\" border=\"0\" width=\"338\" cellspacing=\"0\" cellpadding=\"0\">\n<tbody>\n<tr style=\"height: 18.00pt;\">\n<td class=\"et3\" style=\"height: 18.00pt; width: 124.50pt;\" width=\"124\" height=\"18\">Fabricante<\/td>\n<td class=\"et3\" style=\"width: 214.40pt;\" width=\"214\">Casa amorosa<\/td>\n<\/tr>\n<tr style=\"height: 18.00pt;\">\n<td class=\"et3\" style=\"height: 18.00pt; width: 124.50pt;\" width=\"124\" height=\"18\">Nome da cole\u00e7\u00e3o<\/td>\n<td class=\"et4\" style=\"width: 214.40pt;\" width=\"214\">Pomar de lim\u00f5es<\/td>\n<\/tr>\n<tr style=\"height: 18.00pt;\">\n<td class=\"et3\" style=\"height: 18.00pt; width: 124.50pt;\" width=\"124\" height=\"18\">Utiliza\u00e7\u00e3o<\/td>\n<td class=\"et3\" style=\"width: 214.40pt;\" width=\"214\">Casa, restaurante, hotel<\/td>\n<\/tr>\n<tr style=\"height: 71.00pt;\">\n<td class=\"et3\" style=\"height: 71.00pt; width: 124.50pt;\" width=\"124\" height=\"71\">Tipo de lou\u00e7a<\/td>\n<td class=\"et3\" style=\"width: 214.40pt;\" width=\"214\">Bule de ch\u00e1, a\u00e7ucareiro, cremeira, ch\u00e1vena e pires, caneca, prato, tigela, conjunto de tapas, colher de ch\u00e1, frasco de armazenamento<\/td>\n<\/tr>\n<tr style=\"height: 18.00pt;\">\n<td class=\"et3\" style=\"height: 18.00pt; width: 124.50pt;\" width=\"124\" height=\"18\">Material<\/td>\n<td class=\"et3\" style=\"width: 214.40pt;\" width=\"214\">Porcelana dur\u00e1vel<\/td>\n<\/tr>\n<tr style=\"height: 18.00pt;\">\n<td class=\"et3\" style=\"height: 18.00pt; width: 124.50pt;\" width=\"124\" height=\"18\">Dimens\u00e3o<\/td>\n<td class=\"et3\" style=\"width: 214.40pt;\" width=\"214\">Conforme imagem de pormenor<\/td>\n<\/tr>\n<tr style=\"height: 18.00pt;\">\n<td class=\"et3\" style=\"height: 18.00pt; width: 124.50pt;\" width=\"124\" height=\"18\">Unidades de venda<\/td>\n<td class=\"et3\" style=\"width: 214.40pt;\" width=\"214\">Artigo \u00fanico<\/td>\n<\/tr>\n<tr style=\"height: 18.00pt;\">\n<td class=\"et3\" style=\"height: 18.00pt; width: 124.50pt;\" width=\"124\" height=\"18\">MOQ<\/td>\n<td class=\"et3\" style=\"width: 214.40pt;\" width=\"214\">1200 unidades por artigo<\/td>\n<\/tr>\n<tr style=\"height: 18.00pt;\">\n<td class=\"et3\" style=\"height: 18.00pt; width: 124.50pt;\" width=\"124\" height=\"18\">Op\u00e7\u00e3o personalizada<\/td>\n<td class=\"et3\" style=\"width: 214.40pt;\" width=\"214\">Cor\/tamanho\/verniz\/log\u00f3tipo\/embalagem<\/td>\n<\/tr>\n<\/tbody>\n<\/table>","protected":false},"featured_media":2473,"comment_status":"closed","ping_status":"closed","template":"","meta":{"_acf_changed":false},"product_brand":[],"product_cat":[19],"product_tag":[25,39,34,27,26],"class_list":{"0":"post-2134","1":"product","2":"type-product","3":"status-publish","4":"has-post-thumbnail","6":"product_cat-dinnerware-wholesale","7":"product_tag-wholesale-plates-and-bowls","8":"product_tag-sugar-jars-wholesale","9":"product_tag-olive-oil-dipping-bowls-wholesale","10":"product_tag-wholesale-tea-cups-and-saucers","11":"product_tag-wholesale-teapots","13":"first","14":"instock","15":"shipping-taxable","16":"product-type-simple"},"acf":[],"_links":{"self":[{"href":"https:\/\/www.lovinghomecollection.com\/pt\/wp-json\/wp\/v2\/product\/2134","targetHints":{"allow":["GET"]}}],"collection":[{"href":"https:\/\/www.lovinghomecollection.com\/pt\/wp-json\/wp\/v2\/product"}],"about":[{"href":"https:\/\/www.lovinghomecollection.com\/pt\/wp-json\/wp\/v2\/types\/product"}],"replies":[{"embeddable":true,"href":"https:\/\/www.lovinghomecollection.com\/pt\/wp-json\/wp\/v2\/comments?post=2134"}],"wp:featuredmedia":[{"embeddable":true,"href":"https:\/\/www.lovinghomecollection.com\/pt\/wp-json\/wp\/v2\/media\/2473"}],"wp:attachment":[{"href":"https:\/\/www.lovinghomecollection.com\/pt\/wp-json\/wp\/v2\/media?parent=2134"}],"wp:term":[{"taxonomy":"product_brand","embeddable":true,"href":"https:\/\/www.lovinghomecollection.com\/pt\/wp-json\/wp\/v2\/product_brand?post=2134"},{"taxonomy":"product_cat","embeddable":true,"href":"https:\/\/www.lovinghomecollection.com\/pt\/wp-json\/wp\/v2\/product_cat?post=2134"},{"taxonomy":"product_tag","embeddable":true,"href":"https:\/\/www.lovinghomecollection.com\/pt\/wp-json\/wp\/v2\/product_tag?post=2134"}],"curies":[{"name":"wp","href":"https:\/\/api.w.org\/{rel}","templated":true}]}}