{"id":1594,"date":"2024-10-07T09:33:56","date_gmt":"2024-10-07T09:33:56","guid":{"rendered":"https:\/\/www.lovinghomecollection.com\/?post_type=product&#038;p=1594"},"modified":"2024-10-26T03:00:24","modified_gmt":"2024-10-26T03:00:24","slug":"gradient-bulk-tableware","status":"publish","type":"product","link":"https:\/\/www.lovinghomecollection.com\/pt\/produto\/gradient-bulk-tableware\/","title":{"rendered":"Talheres de cer\u00e2mica gradiente a granel, pratos por grosso, ta\u00e7a, ch\u00e1vena, pires"},"content":{"rendered":"<div class=\"wp-block-columns is-layout-flex wp-container-core-columns-is-layout-9d6595d7 wp-block-columns-is-layout-flex\">\n<div class=\"wp-block-column is-layout-flow wp-block-column-is-layout-flow\" style=\"flex-basis:60%\">\n<h2 class=\"wp-block-heading\">Servi\u00e7o de mesa Premium a granel:<\/h2>\n\n\n\n<ul class=\"wp-block-list\">\n<li><strong>Acabamento dourado, textura luxuosa: <\/strong>Esta s\u00e9rie de loi\u00e7a de mesa a granel apresenta um design requintado com acabamentos dourados, combinados com um fundo branco, criando um efeito visual nobre e elegante, adequado para banquetes de alta qualidade e ambientes de mesa requintados.<\/li>\n\n\n\n<li><strong>Superf\u00edcie de cor gradiente, acrescentando sentido art\u00edstico: <\/strong>Estes pratos, tigelas e pires de ch\u00e1vena para venda por grosso t\u00eam um design de cores suaves e gradientes na superf\u00edcie, tornando cada pe\u00e7a \u00fanica e art\u00edstica, com uma beleza \u00fanica na simplicidade, real\u00e7ando o estilo da experi\u00eancia gastron\u00f3mica.<\/li>\n\n\n\n<li><strong>Material cer\u00e2mico de alta qualidade, dur\u00e1vel e bonito: <\/strong>A nossa s\u00e9rie de utens\u00edlios de mesa a granel \u00e9 feita de cer\u00e2mica de alta qualidade, com uma superf\u00edcie lisa e delicada, dur\u00e1vel, resistente ao calor e aos riscos, adequada para uma utiliza\u00e7\u00e3o di\u00e1ria frequente.<\/li>\n\n\n\n<li><strong>Combina\u00e7\u00e3o multifuncional, adapt\u00e1vel a v\u00e1rias ocasi\u00f5es: <\/strong>Este conjunto de lou\u00e7a de jantar por atacado inclui uma variedade de lou\u00e7a de mesa, como pratos por atacado, tigelas, pires de ch\u00e1vena, etc. O design \u00e9 simples mas elegante, o que pode facilmente satisfazer as necessidades de reuni\u00f5es familiares, banquetes ou restaurantes de luxo.<\/li>\n<\/ul>\n<\/div>\n\n\n\n<div class=\"wp-block-column is-layout-flow wp-block-column-is-layout-flow\">\n<figure class=\"wp-block-image size-full\"><img decoding=\"async\" width=\"1200\" height=\"1200\" src=\"https:\/\/www.lovinghomecollection.com\/wp-content\/uploads\/2024\/10\/Gradient-Ceramic-Bulk-Tableware-Wholesale-Plates-Bowl-Cup-Saucer-8.webp\" alt=\"Gradiente Cer\u00e2mica Lou\u00e7a de mesa a granel, por atacado Pratos, ta\u00e7a, ch\u00e1vena Pires (8)\" class=\"wp-image-1602\" srcset=\"https:\/\/www.lovinghomecollection.com\/wp-content\/uploads\/2024\/10\/Gradient-Ceramic-Bulk-Tableware-Wholesale-Plates-Bowl-Cup-Saucer-8.webp 1200w, https:\/\/www.lovinghomecollection.com\/wp-content\/uploads\/2024\/10\/Gradient-Ceramic-Bulk-Tableware-Wholesale-Plates-Bowl-Cup-Saucer-8-300x300.webp 300w, https:\/\/www.lovinghomecollection.com\/wp-content\/uploads\/2024\/10\/Gradient-Ceramic-Bulk-Tableware-Wholesale-Plates-Bowl-Cup-Saucer-8-150x150.webp 150w, https:\/\/www.lovinghomecollection.com\/wp-content\/uploads\/2024\/10\/Gradient-Ceramic-Bulk-Tableware-Wholesale-Plates-Bowl-Cup-Saucer-8-768x768.webp 768w, https:\/\/www.lovinghomecollection.com\/wp-content\/uploads\/2024\/10\/Gradient-Ceramic-Bulk-Tableware-Wholesale-Plates-Bowl-Cup-Saucer-8-12x12.webp 12w, https:\/\/www.lovinghomecollection.com\/wp-content\/uploads\/2024\/10\/Gradient-Ceramic-Bulk-Tableware-Wholesale-Plates-Bowl-Cup-Saucer-8-600x600.webp 600w, https:\/\/www.lovinghomecollection.com\/wp-content\/uploads\/2024\/10\/Gradient-Ceramic-Bulk-Tableware-Wholesale-Plates-Bowl-Cup-Saucer-8-100x100.webp 100w\" sizes=\"(max-width: 1200px) 100vw, 1200px\" \/><\/figure>\n<\/div>\n<\/div>\n\n\n\n<h2 class=\"wp-block-heading has-text-align-center\">Apresenta\u00e7\u00e3o do produto da cole\u00e7\u00e3o de loi\u00e7a de mesa a granel Color Whirl<\/h2>\n\n\n\n<div class=\"wp-block-columns is-layout-flex wp-container-core-columns-is-layout-9d6595d7 wp-block-columns-is-layout-flex\">\n<div class=\"wp-block-column is-layout-flow wp-block-column-is-layout-flow\">\n<figure class=\"wp-block-image size-full\"><img decoding=\"async\" width=\"4063\" height=\"3891\" src=\"https:\/\/www.lovinghomecollection.com\/wp-content\/uploads\/2024\/10\/Gradient-Ceramic-Bulk-Tableware-Wholesale-Plates-Bowl-Cup-Saucer-9.webp\" alt=\"Gradiente Cer\u00e2mica Lou\u00e7a de mesa a granel, por atacado Pratos, ta\u00e7a, ch\u00e1vena Pires (9)\" class=\"wp-image-1603\" srcset=\"https:\/\/www.lovinghomecollection.com\/wp-content\/uploads\/2024\/10\/Gradient-Ceramic-Bulk-Tableware-Wholesale-Plates-Bowl-Cup-Saucer-9.webp 4063w, https:\/\/www.lovinghomecollection.com\/wp-content\/uploads\/2024\/10\/Gradient-Ceramic-Bulk-Tableware-Wholesale-Plates-Bowl-Cup-Saucer-9-300x287.webp 300w, https:\/\/www.lovinghomecollection.com\/wp-content\/uploads\/2024\/10\/Gradient-Ceramic-Bulk-Tableware-Wholesale-Plates-Bowl-Cup-Saucer-9-768x735.webp 768w, https:\/\/www.lovinghomecollection.com\/wp-content\/uploads\/2024\/10\/Gradient-Ceramic-Bulk-Tableware-Wholesale-Plates-Bowl-Cup-Saucer-9-13x12.webp 13w, https:\/\/www.lovinghomecollection.com\/wp-content\/uploads\/2024\/10\/Gradient-Ceramic-Bulk-Tableware-Wholesale-Plates-Bowl-Cup-Saucer-9-1200x1149.webp 1200w, https:\/\/www.lovinghomecollection.com\/wp-content\/uploads\/2024\/10\/Gradient-Ceramic-Bulk-Tableware-Wholesale-Plates-Bowl-Cup-Saucer-9-600x575.webp 600w\" sizes=\"(max-width: 4063px) 100vw, 4063px\" \/><\/figure>\n<\/div>\n\n\n\n<div class=\"wp-block-column is-layout-flow wp-block-column-is-layout-flow\">\n<figure class=\"wp-block-image size-full\"><img decoding=\"async\" width=\"4063\" height=\"3891\" src=\"https:\/\/www.lovinghomecollection.com\/wp-content\/uploads\/2024\/10\/Gradient-Ceramic-Bulk-Tableware-Wholesale-Plates-Bowl-Cup-Saucer-10.webp\" alt=\"Gradiente Cer\u00e2mica Lou\u00e7a de mesa a granel, por atacado Pratos, ta\u00e7a, ch\u00e1vena Pires (10)\" class=\"wp-image-1604\" srcset=\"https:\/\/www.lovinghomecollection.com\/wp-content\/uploads\/2024\/10\/Gradient-Ceramic-Bulk-Tableware-Wholesale-Plates-Bowl-Cup-Saucer-10.webp 4063w, https:\/\/www.lovinghomecollection.com\/wp-content\/uploads\/2024\/10\/Gradient-Ceramic-Bulk-Tableware-Wholesale-Plates-Bowl-Cup-Saucer-10-300x287.webp 300w, https:\/\/www.lovinghomecollection.com\/wp-content\/uploads\/2024\/10\/Gradient-Ceramic-Bulk-Tableware-Wholesale-Plates-Bowl-Cup-Saucer-10-768x735.webp 768w, https:\/\/www.lovinghomecollection.com\/wp-content\/uploads\/2024\/10\/Gradient-Ceramic-Bulk-Tableware-Wholesale-Plates-Bowl-Cup-Saucer-10-13x12.webp 13w, https:\/\/www.lovinghomecollection.com\/wp-content\/uploads\/2024\/10\/Gradient-Ceramic-Bulk-Tableware-Wholesale-Plates-Bowl-Cup-Saucer-10-1200x1149.webp 1200w, https:\/\/www.lovinghomecollection.com\/wp-content\/uploads\/2024\/10\/Gradient-Ceramic-Bulk-Tableware-Wholesale-Plates-Bowl-Cup-Saucer-10-600x575.webp 600w\" sizes=\"(max-width: 4063px) 100vw, 4063px\" \/><\/figure>\n<\/div>\n<\/div>\n\n\n\n<p><\/p>","protected":false},"excerpt":{"rendered":"<p>Bem-vindo \u00e0 compra por grosso de pratos, ta\u00e7as e pires. Esta s\u00e9rie de lou\u00e7a de mesa em cer\u00e2mica branca com acabamento dourado e design de superf\u00edcie com gradiente de cores apresenta uma beleza simples e elegante. Inclui uma variedade de itens, como pratos, ta\u00e7as, ch\u00e1venas e pires, que s\u00e3o adequados para uso di\u00e1rio e tamb\u00e9m podem adicionar uma sensa\u00e7\u00e3o de luxo a banquetes sofisticados.<\/p>\n<table style=\"border-collapse: collapse; width: 338.02pt;\" border=\"0\" width=\"338\" cellspacing=\"0\" cellpadding=\"0\">\n<tbody>\n<tr style=\"height: 18.00pt;\">\n<td class=\"et3\" style=\"height: 18.00pt; width: 124.50pt;\" width=\"124\" height=\"18\">Fabricante<\/td>\n<td class=\"et3\" style=\"width: 214.40pt;\" width=\"214\">Casa amorosa<\/td>\n<\/tr>\n<tr style=\"height: 18.00pt;\">\n<td class=\"et3\" style=\"height: 18.00pt; width: 124.50pt;\" width=\"124\" height=\"18\">Nome da cole\u00e7\u00e3o<\/td>\n<td class=\"et4\" style=\"width: 214.40pt;\" width=\"214\">Turbilh\u00e3o de cores<\/td>\n<\/tr>\n<tr style=\"height: 18.00pt;\">\n<td class=\"et3\" style=\"height: 18.00pt; width: 124.50pt;\" width=\"124\" height=\"18\">Utiliza\u00e7\u00e3o<\/td>\n<td class=\"et3\" style=\"width: 214.40pt;\" width=\"214\">Casa, restaurante, hotel<\/td>\n<\/tr>\n<tr style=\"height: 53.00pt;\">\n<td class=\"et3\" style=\"height: 53.00pt; width: 124.50pt;\" width=\"124\" height=\"53\">Tipo de lou\u00e7a<\/td>\n<td class=\"et3\" style=\"width: 214.40pt;\" width=\"214\">Bule de ch\u00e1, a\u00e7ucareiro, cremeira, ch\u00e1vena e pires, caneca, prato, tigela, t\u00e1bua de queijos<\/td>\n<\/tr>\n<tr style=\"height: 18.00pt;\">\n<td class=\"et3\" style=\"height: 18.00pt; width: 124.50pt;\" width=\"124\" height=\"18\">Material<\/td>\n<td class=\"et3\" style=\"width: 214.40pt;\" width=\"214\">Porcelana dur\u00e1vel<\/td>\n<\/tr>\n<tr style=\"height: 18.00pt;\">\n<td class=\"et3\" style=\"height: 18.00pt; width: 124.50pt;\" width=\"124\" height=\"18\">Dimens\u00e3o<\/td>\n<td class=\"et3\" style=\"width: 214.40pt;\" width=\"214\">Conforme imagem de pormenor<\/td>\n<\/tr>\n<tr style=\"height: 18.00pt;\">\n<td class=\"et3\" style=\"height: 18.00pt; width: 124.50pt;\" width=\"124\" height=\"18\">Unidades de venda<\/td>\n<td class=\"et3\" style=\"width: 214.40pt;\" width=\"214\">Artigo \u00fanico<\/td>\n<\/tr>\n<tr style=\"height: 18.00pt;\">\n<td class=\"et3\" style=\"height: 18.00pt; width: 124.50pt;\" width=\"124\" height=\"18\">MOQ<\/td>\n<td class=\"et3\" style=\"width: 214.40pt;\" width=\"214\">1200 unidades por artigo<\/td>\n<\/tr>\n<tr style=\"height: 18.00pt;\">\n<td class=\"et3\" style=\"height: 18.00pt; width: 124.50pt;\" width=\"124\" height=\"18\">Op\u00e7\u00e3o personalizada<\/td>\n<td class=\"et3\" style=\"width: 214.40pt;\" width=\"214\">Cor\/tamanho\/verniz\/log\u00f3tipo\/embalagem<\/td>\n<\/tr>\n<\/tbody>\n<\/table>","protected":false},"featured_media":1598,"comment_status":"closed","ping_status":"closed","template":"","meta":{"_acf_changed":false},"product_brand":[],"product_cat":[19],"product_tag":[25,39,27,26],"class_list":{"0":"post-1594","1":"product","2":"type-product","3":"status-publish","4":"has-post-thumbnail","6":"product_cat-dinnerware-wholesale","7":"product_tag-wholesale-plates-and-bowls","8":"product_tag-sugar-jars-wholesale","9":"product_tag-wholesale-tea-cups-and-saucers","10":"product_tag-wholesale-teapots","12":"first","13":"instock","14":"shipping-taxable","15":"product-type-simple"},"acf":[],"_links":{"self":[{"href":"https:\/\/www.lovinghomecollection.com\/pt\/wp-json\/wp\/v2\/product\/1594","targetHints":{"allow":["GET"]}}],"collection":[{"href":"https:\/\/www.lovinghomecollection.com\/pt\/wp-json\/wp\/v2\/product"}],"about":[{"href":"https:\/\/www.lovinghomecollection.com\/pt\/wp-json\/wp\/v2\/types\/product"}],"replies":[{"embeddable":true,"href":"https:\/\/www.lovinghomecollection.com\/pt\/wp-json\/wp\/v2\/comments?post=1594"}],"wp:featuredmedia":[{"embeddable":true,"href":"https:\/\/www.lovinghomecollection.com\/pt\/wp-json\/wp\/v2\/media\/1598"}],"wp:attachment":[{"href":"https:\/\/www.lovinghomecollection.com\/pt\/wp-json\/wp\/v2\/media?parent=1594"}],"wp:term":[{"taxonomy":"product_brand","embeddable":true,"href":"https:\/\/www.lovinghomecollection.com\/pt\/wp-json\/wp\/v2\/product_brand?post=1594"},{"taxonomy":"product_cat","embeddable":true,"href":"https:\/\/www.lovinghomecollection.com\/pt\/wp-json\/wp\/v2\/product_cat?post=1594"},{"taxonomy":"product_tag","embeddable":true,"href":"https:\/\/www.lovinghomecollection.com\/pt\/wp-json\/wp\/v2\/product_tag?post=1594"}],"curies":[{"name":"wp","href":"https:\/\/api.w.org\/{rel}","templated":true}]}}