{"id":1355,"date":"2024-09-23T08:11:28","date_gmt":"2024-09-23T08:11:28","guid":{"rendered":"https:\/\/www.lovinghomecollection.com\/?post_type=product&#038;p=1355"},"modified":"2025-04-16T06:26:00","modified_gmt":"2025-04-16T06:26:00","slug":"wholesale-mugs-tea-kettle","status":"publish","type":"product","link":"https:\/\/www.lovinghomecollection.com\/pt\/produto\/wholesale-mugs-tea-kettle\/","title":{"rendered":"Canecas por atacado, chaleira de ch\u00e1 personalizada, copos por atacado para caf\u00e9 e ch\u00e1"},"content":{"rendered":"<div class=\"wp-block-columns is-layout-flex wp-container-core-columns-is-layout-9d6595d7 wp-block-columns-is-layout-flex\">\n<div class=\"wp-block-column is-layout-flow wp-block-column-is-layout-flow\" style=\"flex-basis:60%\">\n<h2 class=\"wp-block-heading\">Canecas e chaleira de ch\u00e1 Premium Wholesale Carater\u00edsticas:<\/h2>\n\n\n\n<ul class=\"wp-block-list\">\n<li><strong>V\u00e1rias op\u00e7\u00f5es de cores: <\/strong>A nossa s\u00e9rie de canecas e chaleiras de ch\u00e1 por atacado oferece uma variedade de op\u00e7\u00f5es de cores, incluindo azul, verde, ciano, preto e branco, que se podem adaptar a diferentes estilos de mesa.<\/li>\n\n\n\n<li><strong>Personaliza\u00e7\u00e3o personalizada: <\/strong>Apoio a servi\u00e7os personalizados de chaleiras de ch\u00e1 e canecas personalizadas. Os clientes podem escolher a cor, a forma e a capacidade de acordo com as suas necessidades de marca e conceitos de design para criar bules e ch\u00e1venas \u00fanicos para casa, caf\u00e9s, casas de ch\u00e1 e outros locais.<\/li>\n\n\n\n<li><strong>Material cer\u00e2mico de alta qualidade: <\/strong>Todas as canecas e chaleiras para ch\u00e1 por atacado s\u00e3o feitas de cer\u00e2mica de alta qualidade, resistente a altas temperaturas, ao desgaste, dur\u00e1vel, mantendo o esmalte suave e delicado, que \u00e9 simultaneamente bonito e pr\u00e1tico.<\/li>\n\n\n\n<li><strong>Conjunto de ch\u00e1 completo: <\/strong>A s\u00e9rie de conjuntos de ch\u00e1 por atacado inclui bules, ch\u00e1venas de caf\u00e9, canecas e outros conjuntos de ch\u00e1 e de caf\u00e9, que s\u00e3o coordenados para satisfazer as necessidades di\u00e1rias e de ocasi\u00f5es especiais, e s\u00e3o adequados para uso di\u00e1rio em casas, restaurantes ou hot\u00e9is.<\/li>\n<\/ul>\n<\/div>\n\n\n\n<div class=\"wp-block-column is-layout-flow wp-block-column-is-layout-flow\">\n<figure class=\"wp-block-image size-full\"><img decoding=\"async\" width=\"1200\" height=\"1200\" src=\"https:\/\/www.lovinghomecollection.com\/wp-content\/uploads\/2024\/09\/Custom-Tea-Kettle-Wholesale-Mugs-Wholesale-Cups-For-Coffee-and-Tea-7.webp\" alt=\"Chaleira de ch\u00e1 personalizada, canecas por atacado, copos por atacado para caf\u00e9 e ch\u00e1 (7)\" class=\"wp-image-1371\" srcset=\"https:\/\/www.lovinghomecollection.com\/wp-content\/uploads\/2024\/09\/Custom-Tea-Kettle-Wholesale-Mugs-Wholesale-Cups-For-Coffee-and-Tea-7.webp 1200w, https:\/\/www.lovinghomecollection.com\/wp-content\/uploads\/2024\/09\/Custom-Tea-Kettle-Wholesale-Mugs-Wholesale-Cups-For-Coffee-and-Tea-7-300x300.webp 300w, https:\/\/www.lovinghomecollection.com\/wp-content\/uploads\/2024\/09\/Custom-Tea-Kettle-Wholesale-Mugs-Wholesale-Cups-For-Coffee-and-Tea-7-150x150.webp 150w, https:\/\/www.lovinghomecollection.com\/wp-content\/uploads\/2024\/09\/Custom-Tea-Kettle-Wholesale-Mugs-Wholesale-Cups-For-Coffee-and-Tea-7-768x768.webp 768w, https:\/\/www.lovinghomecollection.com\/wp-content\/uploads\/2024\/09\/Custom-Tea-Kettle-Wholesale-Mugs-Wholesale-Cups-For-Coffee-and-Tea-7-12x12.webp 12w, https:\/\/www.lovinghomecollection.com\/wp-content\/uploads\/2024\/09\/Custom-Tea-Kettle-Wholesale-Mugs-Wholesale-Cups-For-Coffee-and-Tea-7-600x600.webp 600w, https:\/\/www.lovinghomecollection.com\/wp-content\/uploads\/2024\/09\/Custom-Tea-Kettle-Wholesale-Mugs-Wholesale-Cups-For-Coffee-and-Tea-7-100x100.webp 100w\" sizes=\"(max-width: 1200px) 100vw, 1200px\" \/><\/figure>\n<\/div>\n<\/div>\n\n\n\n<h2 class=\"wp-block-heading has-text-align-center\">Apresenta\u00e7\u00e3o do produto Canecas e chaleira de ch\u00e1 Magic Kitchen Wholesale<\/h2>\n\n\n\n<div class=\"wp-block-columns is-layout-flex wp-container-core-columns-is-layout-9d6595d7 wp-block-columns-is-layout-flex\">\n<div class=\"wp-block-column is-layout-flow wp-block-column-is-layout-flow\">\n<figure class=\"wp-block-image size-full\"><img decoding=\"async\" width=\"4134\" height=\"3010\" src=\"https:\/\/www.lovinghomecollection.com\/wp-content\/uploads\/2024\/09\/Custom-Tea-Kettle-Wholesale-Mugs-Wholesale-Cups-For-Coffee-and-Tea-11.webp\" alt=\"Chaleira de ch\u00e1 personalizada, canecas por atacado, copos por atacado para caf\u00e9 e ch\u00e1 (11)\" class=\"wp-image-1376\" srcset=\"https:\/\/www.lovinghomecollection.com\/wp-content\/uploads\/2024\/09\/Custom-Tea-Kettle-Wholesale-Mugs-Wholesale-Cups-For-Coffee-and-Tea-11.webp 4134w, https:\/\/www.lovinghomecollection.com\/wp-content\/uploads\/2024\/09\/Custom-Tea-Kettle-Wholesale-Mugs-Wholesale-Cups-For-Coffee-and-Tea-11-300x218.webp 300w, https:\/\/www.lovinghomecollection.com\/wp-content\/uploads\/2024\/09\/Custom-Tea-Kettle-Wholesale-Mugs-Wholesale-Cups-For-Coffee-and-Tea-11-768x559.webp 768w, https:\/\/www.lovinghomecollection.com\/wp-content\/uploads\/2024\/09\/Custom-Tea-Kettle-Wholesale-Mugs-Wholesale-Cups-For-Coffee-and-Tea-11-16x12.webp 16w, https:\/\/www.lovinghomecollection.com\/wp-content\/uploads\/2024\/09\/Custom-Tea-Kettle-Wholesale-Mugs-Wholesale-Cups-For-Coffee-and-Tea-11-1200x874.webp 1200w, https:\/\/www.lovinghomecollection.com\/wp-content\/uploads\/2024\/09\/Custom-Tea-Kettle-Wholesale-Mugs-Wholesale-Cups-For-Coffee-and-Tea-11-600x437.webp 600w\" sizes=\"(max-width: 4134px) 100vw, 4134px\" \/><\/figure>\n<\/div>\n<\/div>","protected":false},"excerpt":{"rendered":"<p>Bem-vindo \u00e0 compra de conjuntos de ch\u00e1 por atacado, a nossa s\u00e9rie de canecas e chaleiras por atacado oferece uma grande variedade de op\u00e7\u00f5es de cores, incluindo azul, verde, ciano, preto e branco. As nossas ch\u00e1venas, canecas e chaleiras de ch\u00e1 por atacado s\u00e3o feitas de cer\u00e2mica de alta qualidade, com belos designs e durabilidade, adequadas para uma variedade de cen\u00e1rios de refei\u00e7\u00f5es.<\/p>\n<table width=\"338\">\n<tbody>\n<tr>\n<td width=\"124\">Fabricante<\/td>\n<td width=\"214\">Casa amorosa<\/td>\n<\/tr>\n<tr>\n<td width=\"124\">Nome da cole\u00e7\u00e3o<\/td>\n<td width=\"214\">Cozinha m\u00e1gica\u00a0\u00a0<\/td>\n<\/tr>\n<tr>\n<td width=\"124\">Utiliza\u00e7\u00e3o<\/td>\n<td width=\"214\">Casa, restaurante, hotel<\/td>\n<\/tr>\n<tr>\n<td width=\"124\">Tipo de lou\u00e7a<\/td>\n<td width=\"214\">Chaleira, caneca, ch\u00e1vena de caf\u00e9<\/td>\n<\/tr>\n<tr>\n<td width=\"124\">Material<\/td>\n<td width=\"214\">Porcelana dur\u00e1vel<\/td>\n<\/tr>\n<tr>\n<td width=\"124\">Dimens\u00e3o<\/td>\n<td width=\"214\">Conforme imagem de pormenor<\/td>\n<\/tr>\n<tr>\n<td width=\"124\">Unidades de venda<\/td>\n<td width=\"214\">Artigo \u00fanico<\/td>\n<\/tr>\n<tr>\n<td width=\"124\">MOQ<\/td>\n<td width=\"214\">1200 unidades por artigo<\/td>\n<\/tr>\n<tr>\n<td width=\"124\">Op\u00e7\u00e3o personalizada<\/td>\n<td width=\"214\">Cor\/tamanho\/verniz\/log\u00f3tipo\/embalagem<\/td>\n<\/tr>\n<\/tbody>\n<\/table>","protected":false},"featured_media":1368,"comment_status":"closed","ping_status":"closed","template":"","meta":{"_acf_changed":false},"product_brand":[],"product_cat":[44],"product_tag":[36,27],"class_list":{"0":"post-1355","1":"product","2":"type-product","3":"status-publish","4":"has-post-thumbnail","6":"product_cat-wholesale-tea-sets","7":"product_tag-wholesale-kettles","8":"product_tag-wholesale-tea-cups-and-saucers","10":"first","11":"instock","12":"shipping-taxable","13":"product-type-simple"},"acf":[],"_links":{"self":[{"href":"https:\/\/www.lovinghomecollection.com\/pt\/wp-json\/wp\/v2\/product\/1355","targetHints":{"allow":["GET"]}}],"collection":[{"href":"https:\/\/www.lovinghomecollection.com\/pt\/wp-json\/wp\/v2\/product"}],"about":[{"href":"https:\/\/www.lovinghomecollection.com\/pt\/wp-json\/wp\/v2\/types\/product"}],"replies":[{"embeddable":true,"href":"https:\/\/www.lovinghomecollection.com\/pt\/wp-json\/wp\/v2\/comments?post=1355"}],"wp:featuredmedia":[{"embeddable":true,"href":"https:\/\/www.lovinghomecollection.com\/pt\/wp-json\/wp\/v2\/media\/1368"}],"wp:attachment":[{"href":"https:\/\/www.lovinghomecollection.com\/pt\/wp-json\/wp\/v2\/media?parent=1355"}],"wp:term":[{"taxonomy":"product_brand","embeddable":true,"href":"https:\/\/www.lovinghomecollection.com\/pt\/wp-json\/wp\/v2\/product_brand?post=1355"},{"taxonomy":"product_cat","embeddable":true,"href":"https:\/\/www.lovinghomecollection.com\/pt\/wp-json\/wp\/v2\/product_cat?post=1355"},{"taxonomy":"product_tag","embeddable":true,"href":"https:\/\/www.lovinghomecollection.com\/pt\/wp-json\/wp\/v2\/product_tag?post=1355"}],"curies":[{"name":"wp","href":"https:\/\/api.w.org\/{rel}","templated":true}]}}