{"id":696,"date":"2024-09-12T02:41:38","date_gmt":"2024-09-12T02:41:38","guid":{"rendered":"https:\/\/www.lovinghomecollection.com\/?post_type=product&#038;p=696"},"modified":"2025-11-19T08:42:28","modified_gmt":"2025-11-19T08:42:28","slug":"bulk-ceramic-vases","status":"publish","type":"product","link":"https:\/\/www.lovinghomecollection.com\/fr\/produit\/bulk-ceramic-vases\/","title":{"rendered":"Vases d\u00e9coratifs en c\u00e9ramique en vrac pour fleurs avec texture gaufr\u00e9e"},"content":{"rendered":"<div class=\"wp-block-columns is-layout-flex wp-container-core-columns-is-layout-9d6595d7 wp-block-columns-is-layout-flex\">\n<div class=\"wp-block-column is-layout-flow wp-block-column-is-layout-flow\" style=\"flex-basis:60%\">\n<h2 class=\"wp-block-heading\">Vases en c\u00e9ramique en vrac de premi\u00e8re qualit\u00e9 Caract\u00e9ristiques :<\/h2>\n\n\n\n<ul class=\"wp-block-list\">\n<li><strong>Design exquis : <\/strong>Ces vases en c\u00e9ramique gris-noir sont soigneusement sculpt\u00e9s avec une vari\u00e9t\u00e9 de motifs en relief sur la surface, qui sont \u00e0 la fois tridimensionnels et pleins d'atmosph\u00e8re artistique, et peuvent ajouter un style d\u00e9coratif unique \u00e0 votre maison ou \u00e0 votre espace commercial.<\/li>\n\n\n\n<li><strong>Disponible en plusieurs tailles : <\/strong>Notre s\u00e9rie de vases en c\u00e9ramique offre une vari\u00e9t\u00e9 de vases de tailles et de formes diff\u00e9rentes, des petites d\u00e9corations de table aux grands ornements sur pied, convenant \u00e0 diff\u00e9rents types et tailles de fleurs.<\/li>\n\n\n\n<li><strong>R\u00e9sistant \u00e0 l'usure : <\/strong>Nos vases en c\u00e9ramique en vrac sont fabriqu\u00e9s \u00e0 partir de mat\u00e9riaux c\u00e9ramiques robustes, et le processus de cuisson \u00e0 haute temp\u00e9rature garantit la solidit\u00e9 et la durabilit\u00e9 des vases. Le processus de cuisson \u00e0 haute temp\u00e9rature garantit la solidit\u00e9 et la durabilit\u00e9 des vases. Le mat\u00e9riau de haute qualit\u00e9 rend le produit non seulement durable, mais aussi tr\u00e8s r\u00e9sistant \u00e0 l'usure et aux intemp\u00e9ries.<\/li>\n\n\n\n<li><strong>R\u00e9pondre aux besoins commerciaux :<\/strong> Nos s\u00e9ries de vases en c\u00e9ramique sont con\u00e7ues pour l'approvisionnement en gros, avec des prix raisonnables et une qualit\u00e9 de conception haut de gamme, convenant aux d\u00e9taillants, aux grands projets et aux projets de d\u00e9coration commerciale tels que les h\u00f4tels.<\/li>\n<\/ul>\n<\/div>\n\n\n\n<div class=\"wp-block-column is-layout-flow wp-block-column-is-layout-flow\" style=\"flex-basis:40%\">\n<figure class=\"wp-block-image size-full\"><img decoding=\"async\" width=\"1200\" height=\"1200\" src=\"https:\/\/www.lovinghomecollection.com\/wp-content\/uploads\/2024\/09\/Decorative-Bulk-Ceramic-Vases-For-Flowers-With-Embossed-Texture-1.webp\" alt=\"Vases d\u00e9coratifs en c\u00e9ramique en vrac pour fleurs avec texture gaufr\u00e9e-1\" class=\"wp-image-698\" srcset=\"https:\/\/www.lovinghomecollection.com\/wp-content\/uploads\/2024\/09\/Decorative-Bulk-Ceramic-Vases-For-Flowers-With-Embossed-Texture-1.webp 1200w, https:\/\/www.lovinghomecollection.com\/wp-content\/uploads\/2024\/09\/Decorative-Bulk-Ceramic-Vases-For-Flowers-With-Embossed-Texture-1-300x300.webp 300w, https:\/\/www.lovinghomecollection.com\/wp-content\/uploads\/2024\/09\/Decorative-Bulk-Ceramic-Vases-For-Flowers-With-Embossed-Texture-1-150x150.webp 150w, https:\/\/www.lovinghomecollection.com\/wp-content\/uploads\/2024\/09\/Decorative-Bulk-Ceramic-Vases-For-Flowers-With-Embossed-Texture-1-768x768.webp 768w, https:\/\/www.lovinghomecollection.com\/wp-content\/uploads\/2024\/09\/Decorative-Bulk-Ceramic-Vases-For-Flowers-With-Embossed-Texture-1-600x600.webp 600w, https:\/\/www.lovinghomecollection.com\/wp-content\/uploads\/2024\/09\/Decorative-Bulk-Ceramic-Vases-For-Flowers-With-Embossed-Texture-1-100x100.webp 100w\" sizes=\"(max-width: 1200px) 100vw, 1200px\" \/><\/figure>\n<\/div>\n<\/div>\n\n\n\n<h2 class=\"wp-block-heading has-text-align-center\">Pr\u00e9sentation des produits de la collection de vases en c\u00e9ramique en vrac<\/h2>\n\n\n\n<div class=\"wp-block-columns is-layout-flex wp-container-core-columns-is-layout-9d6595d7 wp-block-columns-is-layout-flex\">\n<div class=\"wp-block-column is-layout-flow wp-block-column-is-layout-flow\">\n<figure class=\"wp-block-image size-full\"><img decoding=\"async\" width=\"3721\" height=\"3736\" src=\"https:\/\/www.lovinghomecollection.com\/wp-content\/uploads\/2024\/09\/Decorative-Bulk-Ceramic-Vases-For-Flowers-With-Embossed-Texture-10.webp\" alt=\"Vases d\u00e9coratifs en c\u00e9ramique en vrac pour fleurs avec texture gaufr\u00e9e-10\" class=\"wp-image-707\" srcset=\"https:\/\/www.lovinghomecollection.com\/wp-content\/uploads\/2024\/09\/Decorative-Bulk-Ceramic-Vases-For-Flowers-With-Embossed-Texture-10.webp 3721w, https:\/\/www.lovinghomecollection.com\/wp-content\/uploads\/2024\/09\/Decorative-Bulk-Ceramic-Vases-For-Flowers-With-Embossed-Texture-10-300x300.webp 300w, https:\/\/www.lovinghomecollection.com\/wp-content\/uploads\/2024\/09\/Decorative-Bulk-Ceramic-Vases-For-Flowers-With-Embossed-Texture-10-150x150.webp 150w, https:\/\/www.lovinghomecollection.com\/wp-content\/uploads\/2024\/09\/Decorative-Bulk-Ceramic-Vases-For-Flowers-With-Embossed-Texture-10-768x771.webp 768w, https:\/\/www.lovinghomecollection.com\/wp-content\/uploads\/2024\/09\/Decorative-Bulk-Ceramic-Vases-For-Flowers-With-Embossed-Texture-10-1200x1205.webp 1200w, https:\/\/www.lovinghomecollection.com\/wp-content\/uploads\/2024\/09\/Decorative-Bulk-Ceramic-Vases-For-Flowers-With-Embossed-Texture-10-600x602.webp 600w, https:\/\/www.lovinghomecollection.com\/wp-content\/uploads\/2024\/09\/Decorative-Bulk-Ceramic-Vases-For-Flowers-With-Embossed-Texture-10-100x100.webp 100w\" sizes=\"(max-width: 3721px) 100vw, 3721px\" \/><\/figure>\n<\/div>\n\n\n\n<div class=\"wp-block-column is-layout-flow wp-block-column-is-layout-flow\">\n<figure class=\"wp-block-image size-full\"><img decoding=\"async\" width=\"3721\" height=\"3736\" src=\"https:\/\/www.lovinghomecollection.com\/wp-content\/uploads\/2024\/09\/Decorative-Bulk-Ceramic-Vases-For-Flowers-With-Embossed-Texture-12.webp\" alt=\"Vases d\u00e9coratifs en c\u00e9ramique en vrac pour fleurs avec texture gaufr\u00e9e-12\" class=\"wp-image-708\" srcset=\"https:\/\/www.lovinghomecollection.com\/wp-content\/uploads\/2024\/09\/Decorative-Bulk-Ceramic-Vases-For-Flowers-With-Embossed-Texture-12.webp 3721w, https:\/\/www.lovinghomecollection.com\/wp-content\/uploads\/2024\/09\/Decorative-Bulk-Ceramic-Vases-For-Flowers-With-Embossed-Texture-12-300x300.webp 300w, https:\/\/www.lovinghomecollection.com\/wp-content\/uploads\/2024\/09\/Decorative-Bulk-Ceramic-Vases-For-Flowers-With-Embossed-Texture-12-150x150.webp 150w, https:\/\/www.lovinghomecollection.com\/wp-content\/uploads\/2024\/09\/Decorative-Bulk-Ceramic-Vases-For-Flowers-With-Embossed-Texture-12-768x771.webp 768w, https:\/\/www.lovinghomecollection.com\/wp-content\/uploads\/2024\/09\/Decorative-Bulk-Ceramic-Vases-For-Flowers-With-Embossed-Texture-12-1200x1205.webp 1200w, https:\/\/www.lovinghomecollection.com\/wp-content\/uploads\/2024\/09\/Decorative-Bulk-Ceramic-Vases-For-Flowers-With-Embossed-Texture-12-600x602.webp 600w, https:\/\/www.lovinghomecollection.com\/wp-content\/uploads\/2024\/09\/Decorative-Bulk-Ceramic-Vases-For-Flowers-With-Embossed-Texture-12-100x100.webp 100w\" sizes=\"(max-width: 3721px) 100vw, 3721px\" \/><\/figure>\n<\/div>\n<\/div>","protected":false},"excerpt":{"rendered":"<p>Bienvenue \u00e0 l'achat <span class=\"___SText_anxqe-ko_\" data-ui-name=\"Link.Text\">Vases \u00e0 fleurs en gros. Nos vases<\/span>\u00a0Les vases en c\u00e9ramique en vrac sont fabriqu\u00e9s en c\u00e9ramique gris-noir, avec une texture en relief exquise, et sont disponibles dans une vari\u00e9t\u00e9 de tailles et de formes, convenant \u00e0 diverses d\u00e9corations florales. La c\u00e9ramique de haute qualit\u00e9 garantit la durabilit\u00e9 et constitue un choix de gros id\u00e9al pour les clients commerciaux et les d\u00e9taillants.<\/p>\n<table style=\"border-collapse: collapse; width: 338.02pt;\" border=\"0\" width=\"338\" cellspacing=\"0\" cellpadding=\"0\">\n<tbody>\n<tr style=\"height: 18.00pt;\">\n<td class=\"et3\" style=\"height: 18.00pt; width: 124.50pt;\" width=\"124\" height=\"18\">Fabricant<\/td>\n<td class=\"et3\" style=\"width: 214.40pt;\" width=\"214\">Un foyer d'amour<\/td>\n<\/tr>\n<tr style=\"height: 18.00pt;\">\n<td class=\"et3\" style=\"height: 18.00pt; width: 124.50pt;\" width=\"124\" height=\"18\">Type de produit<\/td>\n<td class=\"et4\" style=\"width: 214.40pt;\" width=\"214\">Pots \u00e0 plantes, vases \u00e0 fleurs<\/td>\n<\/tr>\n<tr style=\"height: 18.00pt;\">\n<td class=\"et3\" style=\"height: 18.00pt; width: 124.50pt;\" width=\"124\" height=\"18\">Mat\u00e9riau<\/td>\n<td class=\"et3\" style=\"width: 214.40pt;\" width=\"214\">Porcelaine durable<\/td>\n<\/tr>\n<tr style=\"height: 18.00pt;\">\n<td class=\"et3\" style=\"height: 18.00pt; width: 124.50pt;\" width=\"124\" height=\"18\">Dimension<\/td>\n<td class=\"et3\" style=\"width: 214.40pt;\" width=\"214\">Comme l'indique la photo de d\u00e9tail<\/td>\n<\/tr>\n<tr style=\"height: 18.00pt;\">\n<td class=\"et3\" style=\"height: 18.00pt; width: 124.50pt;\" width=\"124\" height=\"18\">Unit\u00e9s de vente<\/td>\n<td class=\"et3\" style=\"width: 214.40pt;\" width=\"214\">Article unique<\/td>\n<\/tr>\n<tr style=\"height: 18.00pt;\">\n<td class=\"et3\" style=\"height: 18.00pt; width: 124.50pt;\" width=\"124\" height=\"18\">MOQ<\/td>\n<td class=\"et3\" style=\"width: 214.40pt;\" width=\"214\">1200\/pcs par article<\/td>\n<\/tr>\n<tr style=\"height: 18.00pt;\">\n<td class=\"et3\" style=\"height: 18.00pt; width: 124.50pt;\" width=\"124\" height=\"18\">Option personnalis\u00e9e<\/td>\n<td class=\"et3\" style=\"width: 214.40pt;\" width=\"214\">Couleur\/Taille\/Glaze\/Logo\/Emballage<\/td>\n<\/tr>\n<\/tbody>\n<\/table>","protected":false},"featured_media":699,"comment_status":"closed","ping_status":"closed","template":"","meta":{"_acf_changed":false},"product_brand":[],"product_cat":[21,50],"product_tag":[],"class_list":{"0":"post-696","1":"product","2":"type-product","3":"status-publish","4":"has-post-thumbnail","6":"product_cat-ceramic-vases-bulk","7":"product_cat-wholesale-vases-and-pots","9":"first","10":"instock","11":"shipping-taxable","12":"product-type-simple"},"acf":[],"_links":{"self":[{"href":"https:\/\/www.lovinghomecollection.com\/fr\/wp-json\/wp\/v2\/product\/696","targetHints":{"allow":["GET"]}}],"collection":[{"href":"https:\/\/www.lovinghomecollection.com\/fr\/wp-json\/wp\/v2\/product"}],"about":[{"href":"https:\/\/www.lovinghomecollection.com\/fr\/wp-json\/wp\/v2\/types\/product"}],"replies":[{"embeddable":true,"href":"https:\/\/www.lovinghomecollection.com\/fr\/wp-json\/wp\/v2\/comments?post=696"}],"wp:featuredmedia":[{"embeddable":true,"href":"https:\/\/www.lovinghomecollection.com\/fr\/wp-json\/wp\/v2\/media\/699"}],"wp:attachment":[{"href":"https:\/\/www.lovinghomecollection.com\/fr\/wp-json\/wp\/v2\/media?parent=696"}],"wp:term":[{"taxonomy":"product_brand","embeddable":true,"href":"https:\/\/www.lovinghomecollection.com\/fr\/wp-json\/wp\/v2\/product_brand?post=696"},{"taxonomy":"product_cat","embeddable":true,"href":"https:\/\/www.lovinghomecollection.com\/fr\/wp-json\/wp\/v2\/product_cat?post=696"},{"taxonomy":"product_tag","embeddable":true,"href":"https:\/\/www.lovinghomecollection.com\/fr\/wp-json\/wp\/v2\/product_tag?post=696"}],"curies":[{"name":"wp","href":"https:\/\/api.w.org\/{rel}","templated":true}]}}