{"id":6558,"date":"2026-02-26T02:15:07","date_gmt":"2026-02-26T02:15:07","guid":{"rendered":"https:\/\/www.lovinghomecollection.com\/?post_type=product&#038;p=6558"},"modified":"2026-02-26T02:28:59","modified_gmt":"2026-02-26T02:28:59","slug":"wholesale-teapots-cups","status":"publish","type":"product","link":"https:\/\/www.lovinghomecollection.com\/fr\/produit\/wholesale-teapots-cups\/","title":{"rendered":"Th\u00e9i\u00e8res et tasses Premium Wholesale avec n\u0153ud rouge et rose"},"content":{"rendered":"<div class=\"wp-block-columns is-layout-flex wp-container-core-columns-is-layout-9d6595d7 wp-block-columns-is-layout-flex\">\n<div class=\"wp-block-column is-layout-flow wp-block-column-is-layout-flow\" style=\"flex-basis:60%\">\n<h2 class=\"wp-block-heading\">Th\u00e9i\u00e8res et tasses en gros de premi\u00e8re qualit\u00e9 Caract\u00e9ristiques :<\/h2>\n\n\n\n<ul class=\"wp-block-list\">\n<li><strong>Design 3D exquis :<\/strong> Nos th\u00e9i\u00e8res et tasses en gros sont d\u00e9cor\u00e9es de n\u0153uds en 3D, avec des lignes douces et une texture d\u00e9licate. Les options de couleur rouge\/rose cr\u00e9ent un effet visuel doux et charmant, ce qui les rend tr\u00e8s d\u00e9coratives.<\/li>\n\n\n\n<li><strong>Plusieurs tailles et options pratiques : <\/strong>Nos sets de th\u00e9 en c\u00e9ramique sont compos\u00e9s d'une th\u00e9i\u00e8re de 850 cm3 \u00e0 partager en famille, d'une tasse de 350 cm3 pour la consommation quotidienne et de tasses \u00e0 caf\u00e9 de 120 cm3\/250 cm3 pour l'espresso ou la tisane, r\u00e9pondant ainsi \u00e0 diff\u00e9rents besoins en mati\u00e8re d'infusion et de consommation.<\/li>\n\n\n\n<li><strong>Mat\u00e9riau c\u00e9ramique de premi\u00e8re qualit\u00e9 : <\/strong>Nos th\u00e9i\u00e8res et tasses en gros sont fabriqu\u00e9es \u00e0 partir de mati\u00e8res premi\u00e8res c\u00e9ramiques de haute qualit\u00e9, ce qui leur conf\u00e8re une texture dure et durable, une gla\u00e7ure lisse et d\u00e9licate qui ne se tache pas facilement et une bonne r\u00e9sistance \u00e0 la chaleur, ce qui leur permet de passer au four \u00e0 micro-ondes et au lave-vaisselle.<\/li>\n\n\n\n<li><strong>Esth\u00e9tique de table haut de gamme : <\/strong>Nos services \u00e0 th\u00e9 en gros en c\u00e9ramique pr\u00e9sentent un n\u0153ud unique associ\u00e9 \u00e0 un fond blanc classique, cr\u00e9ant ainsi un style frais et \u00e9l\u00e9gant. Ils conviennent non seulement \u00e0 un usage domestique quotidien, mais aussi \u00e0 la pr\u00e9sentation du th\u00e9 de l'apr\u00e8s-midi dans les caf\u00e9s et les boutiques de desserts, dont ils rehaussent le style g\u00e9n\u00e9ral.<\/li>\n<\/ul>\n<\/div>\n\n\n\n<div class=\"wp-block-column is-layout-flow wp-block-column-is-layout-flow\">\n<figure class=\"wp-block-image size-full\"><img decoding=\"async\" width=\"1200\" height=\"1200\" src=\"https:\/\/www.lovinghomecollection.com\/wp-content\/uploads\/2026\/02\/Premium-Wholesale-Teapots-Cups-With-Red-Pink-Bow-Design-4.webp\" alt=\"Th\u00e9i\u00e8res et tasses en gros de qualit\u00e9 sup\u00e9rieure avec n\u0153ud rouge et rose-4\" class=\"wp-image-6562\" srcset=\"https:\/\/www.lovinghomecollection.com\/wp-content\/uploads\/2026\/02\/Premium-Wholesale-Teapots-Cups-With-Red-Pink-Bow-Design-4.webp 1200w, https:\/\/www.lovinghomecollection.com\/wp-content\/uploads\/2026\/02\/Premium-Wholesale-Teapots-Cups-With-Red-Pink-Bow-Design-4-300x300.webp 300w, https:\/\/www.lovinghomecollection.com\/wp-content\/uploads\/2026\/02\/Premium-Wholesale-Teapots-Cups-With-Red-Pink-Bow-Design-4-150x150.webp 150w, https:\/\/www.lovinghomecollection.com\/wp-content\/uploads\/2026\/02\/Premium-Wholesale-Teapots-Cups-With-Red-Pink-Bow-Design-4-768x768.webp 768w, https:\/\/www.lovinghomecollection.com\/wp-content\/uploads\/2026\/02\/Premium-Wholesale-Teapots-Cups-With-Red-Pink-Bow-Design-4-12x12.webp 12w, https:\/\/www.lovinghomecollection.com\/wp-content\/uploads\/2026\/02\/Premium-Wholesale-Teapots-Cups-With-Red-Pink-Bow-Design-4-600x600.webp 600w, https:\/\/www.lovinghomecollection.com\/wp-content\/uploads\/2026\/02\/Premium-Wholesale-Teapots-Cups-With-Red-Pink-Bow-Design-4-100x100.webp 100w\" sizes=\"(max-width: 1200px) 100vw, 1200px\" \/><\/figure>\n<\/div>\n<\/div>\n\n\n\n<h2 class=\"wp-block-heading has-text-align-center\">Pr\u00e9sentation des produits <mark style=\"background-color:rgba(0, 0, 0, 0)\" class=\"has-inline-color has-vivid-red-color\"><a href=\"https:\/\/www.lovinghomecollection.com\/fr\/produit\/wedding-tableware-in-bulk\/\">Le ruban de la gr\u00e2ce<\/a><\/mark> Vaisselle en vrac<\/h2>\n\n\n\n<div class=\"wp-block-columns is-layout-flex wp-container-core-columns-is-layout-9d6595d7 wp-block-columns-is-layout-flex\">\n<div class=\"wp-block-column is-layout-flow wp-block-column-is-layout-flow\">\n<figure class=\"wp-block-image size-full\"><a href=\"https:\/\/www.lovinghomecollection.com\/fr\/produit\/wedding-tableware-in-bulk\/\"><img decoding=\"async\" width=\"1200\" height=\"1200\" src=\"https:\/\/www.lovinghomecollection.com\/wp-content\/uploads\/2025\/01\/Wedding-Tableware-In-Bulk-Bow-Decorated-Wholesale-Crockery-Sets-2.webp\" alt=\"Wedding Tableware In Bulk, Bow Decorated Wholesale Crockery Sets-2 (vaisselle de mariage en vrac)\" class=\"wp-image-2777\" srcset=\"https:\/\/www.lovinghomecollection.com\/wp-content\/uploads\/2025\/01\/Wedding-Tableware-In-Bulk-Bow-Decorated-Wholesale-Crockery-Sets-2.webp 1200w, https:\/\/www.lovinghomecollection.com\/wp-content\/uploads\/2025\/01\/Wedding-Tableware-In-Bulk-Bow-Decorated-Wholesale-Crockery-Sets-2-300x300.webp 300w, https:\/\/www.lovinghomecollection.com\/wp-content\/uploads\/2025\/01\/Wedding-Tableware-In-Bulk-Bow-Decorated-Wholesale-Crockery-Sets-2-150x150.webp 150w, https:\/\/www.lovinghomecollection.com\/wp-content\/uploads\/2025\/01\/Wedding-Tableware-In-Bulk-Bow-Decorated-Wholesale-Crockery-Sets-2-768x768.webp 768w, https:\/\/www.lovinghomecollection.com\/wp-content\/uploads\/2025\/01\/Wedding-Tableware-In-Bulk-Bow-Decorated-Wholesale-Crockery-Sets-2-12x12.webp 12w, https:\/\/www.lovinghomecollection.com\/wp-content\/uploads\/2025\/01\/Wedding-Tableware-In-Bulk-Bow-Decorated-Wholesale-Crockery-Sets-2-600x600.webp 600w, https:\/\/www.lovinghomecollection.com\/wp-content\/uploads\/2025\/01\/Wedding-Tableware-In-Bulk-Bow-Decorated-Wholesale-Crockery-Sets-2-100x100.webp 100w\" sizes=\"(max-width: 1200px) 100vw, 1200px\" \/><\/a><\/figure>\n<\/div>\n\n\n\n<div class=\"wp-block-column is-layout-flow wp-block-column-is-layout-flow\">\n<figure class=\"wp-block-image size-full\"><a href=\"https:\/\/www.lovinghomecollection.com\/fr\/produit\/wedding-tableware-in-bulk\/\"><img decoding=\"async\" width=\"1200\" height=\"1200\" src=\"https:\/\/www.lovinghomecollection.com\/wp-content\/uploads\/2025\/01\/Wedding-Tableware-In-Bulk-Bow-Decorated-Wholesale-Crockery-Sets-10.webp\" alt=\"Vaisselle de mariage en vrac, set de vaisselle en gros avec n\u0153ud d\u00e9coratif-10\" class=\"wp-image-2785\" srcset=\"https:\/\/www.lovinghomecollection.com\/wp-content\/uploads\/2025\/01\/Wedding-Tableware-In-Bulk-Bow-Decorated-Wholesale-Crockery-Sets-10.webp 1200w, https:\/\/www.lovinghomecollection.com\/wp-content\/uploads\/2025\/01\/Wedding-Tableware-In-Bulk-Bow-Decorated-Wholesale-Crockery-Sets-10-300x300.webp 300w, https:\/\/www.lovinghomecollection.com\/wp-content\/uploads\/2025\/01\/Wedding-Tableware-In-Bulk-Bow-Decorated-Wholesale-Crockery-Sets-10-150x150.webp 150w, https:\/\/www.lovinghomecollection.com\/wp-content\/uploads\/2025\/01\/Wedding-Tableware-In-Bulk-Bow-Decorated-Wholesale-Crockery-Sets-10-768x768.webp 768w, https:\/\/www.lovinghomecollection.com\/wp-content\/uploads\/2025\/01\/Wedding-Tableware-In-Bulk-Bow-Decorated-Wholesale-Crockery-Sets-10-12x12.webp 12w, https:\/\/www.lovinghomecollection.com\/wp-content\/uploads\/2025\/01\/Wedding-Tableware-In-Bulk-Bow-Decorated-Wholesale-Crockery-Sets-10-600x600.webp 600w, https:\/\/www.lovinghomecollection.com\/wp-content\/uploads\/2025\/01\/Wedding-Tableware-In-Bulk-Bow-Decorated-Wholesale-Crockery-Sets-10-100x100.webp 100w\" sizes=\"(max-width: 1200px) 100vw, 1200px\" \/><\/a><\/figure>\n<\/div>\n<\/div>\n\n\n\n<p><\/p>","protected":false},"excerpt":{"rendered":"<p>Bienvenue sur le site d'achat en gros de th\u00e9i\u00e8res et de tasses. Nos services \u00e0 th\u00e9 en c\u00e9ramique de haute qualit\u00e9 se caract\u00e9risent par une base blanche classique avec de d\u00e9licats motifs de n\u0153uds en 3D sur le couvercle et la poign\u00e9e, disponibles en rouge et rose romantiques.<\/p>\n<table style=\"border-collapse: collapse; width: 338.02pt;\" border=\"0\" width=\"338\" cellspacing=\"0\" cellpadding=\"0\">\n<tbody>\n<tr style=\"height: 18.00pt;\">\n<td class=\"et3\" style=\"height: 18.00pt; width: 124.50pt;\" width=\"124\" height=\"18\">Fabricant<\/td>\n<td class=\"et3\" style=\"width: 214.40pt;\" width=\"214\">Un foyer d'amour<\/td>\n<\/tr>\n<tr style=\"height: 18.00pt;\">\n<td class=\"et3\" style=\"height: 18.00pt; width: 124.50pt;\" width=\"124\" height=\"18\">Nom de la collection<\/td>\n<td class=\"et3\" style=\"width: 214.40pt;\" width=\"214\">Collection Ribbon Grace<\/td>\n<\/tr>\n<tr style=\"height: 18.00pt;\">\n<td class=\"et3\" style=\"height: 18.00pt; width: 124.50pt;\" width=\"124\" height=\"18\">Type de produit<\/td>\n<td class=\"et4\" style=\"width: 214.40pt;\" width=\"214\">Th\u00e9i\u00e8re, tasse et soucoupe, mug en c\u00e9ramique<\/td>\n<\/tr>\n<tr style=\"height: 18.00pt;\">\n<td class=\"et3\" style=\"height: 18.00pt; width: 124.50pt;\" width=\"124\" height=\"18\">Mat\u00e9riau<\/td>\n<td class=\"et3\" style=\"width: 214.40pt;\" width=\"214\">Porcelaine durable<\/td>\n<\/tr>\n<tr style=\"height: 18.00pt;\">\n<td class=\"et3\" style=\"height: 18.00pt; width: 124.50pt;\" width=\"124\" height=\"18\">Dimension<\/td>\n<td class=\"et3\" style=\"width: 214.40pt;\" width=\"214\">Comme l'indique la photo de d\u00e9tail<\/td>\n<\/tr>\n<tr style=\"height: 18.00pt;\">\n<td class=\"et3\" style=\"height: 18.00pt; width: 124.50pt;\" width=\"124\" height=\"18\">Unit\u00e9s de vente<\/td>\n<td class=\"et3\" style=\"width: 214.40pt;\" width=\"214\">Article unique<\/td>\n<\/tr>\n<tr style=\"height: 18.00pt;\">\n<td class=\"et3\" style=\"height: 18.00pt; width: 124.50pt;\" width=\"124\" height=\"18\">MOQ<\/td>\n<td class=\"et3\" style=\"width: 214.40pt;\" width=\"214\">1200\/pcs par article<\/td>\n<\/tr>\n<tr style=\"height: 18.00pt;\">\n<td class=\"et3\" style=\"height: 18.00pt; width: 124.50pt;\" width=\"124\" height=\"18\">Option personnalis\u00e9e<\/td>\n<td class=\"et3\" style=\"width: 214.40pt;\" width=\"214\">Couleur\/Taille\/Glaze\/Logo\/Emballage<\/td>\n<\/tr>\n<\/tbody>\n<\/table>","protected":false},"featured_media":6560,"comment_status":"closed","ping_status":"closed","template":"","meta":{"_acf_changed":false},"product_brand":[],"product_cat":[44],"product_tag":[],"class_list":{"0":"post-6558","1":"product","2":"type-product","3":"status-publish","4":"has-post-thumbnail","6":"product_cat-wholesale-tea-sets","8":"first","9":"instock","10":"shipping-taxable","11":"product-type-simple"},"acf":[],"_links":{"self":[{"href":"https:\/\/www.lovinghomecollection.com\/fr\/wp-json\/wp\/v2\/product\/6558","targetHints":{"allow":["GET"]}}],"collection":[{"href":"https:\/\/www.lovinghomecollection.com\/fr\/wp-json\/wp\/v2\/product"}],"about":[{"href":"https:\/\/www.lovinghomecollection.com\/fr\/wp-json\/wp\/v2\/types\/product"}],"replies":[{"embeddable":true,"href":"https:\/\/www.lovinghomecollection.com\/fr\/wp-json\/wp\/v2\/comments?post=6558"}],"wp:featuredmedia":[{"embeddable":true,"href":"https:\/\/www.lovinghomecollection.com\/fr\/wp-json\/wp\/v2\/media\/6560"}],"wp:attachment":[{"href":"https:\/\/www.lovinghomecollection.com\/fr\/wp-json\/wp\/v2\/media?parent=6558"}],"wp:term":[{"taxonomy":"product_brand","embeddable":true,"href":"https:\/\/www.lovinghomecollection.com\/fr\/wp-json\/wp\/v2\/product_brand?post=6558"},{"taxonomy":"product_cat","embeddable":true,"href":"https:\/\/www.lovinghomecollection.com\/fr\/wp-json\/wp\/v2\/product_cat?post=6558"},{"taxonomy":"product_tag","embeddable":true,"href":"https:\/\/www.lovinghomecollection.com\/fr\/wp-json\/wp\/v2\/product_tag?post=6558"}],"curies":[{"name":"wp","href":"https:\/\/api.w.org\/{rel}","templated":true}]}}