{"id":6475,"date":"2026-02-06T01:51:43","date_gmt":"2026-02-06T01:51:43","guid":{"rendered":"https:\/\/www.lovinghomecollection.com\/?post_type=product&#038;p=6475"},"modified":"2026-02-06T02:19:55","modified_gmt":"2026-02-06T02:19:55","slug":"salad-bowl-wholesale","status":"publish","type":"product","link":"https:\/\/www.lovinghomecollection.com\/fr\/produit\/salad-bowl-wholesale\/","title":{"rendered":"Saladier en c\u00e9ramique Wholesale avec motifs floraux et papillons"},"content":{"rendered":"<div class=\"wp-block-columns is-layout-flex wp-container-core-columns-is-layout-9d6595d7 wp-block-columns-is-layout-flex\">\n<div class=\"wp-block-column is-layout-flow wp-block-column-is-layout-flow\" style=\"flex-basis:60%\">\n<h2 class=\"wp-block-heading\">Saladier de qualit\u00e9 sup\u00e9rieure Caract\u00e9ristiques de gros :<\/h2>\n\n\n\n<ul class=\"wp-block-list\">\n<li><strong>Motifs naturels peints \u00e0 la main : <\/strong>Nos saladiers en gros pr\u00e9sentent de magnifiques motifs peints \u00e0 la main sur le th\u00e8me des fleurs et des papillons dans de jolies couleurs pastel. Ils conf\u00e8rent un style et une \u00e9l\u00e9gance suppl\u00e9mentaires \u00e0 votre table et rendent votre exp\u00e9rience culinaire plus agr\u00e9able.<\/li>\n\n\n\n<li><strong>Mat\u00e9riau c\u00e9ramique de haute qualit\u00e9 : <\/strong>Nos bols en c\u00e9ramique en vrac sont fabriqu\u00e9s en c\u00e9ramique lisse et d\u00e9licate, avec une gla\u00e7ure respectueuse de l'environnement et facile \u00e0 nettoyer. Robustes et durables, ils conviennent \u00e0 un usage commercial quotidien et fr\u00e9quent.<\/li>\n\n\n\n<li><strong>Conception de l'ensemble du d\u00e9cor : <\/strong>Nos saladiers en gros peuvent \u00eatre empil\u00e9s pour faciliter le stockage et couvriront tous les styles et toutes les couleurs de mani\u00e8re harmonieuse et uniforme. Cela vous permet de commander plusieurs types de plats en vrac, ce qui vous permet de trouver plus facilement le bol que vous voulez pour correspondre au d\u00e9cor de votre salle \u00e0 manger actuelle.<\/li>\n\n\n\n<li><strong>Applications polyvalentes : <\/strong>Nos bols en c\u00e9ramique en vrac peuvent \u00eatre utilis\u00e9s pour de nombreux types de plats, tels que les salades dans votre cuisine, les desserts pour les caf\u00e9s, ou comme \u00e9l\u00e9ment d\u00e9coratif dans votre maison.<\/li>\n\n\n\n<li><strong>Ensembles de rabais en gros :<\/strong> Nous proposons des ensembles complets de saladiers en gros \u00e0 des prix tr\u00e8s comp\u00e9titifs, ce qui permet de r\u00e9duire les co\u00fbts d'approvisionnement et de fournir une solution unique pour les besoins commerciaux et domestiques.<\/li>\n<\/ul>\n<\/div>\n\n\n\n<div class=\"wp-block-column is-layout-flow wp-block-column-is-layout-flow\">\n<figure class=\"wp-block-image size-full\"><img decoding=\"async\" width=\"1200\" height=\"1200\" src=\"https:\/\/www.lovinghomecollection.com\/wp-content\/uploads\/2026\/02\/Ceramic-Salad-Bowl-Wholesale-with-Floral-Butterfly-Designs-2.webp\" alt=\"Saladier en c\u00e9ramique avec motifs floraux et papillons-2\" class=\"wp-image-6477\" srcset=\"https:\/\/www.lovinghomecollection.com\/wp-content\/uploads\/2026\/02\/Ceramic-Salad-Bowl-Wholesale-with-Floral-Butterfly-Designs-2.webp 1200w, https:\/\/www.lovinghomecollection.com\/wp-content\/uploads\/2026\/02\/Ceramic-Salad-Bowl-Wholesale-with-Floral-Butterfly-Designs-2-300x300.webp 300w, https:\/\/www.lovinghomecollection.com\/wp-content\/uploads\/2026\/02\/Ceramic-Salad-Bowl-Wholesale-with-Floral-Butterfly-Designs-2-150x150.webp 150w, https:\/\/www.lovinghomecollection.com\/wp-content\/uploads\/2026\/02\/Ceramic-Salad-Bowl-Wholesale-with-Floral-Butterfly-Designs-2-768x768.webp 768w, https:\/\/www.lovinghomecollection.com\/wp-content\/uploads\/2026\/02\/Ceramic-Salad-Bowl-Wholesale-with-Floral-Butterfly-Designs-2-12x12.webp 12w, https:\/\/www.lovinghomecollection.com\/wp-content\/uploads\/2026\/02\/Ceramic-Salad-Bowl-Wholesale-with-Floral-Butterfly-Designs-2-600x600.webp 600w, https:\/\/www.lovinghomecollection.com\/wp-content\/uploads\/2026\/02\/Ceramic-Salad-Bowl-Wholesale-with-Floral-Butterfly-Designs-2-100x100.webp 100w\" sizes=\"(max-width: 1200px) 100vw, 1200px\" \/><\/figure>\n<\/div>\n<\/div>\n\n\n\n<h2 class=\"wp-block-heading has-text-align-center\">Pr\u00e9sentation des produits <mark style=\"background-color:rgba(0, 0, 0, 0)\" class=\"has-inline-color has-vivid-red-color\"><a href=\"https:\/\/www.lovinghomecollection.com\/fr\/produit\/ceramic-dinner-set-wholesale\/\">Jardin secret<\/a><\/mark> Services de table en gros<\/h2>\n\n\n\n<div class=\"wp-block-columns is-layout-flex wp-container-core-columns-is-layout-9d6595d7 wp-block-columns-is-layout-flex\">\n<div class=\"wp-block-column is-layout-flow wp-block-column-is-layout-flow\">\n<figure class=\"wp-block-image size-full\"><a href=\"https:\/\/www.lovinghomecollection.com\/fr\/produit\/ceramic-dinner-set-wholesale\/\"><img decoding=\"async\" width=\"1200\" height=\"1200\" src=\"https:\/\/www.lovinghomecollection.com\/wp-content\/uploads\/2024\/11\/Floral-Ceramic-Dinner-Set-Wholesale-Bulk-Plates-Bowls-Tea-Sets-11.webp\" alt=\"Set de table en c\u00e9ramique floral Wholesale, Bulk Plates, Bowls, Tea Sets-11\" class=\"wp-image-2470\" srcset=\"https:\/\/www.lovinghomecollection.com\/wp-content\/uploads\/2024\/11\/Floral-Ceramic-Dinner-Set-Wholesale-Bulk-Plates-Bowls-Tea-Sets-11.webp 1200w, https:\/\/www.lovinghomecollection.com\/wp-content\/uploads\/2024\/11\/Floral-Ceramic-Dinner-Set-Wholesale-Bulk-Plates-Bowls-Tea-Sets-11-300x300.webp 300w, https:\/\/www.lovinghomecollection.com\/wp-content\/uploads\/2024\/11\/Floral-Ceramic-Dinner-Set-Wholesale-Bulk-Plates-Bowls-Tea-Sets-11-150x150.webp 150w, https:\/\/www.lovinghomecollection.com\/wp-content\/uploads\/2024\/11\/Floral-Ceramic-Dinner-Set-Wholesale-Bulk-Plates-Bowls-Tea-Sets-11-768x768.webp 768w, https:\/\/www.lovinghomecollection.com\/wp-content\/uploads\/2024\/11\/Floral-Ceramic-Dinner-Set-Wholesale-Bulk-Plates-Bowls-Tea-Sets-11-12x12.webp 12w, https:\/\/www.lovinghomecollection.com\/wp-content\/uploads\/2024\/11\/Floral-Ceramic-Dinner-Set-Wholesale-Bulk-Plates-Bowls-Tea-Sets-11-600x600.webp 600w, https:\/\/www.lovinghomecollection.com\/wp-content\/uploads\/2024\/11\/Floral-Ceramic-Dinner-Set-Wholesale-Bulk-Plates-Bowls-Tea-Sets-11-100x100.webp 100w\" sizes=\"(max-width: 1200px) 100vw, 1200px\" \/><\/a><\/figure>\n<\/div>\n\n\n\n<div class=\"wp-block-column is-layout-flow wp-block-column-is-layout-flow\">\n<figure class=\"wp-block-image size-full\"><a href=\"https:\/\/www.lovinghomecollection.com\/fr\/produit\/ceramic-dinner-set-wholesale\/\"><img decoding=\"async\" width=\"1200\" height=\"1200\" src=\"https:\/\/www.lovinghomecollection.com\/wp-content\/uploads\/2024\/11\/Floral-Ceramic-Dinner-Set-Wholesale-Bulk-Plates-Bowls-Tea-Sets-3.webp\" alt=\"Set de table en c\u00e9ramique floral Wholesale, Bulk Plates, Bowls, Tea Sets-3\" class=\"wp-image-2462\" srcset=\"https:\/\/www.lovinghomecollection.com\/wp-content\/uploads\/2024\/11\/Floral-Ceramic-Dinner-Set-Wholesale-Bulk-Plates-Bowls-Tea-Sets-3.webp 1200w, https:\/\/www.lovinghomecollection.com\/wp-content\/uploads\/2024\/11\/Floral-Ceramic-Dinner-Set-Wholesale-Bulk-Plates-Bowls-Tea-Sets-3-300x300.webp 300w, https:\/\/www.lovinghomecollection.com\/wp-content\/uploads\/2024\/11\/Floral-Ceramic-Dinner-Set-Wholesale-Bulk-Plates-Bowls-Tea-Sets-3-150x150.webp 150w, https:\/\/www.lovinghomecollection.com\/wp-content\/uploads\/2024\/11\/Floral-Ceramic-Dinner-Set-Wholesale-Bulk-Plates-Bowls-Tea-Sets-3-768x768.webp 768w, https:\/\/www.lovinghomecollection.com\/wp-content\/uploads\/2024\/11\/Floral-Ceramic-Dinner-Set-Wholesale-Bulk-Plates-Bowls-Tea-Sets-3-12x12.webp 12w, https:\/\/www.lovinghomecollection.com\/wp-content\/uploads\/2024\/11\/Floral-Ceramic-Dinner-Set-Wholesale-Bulk-Plates-Bowls-Tea-Sets-3-600x600.webp 600w, https:\/\/www.lovinghomecollection.com\/wp-content\/uploads\/2024\/11\/Floral-Ceramic-Dinner-Set-Wholesale-Bulk-Plates-Bowls-Tea-Sets-3-100x100.webp 100w\" sizes=\"(max-width: 1200px) 100vw, 1200px\" \/><\/a><\/figure>\n<\/div>\n<\/div>\n\n\n\n<p><\/p>","protected":false},"excerpt":{"rendered":"<p>Nous vous invitons \u00e0 acheter des bols en c\u00e9ramique en gros. Nos saladiers en gros pr\u00e9sentent des motifs floraux et papillons frais et naturels peints \u00e0 la main, combin\u00e9s \u00e0 des couleurs douces, ajoutant une atmosph\u00e8re chaleureuse et \u00e9l\u00e9gante \u00e0 votre table \u00e0 manger.<\/p>\n<table style=\"border-collapse: collapse; width: 338.02pt;\" border=\"0\" width=\"338\" cellspacing=\"0\" cellpadding=\"0\">\n<tbody>\n<tr style=\"height: 18.00pt;\">\n<td class=\"et3\" style=\"height: 18.00pt; width: 124.50pt;\" width=\"124\" height=\"18\">Fabricant<\/td>\n<td class=\"et3\" style=\"width: 214.40pt;\" width=\"214\">Un foyer d'amour<\/td>\n<\/tr>\n<tr style=\"height: 18.00pt;\">\n<td class=\"et3\" style=\"height: 18.00pt; width: 124.50pt;\" width=\"124\" height=\"18\">Nom de la collection<\/td>\n<td class=\"et3\" style=\"width: 214.40pt;\" width=\"214\">Collection Jardin secret<\/td>\n<\/tr>\n<tr style=\"height: 18.00pt;\">\n<td class=\"et3\" style=\"height: 18.00pt; width: 124.50pt;\" width=\"124\" height=\"18\">Type de produit<\/td>\n<td class=\"et4\" style=\"width: 214.40pt;\" width=\"214\">Bols en c\u00e9ramique<\/td>\n<\/tr>\n<tr style=\"height: 18.00pt;\">\n<td class=\"et3\" style=\"height: 18.00pt; width: 124.50pt;\" width=\"124\" height=\"18\">Mat\u00e9riau<\/td>\n<td class=\"et3\" style=\"width: 214.40pt;\" width=\"214\">Porcelaine durable<\/td>\n<\/tr>\n<tr style=\"height: 18.00pt;\">\n<td class=\"et3\" style=\"height: 18.00pt; width: 124.50pt;\" width=\"124\" height=\"18\">Dimension<\/td>\n<td class=\"et3\" style=\"width: 214.40pt;\" width=\"214\">Comme l'indique la photo de d\u00e9tail<\/td>\n<\/tr>\n<tr style=\"height: 18.00pt;\">\n<td class=\"et3\" style=\"height: 18.00pt; width: 124.50pt;\" width=\"124\" height=\"18\">Unit\u00e9s de vente<\/td>\n<td class=\"et3\" style=\"width: 214.40pt;\" width=\"214\">Article unique<\/td>\n<\/tr>\n<tr style=\"height: 18.00pt;\">\n<td class=\"et3\" style=\"height: 18.00pt; width: 124.50pt;\" width=\"124\" height=\"18\">MOQ<\/td>\n<td class=\"et3\" style=\"width: 214.40pt;\" width=\"214\">1200\/pcs par article<\/td>\n<\/tr>\n<tr style=\"height: 18.00pt;\">\n<td class=\"et3\" style=\"height: 18.00pt; width: 124.50pt;\" width=\"124\" height=\"18\">Option personnalis\u00e9e<\/td>\n<td class=\"et3\" style=\"width: 214.40pt;\" width=\"214\">Couleur\/Taille\/Glaze\/Logo\/Emballage<\/td>\n<\/tr>\n<\/tbody>\n<\/table>","protected":false},"featured_media":6476,"comment_status":"closed","ping_status":"closed","template":"","meta":{"_acf_changed":false},"product_brand":[],"product_cat":[43],"product_tag":[],"class_list":{"0":"post-6475","1":"product","2":"type-product","3":"status-publish","4":"has-post-thumbnail","6":"product_cat-ceramic-bowls-wholesale","8":"first","9":"instock","10":"shipping-taxable","11":"product-type-simple"},"acf":[],"_links":{"self":[{"href":"https:\/\/www.lovinghomecollection.com\/fr\/wp-json\/wp\/v2\/product\/6475","targetHints":{"allow":["GET"]}}],"collection":[{"href":"https:\/\/www.lovinghomecollection.com\/fr\/wp-json\/wp\/v2\/product"}],"about":[{"href":"https:\/\/www.lovinghomecollection.com\/fr\/wp-json\/wp\/v2\/types\/product"}],"replies":[{"embeddable":true,"href":"https:\/\/www.lovinghomecollection.com\/fr\/wp-json\/wp\/v2\/comments?post=6475"}],"wp:featuredmedia":[{"embeddable":true,"href":"https:\/\/www.lovinghomecollection.com\/fr\/wp-json\/wp\/v2\/media\/6476"}],"wp:attachment":[{"href":"https:\/\/www.lovinghomecollection.com\/fr\/wp-json\/wp\/v2\/media?parent=6475"}],"wp:term":[{"taxonomy":"product_brand","embeddable":true,"href":"https:\/\/www.lovinghomecollection.com\/fr\/wp-json\/wp\/v2\/product_brand?post=6475"},{"taxonomy":"product_cat","embeddable":true,"href":"https:\/\/www.lovinghomecollection.com\/fr\/wp-json\/wp\/v2\/product_cat?post=6475"},{"taxonomy":"product_tag","embeddable":true,"href":"https:\/\/www.lovinghomecollection.com\/fr\/wp-json\/wp\/v2\/product_tag?post=6475"}],"curies":[{"name":"wp","href":"https:\/\/api.w.org\/{rel}","templated":true}]}}