{"id":6275,"date":"2026-01-14T01:54:06","date_gmt":"2026-01-14T01:54:06","guid":{"rendered":"https:\/\/www.lovinghomecollection.com\/?post_type=product&#038;p=6275"},"modified":"2026-01-14T02:12:13","modified_gmt":"2026-01-14T02:12:13","slug":"tropical-dinnerware-wholesale","status":"publish","type":"product","link":"https:\/\/www.lovinghomecollection.com\/fr\/produit\/tropical-dinnerware-wholesale\/","title":{"rendered":"Tropical Dinnerware Wholesale With Green Pinecone Theme (Vaisselle tropicale en gros avec th\u00e8me de pommes de pin vertes)"},"content":{"rendered":"<div class=\"wp-block-columns is-layout-flex wp-container-core-columns-is-layout-9d6595d7 wp-block-columns-is-layout-flex\">\n<div class=\"wp-block-column is-layout-flow wp-block-column-is-layout-flow\" style=\"flex-basis:60%\">\n<h2 class=\"wp-block-heading\">Premium Tropical Dinnerware Wholesale Caract\u00e9ristiques :<\/h2>\n\n\n\n<ul class=\"wp-block-list\">\n<li><strong>Pomme de pin verte Th\u00e8me Design :<\/strong> Inspir\u00e9e par les \u00e9l\u00e9ments naturels de la for\u00eat, cette vaisselle tropicale en gros associe des motifs de pommes de pin \u00e0 un gla\u00e7age vert pour cr\u00e9er une esth\u00e9tique visuelle unique et rehausser l'atmosph\u00e8re de la salle \u00e0 manger.<\/li>\n\n\n\n<li><strong>Mat\u00e9riau r\u00e9sistant aux hautes temp\u00e9ratures : <\/strong>Notre vaisselle en porcelaine en vrac est fabriqu\u00e9e en c\u00e9ramique cuite \u00e0 haute temp\u00e9rature. Elle poss\u00e8de une excellente r\u00e9sistance \u00e0 la chaleur et une grande durabilit\u00e9, et convient pour le micro-ondes, le lave-vaisselle et d'autres applications.<\/li>\n\n\n\n<li><strong>Possibilit\u00e9 de personnalisation en usine : <\/strong>Notre service de vaisselle tropicale en gros peut personnaliser les sp\u00e9cifications, les motifs et m\u00eame les logos en fonction des besoins des clients en gros, afin de r\u00e9pondre aux exigences de la marque ou du positionnement unique sur le march\u00e9.<\/li>\n\n\n\n<li><strong>Convient \u00e0 de multiples sc\u00e9narios :<\/strong> Cette vaisselle en porcelaine en vrac convient \u00e0 un usage domestique quotidien ainsi qu'\u00e0 des achats en vrac dans des environnements commerciaux tels que les restaurants, les h\u00f4tels et les caf\u00e9s.<\/li>\n<\/ul>\n<\/div>\n\n\n\n<div class=\"wp-block-column is-layout-flow wp-block-column-is-layout-flow\">\n<figure class=\"wp-block-image size-full\"><img decoding=\"async\" width=\"1200\" height=\"1200\" src=\"https:\/\/www.lovinghomecollection.com\/wp-content\/uploads\/2026\/01\/Tropical-Dinnerware-Wholesale-With-Green-Pinecone-Theme-2.webp\" alt=\"Tropical Dinnerware Wholesale With Green Pinecone Theme-2 (vaisselle tropicale en gros avec pommes de pin vertes)\" class=\"wp-image-6277\" srcset=\"https:\/\/www.lovinghomecollection.com\/wp-content\/uploads\/2026\/01\/Tropical-Dinnerware-Wholesale-With-Green-Pinecone-Theme-2.webp 1200w, https:\/\/www.lovinghomecollection.com\/wp-content\/uploads\/2026\/01\/Tropical-Dinnerware-Wholesale-With-Green-Pinecone-Theme-2-300x300.webp 300w, https:\/\/www.lovinghomecollection.com\/wp-content\/uploads\/2026\/01\/Tropical-Dinnerware-Wholesale-With-Green-Pinecone-Theme-2-150x150.webp 150w, https:\/\/www.lovinghomecollection.com\/wp-content\/uploads\/2026\/01\/Tropical-Dinnerware-Wholesale-With-Green-Pinecone-Theme-2-768x768.webp 768w, https:\/\/www.lovinghomecollection.com\/wp-content\/uploads\/2026\/01\/Tropical-Dinnerware-Wholesale-With-Green-Pinecone-Theme-2-12x12.webp 12w, https:\/\/www.lovinghomecollection.com\/wp-content\/uploads\/2026\/01\/Tropical-Dinnerware-Wholesale-With-Green-Pinecone-Theme-2-600x600.webp 600w, https:\/\/www.lovinghomecollection.com\/wp-content\/uploads\/2026\/01\/Tropical-Dinnerware-Wholesale-With-Green-Pinecone-Theme-2-100x100.webp 100w\" sizes=\"(max-width: 1200px) 100vw, 1200px\" \/><\/figure>\n<\/div>\n<\/div>\n\n\n\n<h2 class=\"wp-block-heading has-text-align-center\">Pr\u00e9sentation du produit Pine Cone Tropical Dinnerware Wholesale<\/h2>\n\n\n\n<div class=\"wp-block-columns is-layout-flex wp-container-core-columns-is-layout-9d6595d7 wp-block-columns-is-layout-flex\">\n<div class=\"wp-block-column is-layout-flow wp-block-column-is-layout-flow\">\n<figure class=\"wp-block-image size-full\"><img decoding=\"async\" width=\"1721\" height=\"1502\" src=\"https:\/\/www.lovinghomecollection.com\/wp-content\/uploads\/2026\/01\/Tropical-Dinnerware-Wholesale-With-Green-Pinecone-Theme-11.webp\" alt=\"Vaisselle tropicale en gros avec th\u00e8me pomme de pin vert-11\" class=\"wp-image-6286\" srcset=\"https:\/\/www.lovinghomecollection.com\/wp-content\/uploads\/2026\/01\/Tropical-Dinnerware-Wholesale-With-Green-Pinecone-Theme-11.webp 1721w, https:\/\/www.lovinghomecollection.com\/wp-content\/uploads\/2026\/01\/Tropical-Dinnerware-Wholesale-With-Green-Pinecone-Theme-11-300x262.webp 300w, https:\/\/www.lovinghomecollection.com\/wp-content\/uploads\/2026\/01\/Tropical-Dinnerware-Wholesale-With-Green-Pinecone-Theme-11-768x670.webp 768w, https:\/\/www.lovinghomecollection.com\/wp-content\/uploads\/2026\/01\/Tropical-Dinnerware-Wholesale-With-Green-Pinecone-Theme-11-14x12.webp 14w, https:\/\/www.lovinghomecollection.com\/wp-content\/uploads\/2026\/01\/Tropical-Dinnerware-Wholesale-With-Green-Pinecone-Theme-11-1200x1047.webp 1200w, https:\/\/www.lovinghomecollection.com\/wp-content\/uploads\/2026\/01\/Tropical-Dinnerware-Wholesale-With-Green-Pinecone-Theme-11-600x524.webp 600w\" sizes=\"(max-width: 1721px) 100vw, 1721px\" \/><\/figure>\n<\/div>\n\n\n\n<div class=\"wp-block-column is-layout-flow wp-block-column-is-layout-flow\">\n<figure class=\"wp-block-image size-full\"><img decoding=\"async\" width=\"1729\" height=\"1616\" src=\"https:\/\/www.lovinghomecollection.com\/wp-content\/uploads\/2026\/01\/Tropical-Dinnerware-Wholesale-With-Green-Pinecone-Theme-12.webp\" alt=\"Vaisselle tropicale en gros avec th\u00e8me pomme de pin vert-12\" class=\"wp-image-6287\" srcset=\"https:\/\/www.lovinghomecollection.com\/wp-content\/uploads\/2026\/01\/Tropical-Dinnerware-Wholesale-With-Green-Pinecone-Theme-12.webp 1729w, https:\/\/www.lovinghomecollection.com\/wp-content\/uploads\/2026\/01\/Tropical-Dinnerware-Wholesale-With-Green-Pinecone-Theme-12-300x280.webp 300w, https:\/\/www.lovinghomecollection.com\/wp-content\/uploads\/2026\/01\/Tropical-Dinnerware-Wholesale-With-Green-Pinecone-Theme-12-768x718.webp 768w, https:\/\/www.lovinghomecollection.com\/wp-content\/uploads\/2026\/01\/Tropical-Dinnerware-Wholesale-With-Green-Pinecone-Theme-12-13x12.webp 13w, https:\/\/www.lovinghomecollection.com\/wp-content\/uploads\/2026\/01\/Tropical-Dinnerware-Wholesale-With-Green-Pinecone-Theme-12-1200x1122.webp 1200w, https:\/\/www.lovinghomecollection.com\/wp-content\/uploads\/2026\/01\/Tropical-Dinnerware-Wholesale-With-Green-Pinecone-Theme-12-600x561.webp 600w\" sizes=\"(max-width: 1729px) 100vw, 1729px\" \/><\/figure>\n<\/div>\n<\/div>\n\n\n\n<p><\/p>","protected":false},"excerpt":{"rendered":"<p>Bienvenue pour acheter de la vaisselle en porcelaine en gros. Cette vaisselle tropicale verte sur le th\u00e8me de la pomme de pin est inspir\u00e9e par les for\u00eats naturelles et pr\u00e9sente une palette de couleurs calmes et \u00e9l\u00e9gantes. Elle peut \u00eatre personnalis\u00e9e en vrac. C'est une solution id\u00e9ale pour une table \u00e0 manger verte pour les maisons, les restaurants ou les h\u00f4tels.<\/p>\n<table style=\"border-collapse: collapse; width: 338.02pt;\" border=\"0\" width=\"338\" cellspacing=\"0\" cellpadding=\"0\">\n<tbody>\n<tr style=\"height: 18.00pt;\">\n<td class=\"et3\" style=\"height: 18.00pt; width: 124.50pt;\" width=\"124\" height=\"18\">Fabricant<\/td>\n<td class=\"et3\" style=\"width: 214.40pt;\" width=\"214\">Un foyer d'amour<\/td>\n<\/tr>\n<tr style=\"height: 18.00pt;\">\n<td class=\"et3\" style=\"height: 18.00pt; width: 124.50pt;\" width=\"124\" height=\"18\">Nom de la collection<\/td>\n<td class=\"et4\" style=\"width: 214.40pt;\" width=\"214\">Collection Pine Cone<\/td>\n<\/tr>\n<tr style=\"height: 18.00pt;\">\n<td class=\"et3\" style=\"height: 18.00pt; width: 124.50pt;\" width=\"124\" height=\"18\">Utilisation<\/td>\n<td class=\"et3\" style=\"width: 214.40pt;\" width=\"214\">Maison, Restaurant, H\u00f4tel<\/td>\n<\/tr>\n<tr style=\"height: 36.00pt;\">\n<td class=\"et3\" style=\"height: 36.00pt; width: 124.50pt;\" width=\"124\" height=\"36\">Type de vaisselle<\/td>\n<td class=\"et3\" style=\"width: 214.40pt;\" width=\"214\">Assiette, bol, tasse, set de tapas, beurrier, porte-g\u00e2teau, bo\u00eete de conserve<\/td>\n<\/tr>\n<tr style=\"height: 18.00pt;\">\n<td class=\"et3\" style=\"height: 18.00pt; width: 124.50pt;\" width=\"124\" height=\"18\">Mat\u00e9riau<\/td>\n<td class=\"et3\" style=\"width: 214.40pt;\" width=\"214\">Porcelaine durable<\/td>\n<\/tr>\n<tr style=\"height: 18.00pt;\">\n<td class=\"et3\" style=\"height: 18.00pt; width: 124.50pt;\" width=\"124\" height=\"18\">Dimension<\/td>\n<td class=\"et3\" style=\"width: 214.40pt;\" width=\"214\">Comme l'indique la photo de d\u00e9tail<\/td>\n<\/tr>\n<tr style=\"height: 18.00pt;\">\n<td class=\"et3\" style=\"height: 18.00pt; width: 124.50pt;\" width=\"124\" height=\"18\">Unit\u00e9s de vente<\/td>\n<td class=\"et3\" style=\"width: 214.40pt;\" width=\"214\">Article unique<\/td>\n<\/tr>\n<tr style=\"height: 18.00pt;\">\n<td class=\"et3\" style=\"height: 18.00pt; width: 124.50pt;\" width=\"124\" height=\"18\">MOQ<\/td>\n<td class=\"et3\" style=\"width: 214.40pt;\" width=\"214\">1200\/pcs par article<\/td>\n<\/tr>\n<tr style=\"height: 18.00pt;\">\n<td class=\"et3\" style=\"height: 18.00pt; width: 124.50pt;\" width=\"124\" height=\"18\">Option personnalis\u00e9e<\/td>\n<td class=\"et3\" style=\"width: 214.40pt;\" width=\"214\">Couleur\/Taille\/Glaze\/Logo\/Emballage<\/td>\n<\/tr>\n<\/tbody>\n<\/table>","protected":false},"featured_media":6280,"comment_status":"closed","ping_status":"closed","template":"","meta":{"_acf_changed":false},"product_brand":[],"product_cat":[19],"product_tag":[37,25,34,27,48],"class_list":{"0":"post-6275","1":"product","2":"type-product","3":"status-publish","4":"has-post-thumbnail","6":"product_cat-dinnerware-wholesale","7":"product_tag-bulk-cake-stands","8":"product_tag-wholesale-plates-and-bowls","9":"product_tag-olive-oil-dipping-bowls-wholesale","10":"product_tag-wholesale-tea-cups-and-saucers","11":"product_tag-whats-new","13":"first","14":"instock","15":"shipping-taxable","16":"product-type-simple"},"acf":[],"_links":{"self":[{"href":"https:\/\/www.lovinghomecollection.com\/fr\/wp-json\/wp\/v2\/product\/6275","targetHints":{"allow":["GET"]}}],"collection":[{"href":"https:\/\/www.lovinghomecollection.com\/fr\/wp-json\/wp\/v2\/product"}],"about":[{"href":"https:\/\/www.lovinghomecollection.com\/fr\/wp-json\/wp\/v2\/types\/product"}],"replies":[{"embeddable":true,"href":"https:\/\/www.lovinghomecollection.com\/fr\/wp-json\/wp\/v2\/comments?post=6275"}],"wp:featuredmedia":[{"embeddable":true,"href":"https:\/\/www.lovinghomecollection.com\/fr\/wp-json\/wp\/v2\/media\/6280"}],"wp:attachment":[{"href":"https:\/\/www.lovinghomecollection.com\/fr\/wp-json\/wp\/v2\/media?parent=6275"}],"wp:term":[{"taxonomy":"product_brand","embeddable":true,"href":"https:\/\/www.lovinghomecollection.com\/fr\/wp-json\/wp\/v2\/product_brand?post=6275"},{"taxonomy":"product_cat","embeddable":true,"href":"https:\/\/www.lovinghomecollection.com\/fr\/wp-json\/wp\/v2\/product_cat?post=6275"},{"taxonomy":"product_tag","embeddable":true,"href":"https:\/\/www.lovinghomecollection.com\/fr\/wp-json\/wp\/v2\/product_tag?post=6275"}],"curies":[{"name":"wp","href":"https:\/\/api.w.org\/{rel}","templated":true}]}}