{"id":6218,"date":"2026-01-04T08:39:20","date_gmt":"2026-01-04T08:39:20","guid":{"rendered":"https:\/\/www.lovinghomecollection.com\/?post_type=product&#038;p=6218"},"modified":"2026-01-04T08:50:56","modified_gmt":"2026-01-04T08:50:56","slug":"wholesale-restaurant-crockery","status":"publish","type":"product","link":"https:\/\/www.lovinghomecollection.com\/fr\/produit\/wholesale-restaurant-crockery\/","title":{"rendered":"Wholesale Restaurant Crockery, Embossed White Serveware (vaisselle blanche gaufr\u00e9e)"},"content":{"rendered":"<div class=\"wp-block-columns is-layout-flex wp-container-core-columns-is-layout-9d6595d7 wp-block-columns-is-layout-flex\">\n<div class=\"wp-block-column is-layout-flow wp-block-column-is-layout-flow\" style=\"flex-basis:60%\">\n<h2 class=\"wp-block-heading\">Premium Wholesale Restaurant Crockery Caract\u00e9ristiques :<\/h2>\n\n\n\n<ul class=\"wp-block-list\">\n<li><strong>Design exquis : <\/strong>Cet ensemble de vaisselle de restaurant en gros combine des reliefs classiques avec des \u00e9l\u00e9ments naturels (tels que des tulipes, des baies et des vignes), associ\u00e9s \u00e0 des bords dor\u00e9s ondul\u00e9s et \u00e0 des d\u00e9tails perl\u00e9s, ce qui donne un design riche et stratifi\u00e9 qui rehausse facilement l'exp\u00e9rience et l'ambiance de la salle \u00e0 manger.<\/li>\n\n\n\n<li><strong>Un savoir-faire raffin\u00e9 : <\/strong>Notre service blanc en gros est fabriqu\u00e9 \u00e0 partir des meilleures c\u00e9ramiques fines et utilise uniquement des techniques traditionnelles de sculpture \u00e0 la main pour cr\u00e9er des motifs tridimensionnels parfaitement travaill\u00e9s avec un gla\u00e7age lisse et uniforme, avec toutes nos garnitures dor\u00e9es solidement attach\u00e9es, ce qui permet une fabrication de haute qualit\u00e9.<\/li>\n\n\n\n<li><strong>Durable et pratique : <\/strong>Notre vaisselle de restaurant en gros est fabriqu\u00e9e en porcelaine haute densit\u00e9, qui est \u00e0 la fois durable et r\u00e9sistante \u00e0 l'usure et aux taches. Elle est compatible avec les lave-vaisselle et les micro-ondes et r\u00e9pond aux exigences de fr\u00e9quence d'utilisation des restaurants domestiques et commerciaux.<\/li>\n\n\n\n<li><strong>Applications polyvalentes : <\/strong>Notre service blanc en gros comprend des assiettes \u00e0 d\u00eener, des services \u00e0 th\u00e9, des pots \u00e0 lait, etc., tous dans un design uniforme et facile \u00e0 m\u00e9langer, parfait pour les h\u00f4tels-boutiques, les restaurants de brunch, les banquets de mariage ou votre maison. En achetant en gros, vous pouvez profiter des \u00e9conomies associ\u00e9es \u00e0 l'utilisation du m\u00eame produit en gros dans de nombreux sc\u00e9narios de restaurants.<\/li>\n<\/ul>\n<\/div>\n\n\n\n<div class=\"wp-block-column is-layout-flow wp-block-column-is-layout-flow\">\n<figure class=\"wp-block-image size-full\"><img decoding=\"async\" width=\"1200\" height=\"1200\" src=\"https:\/\/www.lovinghomecollection.com\/wp-content\/uploads\/2026\/01\/Wholesale-Restaurant-Crockery-Embossed-White-Serveware-8.webp\" alt=\"Vaisselle de restaurant en gros, Couverts de service blancs gaufr\u00e9s-8\" class=\"wp-image-6226\" srcset=\"https:\/\/www.lovinghomecollection.com\/wp-content\/uploads\/2026\/01\/Wholesale-Restaurant-Crockery-Embossed-White-Serveware-8.webp 1200w, https:\/\/www.lovinghomecollection.com\/wp-content\/uploads\/2026\/01\/Wholesale-Restaurant-Crockery-Embossed-White-Serveware-8-300x300.webp 300w, https:\/\/www.lovinghomecollection.com\/wp-content\/uploads\/2026\/01\/Wholesale-Restaurant-Crockery-Embossed-White-Serveware-8-150x150.webp 150w, https:\/\/www.lovinghomecollection.com\/wp-content\/uploads\/2026\/01\/Wholesale-Restaurant-Crockery-Embossed-White-Serveware-8-768x768.webp 768w, https:\/\/www.lovinghomecollection.com\/wp-content\/uploads\/2026\/01\/Wholesale-Restaurant-Crockery-Embossed-White-Serveware-8-12x12.webp 12w, https:\/\/www.lovinghomecollection.com\/wp-content\/uploads\/2026\/01\/Wholesale-Restaurant-Crockery-Embossed-White-Serveware-8-600x600.webp 600w, https:\/\/www.lovinghomecollection.com\/wp-content\/uploads\/2026\/01\/Wholesale-Restaurant-Crockery-Embossed-White-Serveware-8-100x100.webp 100w\" sizes=\"(max-width: 1200px) 100vw, 1200px\" \/><\/figure>\n<\/div>\n<\/div>\n\n\n\n<h2 class=\"wp-block-heading has-text-align-center\">Pr\u00e9sentation du produit Tulip Grace Wholesale Restaurant Crockery<\/h2>\n\n\n\n<div class=\"wp-block-columns is-layout-flex wp-container-core-columns-is-layout-9d6595d7 wp-block-columns-is-layout-flex\">\n<div class=\"wp-block-column is-layout-flow wp-block-column-is-layout-flow\">\n<figure class=\"wp-block-image size-full\"><img decoding=\"async\" width=\"1721\" height=\"1304\" src=\"https:\/\/www.lovinghomecollection.com\/wp-content\/uploads\/2026\/01\/Wholesale-Restaurant-Crockery-Embossed-White-Serveware-12.webp\" alt=\"Vaisselle de restaurant en gros, Couverts de service blancs gaufr\u00e9s-12\" class=\"wp-image-6230\" srcset=\"https:\/\/www.lovinghomecollection.com\/wp-content\/uploads\/2026\/01\/Wholesale-Restaurant-Crockery-Embossed-White-Serveware-12.webp 1721w, https:\/\/www.lovinghomecollection.com\/wp-content\/uploads\/2026\/01\/Wholesale-Restaurant-Crockery-Embossed-White-Serveware-12-300x227.webp 300w, https:\/\/www.lovinghomecollection.com\/wp-content\/uploads\/2026\/01\/Wholesale-Restaurant-Crockery-Embossed-White-Serveware-12-768x582.webp 768w, https:\/\/www.lovinghomecollection.com\/wp-content\/uploads\/2026\/01\/Wholesale-Restaurant-Crockery-Embossed-White-Serveware-12-16x12.webp 16w, https:\/\/www.lovinghomecollection.com\/wp-content\/uploads\/2026\/01\/Wholesale-Restaurant-Crockery-Embossed-White-Serveware-12-1200x909.webp 1200w, https:\/\/www.lovinghomecollection.com\/wp-content\/uploads\/2026\/01\/Wholesale-Restaurant-Crockery-Embossed-White-Serveware-12-600x455.webp 600w\" sizes=\"(max-width: 1721px) 100vw, 1721px\" \/><\/figure>\n<\/div>\n\n\n\n<div class=\"wp-block-column is-layout-flow wp-block-column-is-layout-flow\">\n<figure class=\"wp-block-image size-full\"><img decoding=\"async\" width=\"1754\" height=\"1155\" src=\"https:\/\/www.lovinghomecollection.com\/wp-content\/uploads\/2026\/01\/Wholesale-Restaurant-Crockery-Embossed-White-Serveware-13.webp\" alt=\"Vaisselle de restaurant en gros, vaisselle de service blanche gaufr\u00e9e-13\" class=\"wp-image-6231\" srcset=\"https:\/\/www.lovinghomecollection.com\/wp-content\/uploads\/2026\/01\/Wholesale-Restaurant-Crockery-Embossed-White-Serveware-13.webp 1754w, https:\/\/www.lovinghomecollection.com\/wp-content\/uploads\/2026\/01\/Wholesale-Restaurant-Crockery-Embossed-White-Serveware-13-300x198.webp 300w, https:\/\/www.lovinghomecollection.com\/wp-content\/uploads\/2026\/01\/Wholesale-Restaurant-Crockery-Embossed-White-Serveware-13-768x506.webp 768w, https:\/\/www.lovinghomecollection.com\/wp-content\/uploads\/2026\/01\/Wholesale-Restaurant-Crockery-Embossed-White-Serveware-13-18x12.webp 18w, https:\/\/www.lovinghomecollection.com\/wp-content\/uploads\/2026\/01\/Wholesale-Restaurant-Crockery-Embossed-White-Serveware-13-1200x790.webp 1200w, https:\/\/www.lovinghomecollection.com\/wp-content\/uploads\/2026\/01\/Wholesale-Restaurant-Crockery-Embossed-White-Serveware-13-600x395.webp 600w\" sizes=\"(max-width: 1754px) 100vw, 1754px\" \/><\/figure>\n<\/div>\n<\/div>\n\n\n\n<p><\/p>","protected":false},"excerpt":{"rendered":"<p>Bienvenue sur le site d'achat de vaisselle de restaurant en gros. Notre vaisselle blanche en gros se caract\u00e9rise par une fabrication europ\u00e9enne en relief, orn\u00e9e de perles tridimensionnelles, de vignes et de motifs floraux et fruitiers, cr\u00e9ant ainsi un style g\u00e9n\u00e9ral \u00e9l\u00e9gant et romantique.<\/p>\n<table style=\"border-collapse: collapse; width: 338.02pt;\" border=\"0\" width=\"338\" cellspacing=\"0\" cellpadding=\"0\">\n<tbody>\n<tr style=\"height: 18.00pt;\">\n<td class=\"et3\" style=\"height: 18.00pt; width: 124.50pt;\" width=\"124\" height=\"18\">Fabricant<\/td>\n<td class=\"et3\" style=\"width: 214.40pt;\" width=\"214\">Un foyer d'amour<\/td>\n<\/tr>\n<tr style=\"height: 18.00pt;\">\n<td class=\"et3\" style=\"height: 18.00pt; width: 124.50pt;\" width=\"124\" height=\"18\">Nom de la collection<\/td>\n<td class=\"et4\" style=\"width: 214.40pt;\" width=\"214\">Collection Tulip Grace<\/td>\n<\/tr>\n<tr style=\"height: 18.00pt;\">\n<td class=\"et3\" style=\"height: 18.00pt; width: 124.50pt;\" width=\"124\" height=\"18\">Utilisation<\/td>\n<td class=\"et3\" style=\"width: 214.40pt;\" width=\"214\">Maison, Restaurant, H\u00f4tel<\/td>\n<\/tr>\n<tr style=\"height: 36.00pt;\">\n<td class=\"et3\" style=\"height: 36.00pt; width: 124.50pt;\" width=\"124\" height=\"36\">Type de vaisselle<\/td>\n<td class=\"et3\" style=\"width: 214.40pt;\" width=\"214\">Assiette, Bol, Tasse et soucoupe, Mug, Porte-g\u00e2teau, Pichet, Tapa Set, Pot \u00e0 sucre<\/td>\n<\/tr>\n<tr style=\"height: 18.00pt;\">\n<td class=\"et3\" style=\"height: 18.00pt; width: 124.50pt;\" width=\"124\" height=\"18\">Mat\u00e9riau<\/td>\n<td class=\"et3\" style=\"width: 214.40pt;\" width=\"214\">Porcelaine durable<\/td>\n<\/tr>\n<tr style=\"height: 18.00pt;\">\n<td class=\"et3\" style=\"height: 18.00pt; width: 124.50pt;\" width=\"124\" height=\"18\">Dimension<\/td>\n<td class=\"et3\" style=\"width: 214.40pt;\" width=\"214\">Comme l'indique la photo de d\u00e9tail<\/td>\n<\/tr>\n<tr style=\"height: 18.00pt;\">\n<td class=\"et3\" style=\"height: 18.00pt; width: 124.50pt;\" width=\"124\" height=\"18\">Unit\u00e9s de vente<\/td>\n<td class=\"et3\" style=\"width: 214.40pt;\" width=\"214\">Article unique<\/td>\n<\/tr>\n<tr style=\"height: 18.00pt;\">\n<td class=\"et3\" style=\"height: 18.00pt; width: 124.50pt;\" width=\"124\" height=\"18\">MOQ<\/td>\n<td class=\"et3\" style=\"width: 214.40pt;\" width=\"214\">1200\/pcs par article<\/td>\n<\/tr>\n<tr style=\"height: 18.00pt;\">\n<td class=\"et3\" style=\"height: 18.00pt; width: 124.50pt;\" width=\"124\" height=\"18\">Option personnalis\u00e9e<\/td>\n<td class=\"et3\" style=\"width: 214.40pt;\" width=\"214\">Couleur\/Taille\/Glaze\/Logo\/Emballage<\/td>\n<\/tr>\n<\/tbody>\n<\/table>","protected":false},"featured_media":6222,"comment_status":"closed","ping_status":"closed","template":"","meta":{"_acf_changed":false},"product_brand":[],"product_cat":[19,49],"product_tag":[37,36,25,39,27,48],"class_list":{"0":"post-6218","1":"product","2":"type-product","3":"status-publish","4":"has-post-thumbnail","6":"product_cat-dinnerware-wholesale","7":"product_cat-wholesale-white-tableware","8":"product_tag-bulk-cake-stands","9":"product_tag-wholesale-kettles","10":"product_tag-wholesale-plates-and-bowls","11":"product_tag-sugar-jars-wholesale","12":"product_tag-wholesale-tea-cups-and-saucers","13":"product_tag-whats-new","15":"first","16":"instock","17":"shipping-taxable","18":"product-type-simple"},"acf":[],"_links":{"self":[{"href":"https:\/\/www.lovinghomecollection.com\/fr\/wp-json\/wp\/v2\/product\/6218","targetHints":{"allow":["GET"]}}],"collection":[{"href":"https:\/\/www.lovinghomecollection.com\/fr\/wp-json\/wp\/v2\/product"}],"about":[{"href":"https:\/\/www.lovinghomecollection.com\/fr\/wp-json\/wp\/v2\/types\/product"}],"replies":[{"embeddable":true,"href":"https:\/\/www.lovinghomecollection.com\/fr\/wp-json\/wp\/v2\/comments?post=6218"}],"wp:featuredmedia":[{"embeddable":true,"href":"https:\/\/www.lovinghomecollection.com\/fr\/wp-json\/wp\/v2\/media\/6222"}],"wp:attachment":[{"href":"https:\/\/www.lovinghomecollection.com\/fr\/wp-json\/wp\/v2\/media?parent=6218"}],"wp:term":[{"taxonomy":"product_brand","embeddable":true,"href":"https:\/\/www.lovinghomecollection.com\/fr\/wp-json\/wp\/v2\/product_brand?post=6218"},{"taxonomy":"product_cat","embeddable":true,"href":"https:\/\/www.lovinghomecollection.com\/fr\/wp-json\/wp\/v2\/product_cat?post=6218"},{"taxonomy":"product_tag","embeddable":true,"href":"https:\/\/www.lovinghomecollection.com\/fr\/wp-json\/wp\/v2\/product_tag?post=6218"}],"curies":[{"name":"wp","href":"https:\/\/api.w.org\/{rel}","templated":true}]}}