{"id":6206,"date":"2026-01-04T08:20:31","date_gmt":"2026-01-04T08:20:31","guid":{"rendered":"https:\/\/www.lovinghomecollection.com\/?post_type=product&#038;p=6206"},"modified":"2026-02-11T09:53:25","modified_gmt":"2026-02-11T09:53:25","slug":"ceramic-crockery-wholesale","status":"publish","type":"product","link":"https:\/\/www.lovinghomecollection.com\/fr\/produit\/ceramic-crockery-wholesale\/","title":{"rendered":"Tropical Palm Tree Ceramic Crockery Wholesale for Restaurant"},"content":{"rendered":"<div class=\"wp-block-columns is-layout-flex wp-container-core-columns-is-layout-9d6595d7 wp-block-columns-is-layout-flex\">\n<div class=\"wp-block-column is-layout-flow wp-block-column-is-layout-flow\" style=\"flex-basis:60%\">\n<h2 class=\"wp-block-heading\">Vaisselle en c\u00e9ramique de qualit\u00e9 sup\u00e9rieure Caract\u00e9ristiques :<\/h2>\n\n\n\n<ul class=\"wp-block-list\">\n<li><strong>Design unique :<\/strong> Notre vaisselle en c\u00e9ramique en gros pr\u00e9sente un design unique avec un motif de palmier tropical peint \u00e0 la main et un design g\u00e9om\u00e9trique classique. Les couleurs fra\u00eeches et naturelles de la vaisselle cr\u00e9ent un style attrayant et coh\u00e9rent qui rehausse l'apparence et l'ambiance de la table \u00e0 manger.<\/li>\n\n\n\n<li><strong>Excellente qualit\u00e9 de fabrication : <\/strong>Notre vaisselle en porcelaine de gros est dot\u00e9e d'un \u00e9maillage de haute qualit\u00e9 qui lui conf\u00e8re une finition lisse et uniforme. Les motifs imprim\u00e9s sont durables et clairement visibles, tandis que les bords d\u00e9cor\u00e9s et les d\u00e9tails en relief soulignent la qualit\u00e9 de notre travail.<\/li>\n\n\n\n<li><strong>Qualit\u00e9 fiable : <\/strong>Cet ensemble de vaisselle en c\u00e9ramique est fabriqu\u00e9 en porcelaine durable et a une forme r\u00e9guli\u00e8re, ce qui le rend id\u00e9al pour un usage quotidien ou dans un restaurant. Les motifs sont r\u00e9sistants \u00e0 l'usure et la plupart des articles sont empilables pour faciliter le stockage.<\/li>\n\n\n\n<li><strong>Avantages du commerce de gros<\/strong>: Notre vaisselle en porcelaine en vrac offre une grande vari\u00e9t\u00e9 de produits, permet des commandes mixtes et est tr\u00e8s rentable. Le style homog\u00e8ne permet aux restaurants, aux h\u00f4tels ou aux d\u00e9taillants d'acheter et de pr\u00e9senter les produits de mani\u00e8re uniforme, r\u00e9duisant ainsi les co\u00fbts d'assortiment.<\/li>\n<\/ul>\n<\/div>\n\n\n\n<div class=\"wp-block-column is-layout-flow wp-block-column-is-layout-flow\">\n<figure class=\"wp-block-image size-full\"><img decoding=\"async\" width=\"1200\" height=\"1200\" src=\"https:\/\/www.lovinghomecollection.com\/wp-content\/uploads\/2026\/01\/Tropical-Palm-Tree-Ceramic-Crockery-Wholesale-for-Restaurant-4.webp\" alt=\"Tropical Palm Tree Ceramic Crockery Wholesale for Restaurant-4\" class=\"wp-image-6210\" srcset=\"https:\/\/www.lovinghomecollection.com\/wp-content\/uploads\/2026\/01\/Tropical-Palm-Tree-Ceramic-Crockery-Wholesale-for-Restaurant-4.webp 1200w, https:\/\/www.lovinghomecollection.com\/wp-content\/uploads\/2026\/01\/Tropical-Palm-Tree-Ceramic-Crockery-Wholesale-for-Restaurant-4-300x300.webp 300w, https:\/\/www.lovinghomecollection.com\/wp-content\/uploads\/2026\/01\/Tropical-Palm-Tree-Ceramic-Crockery-Wholesale-for-Restaurant-4-150x150.webp 150w, https:\/\/www.lovinghomecollection.com\/wp-content\/uploads\/2026\/01\/Tropical-Palm-Tree-Ceramic-Crockery-Wholesale-for-Restaurant-4-768x768.webp 768w, https:\/\/www.lovinghomecollection.com\/wp-content\/uploads\/2026\/01\/Tropical-Palm-Tree-Ceramic-Crockery-Wholesale-for-Restaurant-4-12x12.webp 12w, https:\/\/www.lovinghomecollection.com\/wp-content\/uploads\/2026\/01\/Tropical-Palm-Tree-Ceramic-Crockery-Wholesale-for-Restaurant-4-600x600.webp 600w, https:\/\/www.lovinghomecollection.com\/wp-content\/uploads\/2026\/01\/Tropical-Palm-Tree-Ceramic-Crockery-Wholesale-for-Restaurant-4-100x100.webp 100w\" sizes=\"(max-width: 1200px) 100vw, 1200px\" \/><\/figure>\n<\/div>\n<\/div>\n\n\n\n<h2 class=\"wp-block-heading has-text-align-center\">Pr\u00e9sentation des produits de Under The Palm Ceramic Crockery Wholesale<\/h2>\n\n\n\n<div class=\"wp-block-columns is-layout-flex wp-container-core-columns-is-layout-9d6595d7 wp-block-columns-is-layout-flex\">\n<div class=\"wp-block-column is-layout-flow wp-block-column-is-layout-flow\">\n<figure class=\"wp-block-image size-full\"><img decoding=\"async\" width=\"1723\" height=\"1436\" src=\"https:\/\/www.lovinghomecollection.com\/wp-content\/uploads\/2026\/01\/Tropical-Palm-Tree-Ceramic-Crockery-Wholesale-for-Restaurant-10.webp\" alt=\"Tropical Palm Tree Ceramic Crockery Wholesale for Restaurant-10\" class=\"wp-image-6216\" srcset=\"https:\/\/www.lovinghomecollection.com\/wp-content\/uploads\/2026\/01\/Tropical-Palm-Tree-Ceramic-Crockery-Wholesale-for-Restaurant-10.webp 1723w, https:\/\/www.lovinghomecollection.com\/wp-content\/uploads\/2026\/01\/Tropical-Palm-Tree-Ceramic-Crockery-Wholesale-for-Restaurant-10-300x250.webp 300w, https:\/\/www.lovinghomecollection.com\/wp-content\/uploads\/2026\/01\/Tropical-Palm-Tree-Ceramic-Crockery-Wholesale-for-Restaurant-10-768x640.webp 768w, https:\/\/www.lovinghomecollection.com\/wp-content\/uploads\/2026\/01\/Tropical-Palm-Tree-Ceramic-Crockery-Wholesale-for-Restaurant-10-14x12.webp 14w, https:\/\/www.lovinghomecollection.com\/wp-content\/uploads\/2026\/01\/Tropical-Palm-Tree-Ceramic-Crockery-Wholesale-for-Restaurant-10-1200x1000.webp 1200w, https:\/\/www.lovinghomecollection.com\/wp-content\/uploads\/2026\/01\/Tropical-Palm-Tree-Ceramic-Crockery-Wholesale-for-Restaurant-10-600x500.webp 600w\" sizes=\"(max-width: 1723px) 100vw, 1723px\" \/><\/figure>\n<\/div>\n\n\n\n<div class=\"wp-block-column is-layout-flow wp-block-column-is-layout-flow\">\n<figure class=\"wp-block-image size-full\"><img decoding=\"async\" width=\"1754\" height=\"990\" src=\"https:\/\/www.lovinghomecollection.com\/wp-content\/uploads\/2026\/01\/Tropical-Palm-Tree-Ceramic-Crockery-Wholesale-for-Restaurant-11.webp\" alt=\"Tropical Palm Tree Ceramic Crockery Wholesale for Restaurant-11\" class=\"wp-image-6217\" srcset=\"https:\/\/www.lovinghomecollection.com\/wp-content\/uploads\/2026\/01\/Tropical-Palm-Tree-Ceramic-Crockery-Wholesale-for-Restaurant-11.webp 1754w, https:\/\/www.lovinghomecollection.com\/wp-content\/uploads\/2026\/01\/Tropical-Palm-Tree-Ceramic-Crockery-Wholesale-for-Restaurant-11-300x169.webp 300w, https:\/\/www.lovinghomecollection.com\/wp-content\/uploads\/2026\/01\/Tropical-Palm-Tree-Ceramic-Crockery-Wholesale-for-Restaurant-11-768x433.webp 768w, https:\/\/www.lovinghomecollection.com\/wp-content\/uploads\/2026\/01\/Tropical-Palm-Tree-Ceramic-Crockery-Wholesale-for-Restaurant-11-18x10.webp 18w, https:\/\/www.lovinghomecollection.com\/wp-content\/uploads\/2026\/01\/Tropical-Palm-Tree-Ceramic-Crockery-Wholesale-for-Restaurant-11-1200x677.webp 1200w, https:\/\/www.lovinghomecollection.com\/wp-content\/uploads\/2026\/01\/Tropical-Palm-Tree-Ceramic-Crockery-Wholesale-for-Restaurant-11-600x339.webp 600w\" sizes=\"(max-width: 1754px) 100vw, 1754px\" \/><\/figure>\n<\/div>\n<\/div>\n\n\n\n<p><\/p>","protected":false},"excerpt":{"rendered":"<p>Bienvenue pour acheter de la vaisselle en porcelaine en gros. Cette vaisselle en c\u00e9ramique palmier tropical en gros pr\u00e9sente un design qui utilise une combinaison de techniques peintes \u00e0 la main et imprim\u00e9es pour cr\u00e9er un style unique de centre de vill\u00e9giature frais et naturel.<\/p>\n<table style=\"border-collapse: collapse; width: 338.02pt;\" border=\"0\" width=\"338\" cellspacing=\"0\" cellpadding=\"0\">\n<tbody>\n<tr style=\"height: 18.00pt;\">\n<td class=\"et3\" style=\"height: 18.00pt; width: 124.50pt;\" width=\"124\" height=\"18\">Fabricant<\/td>\n<td class=\"et3\" style=\"width: 214.40pt;\" width=\"214\">Un foyer d'amour<\/td>\n<\/tr>\n<tr style=\"height: 18.00pt;\">\n<td class=\"et3\" style=\"height: 18.00pt; width: 124.50pt;\" width=\"124\" height=\"18\">Nom de la collection<\/td>\n<td class=\"et4\" style=\"width: 214.40pt;\" width=\"214\">Collection Under The Palm<\/td>\n<\/tr>\n<tr style=\"height: 18.00pt;\">\n<td class=\"et3\" style=\"height: 18.00pt; width: 124.50pt;\" width=\"124\" height=\"18\">Utilisation<\/td>\n<td class=\"et3\" style=\"width: 214.40pt;\" width=\"214\">Maison, Restaurant, H\u00f4tel<\/td>\n<\/tr>\n<tr style=\"height: 36.00pt;\">\n<td class=\"et3\" style=\"height: 36.00pt; width: 124.50pt;\" width=\"124\" height=\"36\">Type de vaisselle<\/td>\n<td class=\"et3\" style=\"width: 214.40pt;\" width=\"214\">Assiette, bol, th\u00e9i\u00e8re, tasse et soucoupe, tasse, sucrier<\/td>\n<\/tr>\n<tr style=\"height: 18.00pt;\">\n<td class=\"et3\" style=\"height: 18.00pt; width: 124.50pt;\" width=\"124\" height=\"18\">Mat\u00e9riau<\/td>\n<td class=\"et3\" style=\"width: 214.40pt;\" width=\"214\">Porcelaine durable<\/td>\n<\/tr>\n<tr style=\"height: 18.00pt;\">\n<td class=\"et3\" style=\"height: 18.00pt; width: 124.50pt;\" width=\"124\" height=\"18\">Dimension<\/td>\n<td class=\"et3\" style=\"width: 214.40pt;\" width=\"214\">Comme l'indique la photo de d\u00e9tail<\/td>\n<\/tr>\n<tr style=\"height: 18.00pt;\">\n<td class=\"et3\" style=\"height: 18.00pt; width: 124.50pt;\" width=\"124\" height=\"18\">Unit\u00e9s de vente<\/td>\n<td class=\"et3\" style=\"width: 214.40pt;\" width=\"214\">Article unique<\/td>\n<\/tr>\n<tr style=\"height: 18.00pt;\">\n<td class=\"et3\" style=\"height: 18.00pt; width: 124.50pt;\" width=\"124\" height=\"18\">MOQ<\/td>\n<td class=\"et3\" style=\"width: 214.40pt;\" width=\"214\">1200\/pcs par article<\/td>\n<\/tr>\n<tr style=\"height: 18.00pt;\">\n<td class=\"et3\" style=\"height: 18.00pt; width: 124.50pt;\" width=\"124\" height=\"18\">Option personnalis\u00e9e<\/td>\n<td class=\"et3\" style=\"width: 214.40pt;\" width=\"214\">Couleur\/Taille\/Glaze\/Logo\/Emballage<\/td>\n<\/tr>\n<\/tbody>\n<\/table>","protected":false},"featured_media":6208,"comment_status":"closed","ping_status":"closed","template":"","meta":{"_acf_changed":false},"product_brand":[],"product_cat":[19],"product_tag":[36,25,39,27,26],"class_list":{"0":"post-6206","1":"product","2":"type-product","3":"status-publish","4":"has-post-thumbnail","6":"product_cat-dinnerware-wholesale","7":"product_tag-wholesale-kettles","8":"product_tag-wholesale-plates-and-bowls","9":"product_tag-sugar-jars-wholesale","10":"product_tag-wholesale-tea-cups-and-saucers","11":"product_tag-wholesale-teapots","13":"first","14":"instock","15":"shipping-taxable","16":"product-type-simple"},"acf":[],"_links":{"self":[{"href":"https:\/\/www.lovinghomecollection.com\/fr\/wp-json\/wp\/v2\/product\/6206","targetHints":{"allow":["GET"]}}],"collection":[{"href":"https:\/\/www.lovinghomecollection.com\/fr\/wp-json\/wp\/v2\/product"}],"about":[{"href":"https:\/\/www.lovinghomecollection.com\/fr\/wp-json\/wp\/v2\/types\/product"}],"replies":[{"embeddable":true,"href":"https:\/\/www.lovinghomecollection.com\/fr\/wp-json\/wp\/v2\/comments?post=6206"}],"wp:featuredmedia":[{"embeddable":true,"href":"https:\/\/www.lovinghomecollection.com\/fr\/wp-json\/wp\/v2\/media\/6208"}],"wp:attachment":[{"href":"https:\/\/www.lovinghomecollection.com\/fr\/wp-json\/wp\/v2\/media?parent=6206"}],"wp:term":[{"taxonomy":"product_brand","embeddable":true,"href":"https:\/\/www.lovinghomecollection.com\/fr\/wp-json\/wp\/v2\/product_brand?post=6206"},{"taxonomy":"product_cat","embeddable":true,"href":"https:\/\/www.lovinghomecollection.com\/fr\/wp-json\/wp\/v2\/product_cat?post=6206"},{"taxonomy":"product_tag","embeddable":true,"href":"https:\/\/www.lovinghomecollection.com\/fr\/wp-json\/wp\/v2\/product_tag?post=6206"}],"curies":[{"name":"wp","href":"https:\/\/api.w.org\/{rel}","templated":true}]}}