{"id":6193,"date":"2025-12-30T06:58:41","date_gmt":"2025-12-30T06:58:41","guid":{"rendered":"https:\/\/www.lovinghomecollection.com\/?post_type=product&#038;p=6193"},"modified":"2025-12-30T07:09:25","modified_gmt":"2025-12-30T07:09:25","slug":"wholesale-bud-vases","status":"publish","type":"product","link":"https:\/\/www.lovinghomecollection.com\/fr\/produit\/wholesale-bud-vases\/","title":{"rendered":"Vases blancs en gros, petits vases en forme de fruit en vrac"},"content":{"rendered":"<div class=\"wp-block-columns is-layout-flex wp-container-core-columns-is-layout-9d6595d7 wp-block-columns-is-layout-flex\">\n<div class=\"wp-block-column is-layout-flow wp-block-column-is-layout-flow\" style=\"flex-basis:60%\">\n<h2 class=\"wp-block-heading\">Premium Wholesale Bud Vases Caract\u00e9ristiques :<\/h2>\n\n\n\n<ul class=\"wp-block-list\">\n<li><strong>Design unique en forme de fruit : <\/strong>Ces vases en gros sont inspir\u00e9s de fruits r\u00e9alistes (tels que les grenades, les ananas et les bananes), interpr\u00e9t\u00e9s dans un langage de conception moderne, et poss\u00e8dent \u00e0 la fois une beaut\u00e9 artistique et un caract\u00e8re distinctif. Ils sont tr\u00e8s parlants et visuellement attrayants en tant que pi\u00e8ces d\u00e9coratives.<\/li>\n\n\n\n<li><strong>Design minimaliste, style polyvalent : <\/strong>Les formes simples et \u00e9l\u00e9gantes de ces vases en c\u00e9ramique mate s'int\u00e8grent facilement \u00e0 de nombreux styles de d\u00e9coration int\u00e9rieure, tels que le style nordique, le style moderne, le style Wabi-Sabi, le style pastoral (vie \u00e0 la campagne), ce qui peut ajouter au style de d\u00e9coration g\u00e9n\u00e9ral de l'espace.<\/li>\n\n\n\n<li><strong>Mat\u00e9riau c\u00e9ramique de haute qualit\u00e9, texture exceptionnelle :<\/strong> Nos vases \u00e0 bourgeons en gros sont fabriqu\u00e9s en c\u00e9ramique de qualit\u00e9 et ont une surface blanche mate et une surface blanche brillante, ce qui leur conf\u00e8re un toucher lisse et une belle apparence, ainsi qu'une couleur rafra\u00eechissante pour certaines pi\u00e8ces. Nos vases \u00e0 bourgeons sont durables et faciles \u00e0 nettoyer.<\/li>\n\n\n\n<li><strong>Ambiance forte, renforcement de la vitalit\u00e9 de l'espace : <\/strong>Nos vases en gros en c\u00e9ramique mate sont intrins\u00e8quement d\u00e9coratifs. Qu'ils soient utilis\u00e9s pour des compositions florales, des bougies ou simplement comme pi\u00e8ces ind\u00e9pendantes, ils cr\u00e9ent une atmosph\u00e8re chaleureuse, naturelle et vibrante, ce qui en fait un choix id\u00e9al pour la d\u00e9coration des magasins et des espaces commerciaux.<\/li>\n<\/ul>\n<\/div>\n\n\n\n<div class=\"wp-block-column is-layout-flow wp-block-column-is-layout-flow\" style=\"flex-basis:40%\">\n<figure class=\"wp-block-image size-full\"><img decoding=\"async\" width=\"1200\" height=\"1200\" src=\"https:\/\/www.lovinghomecollection.com\/wp-content\/uploads\/2025\/12\/White-Wholesale-Bud-Vases-Small-Fruit-Shape-Vase-In-Bulk-5.webp\" alt=\"Vases \u00e0 bourgeons blancs en gros, petits vases en forme de fruits en vrac-5\" class=\"wp-image-6198\" srcset=\"https:\/\/www.lovinghomecollection.com\/wp-content\/uploads\/2025\/12\/White-Wholesale-Bud-Vases-Small-Fruit-Shape-Vase-In-Bulk-5.webp 1200w, https:\/\/www.lovinghomecollection.com\/wp-content\/uploads\/2025\/12\/White-Wholesale-Bud-Vases-Small-Fruit-Shape-Vase-In-Bulk-5-300x300.webp 300w, https:\/\/www.lovinghomecollection.com\/wp-content\/uploads\/2025\/12\/White-Wholesale-Bud-Vases-Small-Fruit-Shape-Vase-In-Bulk-5-150x150.webp 150w, https:\/\/www.lovinghomecollection.com\/wp-content\/uploads\/2025\/12\/White-Wholesale-Bud-Vases-Small-Fruit-Shape-Vase-In-Bulk-5-768x768.webp 768w, https:\/\/www.lovinghomecollection.com\/wp-content\/uploads\/2025\/12\/White-Wholesale-Bud-Vases-Small-Fruit-Shape-Vase-In-Bulk-5-12x12.webp 12w, https:\/\/www.lovinghomecollection.com\/wp-content\/uploads\/2025\/12\/White-Wholesale-Bud-Vases-Small-Fruit-Shape-Vase-In-Bulk-5-600x600.webp 600w, https:\/\/www.lovinghomecollection.com\/wp-content\/uploads\/2025\/12\/White-Wholesale-Bud-Vases-Small-Fruit-Shape-Vase-In-Bulk-5-100x100.webp 100w\" sizes=\"(max-width: 1200px) 100vw, 1200px\" \/><\/figure>\n<\/div>\n<\/div>\n\n\n\n<h2 class=\"wp-block-heading has-text-align-center\">Pr\u00e9sentation des produits des vases \u00e0 bourgeons en gros<\/h2>\n\n\n\n<figure class=\"wp-block-image size-full\"><img decoding=\"async\" width=\"1754\" height=\"1761\" src=\"https:\/\/www.lovinghomecollection.com\/wp-content\/uploads\/2025\/12\/White-Wholesale-Bud-Vases-Small-Fruit-Shape-Vase-In-Bulk-7.webp\" alt=\"Vases \u00e0 bourgeons blancs en gros, petits vases en forme de fruits en vrac-7\" class=\"wp-image-6200\" srcset=\"https:\/\/www.lovinghomecollection.com\/wp-content\/uploads\/2025\/12\/White-Wholesale-Bud-Vases-Small-Fruit-Shape-Vase-In-Bulk-7.webp 1754w, https:\/\/www.lovinghomecollection.com\/wp-content\/uploads\/2025\/12\/White-Wholesale-Bud-Vases-Small-Fruit-Shape-Vase-In-Bulk-7-300x300.webp 300w, https:\/\/www.lovinghomecollection.com\/wp-content\/uploads\/2025\/12\/White-Wholesale-Bud-Vases-Small-Fruit-Shape-Vase-In-Bulk-7-150x150.webp 150w, https:\/\/www.lovinghomecollection.com\/wp-content\/uploads\/2025\/12\/White-Wholesale-Bud-Vases-Small-Fruit-Shape-Vase-In-Bulk-7-768x771.webp 768w, https:\/\/www.lovinghomecollection.com\/wp-content\/uploads\/2025\/12\/White-Wholesale-Bud-Vases-Small-Fruit-Shape-Vase-In-Bulk-7-12x12.webp 12w, https:\/\/www.lovinghomecollection.com\/wp-content\/uploads\/2025\/12\/White-Wholesale-Bud-Vases-Small-Fruit-Shape-Vase-In-Bulk-7-1200x1205.webp 1200w, https:\/\/www.lovinghomecollection.com\/wp-content\/uploads\/2025\/12\/White-Wholesale-Bud-Vases-Small-Fruit-Shape-Vase-In-Bulk-7-600x602.webp 600w, https:\/\/www.lovinghomecollection.com\/wp-content\/uploads\/2025\/12\/White-Wholesale-Bud-Vases-Small-Fruit-Shape-Vase-In-Bulk-7-100x100.webp 100w\" sizes=\"(max-width: 1754px) 100vw, 1754px\" \/><\/figure>","protected":false},"excerpt":{"rendered":"<p>Bienvenue sur le site d'achat en gros de vases \u00e0 bourgeons. Notre collection de vases en c\u00e9ramique mate s'inspire de fruits r\u00e9alistes et pr\u00e9sente une large gamme de formes cr\u00e9atives, dont celles des fraises, des grenades et des bananes.<\/p>\n<table style=\"border-collapse: collapse; width: 338.02pt;\" border=\"0\" width=\"338\" cellspacing=\"0\" cellpadding=\"0\">\n<tbody>\n<tr style=\"height: 18.00pt;\">\n<td class=\"et3\" style=\"height: 18.00pt; width: 124.50pt;\" width=\"124\" height=\"18\">Fabricant<\/td>\n<td class=\"et3\" style=\"width: 214.40pt;\" width=\"214\">Un foyer d'amour<\/td>\n<\/tr>\n<tr style=\"height: 18.00pt;\">\n<td class=\"et3\" style=\"height: 18.00pt; width: 124.50pt;\" width=\"124\" height=\"18\">Type de produit<\/td>\n<td class=\"et4\" style=\"width: 214.40pt;\" width=\"214\">Vases en c\u00e9ramique<\/td>\n<\/tr>\n<tr style=\"height: 18.00pt;\">\n<td class=\"et3\" style=\"height: 18.00pt; width: 124.50pt;\" width=\"124\" height=\"18\">Mat\u00e9riau<\/td>\n<td class=\"et3\" style=\"width: 214.40pt;\" width=\"214\">Porcelaine durable<\/td>\n<\/tr>\n<tr style=\"height: 18.00pt;\">\n<td class=\"et3\" style=\"height: 18.00pt; width: 124.50pt;\" width=\"124\" height=\"18\">Dimension<\/td>\n<td class=\"et3\" style=\"width: 214.40pt;\" width=\"214\">Comme l'indique la photo de d\u00e9tail<\/td>\n<\/tr>\n<tr style=\"height: 18.00pt;\">\n<td class=\"et3\" style=\"height: 18.00pt; width: 124.50pt;\" width=\"124\" height=\"18\">Unit\u00e9s de vente<\/td>\n<td class=\"et3\" style=\"width: 214.40pt;\" width=\"214\">Article unique<\/td>\n<\/tr>\n<tr style=\"height: 18.00pt;\">\n<td class=\"et3\" style=\"height: 18.00pt; width: 124.50pt;\" width=\"124\" height=\"18\">MOQ<\/td>\n<td class=\"et3\" style=\"width: 214.40pt;\" width=\"214\">1200\/pcs par article<\/td>\n<\/tr>\n<tr style=\"height: 18.00pt;\">\n<td class=\"et3\" style=\"height: 18.00pt; width: 124.50pt;\" width=\"124\" height=\"18\">Option personnalis\u00e9e<\/td>\n<td class=\"et3\" style=\"width: 214.40pt;\" width=\"214\">Couleur\/Taille\/Glaze\/Logo\/Emballage<\/td>\n<\/tr>\n<\/tbody>\n<\/table>","protected":false},"featured_media":6194,"comment_status":"closed","ping_status":"closed","template":"","meta":{"_acf_changed":false},"product_brand":[],"product_cat":[21,50],"product_tag":[],"class_list":{"0":"post-6193","1":"product","2":"type-product","3":"status-publish","4":"has-post-thumbnail","6":"product_cat-ceramic-vases-bulk","7":"product_cat-wholesale-vases-and-pots","9":"first","10":"instock","11":"shipping-taxable","12":"product-type-simple"},"acf":[],"_links":{"self":[{"href":"https:\/\/www.lovinghomecollection.com\/fr\/wp-json\/wp\/v2\/product\/6193","targetHints":{"allow":["GET"]}}],"collection":[{"href":"https:\/\/www.lovinghomecollection.com\/fr\/wp-json\/wp\/v2\/product"}],"about":[{"href":"https:\/\/www.lovinghomecollection.com\/fr\/wp-json\/wp\/v2\/types\/product"}],"replies":[{"embeddable":true,"href":"https:\/\/www.lovinghomecollection.com\/fr\/wp-json\/wp\/v2\/comments?post=6193"}],"wp:featuredmedia":[{"embeddable":true,"href":"https:\/\/www.lovinghomecollection.com\/fr\/wp-json\/wp\/v2\/media\/6194"}],"wp:attachment":[{"href":"https:\/\/www.lovinghomecollection.com\/fr\/wp-json\/wp\/v2\/media?parent=6193"}],"wp:term":[{"taxonomy":"product_brand","embeddable":true,"href":"https:\/\/www.lovinghomecollection.com\/fr\/wp-json\/wp\/v2\/product_brand?post=6193"},{"taxonomy":"product_cat","embeddable":true,"href":"https:\/\/www.lovinghomecollection.com\/fr\/wp-json\/wp\/v2\/product_cat?post=6193"},{"taxonomy":"product_tag","embeddable":true,"href":"https:\/\/www.lovinghomecollection.com\/fr\/wp-json\/wp\/v2\/product_tag?post=6193"}],"curies":[{"name":"wp","href":"https:\/\/api.w.org\/{rel}","templated":true}]}}