{"id":6182,"date":"2025-12-30T06:39:14","date_gmt":"2025-12-30T06:39:14","guid":{"rendered":"https:\/\/www.lovinghomecollection.com\/?post_type=product&#038;p=6182"},"modified":"2026-02-11T09:53:18","modified_gmt":"2026-02-11T09:53:18","slug":"crockery-set-wholesale","status":"publish","type":"product","link":"https:\/\/www.lovinghomecollection.com\/fr\/produit\/crockery-set-wholesale\/","title":{"rendered":"Ensemble de vaisselle florale en gros avec motifs papillons r\u00e9alistes"},"content":{"rendered":"<div class=\"wp-block-columns is-layout-flex wp-container-core-columns-is-layout-9d6595d7 wp-block-columns-is-layout-flex\">\n<div class=\"wp-block-column is-layout-flow wp-block-column-is-layout-flow\" style=\"flex-basis:60%\">\n<h2 class=\"wp-block-heading\">Set de vaisselle Premium Wholesale Caract\u00e9ristiques :<\/h2>\n\n\n\n<ul class=\"wp-block-list\">\n<li><strong>Motifs floraux, r\u00e9alistes et \u00e9clatants :<\/strong> Ce service de vaisselle en gros utilise des techniques de peinture \u00e0 la main raffin\u00e9es, avec des couleurs vives et des couches distinctes dans les motifs floraux et papillons, conf\u00e9rant \u00e0 votre table \u00e0 manger une atmosph\u00e8re artistique naturelle.<\/li>\n\n\n\n<li><strong>Gamme compl\u00e8te de produits, large application : <\/strong>Notre s\u00e9rie de vaisselle en gros comprend une grande vari\u00e9t\u00e9 d'articles tels que des assiettes \u00e0 d\u00eener, des services \u00e0 th\u00e9, des bols et des supports \u00e0 g\u00e2teaux, r\u00e9pondant aux besoins d'achat en une seule fois pour diverses occasions, y compris les d\u00eeners formels, les pauses th\u00e9 et les tables \u00e0 desserts.<\/li>\n\n\n\n<li><strong>Conception d\u00e9taill\u00e9e exquise, texture am\u00e9lior\u00e9e : <\/strong>Notre service de vaisselle en gros pr\u00e9sente des bords ondul\u00e9s, des rayures verticales et des textures gaufr\u00e9es, compl\u00e9t\u00e9s par des manches de cuill\u00e8res dor\u00e9s et d'autres ornements, mettant en valeur un style \u00e9l\u00e9gant dans chaque d\u00e9tail.<\/li>\n\n\n\n<li><strong>Cr\u00e9ation d'une atmosph\u00e8re chaleureuse, forte attractivit\u00e9 de l'exposition :<\/strong> Ces articles de table floraux en gros utilisent une couleur de base blanc cass\u00e9 tr\u00e8s int\u00e9gr\u00e9e et des tons de bois chauds, cr\u00e9ant facilement une pr\u00e9sentation visuelle chaleureuse et apaisante lorsqu'ils sont associ\u00e9s \u00e0 de la verdure et \u00e0 des fruits, ce qui stimule le d\u00e9sir d'achat.<\/li>\n<\/ul>\n<\/div>\n\n\n\n<div class=\"wp-block-column is-layout-flow wp-block-column-is-layout-flow\">\n<figure class=\"wp-block-image size-full\"><img decoding=\"async\" width=\"1200\" height=\"1200\" src=\"https:\/\/www.lovinghomecollection.com\/wp-content\/uploads\/2025\/12\/Floral-Crockery-Set-Wholesale-With-Lifelike-Butterfly-Motifs-4.webp\" alt=\"Set de vaisselle floral Wholesale avec motifs de papillons vivants-4\" class=\"wp-image-6186\" srcset=\"https:\/\/www.lovinghomecollection.com\/wp-content\/uploads\/2025\/12\/Floral-Crockery-Set-Wholesale-With-Lifelike-Butterfly-Motifs-4.webp 1200w, https:\/\/www.lovinghomecollection.com\/wp-content\/uploads\/2025\/12\/Floral-Crockery-Set-Wholesale-With-Lifelike-Butterfly-Motifs-4-300x300.webp 300w, https:\/\/www.lovinghomecollection.com\/wp-content\/uploads\/2025\/12\/Floral-Crockery-Set-Wholesale-With-Lifelike-Butterfly-Motifs-4-150x150.webp 150w, https:\/\/www.lovinghomecollection.com\/wp-content\/uploads\/2025\/12\/Floral-Crockery-Set-Wholesale-With-Lifelike-Butterfly-Motifs-4-768x768.webp 768w, https:\/\/www.lovinghomecollection.com\/wp-content\/uploads\/2025\/12\/Floral-Crockery-Set-Wholesale-With-Lifelike-Butterfly-Motifs-4-12x12.webp 12w, https:\/\/www.lovinghomecollection.com\/wp-content\/uploads\/2025\/12\/Floral-Crockery-Set-Wholesale-With-Lifelike-Butterfly-Motifs-4-600x600.webp 600w, https:\/\/www.lovinghomecollection.com\/wp-content\/uploads\/2025\/12\/Floral-Crockery-Set-Wholesale-With-Lifelike-Butterfly-Motifs-4-100x100.webp 100w\" sizes=\"(max-width: 1200px) 100vw, 1200px\" \/><\/figure>\n<\/div>\n<\/div>\n\n\n\n<h2 class=\"wp-block-heading has-text-align-center\">Pr\u00e9sentation des produits de l'ensemble de vaisselle English Garden Wholesale<\/h2>\n\n\n\n<div class=\"wp-block-columns is-layout-flex wp-container-core-columns-is-layout-9d6595d7 wp-block-columns-is-layout-flex\">\n<div class=\"wp-block-column is-layout-flow wp-block-column-is-layout-flow\">\n<figure class=\"wp-block-image size-full\"><img decoding=\"async\" width=\"1685\" height=\"1065\" src=\"https:\/\/www.lovinghomecollection.com\/wp-content\/uploads\/2025\/12\/Floral-Crockery-Set-Wholesale-With-Lifelike-Butterfly-Motifs-9.webp\" alt=\"Set de vaisselle florale Wholesale avec motifs de papillons vivants-9\" class=\"wp-image-6189\" srcset=\"https:\/\/www.lovinghomecollection.com\/wp-content\/uploads\/2025\/12\/Floral-Crockery-Set-Wholesale-With-Lifelike-Butterfly-Motifs-9.webp 1685w, https:\/\/www.lovinghomecollection.com\/wp-content\/uploads\/2025\/12\/Floral-Crockery-Set-Wholesale-With-Lifelike-Butterfly-Motifs-9-300x190.webp 300w, https:\/\/www.lovinghomecollection.com\/wp-content\/uploads\/2025\/12\/Floral-Crockery-Set-Wholesale-With-Lifelike-Butterfly-Motifs-9-768x485.webp 768w, https:\/\/www.lovinghomecollection.com\/wp-content\/uploads\/2025\/12\/Floral-Crockery-Set-Wholesale-With-Lifelike-Butterfly-Motifs-9-18x12.webp 18w, https:\/\/www.lovinghomecollection.com\/wp-content\/uploads\/2025\/12\/Floral-Crockery-Set-Wholesale-With-Lifelike-Butterfly-Motifs-9-1200x758.webp 1200w, https:\/\/www.lovinghomecollection.com\/wp-content\/uploads\/2025\/12\/Floral-Crockery-Set-Wholesale-With-Lifelike-Butterfly-Motifs-9-600x379.webp 600w\" sizes=\"(max-width: 1685px) 100vw, 1685px\" \/><\/figure>\n<\/div>\n\n\n\n<div class=\"wp-block-column is-layout-flow wp-block-column-is-layout-flow\">\n<figure class=\"wp-block-image size-full\"><img decoding=\"async\" width=\"1724\" height=\"1240\" src=\"https:\/\/www.lovinghomecollection.com\/wp-content\/uploads\/2025\/12\/Floral-Crockery-Set-Wholesale-With-Lifelike-Butterfly-Motifs-10.webp\" alt=\"Set de vaisselle florale Wholesale avec motifs de papillons vivants-10\" class=\"wp-image-6188\" srcset=\"https:\/\/www.lovinghomecollection.com\/wp-content\/uploads\/2025\/12\/Floral-Crockery-Set-Wholesale-With-Lifelike-Butterfly-Motifs-10.webp 1724w, https:\/\/www.lovinghomecollection.com\/wp-content\/uploads\/2025\/12\/Floral-Crockery-Set-Wholesale-With-Lifelike-Butterfly-Motifs-10-300x216.webp 300w, https:\/\/www.lovinghomecollection.com\/wp-content\/uploads\/2025\/12\/Floral-Crockery-Set-Wholesale-With-Lifelike-Butterfly-Motifs-10-768x552.webp 768w, https:\/\/www.lovinghomecollection.com\/wp-content\/uploads\/2025\/12\/Floral-Crockery-Set-Wholesale-With-Lifelike-Butterfly-Motifs-10-18x12.webp 18w, https:\/\/www.lovinghomecollection.com\/wp-content\/uploads\/2025\/12\/Floral-Crockery-Set-Wholesale-With-Lifelike-Butterfly-Motifs-10-1200x863.webp 1200w, https:\/\/www.lovinghomecollection.com\/wp-content\/uploads\/2025\/12\/Floral-Crockery-Set-Wholesale-With-Lifelike-Butterfly-Motifs-10-600x432.webp 600w\" sizes=\"(max-width: 1724px) 100vw, 1724px\" \/><\/figure>\n<\/div>\n<\/div>\n\n\n\n<p><\/p>","protected":false},"excerpt":{"rendered":"<p>Nous vous invitons \u00e0 acheter notre vaisselle en gros. Notre s\u00e9rie de vaisselle florale en gros pr\u00e9sente d'exquis motifs floraux peints \u00e0 la main, orn\u00e9s de papillons plus vrais que nature, couvrant une gamme compl\u00e8te de vaisselle comprenant des bols, des assiettes, des tasses, des th\u00e9i\u00e8res et des supports \u00e0 g\u00e2teaux.<\/p>\n<table style=\"border-collapse: collapse; width: 338.02pt;\" border=\"0\" width=\"338\" cellspacing=\"0\" cellpadding=\"0\">\n<tbody>\n<tr style=\"height: 18.00pt;\">\n<td class=\"et3\" style=\"height: 18.00pt; width: 124.50pt;\" width=\"124\" height=\"18\">Fabricant<\/td>\n<td class=\"et3\" style=\"width: 214.40pt;\" width=\"214\">Un foyer d'amour<\/td>\n<\/tr>\n<tr style=\"height: 18.00pt;\">\n<td class=\"et3\" style=\"height: 18.00pt; width: 124.50pt;\" width=\"124\" height=\"18\">Nom de la collection<\/td>\n<td class=\"et4\" style=\"width: 214.40pt;\" width=\"214\">Collection de jardins anglais<\/td>\n<\/tr>\n<tr style=\"height: 18.00pt;\">\n<td class=\"et3\" style=\"height: 18.00pt; width: 124.50pt;\" width=\"124\" height=\"18\">Utilisation<\/td>\n<td class=\"et3\" style=\"width: 214.40pt;\" width=\"214\">Maison, Restaurant, H\u00f4tel<\/td>\n<\/tr>\n<tr style=\"height: 36.00pt;\">\n<td class=\"et3\" style=\"height: 36.00pt; width: 124.50pt;\" width=\"124\" height=\"36\">Type de vaisselle<\/td>\n<td class=\"et3\" style=\"width: 214.40pt;\" width=\"214\">Assiette, bol, th\u00e9i\u00e8re, tasse et soucoupe, mug, pr\u00e9sentoir \u00e0 g\u00e2teaux, sucrier, beurrier<\/td>\n<\/tr>\n<tr style=\"height: 18.00pt;\">\n<td class=\"et3\" style=\"height: 18.00pt; width: 124.50pt;\" width=\"124\" height=\"18\">Mat\u00e9riau<\/td>\n<td class=\"et3\" style=\"width: 214.40pt;\" width=\"214\">Porcelaine durable<\/td>\n<\/tr>\n<tr style=\"height: 18.00pt;\">\n<td class=\"et3\" style=\"height: 18.00pt; width: 124.50pt;\" width=\"124\" height=\"18\">Dimension<\/td>\n<td class=\"et3\" style=\"width: 214.40pt;\" width=\"214\">Comme l'indique la photo de d\u00e9tail<\/td>\n<\/tr>\n<tr style=\"height: 18.00pt;\">\n<td class=\"et3\" style=\"height: 18.00pt; width: 124.50pt;\" width=\"124\" height=\"18\">Unit\u00e9s de vente<\/td>\n<td class=\"et3\" style=\"width: 214.40pt;\" width=\"214\">Article unique<\/td>\n<\/tr>\n<tr style=\"height: 18.00pt;\">\n<td class=\"et3\" style=\"height: 18.00pt; width: 124.50pt;\" width=\"124\" height=\"18\">MOQ<\/td>\n<td class=\"et3\" style=\"width: 214.40pt;\" width=\"214\">1200\/pcs par article<\/td>\n<\/tr>\n<tr style=\"height: 18.00pt;\">\n<td class=\"et3\" style=\"height: 18.00pt; width: 124.50pt;\" width=\"124\" height=\"18\">Option personnalis\u00e9e<\/td>\n<td class=\"et3\" style=\"width: 214.40pt;\" width=\"214\">Couleur\/Taille\/Glaze\/Logo\/Emballage<\/td>\n<\/tr>\n<\/tbody>\n<\/table>","protected":false},"featured_media":6190,"comment_status":"closed","ping_status":"closed","template":"","meta":{"_acf_changed":false},"product_brand":[],"product_cat":[19],"product_tag":[37,36,25,39,27,26],"class_list":{"0":"post-6182","1":"product","2":"type-product","3":"status-publish","4":"has-post-thumbnail","6":"product_cat-dinnerware-wholesale","7":"product_tag-bulk-cake-stands","8":"product_tag-wholesale-kettles","9":"product_tag-wholesale-plates-and-bowls","10":"product_tag-sugar-jars-wholesale","11":"product_tag-wholesale-tea-cups-and-saucers","12":"product_tag-wholesale-teapots","14":"first","15":"instock","16":"shipping-taxable","17":"product-type-simple"},"acf":[],"_links":{"self":[{"href":"https:\/\/www.lovinghomecollection.com\/fr\/wp-json\/wp\/v2\/product\/6182","targetHints":{"allow":["GET"]}}],"collection":[{"href":"https:\/\/www.lovinghomecollection.com\/fr\/wp-json\/wp\/v2\/product"}],"about":[{"href":"https:\/\/www.lovinghomecollection.com\/fr\/wp-json\/wp\/v2\/types\/product"}],"replies":[{"embeddable":true,"href":"https:\/\/www.lovinghomecollection.com\/fr\/wp-json\/wp\/v2\/comments?post=6182"}],"wp:featuredmedia":[{"embeddable":true,"href":"https:\/\/www.lovinghomecollection.com\/fr\/wp-json\/wp\/v2\/media\/6190"}],"wp:attachment":[{"href":"https:\/\/www.lovinghomecollection.com\/fr\/wp-json\/wp\/v2\/media?parent=6182"}],"wp:term":[{"taxonomy":"product_brand","embeddable":true,"href":"https:\/\/www.lovinghomecollection.com\/fr\/wp-json\/wp\/v2\/product_brand?post=6182"},{"taxonomy":"product_cat","embeddable":true,"href":"https:\/\/www.lovinghomecollection.com\/fr\/wp-json\/wp\/v2\/product_cat?post=6182"},{"taxonomy":"product_tag","embeddable":true,"href":"https:\/\/www.lovinghomecollection.com\/fr\/wp-json\/wp\/v2\/product_tag?post=6182"}],"curies":[{"name":"wp","href":"https:\/\/api.w.org\/{rel}","templated":true}]}}