{"id":6171,"date":"2025-12-30T06:24:28","date_gmt":"2025-12-30T06:24:28","guid":{"rendered":"https:\/\/www.lovinghomecollection.com\/?post_type=product&#038;p=6171"},"modified":"2026-02-05T09:40:12","modified_gmt":"2026-02-05T09:40:12","slug":"hotel-dinnerware-wholesale","status":"publish","type":"product","link":"https:\/\/www.lovinghomecollection.com\/fr\/produit\/hotel-dinnerware-wholesale\/","title":{"rendered":"Vaisselle d'h\u00f4tel bleu fonc\u00e9 \u00e0 gla\u00e7ure r\u00e9active, vente en gros"},"content":{"rendered":"<div class=\"wp-block-columns is-layout-flex wp-container-core-columns-is-layout-9d6595d7 wp-block-columns-is-layout-flex\">\n<div class=\"wp-block-column is-layout-flow wp-block-column-is-layout-flow\" style=\"flex-basis:60%\">\n<h2 class=\"wp-block-heading\">Vaisselle d'h\u00f4tel de premi\u00e8re qualit\u00e9 Caract\u00e9ristiques en gros :<\/h2>\n\n\n\n<ul class=\"wp-block-list\">\n<li><strong>Proc\u00e9d\u00e9 unique de gla\u00e7age r\u00e9actif : <\/strong>Cette vaisselle d'h\u00f4tel en gros utilise une technologie de gla\u00e7age r\u00e9actif pour produire des combinaisons de couleurs et de textures uniques qui cr\u00e9ent une \u0153uvre d'art individuelle pour chaque pi\u00e8ce produite.<\/li>\n\n\n\n<li><strong>Ensemble complet pour le shopping \u00e0 guichet unique : <\/strong>Notre s\u00e9rie de vaisselle en porcelaine en gros comprend une gamme compl\u00e8te de pi\u00e8ces de vaisselle, des assiettes aux th\u00e9i\u00e8res en passant par les moules, dans des tailles allant de 12 cm \u00e0 27 cm, ce qui permet d'acheter facilement l'ensemble de la collection en une seule fois.<\/li>\n\n\n\n<li><strong>Le design exquis rehausse l'ambiance : <\/strong>Notre vaisselle d'h\u00f4tel en gros s'inspire de formes naturelles, telles que les vagues et les p\u00e9tales, combin\u00e9es \u00e0 l'utilisation de couleurs calmes, telles que le bleu clair et le gris, cr\u00e9ant ainsi une atmosph\u00e8re chaleureuse et accueillante \u00e0 la table.<\/li>\n\n\n\n<li><strong>Mat\u00e9riau c\u00e9ramique de haute qualit\u00e9 : <\/strong>Notre vaisselle en porcelaine de gros est fabriqu\u00e9e \u00e0 partir de mati\u00e8res premi\u00e8res c\u00e9ramiques \u00e9paisses de haute qualit\u00e9, avec une surface durable et une finition artisanale, ce qui assure la durabilit\u00e9 du produit tout en lui donnant une touche de simplicit\u00e9 et d'\u00e9l\u00e9gance.<\/li>\n<\/ul>\n<\/div>\n\n\n\n<div class=\"wp-block-column is-layout-flow wp-block-column-is-layout-flow\">\n<figure class=\"wp-block-image size-full\"><img decoding=\"async\" width=\"1200\" height=\"1200\" src=\"https:\/\/www.lovinghomecollection.com\/wp-content\/uploads\/2025\/12\/Reactive-Glaze-Deep-Blue-Hotel-Dinnerware-Wholesale-Supply-7.webp\" alt=\"Vaisselle d&#039;h\u00f4tel bleu fonc\u00e9 Reactive Glaze Wholesale Supply-7\" class=\"wp-image-6178\" srcset=\"https:\/\/www.lovinghomecollection.com\/wp-content\/uploads\/2025\/12\/Reactive-Glaze-Deep-Blue-Hotel-Dinnerware-Wholesale-Supply-7.webp 1200w, https:\/\/www.lovinghomecollection.com\/wp-content\/uploads\/2025\/12\/Reactive-Glaze-Deep-Blue-Hotel-Dinnerware-Wholesale-Supply-7-300x300.webp 300w, https:\/\/www.lovinghomecollection.com\/wp-content\/uploads\/2025\/12\/Reactive-Glaze-Deep-Blue-Hotel-Dinnerware-Wholesale-Supply-7-150x150.webp 150w, https:\/\/www.lovinghomecollection.com\/wp-content\/uploads\/2025\/12\/Reactive-Glaze-Deep-Blue-Hotel-Dinnerware-Wholesale-Supply-7-768x768.webp 768w, https:\/\/www.lovinghomecollection.com\/wp-content\/uploads\/2025\/12\/Reactive-Glaze-Deep-Blue-Hotel-Dinnerware-Wholesale-Supply-7-12x12.webp 12w, https:\/\/www.lovinghomecollection.com\/wp-content\/uploads\/2025\/12\/Reactive-Glaze-Deep-Blue-Hotel-Dinnerware-Wholesale-Supply-7-600x600.webp 600w, https:\/\/www.lovinghomecollection.com\/wp-content\/uploads\/2025\/12\/Reactive-Glaze-Deep-Blue-Hotel-Dinnerware-Wholesale-Supply-7-100x100.webp 100w\" sizes=\"(max-width: 1200px) 100vw, 1200px\" \/><\/figure>\n<\/div>\n<\/div>\n\n\n\n<h2 class=\"wp-block-heading has-text-align-center\">Pr\u00e9sentation du produit Lily-Pad Hotel Dinnerware Wholesale<\/h2>\n\n\n\n<div class=\"wp-block-columns is-layout-flex wp-container-core-columns-is-layout-9d6595d7 wp-block-columns-is-layout-flex\">\n<div class=\"wp-block-column is-layout-flow wp-block-column-is-layout-flow\">\n<figure class=\"wp-block-image size-full\"><img decoding=\"async\" width=\"1721\" height=\"1418\" src=\"https:\/\/www.lovinghomecollection.com\/wp-content\/uploads\/2025\/12\/Reactive-Glaze-Deep-Blue-Hotel-Dinnerware-Wholesale-Supply-9.webp\" alt=\"Vaisselle d&#039;h\u00f4tel bleu fonc\u00e9 Reactive Glaze Wholesale Supply-9\" class=\"wp-image-6180\" srcset=\"https:\/\/www.lovinghomecollection.com\/wp-content\/uploads\/2025\/12\/Reactive-Glaze-Deep-Blue-Hotel-Dinnerware-Wholesale-Supply-9.webp 1721w, https:\/\/www.lovinghomecollection.com\/wp-content\/uploads\/2025\/12\/Reactive-Glaze-Deep-Blue-Hotel-Dinnerware-Wholesale-Supply-9-300x247.webp 300w, https:\/\/www.lovinghomecollection.com\/wp-content\/uploads\/2025\/12\/Reactive-Glaze-Deep-Blue-Hotel-Dinnerware-Wholesale-Supply-9-768x633.webp 768w, https:\/\/www.lovinghomecollection.com\/wp-content\/uploads\/2025\/12\/Reactive-Glaze-Deep-Blue-Hotel-Dinnerware-Wholesale-Supply-9-15x12.webp 15w, https:\/\/www.lovinghomecollection.com\/wp-content\/uploads\/2025\/12\/Reactive-Glaze-Deep-Blue-Hotel-Dinnerware-Wholesale-Supply-9-1200x989.webp 1200w, https:\/\/www.lovinghomecollection.com\/wp-content\/uploads\/2025\/12\/Reactive-Glaze-Deep-Blue-Hotel-Dinnerware-Wholesale-Supply-9-600x494.webp 600w\" sizes=\"(max-width: 1721px) 100vw, 1721px\" \/><\/figure>\n<\/div>\n\n\n\n<div class=\"wp-block-column is-layout-flow wp-block-column-is-layout-flow\">\n<figure class=\"wp-block-image size-full\"><img decoding=\"async\" width=\"1683\" height=\"1191\" src=\"https:\/\/www.lovinghomecollection.com\/wp-content\/uploads\/2025\/12\/Reactive-Glaze-Deep-Blue-Hotel-Dinnerware-Wholesale-Supply-10.webp\" alt=\"Reactive Glaze Deep Blue Hotel Dinnerware Wholesale Supply-10\" class=\"wp-image-6181\" srcset=\"https:\/\/www.lovinghomecollection.com\/wp-content\/uploads\/2025\/12\/Reactive-Glaze-Deep-Blue-Hotel-Dinnerware-Wholesale-Supply-10.webp 1683w, https:\/\/www.lovinghomecollection.com\/wp-content\/uploads\/2025\/12\/Reactive-Glaze-Deep-Blue-Hotel-Dinnerware-Wholesale-Supply-10-300x212.webp 300w, https:\/\/www.lovinghomecollection.com\/wp-content\/uploads\/2025\/12\/Reactive-Glaze-Deep-Blue-Hotel-Dinnerware-Wholesale-Supply-10-768x543.webp 768w, https:\/\/www.lovinghomecollection.com\/wp-content\/uploads\/2025\/12\/Reactive-Glaze-Deep-Blue-Hotel-Dinnerware-Wholesale-Supply-10-18x12.webp 18w, https:\/\/www.lovinghomecollection.com\/wp-content\/uploads\/2025\/12\/Reactive-Glaze-Deep-Blue-Hotel-Dinnerware-Wholesale-Supply-10-1200x849.webp 1200w, https:\/\/www.lovinghomecollection.com\/wp-content\/uploads\/2025\/12\/Reactive-Glaze-Deep-Blue-Hotel-Dinnerware-Wholesale-Supply-10-600x425.webp 600w\" sizes=\"(max-width: 1683px) 100vw, 1683px\" \/><\/figure>\n<\/div>\n<\/div>\n\n\n\n<p><\/p>","protected":false},"excerpt":{"rendered":"<p>Bienvenue pour acheter en gros de la vaisselle d'h\u00f4tel. Cet ensemble de vaisselle en porcelaine vendu en gros est caract\u00e9ris\u00e9 par un proc\u00e9d\u00e9 unique de gla\u00e7ure r\u00e9active dans des tons bleu fonc\u00e9 et gris, qui lui conf\u00e8re une texture marbr\u00e9e distinctive et un toucher d\u00e9licat. La gamme de produits est compl\u00e8te et r\u00e9pond aux besoins de divers sc\u00e9narios de restauration.<\/p>\n<table style=\"border-collapse: collapse; width: 338.02pt;\" border=\"0\" width=\"338\" cellspacing=\"0\" cellpadding=\"0\">\n<tbody>\n<tr style=\"height: 18.00pt;\">\n<td class=\"et3\" style=\"height: 18.00pt; width: 124.50pt;\" width=\"124\" height=\"18\">Fabricant<\/td>\n<td class=\"et3\" style=\"width: 214.40pt;\" width=\"214\">Un foyer d'amour<\/td>\n<\/tr>\n<tr style=\"height: 18.00pt;\">\n<td class=\"et3\" style=\"height: 18.00pt; width: 124.50pt;\" width=\"124\" height=\"18\">Nom de la collection<\/td>\n<td class=\"et4\" style=\"width: 214.40pt;\" width=\"214\">Collection Lily-Pad<\/td>\n<\/tr>\n<tr style=\"height: 18.00pt;\">\n<td class=\"et3\" style=\"height: 18.00pt; width: 124.50pt;\" width=\"124\" height=\"18\">Utilisation<\/td>\n<td class=\"et3\" style=\"width: 214.40pt;\" width=\"214\">Maison, Restaurant, H\u00f4tel<\/td>\n<\/tr>\n<tr style=\"height: 36.00pt;\">\n<td class=\"et3\" style=\"height: 36.00pt; width: 124.50pt;\" width=\"124\" height=\"36\">Type de vaisselle<\/td>\n<td class=\"et3\" style=\"width: 214.40pt;\" width=\"214\">Assiette, bol, th\u00e9i\u00e8re, tasse et soucoupe, mug, pr\u00e9sentoir \u00e0 g\u00e2teaux, sucrier, beurrier<\/td>\n<\/tr>\n<tr style=\"height: 18.00pt;\">\n<td class=\"et3\" style=\"height: 18.00pt; width: 124.50pt;\" width=\"124\" height=\"18\">Mat\u00e9riau<\/td>\n<td class=\"et3\" style=\"width: 214.40pt;\" width=\"214\">Porcelaine durable<\/td>\n<\/tr>\n<tr style=\"height: 18.00pt;\">\n<td class=\"et3\" style=\"height: 18.00pt; width: 124.50pt;\" width=\"124\" height=\"18\">Dimension<\/td>\n<td class=\"et3\" style=\"width: 214.40pt;\" width=\"214\">Comme l'indique la photo de d\u00e9tail<\/td>\n<\/tr>\n<tr style=\"height: 18.00pt;\">\n<td class=\"et3\" style=\"height: 18.00pt; width: 124.50pt;\" width=\"124\" height=\"18\">Unit\u00e9s de vente<\/td>\n<td class=\"et3\" style=\"width: 214.40pt;\" width=\"214\">Article unique<\/td>\n<\/tr>\n<tr style=\"height: 18.00pt;\">\n<td class=\"et3\" style=\"height: 18.00pt; width: 124.50pt;\" width=\"124\" height=\"18\">MOQ<\/td>\n<td class=\"et3\" style=\"width: 214.40pt;\" width=\"214\">1200\/pcs par article<\/td>\n<\/tr>\n<tr style=\"height: 18.00pt;\">\n<td class=\"et3\" style=\"height: 18.00pt; width: 124.50pt;\" width=\"124\" height=\"18\">Option personnalis\u00e9e<\/td>\n<td class=\"et3\" style=\"width: 214.40pt;\" width=\"214\">Couleur\/Taille\/Glaze\/Logo\/Emballage<\/td>\n<\/tr>\n<\/tbody>\n<\/table>","protected":false},"featured_media":6172,"comment_status":"closed","ping_status":"closed","template":"","meta":{"_acf_changed":false},"product_brand":[],"product_cat":[19],"product_tag":[37,36,25,39,27,26],"class_list":{"0":"post-6171","1":"product","2":"type-product","3":"status-publish","4":"has-post-thumbnail","6":"product_cat-dinnerware-wholesale","7":"product_tag-bulk-cake-stands","8":"product_tag-wholesale-kettles","9":"product_tag-wholesale-plates-and-bowls","10":"product_tag-sugar-jars-wholesale","11":"product_tag-wholesale-tea-cups-and-saucers","12":"product_tag-wholesale-teapots","14":"first","15":"instock","16":"shipping-taxable","17":"product-type-simple"},"acf":[],"_links":{"self":[{"href":"https:\/\/www.lovinghomecollection.com\/fr\/wp-json\/wp\/v2\/product\/6171","targetHints":{"allow":["GET"]}}],"collection":[{"href":"https:\/\/www.lovinghomecollection.com\/fr\/wp-json\/wp\/v2\/product"}],"about":[{"href":"https:\/\/www.lovinghomecollection.com\/fr\/wp-json\/wp\/v2\/types\/product"}],"replies":[{"embeddable":true,"href":"https:\/\/www.lovinghomecollection.com\/fr\/wp-json\/wp\/v2\/comments?post=6171"}],"wp:featuredmedia":[{"embeddable":true,"href":"https:\/\/www.lovinghomecollection.com\/fr\/wp-json\/wp\/v2\/media\/6172"}],"wp:attachment":[{"href":"https:\/\/www.lovinghomecollection.com\/fr\/wp-json\/wp\/v2\/media?parent=6171"}],"wp:term":[{"taxonomy":"product_brand","embeddable":true,"href":"https:\/\/www.lovinghomecollection.com\/fr\/wp-json\/wp\/v2\/product_brand?post=6171"},{"taxonomy":"product_cat","embeddable":true,"href":"https:\/\/www.lovinghomecollection.com\/fr\/wp-json\/wp\/v2\/product_cat?post=6171"},{"taxonomy":"product_tag","embeddable":true,"href":"https:\/\/www.lovinghomecollection.com\/fr\/wp-json\/wp\/v2\/product_tag?post=6171"}],"curies":[{"name":"wp","href":"https:\/\/api.w.org\/{rel}","templated":true}]}}