{"id":6157,"date":"2025-12-20T03:54:35","date_gmt":"2025-12-20T03:54:35","guid":{"rendered":"https:\/\/www.lovinghomecollection.com\/?post_type=product&#038;p=6157"},"modified":"2025-12-29T07:51:19","modified_gmt":"2025-12-29T07:51:19","slug":"wholesale-floral-vases-containers","status":"publish","type":"product","link":"https:\/\/www.lovinghomecollection.com\/fr\/produit\/wholesale-floral-vases-containers\/","title":{"rendered":"Vases et r\u00e9cipients pour fleurs en gros avec finition en \u00e9mail r\u00e9actif"},"content":{"rendered":"<div class=\"wp-block-columns is-layout-flex wp-container-core-columns-is-layout-9d6595d7 wp-block-columns-is-layout-flex\">\n<div class=\"wp-block-column is-layout-flow wp-block-column-is-layout-flow\" style=\"flex-basis:60%\">\n<h2 class=\"wp-block-heading\">Premium Wholesale Floral Vases Containers Caract\u00e9ristiques :<\/h2>\n\n\n\n<ul class=\"wp-block-list\">\n<li><strong>Un savoir-faire unique en mati\u00e8re d'\u00e9maillage au four : <\/strong>Nos vases floraux en gros sont tous \u00e9maill\u00e9s \u00e0 la main et cuits \u00e0 haute temp\u00e9rature, ce qui permet d'obtenir des textures qui ressemblent \u00e0 des paysages fluides et des couleurs riches et superpos\u00e9es.<\/li>\n\n\n\n<li><strong>Conception esth\u00e9tique orientale : <\/strong>Inspir\u00e9s des motifs de porcelaine de la dynastie Song, nos vases d\u00e9coratifs en vrac de style esth\u00e9tique oriental ont une forme arrondie ressemblant \u00e0 un tambour soutenu par trois pieds.<\/li>\n\n\n\n<li><strong>Plusieurs tailles pour diff\u00e9rents contextes : <\/strong>Nos vases floraux en gros sont disponibles en plusieurs tailles allant de 15 cm \u00e0 23,5 cm, ce qui permet de r\u00e9pondre \u00e0 diverses exigences.<\/li>\n\n\n\n<li><strong>Pratique et d\u00e9coratif : <\/strong>Fabriqu\u00e9s en c\u00e9ramique \u00e9paisse et lisse, ces vases d\u00e9coratifs en vrac peuvent \u00eatre utilis\u00e9s comme vases \u00e0 fleurs ou comme pi\u00e8ces d'art autonomes ; la base \u00e0 trois pieds assure la stabilit\u00e9.<\/li>\n\n\n\n<li><strong>Options flexibles de vente en gros et de personnalisation :<\/strong> Nos vases floraux en gros peuvent \u00eatre combin\u00e9s en plusieurs couleurs et tailles, et nous pouvons personnaliser l'\u00e9mail en fonction des besoins du client. Ils conviennent aux projets d'achat en gros dans les h\u00f4tels, les maisons d'h\u00f4tes, les salles d'exposition, etc.<\/li>\n<\/ul>\n<\/div>\n\n\n\n<div class=\"wp-block-column is-layout-flow wp-block-column-is-layout-flow\" style=\"flex-basis:40%\">\n<figure class=\"wp-block-image size-full\"><img decoding=\"async\" width=\"1200\" height=\"1200\" src=\"https:\/\/www.lovinghomecollection.com\/wp-content\/uploads\/2025\/12\/Wholesale-Floral-Vases-Containers-With-Reactive-Glaze-Finish-3.webp\" alt=\"Wholesale Floral Vases Containers With Reactive Glaze Finish-3 (Vases floraux avec finition \u00e0 gla\u00e7ure r\u00e9active)\" class=\"wp-image-6160\" srcset=\"https:\/\/www.lovinghomecollection.com\/wp-content\/uploads\/2025\/12\/Wholesale-Floral-Vases-Containers-With-Reactive-Glaze-Finish-3.webp 1200w, https:\/\/www.lovinghomecollection.com\/wp-content\/uploads\/2025\/12\/Wholesale-Floral-Vases-Containers-With-Reactive-Glaze-Finish-3-300x300.webp 300w, https:\/\/www.lovinghomecollection.com\/wp-content\/uploads\/2025\/12\/Wholesale-Floral-Vases-Containers-With-Reactive-Glaze-Finish-3-150x150.webp 150w, https:\/\/www.lovinghomecollection.com\/wp-content\/uploads\/2025\/12\/Wholesale-Floral-Vases-Containers-With-Reactive-Glaze-Finish-3-768x768.webp 768w, https:\/\/www.lovinghomecollection.com\/wp-content\/uploads\/2025\/12\/Wholesale-Floral-Vases-Containers-With-Reactive-Glaze-Finish-3-12x12.webp 12w, https:\/\/www.lovinghomecollection.com\/wp-content\/uploads\/2025\/12\/Wholesale-Floral-Vases-Containers-With-Reactive-Glaze-Finish-3-600x600.webp 600w, https:\/\/www.lovinghomecollection.com\/wp-content\/uploads\/2025\/12\/Wholesale-Floral-Vases-Containers-With-Reactive-Glaze-Finish-3-100x100.webp 100w\" sizes=\"(max-width: 1200px) 100vw, 1200px\" \/><\/figure>\n<\/div>\n<\/div>\n\n\n\n<h2 class=\"wp-block-heading has-text-align-center\">Pr\u00e9sentation des produits de la vente en gros de vases et conteneurs floraux<\/h2>\n\n\n\n<figure class=\"wp-block-image size-full\"><img decoding=\"async\" width=\"1699\" height=\"873\" src=\"https:\/\/www.lovinghomecollection.com\/wp-content\/uploads\/2025\/12\/Wholesale-Floral-Vases-Containers-With-Reactive-Glaze-Finish-4.webp\" alt=\"Wholesale Floral Vases Containers With Reactive Glaze Finish-4 (Vases floraux avec finition de gla\u00e7ure r\u00e9active)\" class=\"wp-image-6161\" srcset=\"https:\/\/www.lovinghomecollection.com\/wp-content\/uploads\/2025\/12\/Wholesale-Floral-Vases-Containers-With-Reactive-Glaze-Finish-4.webp 1699w, https:\/\/www.lovinghomecollection.com\/wp-content\/uploads\/2025\/12\/Wholesale-Floral-Vases-Containers-With-Reactive-Glaze-Finish-4-300x154.webp 300w, https:\/\/www.lovinghomecollection.com\/wp-content\/uploads\/2025\/12\/Wholesale-Floral-Vases-Containers-With-Reactive-Glaze-Finish-4-768x395.webp 768w, https:\/\/www.lovinghomecollection.com\/wp-content\/uploads\/2025\/12\/Wholesale-Floral-Vases-Containers-With-Reactive-Glaze-Finish-4-18x9.webp 18w, https:\/\/www.lovinghomecollection.com\/wp-content\/uploads\/2025\/12\/Wholesale-Floral-Vases-Containers-With-Reactive-Glaze-Finish-4-1200x617.webp 1200w, https:\/\/www.lovinghomecollection.com\/wp-content\/uploads\/2025\/12\/Wholesale-Floral-Vases-Containers-With-Reactive-Glaze-Finish-4-600x308.webp 600w\" sizes=\"(max-width: 1699px) 100vw, 1699px\" \/><\/figure>","protected":false},"excerpt":{"rendered":"<p>Bienvenue sur le site d'achat en gros de vases floraux. Nos vases d\u00e9coratifs en vrac se pr\u00e9sentent sous la forme d'un tambour traditionnel \u00e0 trois pieds, avec des textures purement naturelles qui illustrent le zen et le design minimal.<\/p>\n<table style=\"border-collapse: collapse; width: 338.02pt;\" border=\"0\" width=\"338\" cellspacing=\"0\" cellpadding=\"0\">\n<tbody>\n<tr style=\"height: 18.00pt;\">\n<td class=\"et3\" style=\"height: 18.00pt; width: 124.50pt;\" width=\"124\" height=\"18\">Fabricant<\/td>\n<td class=\"et3\" style=\"width: 214.40pt;\" width=\"214\">Un foyer d'amour<\/td>\n<\/tr>\n<tr style=\"height: 18.00pt;\">\n<td class=\"et3\" style=\"height: 18.00pt; width: 124.50pt;\" width=\"124\" height=\"18\">Type de produit<\/td>\n<td class=\"et4\" style=\"width: 214.40pt;\" width=\"214\">Vases en c\u00e9ramique<\/td>\n<\/tr>\n<tr style=\"height: 18.00pt;\">\n<td class=\"et3\" style=\"height: 18.00pt; width: 124.50pt;\" width=\"124\" height=\"18\">Mat\u00e9riau<\/td>\n<td class=\"et3\" style=\"width: 214.40pt;\" width=\"214\">Porcelaine durable<\/td>\n<\/tr>\n<tr style=\"height: 18.00pt;\">\n<td class=\"et3\" style=\"height: 18.00pt; width: 124.50pt;\" width=\"124\" height=\"18\">Dimension<\/td>\n<td class=\"et3\" style=\"width: 214.40pt;\" width=\"214\">Comme l'indique la photo de d\u00e9tail<\/td>\n<\/tr>\n<tr style=\"height: 18.00pt;\">\n<td class=\"et3\" style=\"height: 18.00pt; width: 124.50pt;\" width=\"124\" height=\"18\">Unit\u00e9s de vente<\/td>\n<td class=\"et3\" style=\"width: 214.40pt;\" width=\"214\">Article unique<\/td>\n<\/tr>\n<tr style=\"height: 18.00pt;\">\n<td class=\"et3\" style=\"height: 18.00pt; width: 124.50pt;\" width=\"124\" height=\"18\">MOQ<\/td>\n<td class=\"et3\" style=\"width: 214.40pt;\" width=\"214\">1200\/pcs par article<\/td>\n<\/tr>\n<tr style=\"height: 18.00pt;\">\n<td class=\"et3\" style=\"height: 18.00pt; width: 124.50pt;\" width=\"124\" height=\"18\">Option personnalis\u00e9e<\/td>\n<td class=\"et3\" style=\"width: 214.40pt;\" width=\"214\">Couleur\/Taille\/Glaze\/Logo\/Emballage<\/td>\n<\/tr>\n<\/tbody>\n<\/table>","protected":false},"featured_media":6158,"comment_status":"closed","ping_status":"closed","template":"","meta":{"_acf_changed":false},"product_brand":[],"product_cat":[21,50],"product_tag":[],"class_list":{"0":"post-6157","1":"product","2":"type-product","3":"status-publish","4":"has-post-thumbnail","6":"product_cat-ceramic-vases-bulk","7":"product_cat-wholesale-vases-and-pots","9":"first","10":"instock","11":"shipping-taxable","12":"product-type-simple"},"acf":[],"_links":{"self":[{"href":"https:\/\/www.lovinghomecollection.com\/fr\/wp-json\/wp\/v2\/product\/6157","targetHints":{"allow":["GET"]}}],"collection":[{"href":"https:\/\/www.lovinghomecollection.com\/fr\/wp-json\/wp\/v2\/product"}],"about":[{"href":"https:\/\/www.lovinghomecollection.com\/fr\/wp-json\/wp\/v2\/types\/product"}],"replies":[{"embeddable":true,"href":"https:\/\/www.lovinghomecollection.com\/fr\/wp-json\/wp\/v2\/comments?post=6157"}],"wp:featuredmedia":[{"embeddable":true,"href":"https:\/\/www.lovinghomecollection.com\/fr\/wp-json\/wp\/v2\/media\/6158"}],"wp:attachment":[{"href":"https:\/\/www.lovinghomecollection.com\/fr\/wp-json\/wp\/v2\/media?parent=6157"}],"wp:term":[{"taxonomy":"product_brand","embeddable":true,"href":"https:\/\/www.lovinghomecollection.com\/fr\/wp-json\/wp\/v2\/product_brand?post=6157"},{"taxonomy":"product_cat","embeddable":true,"href":"https:\/\/www.lovinghomecollection.com\/fr\/wp-json\/wp\/v2\/product_cat?post=6157"},{"taxonomy":"product_tag","embeddable":true,"href":"https:\/\/www.lovinghomecollection.com\/fr\/wp-json\/wp\/v2\/product_tag?post=6157"}],"curies":[{"name":"wp","href":"https:\/\/api.w.org\/{rel}","templated":true}]}}