{"id":6134,"date":"2025-12-19T09:17:22","date_gmt":"2025-12-19T09:17:22","guid":{"rendered":"https:\/\/www.lovinghomecollection.com\/?post_type=product&#038;p=6134"},"modified":"2026-01-14T02:14:05","modified_gmt":"2026-01-14T02:14:05","slug":"wholesale-dinnerware-for-restaurants","status":"publish","type":"product","link":"https:\/\/www.lovinghomecollection.com\/fr\/produit\/wholesale-dinnerware-for-restaurants\/","title":{"rendered":"Vaisselle en gros pour restaurants, service de table Art d\u00e9co"},"content":{"rendered":"<div class=\"wp-block-columns is-layout-flex wp-container-core-columns-is-layout-9d6595d7 wp-block-columns-is-layout-flex\">\n<div class=\"wp-block-column is-layout-flow wp-block-column-is-layout-flow\" style=\"flex-basis:60%\">\n<h2 class=\"wp-block-heading\">Vaisselle haut de gamme pour restaurants Caract\u00e9ristiques :<\/h2>\n\n\n\n<ul class=\"wp-block-list\">\n<li><strong>Mettre en valeur un go\u00fbt unique :<\/strong> Notre vaisselle de restaurant en gros pr\u00e9sente des motifs raffin\u00e9s repr\u00e9sentant des animaux, des plantes et des motifs classiques. Les dessins sont \u00e0 la fois d\u00e9licats et vivants, et rehauss\u00e9s d'une bordure en or 24 carats qui souligne leur extraordinaire qualit\u00e9 artistique.<\/li>\n\n\n\n<li><strong>Mat\u00e9riau c\u00e9ramique de haute qualit\u00e9 :<\/strong> Nos services de vaisselle en porcelaine sont fabriqu\u00e9s \u00e0 partir de c\u00e9ramique renforc\u00e9e de qualit\u00e9 sup\u00e9rieure. La porcelaine conserve son blanc \u00e9clatant gr\u00e2ce \u00e0 un vernis lisse et facile \u00e0 nettoyer. Elle passe au micro-ondes et au lave-vaisselle, est durable et con\u00e7ue pour r\u00e9sister \u00e0 un usage intensif dans les h\u00f4tels, les restaurants haut de gamme et autres lieux commerciaux.<\/li>\n\n\n\n<li><strong>Approvisionnement centralis\u00e9 :<\/strong> Notre gamme de vaisselle pour restaurants propose un assortiment complet, allant des assiettes plates et des services \u00e0 th\u00e9 aux bocaux de conservation et aux plats de service. Les styles restent coh\u00e9rents et les fonctionnalit\u00e9s compl\u00e8tes, ce qui permet aux clients de les assortir en fonction de leurs besoins r\u00e9els et de r\u00e9duire consid\u00e9rablement les co\u00fbts d'approvisionnement aupr\u00e8s de nombreux fournisseurs.<\/li>\n\n\n\n<li><strong>Am\u00e9liorer l'esth\u00e9tique spatiale :<\/strong> Le style vintage et luxueux de ces services de table en porcelaine s'int\u00e8gre facilement dans divers int\u00e9rieurs, maisons d'h\u00f4tes, restaurants haut de gamme et caf\u00e9s sp\u00e9cialis\u00e9s, am\u00e9liorant ainsi l'exp\u00e9rience culinaire et la beaut\u00e9 g\u00e9n\u00e9rale de l'espace, tout en renfor\u00e7ant l'exp\u00e9rience client et la valeur de la marque.<\/li>\n<\/ul>\n<\/div>\n\n\n\n<div class=\"wp-block-column is-layout-flow wp-block-column-is-layout-flow\">\n<figure class=\"wp-block-image size-full\"><img decoding=\"async\" width=\"800\" height=\"800\" src=\"https:\/\/www.lovinghomecollection.com\/wp-content\/uploads\/2025\/12\/Wholesale-Dinnerware-For-Restaurants-Art-Deco-Crockery-Set-3.webp\" alt=\"Vaisselle en gros pour restaurants, service de table Art d\u00e9co - 3 pi\u00e8ces\" class=\"wp-image-6137\" srcset=\"https:\/\/www.lovinghomecollection.com\/wp-content\/uploads\/2025\/12\/Wholesale-Dinnerware-For-Restaurants-Art-Deco-Crockery-Set-3.webp 800w, https:\/\/www.lovinghomecollection.com\/wp-content\/uploads\/2025\/12\/Wholesale-Dinnerware-For-Restaurants-Art-Deco-Crockery-Set-3-300x300.webp 300w, https:\/\/www.lovinghomecollection.com\/wp-content\/uploads\/2025\/12\/Wholesale-Dinnerware-For-Restaurants-Art-Deco-Crockery-Set-3-150x150.webp 150w, https:\/\/www.lovinghomecollection.com\/wp-content\/uploads\/2025\/12\/Wholesale-Dinnerware-For-Restaurants-Art-Deco-Crockery-Set-3-768x768.webp 768w, https:\/\/www.lovinghomecollection.com\/wp-content\/uploads\/2025\/12\/Wholesale-Dinnerware-For-Restaurants-Art-Deco-Crockery-Set-3-12x12.webp 12w, https:\/\/www.lovinghomecollection.com\/wp-content\/uploads\/2025\/12\/Wholesale-Dinnerware-For-Restaurants-Art-Deco-Crockery-Set-3-600x600.webp 600w, https:\/\/www.lovinghomecollection.com\/wp-content\/uploads\/2025\/12\/Wholesale-Dinnerware-For-Restaurants-Art-Deco-Crockery-Set-3-100x100.webp 100w\" sizes=\"(max-width: 800px) 100vw, 800px\" \/><\/figure>\n<\/div>\n<\/div>\n\n\n\n<h2 class=\"wp-block-heading has-text-align-center\">Pr\u00e9sentation des produits Stellar Harmony Vente en gros de vaisselle pour restaurants<\/h2>\n\n\n\n<div class=\"wp-block-columns is-layout-flex wp-container-core-columns-is-layout-9d6595d7 wp-block-columns-is-layout-flex\">\n<div class=\"wp-block-column is-layout-flow wp-block-column-is-layout-flow\">\n<figure class=\"wp-block-image size-full\"><img decoding=\"async\" width=\"1721\" height=\"1173\" src=\"https:\/\/www.lovinghomecollection.com\/wp-content\/uploads\/2025\/12\/Wholesale-Dinnerware-For-Restaurants-Art-Deco-Crockery-Set-13.webp\" alt=\"Vaisselle en gros pour restaurants, service de table Art d\u00e9co-13\" class=\"wp-image-6147\" srcset=\"https:\/\/www.lovinghomecollection.com\/wp-content\/uploads\/2025\/12\/Wholesale-Dinnerware-For-Restaurants-Art-Deco-Crockery-Set-13.webp 1721w, https:\/\/www.lovinghomecollection.com\/wp-content\/uploads\/2025\/12\/Wholesale-Dinnerware-For-Restaurants-Art-Deco-Crockery-Set-13-300x204.webp 300w, https:\/\/www.lovinghomecollection.com\/wp-content\/uploads\/2025\/12\/Wholesale-Dinnerware-For-Restaurants-Art-Deco-Crockery-Set-13-768x523.webp 768w, https:\/\/www.lovinghomecollection.com\/wp-content\/uploads\/2025\/12\/Wholesale-Dinnerware-For-Restaurants-Art-Deco-Crockery-Set-13-18x12.webp 18w, https:\/\/www.lovinghomecollection.com\/wp-content\/uploads\/2025\/12\/Wholesale-Dinnerware-For-Restaurants-Art-Deco-Crockery-Set-13-1200x818.webp 1200w, https:\/\/www.lovinghomecollection.com\/wp-content\/uploads\/2025\/12\/Wholesale-Dinnerware-For-Restaurants-Art-Deco-Crockery-Set-13-600x409.webp 600w\" sizes=\"(max-width: 1721px) 100vw, 1721px\" \/><\/figure>\n<\/div>\n\n\n\n<div class=\"wp-block-column is-layout-flow wp-block-column-is-layout-flow\">\n<figure class=\"wp-block-image size-full\"><img decoding=\"async\" width=\"1717\" height=\"1352\" src=\"https:\/\/www.lovinghomecollection.com\/wp-content\/uploads\/2025\/12\/Wholesale-Dinnerware-For-Restaurants-Art-Deco-Crockery-Set-14.webp\" alt=\"Vaisselle en gros pour restaurants, service de table Art d\u00e9co-14\" class=\"wp-image-6148\" srcset=\"https:\/\/www.lovinghomecollection.com\/wp-content\/uploads\/2025\/12\/Wholesale-Dinnerware-For-Restaurants-Art-Deco-Crockery-Set-14.webp 1717w, https:\/\/www.lovinghomecollection.com\/wp-content\/uploads\/2025\/12\/Wholesale-Dinnerware-For-Restaurants-Art-Deco-Crockery-Set-14-300x236.webp 300w, https:\/\/www.lovinghomecollection.com\/wp-content\/uploads\/2025\/12\/Wholesale-Dinnerware-For-Restaurants-Art-Deco-Crockery-Set-14-768x605.webp 768w, https:\/\/www.lovinghomecollection.com\/wp-content\/uploads\/2025\/12\/Wholesale-Dinnerware-For-Restaurants-Art-Deco-Crockery-Set-14-15x12.webp 15w, https:\/\/www.lovinghomecollection.com\/wp-content\/uploads\/2025\/12\/Wholesale-Dinnerware-For-Restaurants-Art-Deco-Crockery-Set-14-1200x945.webp 1200w, https:\/\/www.lovinghomecollection.com\/wp-content\/uploads\/2025\/12\/Wholesale-Dinnerware-For-Restaurants-Art-Deco-Crockery-Set-14-600x472.webp 600w\" sizes=\"(max-width: 1717px) 100vw, 1717px\" \/><\/figure>\n<\/div>\n<\/div>\n\n\n\n<p><\/p>","protected":false},"excerpt":{"rendered":"<p>Bienvenue pour l'achat en gros de vaisselle pour restaurants. Nos services de table en porcelaine sont fabriqu\u00e9s \u00e0 partir de c\u00e9ramique de haute qualit\u00e9, incorporant des motifs classiques d'animaux et de plantes avec des bordures dor\u00e9es, pr\u00e9sentant un style artistique vintage et luxueux.<\/p>\n<table style=\"border-collapse: collapse; width: 338.02pt;\" border=\"0\" width=\"338\" cellspacing=\"0\" cellpadding=\"0\">\n<tbody>\n<tr style=\"height: 18.00pt;\">\n<td class=\"et3\" style=\"height: 18.00pt; width: 124.50pt;\" width=\"124\" height=\"18\">Fabricant<\/td>\n<td class=\"et3\" style=\"width: 214.40pt;\" width=\"214\">Un foyer d'amour<\/td>\n<\/tr>\n<tr style=\"height: 18.00pt;\">\n<td class=\"et3\" style=\"height: 18.00pt; width: 124.50pt;\" width=\"124\" height=\"18\">Nom de la collection<\/td>\n<td class=\"et4\" style=\"width: 214.40pt;\" width=\"214\">Collection Stellar Harmony<\/td>\n<\/tr>\n<tr style=\"height: 18.00pt;\">\n<td class=\"et3\" style=\"height: 18.00pt; width: 124.50pt;\" width=\"124\" height=\"18\">Utilisation<\/td>\n<td class=\"et3\" style=\"width: 214.40pt;\" width=\"214\">Maison, Restaurant, H\u00f4tel<\/td>\n<\/tr>\n<tr style=\"height: 36.00pt;\">\n<td class=\"et3\" style=\"height: 36.00pt; width: 124.50pt;\" width=\"124\" height=\"36\">Type de vaisselle<\/td>\n<td class=\"et3\" style=\"width: 214.40pt;\" width=\"214\">Assiette, bol, th\u00e9i\u00e8re, tasse et soucoupe, mug, service \u00e0 tapas, pr\u00e9sentoir \u00e0 g\u00e2teaux, sucrier, beurrier, bouteille \u00e0 huile<\/td>\n<\/tr>\n<tr style=\"height: 18.00pt;\">\n<td class=\"et3\" style=\"height: 18.00pt; width: 124.50pt;\" width=\"124\" height=\"18\">Mat\u00e9riau<\/td>\n<td class=\"et3\" style=\"width: 214.40pt;\" width=\"214\">Porcelaine durable<\/td>\n<\/tr>\n<tr style=\"height: 18.00pt;\">\n<td class=\"et3\" style=\"height: 18.00pt; width: 124.50pt;\" width=\"124\" height=\"18\">Dimension<\/td>\n<td class=\"et3\" style=\"width: 214.40pt;\" width=\"214\">Comme l'indique la photo de d\u00e9tail<\/td>\n<\/tr>\n<tr style=\"height: 18.00pt;\">\n<td class=\"et3\" style=\"height: 18.00pt; width: 124.50pt;\" width=\"124\" height=\"18\">Unit\u00e9s de vente<\/td>\n<td class=\"et3\" style=\"width: 214.40pt;\" width=\"214\">Article unique<\/td>\n<\/tr>\n<tr style=\"height: 18.00pt;\">\n<td class=\"et3\" style=\"height: 18.00pt; width: 124.50pt;\" width=\"124\" height=\"18\">MOQ<\/td>\n<td class=\"et3\" style=\"width: 214.40pt;\" width=\"214\">1200\/pcs par article<\/td>\n<\/tr>\n<tr style=\"height: 18.00pt;\">\n<td class=\"et3\" style=\"height: 18.00pt; width: 124.50pt;\" width=\"124\" height=\"18\">Option personnalis\u00e9e<\/td>\n<td class=\"et3\" style=\"width: 214.40pt;\" width=\"214\">Couleur\/Taille\/Glaze\/Logo\/Emballage<\/td>\n<\/tr>\n<\/tbody>\n<\/table>","protected":false},"featured_media":6138,"comment_status":"closed","ping_status":"closed","template":"","meta":{"_acf_changed":false},"product_brand":[],"product_cat":[19],"product_tag":[37,25,27],"class_list":{"0":"post-6134","1":"product","2":"type-product","3":"status-publish","4":"has-post-thumbnail","6":"product_cat-dinnerware-wholesale","7":"product_tag-bulk-cake-stands","8":"product_tag-wholesale-plates-and-bowls","9":"product_tag-wholesale-tea-cups-and-saucers","11":"first","12":"instock","13":"shipping-taxable","14":"product-type-simple"},"acf":[],"_links":{"self":[{"href":"https:\/\/www.lovinghomecollection.com\/fr\/wp-json\/wp\/v2\/product\/6134","targetHints":{"allow":["GET"]}}],"collection":[{"href":"https:\/\/www.lovinghomecollection.com\/fr\/wp-json\/wp\/v2\/product"}],"about":[{"href":"https:\/\/www.lovinghomecollection.com\/fr\/wp-json\/wp\/v2\/types\/product"}],"replies":[{"embeddable":true,"href":"https:\/\/www.lovinghomecollection.com\/fr\/wp-json\/wp\/v2\/comments?post=6134"}],"wp:featuredmedia":[{"embeddable":true,"href":"https:\/\/www.lovinghomecollection.com\/fr\/wp-json\/wp\/v2\/media\/6138"}],"wp:attachment":[{"href":"https:\/\/www.lovinghomecollection.com\/fr\/wp-json\/wp\/v2\/media?parent=6134"}],"wp:term":[{"taxonomy":"product_brand","embeddable":true,"href":"https:\/\/www.lovinghomecollection.com\/fr\/wp-json\/wp\/v2\/product_brand?post=6134"},{"taxonomy":"product_cat","embeddable":true,"href":"https:\/\/www.lovinghomecollection.com\/fr\/wp-json\/wp\/v2\/product_cat?post=6134"},{"taxonomy":"product_tag","embeddable":true,"href":"https:\/\/www.lovinghomecollection.com\/fr\/wp-json\/wp\/v2\/product_tag?post=6134"}],"curies":[{"name":"wp","href":"https:\/\/api.w.org\/{rel}","templated":true}]}}