{"id":5758,"date":"2025-11-22T03:51:05","date_gmt":"2025-11-22T03:51:05","guid":{"rendered":"https:\/\/www.lovinghomecollection.com\/?post_type=product&#038;p=5758"},"modified":"2025-11-22T04:00:42","modified_gmt":"2025-11-22T04:00:42","slug":"floral-vases-in-bulk","status":"publish","type":"product","link":"https:\/\/www.lovinghomecollection.com\/fr\/produit\/floral-vases-in-bulk\/","title":{"rendered":"Vases floraux aux couleurs Morandi en vrac, de diff\u00e9rentes tailles"},"content":{"rendered":"<div class=\"wp-block-columns is-layout-flex wp-container-core-columns-is-layout-9d6595d7 wp-block-columns-is-layout-flex\">\n<div class=\"wp-block-column is-layout-flow wp-block-column-is-layout-flow\" style=\"flex-basis:60%\">\n<h2 class=\"wp-block-heading\">Vase Floral Premium Wholesale Caract\u00e9ristiques :<\/h2>\n\n\n\n<ul class=\"wp-block-list\">\n<li><strong>Design simple \u00e0 rayures verticales : <\/strong>Ces vases floraux en vrac pr\u00e9sentent une texture simple de rayures verticales avec des couleurs \u00e0 faible saturation telles que le bleu brumeux et le jaune chaud, auxquelles on a donn\u00e9 vie et d\u00e9tails.<\/li>\n\n\n\n<li><strong>Des tailles multiples pour des sc\u00e9narios vari\u00e9s :<\/strong> Nous proposons des vases en c\u00e9ramique en gros en trois hauteurs : 16 cm (compact et exquis), 26 cm (polyvalent pour les tables), et 30 cm (pour une pr\u00e9sentation au sol accrocheuse), ce qui permet un agencement flexible.<\/li>\n\n\n\n<li><strong>Gla\u00e7ure c\u00e9ramique d\u00e9licate, texture l\u00e9g\u00e8re et chaude : <\/strong>Nos vases floraux en vrac sont fabriqu\u00e9s en c\u00e9ramique de haute qualit\u00e9, avec une gla\u00e7ure lisse et uniforme, et des couleurs pures qui r\u00e9sistent \u00e0 la d\u00e9coloration.<\/li>\n\n\n\n<li><strong>Affichage matriciel de la marque pour renforcer l'attrait visuel : <\/strong>Nos vases en c\u00e9ramique de gros poursuivent le langage de conception unifi\u00e9 de \u201cLine Impression\u201d, avec plusieurs couleurs et tailles formant une matrice de produits de marque, ce qui permet aux clients de gros de cr\u00e9er des pr\u00e9sentations \u00e0 th\u00e8me.<\/li>\n<\/ul>\n<\/div>\n\n\n\n<div class=\"wp-block-column is-layout-flow wp-block-column-is-layout-flow\" style=\"flex-basis:40%\">\n<figure class=\"wp-block-image size-full\"><img decoding=\"async\" width=\"1200\" height=\"1200\" src=\"https:\/\/www.lovinghomecollection.com\/wp-content\/uploads\/2025\/11\/Morandi-Color-Scheme-Floral-Vases-in-Bulk-with-Diverse-Sizes-2.webp\" alt=\"Vases floraux Morandi Color Scheme en vrac avec diff\u00e9rentes tailles-2\" class=\"wp-image-5760\" srcset=\"https:\/\/www.lovinghomecollection.com\/wp-content\/uploads\/2025\/11\/Morandi-Color-Scheme-Floral-Vases-in-Bulk-with-Diverse-Sizes-2.webp 1200w, https:\/\/www.lovinghomecollection.com\/wp-content\/uploads\/2025\/11\/Morandi-Color-Scheme-Floral-Vases-in-Bulk-with-Diverse-Sizes-2-300x300.webp 300w, https:\/\/www.lovinghomecollection.com\/wp-content\/uploads\/2025\/11\/Morandi-Color-Scheme-Floral-Vases-in-Bulk-with-Diverse-Sizes-2-150x150.webp 150w, https:\/\/www.lovinghomecollection.com\/wp-content\/uploads\/2025\/11\/Morandi-Color-Scheme-Floral-Vases-in-Bulk-with-Diverse-Sizes-2-768x768.webp 768w, https:\/\/www.lovinghomecollection.com\/wp-content\/uploads\/2025\/11\/Morandi-Color-Scheme-Floral-Vases-in-Bulk-with-Diverse-Sizes-2-12x12.webp 12w, https:\/\/www.lovinghomecollection.com\/wp-content\/uploads\/2025\/11\/Morandi-Color-Scheme-Floral-Vases-in-Bulk-with-Diverse-Sizes-2-600x600.webp 600w, https:\/\/www.lovinghomecollection.com\/wp-content\/uploads\/2025\/11\/Morandi-Color-Scheme-Floral-Vases-in-Bulk-with-Diverse-Sizes-2-100x100.webp 100w\" sizes=\"(max-width: 1200px) 100vw, 1200px\" \/><\/figure>\n<\/div>\n<\/div>\n\n\n\n<h2 class=\"wp-block-heading has-text-align-center\">Pr\u00e9sentation du produit Vase floral en gros<\/h2>\n\n\n\n<figure class=\"wp-block-image size-full\"><img decoding=\"async\" width=\"1723\" height=\"1382\" src=\"https:\/\/www.lovinghomecollection.com\/wp-content\/uploads\/2025\/11\/Morandi-Color-Scheme-Floral-Vases-in-Bulk-with-Diverse-Sizes-5.webp\" alt=\"Vases floraux Morandi Color Scheme en vrac avec diff\u00e9rentes tailles-5\" class=\"wp-image-5763\" srcset=\"https:\/\/www.lovinghomecollection.com\/wp-content\/uploads\/2025\/11\/Morandi-Color-Scheme-Floral-Vases-in-Bulk-with-Diverse-Sizes-5.webp 1723w, https:\/\/www.lovinghomecollection.com\/wp-content\/uploads\/2025\/11\/Morandi-Color-Scheme-Floral-Vases-in-Bulk-with-Diverse-Sizes-5-300x241.webp 300w, https:\/\/www.lovinghomecollection.com\/wp-content\/uploads\/2025\/11\/Morandi-Color-Scheme-Floral-Vases-in-Bulk-with-Diverse-Sizes-5-768x616.webp 768w, https:\/\/www.lovinghomecollection.com\/wp-content\/uploads\/2025\/11\/Morandi-Color-Scheme-Floral-Vases-in-Bulk-with-Diverse-Sizes-5-15x12.webp 15w, https:\/\/www.lovinghomecollection.com\/wp-content\/uploads\/2025\/11\/Morandi-Color-Scheme-Floral-Vases-in-Bulk-with-Diverse-Sizes-5-1200x963.webp 1200w, https:\/\/www.lovinghomecollection.com\/wp-content\/uploads\/2025\/11\/Morandi-Color-Scheme-Floral-Vases-in-Bulk-with-Diverse-Sizes-5-600x481.webp 600w\" sizes=\"(max-width: 1723px) 100vw, 1723px\" \/><\/figure>","protected":false},"excerpt":{"rendered":"<p>Bienvenue sur le site d'achat en gros de vases en c\u00e9ramique. Nos vases floraux de couleur Morandi en vrac se caract\u00e9risent par un design minimaliste \u00e0 rayures verticales, une gla\u00e7ure lisse et d\u00e9licate et un style simple mais polyvalent, r\u00e9pondant aux besoins de divers sc\u00e9narios tels que les expositions florales, la d\u00e9coration int\u00e9rieure et le march\u00e9 des cadeaux.<\/p>\n<table style=\"border-collapse: collapse; width: 338.02pt;\" border=\"0\" width=\"338\" cellspacing=\"0\" cellpadding=\"0\">\n<tbody>\n<tr style=\"height: 18.00pt;\">\n<td class=\"et3\" style=\"height: 18.00pt; width: 124.50pt;\" width=\"124\" height=\"18\">Fabricant<\/td>\n<td class=\"et3\" style=\"width: 214.40pt;\" width=\"214\">Un foyer d'amour<\/td>\n<\/tr>\n<tr style=\"height: 18.00pt;\">\n<td class=\"et3\" style=\"height: 18.00pt; width: 124.50pt;\" width=\"124\" height=\"18\">Type de produit<\/td>\n<td class=\"et4\" style=\"width: 214.40pt;\" width=\"214\">Vases en c\u00e9ramique<\/td>\n<\/tr>\n<tr style=\"height: 18.00pt;\">\n<td class=\"et3\" style=\"height: 18.00pt; width: 124.50pt;\" width=\"124\" height=\"18\">Mat\u00e9riau<\/td>\n<td class=\"et3\" style=\"width: 214.40pt;\" width=\"214\">Porcelaine durable<\/td>\n<\/tr>\n<tr style=\"height: 18.00pt;\">\n<td class=\"et3\" style=\"height: 18.00pt; width: 124.50pt;\" width=\"124\" height=\"18\">Dimension<\/td>\n<td class=\"et3\" style=\"width: 214.40pt;\" width=\"214\">Comme l'indique la photo de d\u00e9tail<\/td>\n<\/tr>\n<tr style=\"height: 18.00pt;\">\n<td class=\"et3\" style=\"height: 18.00pt; width: 124.50pt;\" width=\"124\" height=\"18\">Unit\u00e9s de vente<\/td>\n<td class=\"et3\" style=\"width: 214.40pt;\" width=\"214\">Article unique<\/td>\n<\/tr>\n<tr style=\"height: 18.00pt;\">\n<td class=\"et3\" style=\"height: 18.00pt; width: 124.50pt;\" width=\"124\" height=\"18\">MOQ<\/td>\n<td class=\"et3\" style=\"width: 214.40pt;\" width=\"214\">1200\/pcs par article<\/td>\n<\/tr>\n<tr style=\"height: 18.00pt;\">\n<td class=\"et3\" style=\"height: 18.00pt; width: 124.50pt;\" width=\"124\" height=\"18\">Option personnalis\u00e9e<\/td>\n<td class=\"et3\" style=\"width: 214.40pt;\" width=\"214\">Couleur\/Taille\/Glaze\/Logo\/Emballage<\/td>\n<\/tr>\n<\/tbody>\n<\/table>","protected":false},"featured_media":5761,"comment_status":"closed","ping_status":"closed","template":"","meta":{"_acf_changed":false},"product_brand":[],"product_cat":[50,21],"product_tag":[],"class_list":{"0":"post-5758","1":"product","2":"type-product","3":"status-publish","4":"has-post-thumbnail","6":"product_cat-wholesale-vases-and-pots","7":"product_cat-ceramic-vases-bulk","9":"first","10":"instock","11":"shipping-taxable","12":"product-type-simple"},"acf":[],"_links":{"self":[{"href":"https:\/\/www.lovinghomecollection.com\/fr\/wp-json\/wp\/v2\/product\/5758","targetHints":{"allow":["GET"]}}],"collection":[{"href":"https:\/\/www.lovinghomecollection.com\/fr\/wp-json\/wp\/v2\/product"}],"about":[{"href":"https:\/\/www.lovinghomecollection.com\/fr\/wp-json\/wp\/v2\/types\/product"}],"replies":[{"embeddable":true,"href":"https:\/\/www.lovinghomecollection.com\/fr\/wp-json\/wp\/v2\/comments?post=5758"}],"wp:featuredmedia":[{"embeddable":true,"href":"https:\/\/www.lovinghomecollection.com\/fr\/wp-json\/wp\/v2\/media\/5761"}],"wp:attachment":[{"href":"https:\/\/www.lovinghomecollection.com\/fr\/wp-json\/wp\/v2\/media?parent=5758"}],"wp:term":[{"taxonomy":"product_brand","embeddable":true,"href":"https:\/\/www.lovinghomecollection.com\/fr\/wp-json\/wp\/v2\/product_brand?post=5758"},{"taxonomy":"product_cat","embeddable":true,"href":"https:\/\/www.lovinghomecollection.com\/fr\/wp-json\/wp\/v2\/product_cat?post=5758"},{"taxonomy":"product_tag","embeddable":true,"href":"https:\/\/www.lovinghomecollection.com\/fr\/wp-json\/wp\/v2\/product_tag?post=5758"}],"curies":[{"name":"wp","href":"https:\/\/api.w.org\/{rel}","templated":true}]}}