{"id":5748,"date":"2025-11-22T03:39:14","date_gmt":"2025-11-22T03:39:14","guid":{"rendered":"https:\/\/www.lovinghomecollection.com\/?post_type=product&#038;p=5748"},"modified":"2025-11-22T03:49:40","modified_gmt":"2025-11-22T03:49:40","slug":"floral-vase-wholesale","status":"publish","type":"product","link":"https:\/\/www.lovinghomecollection.com\/fr\/produit\/floral-vase-wholesale\/","title":{"rendered":"Vase \u00e0 larges rayures florales en gros avec gla\u00e7ure bross\u00e9e \u00e0 la main"},"content":{"rendered":"<div class=\"wp-block-columns is-layout-flex wp-container-core-columns-is-layout-9d6595d7 wp-block-columns-is-layout-flex\">\n<div class=\"wp-block-column is-layout-flow wp-block-column-is-layout-flow\" style=\"flex-basis:60%\">\n<h2 class=\"wp-block-heading\">Vase Floral Premium Wholesale Caract\u00e9ristiques :<\/h2>\n\n\n\n<ul class=\"wp-block-list\">\n<li><strong>Design distinctif :<\/strong> Les larges rayures verticales uniques et le gla\u00e7age bross\u00e9 \u00e0 la main de cette s\u00e9rie de vases floraux en gros cr\u00e9ent une identit\u00e9 visuelle forte. Les couleurs classiques de vert et de blanc, ainsi que de brun et de blanc, donnent un aspect frais et naturel, tandis que les formes simples et modernes de ces vases floraux les distinguent sur l'\u00e9tag\u00e8re, contribuant visuellement \u00e0 am\u00e9liorer l'esth\u00e9tique de l'\u00e9talage.<\/li>\n\n\n\n<li><strong>Gamme compl\u00e8te de tailles :<\/strong> Nos vases en c\u00e9ramique en vrac offrent toutes les tailles dont vous avez besoin, des petits goulots d'\u00e9tranglement d\u00e9coratifs aux grands vases de sol. Il vous sera ainsi plus facile de vous approvisionner en une seule fois pour toutes les tailles les plus vendues.<\/li>\n\n\n\n<li><strong>Fabriqu\u00e9 \u00e0 la main Texture :<\/strong> Les textures et les l\u00e9g\u00e8res variations de couleur de la surface de ces vases floraux de la collection de gros apportent un niveau plus \u00e9lev\u00e9 de valeur per\u00e7ue dans les produits.<\/li>\n\n\n\n<li><strong>Conception polyvalente :<\/strong> Le design minimaliste de ces vases en c\u00e9ramique s'int\u00e8gre parfaitement dans divers environnements domestiques, notamment les styles scandinave, moderne et wabi-sabi, ce qui les rend largement applicables et attrayants pour un large public.<\/li>\n<\/ul>\n<\/div>\n\n\n\n<div class=\"wp-block-column is-layout-flow wp-block-column-is-layout-flow\" style=\"flex-basis:40%\">\n<figure class=\"wp-block-image size-full\"><img decoding=\"async\" width=\"1200\" height=\"1200\" src=\"https:\/\/www.lovinghomecollection.com\/wp-content\/uploads\/2025\/11\/Wide-Striped-Floral-Vase-Wholesale-with-Hand-Brushed-Glaze-7.webp\" alt=\"Vase floral \u00e0 larges rayures Wholesale avec gla\u00e7age bross\u00e9 \u00e0 la main-7\" class=\"wp-image-5755\" srcset=\"https:\/\/www.lovinghomecollection.com\/wp-content\/uploads\/2025\/11\/Wide-Striped-Floral-Vase-Wholesale-with-Hand-Brushed-Glaze-7.webp 1200w, https:\/\/www.lovinghomecollection.com\/wp-content\/uploads\/2025\/11\/Wide-Striped-Floral-Vase-Wholesale-with-Hand-Brushed-Glaze-7-300x300.webp 300w, https:\/\/www.lovinghomecollection.com\/wp-content\/uploads\/2025\/11\/Wide-Striped-Floral-Vase-Wholesale-with-Hand-Brushed-Glaze-7-150x150.webp 150w, https:\/\/www.lovinghomecollection.com\/wp-content\/uploads\/2025\/11\/Wide-Striped-Floral-Vase-Wholesale-with-Hand-Brushed-Glaze-7-768x768.webp 768w, https:\/\/www.lovinghomecollection.com\/wp-content\/uploads\/2025\/11\/Wide-Striped-Floral-Vase-Wholesale-with-Hand-Brushed-Glaze-7-12x12.webp 12w, https:\/\/www.lovinghomecollection.com\/wp-content\/uploads\/2025\/11\/Wide-Striped-Floral-Vase-Wholesale-with-Hand-Brushed-Glaze-7-600x600.webp 600w, https:\/\/www.lovinghomecollection.com\/wp-content\/uploads\/2025\/11\/Wide-Striped-Floral-Vase-Wholesale-with-Hand-Brushed-Glaze-7-100x100.webp 100w\" sizes=\"(max-width: 1200px) 100vw, 1200px\" \/><\/figure>\n<\/div>\n<\/div>\n\n\n\n<h2 class=\"wp-block-heading has-text-align-center\">Pr\u00e9sentation du produit Vase floral en gros<\/h2>\n\n\n\n<div class=\"wp-block-columns is-layout-flex wp-container-core-columns-is-layout-9d6595d7 wp-block-columns-is-layout-flex\">\n<div class=\"wp-block-column is-layout-flow wp-block-column-is-layout-flow\">\n<figure class=\"wp-block-image size-full\"><img decoding=\"async\" width=\"1724\" height=\"1274\" src=\"https:\/\/www.lovinghomecollection.com\/wp-content\/uploads\/2025\/11\/Wide-Striped-Floral-Vase-Wholesale-with-Hand-Brushed-Glaze-8.webp\" alt=\"Vase floral \u00e0 larges rayures Wholesale avec gla\u00e7age bross\u00e9 \u00e0 la main-8\" class=\"wp-image-5756\" srcset=\"https:\/\/www.lovinghomecollection.com\/wp-content\/uploads\/2025\/11\/Wide-Striped-Floral-Vase-Wholesale-with-Hand-Brushed-Glaze-8.webp 1724w, https:\/\/www.lovinghomecollection.com\/wp-content\/uploads\/2025\/11\/Wide-Striped-Floral-Vase-Wholesale-with-Hand-Brushed-Glaze-8-300x222.webp 300w, https:\/\/www.lovinghomecollection.com\/wp-content\/uploads\/2025\/11\/Wide-Striped-Floral-Vase-Wholesale-with-Hand-Brushed-Glaze-8-768x568.webp 768w, https:\/\/www.lovinghomecollection.com\/wp-content\/uploads\/2025\/11\/Wide-Striped-Floral-Vase-Wholesale-with-Hand-Brushed-Glaze-8-16x12.webp 16w, https:\/\/www.lovinghomecollection.com\/wp-content\/uploads\/2025\/11\/Wide-Striped-Floral-Vase-Wholesale-with-Hand-Brushed-Glaze-8-1200x887.webp 1200w, https:\/\/www.lovinghomecollection.com\/wp-content\/uploads\/2025\/11\/Wide-Striped-Floral-Vase-Wholesale-with-Hand-Brushed-Glaze-8-600x443.webp 600w\" sizes=\"(max-width: 1724px) 100vw, 1724px\" \/><\/figure>\n<\/div>\n\n\n\n<div class=\"wp-block-column is-layout-flow wp-block-column-is-layout-flow\">\n<figure class=\"wp-block-image size-full\"><img decoding=\"async\" width=\"1727\" height=\"1167\" src=\"https:\/\/www.lovinghomecollection.com\/wp-content\/uploads\/2025\/11\/Wide-Striped-Floral-Vase-Wholesale-with-Hand-Brushed-Glaze-9.webp\" alt=\"Vase floral \u00e0 larges rayures Wholesale avec gla\u00e7age bross\u00e9 \u00e0 la main-9\" class=\"wp-image-5757\" srcset=\"https:\/\/www.lovinghomecollection.com\/wp-content\/uploads\/2025\/11\/Wide-Striped-Floral-Vase-Wholesale-with-Hand-Brushed-Glaze-9.webp 1727w, https:\/\/www.lovinghomecollection.com\/wp-content\/uploads\/2025\/11\/Wide-Striped-Floral-Vase-Wholesale-with-Hand-Brushed-Glaze-9-300x203.webp 300w, https:\/\/www.lovinghomecollection.com\/wp-content\/uploads\/2025\/11\/Wide-Striped-Floral-Vase-Wholesale-with-Hand-Brushed-Glaze-9-768x519.webp 768w, https:\/\/www.lovinghomecollection.com\/wp-content\/uploads\/2025\/11\/Wide-Striped-Floral-Vase-Wholesale-with-Hand-Brushed-Glaze-9-18x12.webp 18w, https:\/\/www.lovinghomecollection.com\/wp-content\/uploads\/2025\/11\/Wide-Striped-Floral-Vase-Wholesale-with-Hand-Brushed-Glaze-9-1200x811.webp 1200w, https:\/\/www.lovinghomecollection.com\/wp-content\/uploads\/2025\/11\/Wide-Striped-Floral-Vase-Wholesale-with-Hand-Brushed-Glaze-9-600x405.webp 600w\" sizes=\"(max-width: 1727px) 100vw, 1727px\" \/><\/figure>\n<\/div>\n<\/div>","protected":false},"excerpt":{"rendered":"<p>Bienvenue sur le site d'achat en gros de vases floraux. Notre vase en c\u00e9ramique ray\u00e9 en vrac pr\u00e9sente des couleurs contrast\u00e9es rafra\u00eechissantes. Disponible en bouteilles standard, en bouteilles en forme de bol et en d'autres mod\u00e8les, il r\u00e9pond \u00e0 divers besoins de pr\u00e9sentation de fleurs fra\u00eeches, de branches s\u00e9ch\u00e9es et autres.<\/p>\n<table style=\"border-collapse: collapse; width: 338.02pt;\" border=\"0\" width=\"338\" cellspacing=\"0\" cellpadding=\"0\">\n<tbody>\n<tr style=\"height: 18.00pt;\">\n<td class=\"et3\" style=\"height: 18.00pt; width: 124.50pt;\" width=\"124\" height=\"18\">Fabricant<\/td>\n<td class=\"et3\" style=\"width: 214.40pt;\" width=\"214\">Un foyer d'amour<\/td>\n<\/tr>\n<tr style=\"height: 18.00pt;\">\n<td class=\"et3\" style=\"height: 18.00pt; width: 124.50pt;\" width=\"124\" height=\"18\">Type de produit<\/td>\n<td class=\"et4\" style=\"width: 214.40pt;\" width=\"214\">Vases en c\u00e9ramique<\/td>\n<\/tr>\n<tr style=\"height: 18.00pt;\">\n<td class=\"et3\" style=\"height: 18.00pt; width: 124.50pt;\" width=\"124\" height=\"18\">Mat\u00e9riau<\/td>\n<td class=\"et3\" style=\"width: 214.40pt;\" width=\"214\">Porcelaine durable<\/td>\n<\/tr>\n<tr style=\"height: 18.00pt;\">\n<td class=\"et3\" style=\"height: 18.00pt; width: 124.50pt;\" width=\"124\" height=\"18\">Dimension<\/td>\n<td class=\"et3\" style=\"width: 214.40pt;\" width=\"214\">Comme l'indique la photo de d\u00e9tail<\/td>\n<\/tr>\n<tr style=\"height: 18.00pt;\">\n<td class=\"et3\" style=\"height: 18.00pt; width: 124.50pt;\" width=\"124\" height=\"18\">Unit\u00e9s de vente<\/td>\n<td class=\"et3\" style=\"width: 214.40pt;\" width=\"214\">Article unique<\/td>\n<\/tr>\n<tr style=\"height: 18.00pt;\">\n<td class=\"et3\" style=\"height: 18.00pt; width: 124.50pt;\" width=\"124\" height=\"18\">MOQ<\/td>\n<td class=\"et3\" style=\"width: 214.40pt;\" width=\"214\">1200\/pcs par article<\/td>\n<\/tr>\n<tr style=\"height: 18.00pt;\">\n<td class=\"et3\" style=\"height: 18.00pt; width: 124.50pt;\" width=\"124\" height=\"18\">Option personnalis\u00e9e<\/td>\n<td class=\"et3\" style=\"width: 214.40pt;\" width=\"214\">Couleur\/Taille\/Glaze\/Logo\/Emballage<\/td>\n<\/tr>\n<\/tbody>\n<\/table>","protected":false},"featured_media":5751,"comment_status":"closed","ping_status":"closed","template":"","meta":{"_acf_changed":false},"product_brand":[],"product_cat":[50,21],"product_tag":[],"class_list":{"0":"post-5748","1":"product","2":"type-product","3":"status-publish","4":"has-post-thumbnail","6":"product_cat-wholesale-vases-and-pots","7":"product_cat-ceramic-vases-bulk","9":"first","10":"instock","11":"shipping-taxable","12":"product-type-simple"},"acf":[],"_links":{"self":[{"href":"https:\/\/www.lovinghomecollection.com\/fr\/wp-json\/wp\/v2\/product\/5748","targetHints":{"allow":["GET"]}}],"collection":[{"href":"https:\/\/www.lovinghomecollection.com\/fr\/wp-json\/wp\/v2\/product"}],"about":[{"href":"https:\/\/www.lovinghomecollection.com\/fr\/wp-json\/wp\/v2\/types\/product"}],"replies":[{"embeddable":true,"href":"https:\/\/www.lovinghomecollection.com\/fr\/wp-json\/wp\/v2\/comments?post=5748"}],"wp:featuredmedia":[{"embeddable":true,"href":"https:\/\/www.lovinghomecollection.com\/fr\/wp-json\/wp\/v2\/media\/5751"}],"wp:attachment":[{"href":"https:\/\/www.lovinghomecollection.com\/fr\/wp-json\/wp\/v2\/media?parent=5748"}],"wp:term":[{"taxonomy":"product_brand","embeddable":true,"href":"https:\/\/www.lovinghomecollection.com\/fr\/wp-json\/wp\/v2\/product_brand?post=5748"},{"taxonomy":"product_cat","embeddable":true,"href":"https:\/\/www.lovinghomecollection.com\/fr\/wp-json\/wp\/v2\/product_cat?post=5748"},{"taxonomy":"product_tag","embeddable":true,"href":"https:\/\/www.lovinghomecollection.com\/fr\/wp-json\/wp\/v2\/product_tag?post=5748"}],"curies":[{"name":"wp","href":"https:\/\/api.w.org\/{rel}","templated":true}]}}